{"id":4035,"date":"2019-11-22T17:05:35","date_gmt":"2019-11-22T16:05:35","guid":{"rendered":"https:\/\/bazus.com\/tables-de-coordonnees-xy\/gl-serie-ligera-con-base-giratoria\/"},"modified":"2020-11-13T13:49:38","modified_gmt":"2020-11-13T12:49:38","slug":"gl-tables-a-coordonnes-xy-legere-avec-base-rotative","status":"publish","type":"page","link":"https:\/\/bazus.com\/fr\/tables-de-coordonnees-xy\/gl-tables-a-coordonnes-xy-legere-avec-base-rotative\/","title":{"rendered":"GL Tables a coordonn\u00e9s XY l\u00e9g\u00e8re avec base rotative"},"content":{"rendered":"<p>Table de coordonn\u00e9es l\u00e9g\u00e8re \u00e0 deux axes XY pour un usage professionnel avec base rotative<\/p>\n<p>Con\u00e7u pour un r\u00e9glage complet et un travail de pr\u00e9cision o\u00f9, en plus du contr\u00f4le exact de la position XY, un positionnement angulaire est \u00e9galement n\u00e9cessaire. Applicable aux machines de tampographie, machines sp\u00e9ciales, fraiseuses, positionnement de t\u00eate et toute autre application m\u00e9canique o\u00f9 la position XY et le contr\u00f4le de l\u2019angle G sont n\u00e9cessaires.<\/p>\n<p>La base inf\u00e9rieure permet un positionnement angulaire \u00e0 360 \u00b0 par rotation manuelle de la table XY sur un axe central. Il comprend la gravure d\u2019un secteur gradu\u00e9 de 180\u00ba pour pouvoir mesurer la dimension de positionnement angulaire.<\/p>\n<p>Tous les \u00e9l\u00e9ments des tables de coordonn\u00e9es manuelles de la s\u00e9rie GL sont en alliage de fonte (fonte grise stabilis\u00e9e GG25 de haute qualit\u00e9), ce qui lui conf\u00e8re une rigidit\u00e9 m\u00e9canique extraordinaire.<\/p>\n","protected":false},"excerpt":{"rendered":"<p>Table de coordonn\u00e9es l\u00e9g\u00e8re \u00e0 deux axes XY pour un usage professionnel avec base rotative Con\u00e7u pour un r\u00e9glage complet et un travail de pr\u00e9cision o\u00f9, en plus du contr\u00f4le exact de la position XY, un positionnement angulaire est \u00e9galement n\u00e9cessaire. Applicable aux machines de tampographie, machines sp\u00e9ciales, fraiseuses, positionnement de t\u00eate et toute autre [&hellip;]<\/p>\n","protected":false},"author":1,"featured_media":1314,"parent":3653,"menu_order":11,"comment_status":"closed","ping_status":"closed","template":"producto.php","meta":{"footnotes":""},"class_list":["post-4035","page","type-page","status-publish","has-post-thumbnail","hentry"],"yoast_head":"<!-- This site is optimized with the Yoast SEO plugin v27.5 - https:\/\/yoast.com\/product\/yoast-seo-wordpress\/ -->\n<title>GL Tables a coordonn\u00e9s XY l\u00e9g\u00e8re avec base rotative - Bazus<\/title>\n<meta name=\"robots\" content=\"index, follow, max-snippet:-1, max-image-preview:large, max-video-preview:-1\" \/>\n<link rel=\"canonical\" href=\"https:\/\/bazus.com\/xy-coordinate-tables\/gl-light-xy-coordinate-table-with-rotary-basis\/\" \/>\n<meta property=\"og:locale\" content=\"fr_FR\" \/>\n<meta property=\"og:type\" content=\"article\" \/>\n<meta property=\"og:title\" content=\"GL Tables a coordonn\u00e9s XY l\u00e9g\u00e8re avec base rotative - Bazus\" \/>\n<meta property=\"og:description\" content=\"Table de coordonn\u00e9es l\u00e9g\u00e8re \u00e0 deux axes XY pour un usage professionnel avec base rotative Con\u00e7u pour un r\u00e9glage complet et un travail de pr\u00e9cision o\u00f9, en plus du contr\u00f4le exact de la position XY, un positionnement angulaire est \u00e9galement n\u00e9cessaire. Applicable aux machines de tampographie, machines sp\u00e9ciales, fraiseuses, positionnement de t\u00eate et toute autre [&hellip;]\" \/>\n<meta property=\"og:url\" content=\"https:\/\/bazus.com\/xy-coordinate-tables\/gl-light-xy-coordinate-table-with-rotary-basis\/\" \/>\n<meta property=\"og:site_name\" content=\"Bazus\" \/>\n<meta property=\"article:modified_time\" content=\"2020-11-13T12:49:38+00:00\" \/>\n<meta property=\"og:image\" content=\"https:\/\/bazus.com\/wp-content\/uploads\/2020\/08\/GL-8_A.jpg\" \/>\n\t<meta property=\"og:image:width\" content=\"1920\" \/>\n\t<meta property=\"og:image:height\" content=\"1080\" \/>\n\t<meta property=\"og:image:type\" content=\"image\/jpeg\" \/>\n<meta name=\"twitter:card\" content=\"summary_large_image\" \/>\n<meta name=\"twitter:label1\" content=\"Dur\u00e9e de lecture estim\u00e9e\" \/>\n\t<meta name=\"twitter:data1\" content=\"1 minute\" \/>\n<script type=\"application\/ld+json\" class=\"yoast-schema-graph\">{\"@context\":\"https:\\\/\\\/schema.org\",\"@graph\":[{\"@type\":\"WebPage\",\"@id\":\"https:\\\/\\\/bazus.com\\\/xy-coordinate-tables\\\/gl-light-xy-coordinate-table-with-rotary-basis\\\/\",\"url\":\"https:\\\/\\\/bazus.com\\\/xy-coordinate-tables\\\/gl-light-xy-coordinate-table-with-rotary-basis\\\/\",\"name\":\"GL Tables a coordonn\u00e9s XY l\u00e9g\u00e8re avec base rotative - Bazus\",\"isPartOf\":{\"@id\":\"https:\\\/\\\/bazus.com\\\/#website\"},\"primaryImageOfPage\":{\"@id\":\"https:\\\/\\\/bazus.com\\\/xy-coordinate-tables\\\/gl-light-xy-coordinate-table-with-rotary-basis\\\/#primaryimage\"},\"image\":{\"@id\":\"https:\\\/\\\/bazus.com\\\/xy-coordinate-tables\\\/gl-light-xy-coordinate-table-with-rotary-basis\\\/#primaryimage\"},\"thumbnailUrl\":\"https:\\\/\\\/bazus.com\\\/wp-content\\\/uploads\\\/2020\\\/08\\\/GL-8_A.jpg\",\"datePublished\":\"2019-11-22T16:05:35+00:00\",\"dateModified\":\"2020-11-13T12:49:38+00:00\",\"breadcrumb\":{\"@id\":\"https:\\\/\\\/bazus.com\\\/xy-coordinate-tables\\\/gl-light-xy-coordinate-table-with-rotary-basis\\\/#breadcrumb\"},\"inLanguage\":\"fr-FR\",\"potentialAction\":[{\"@type\":\"ReadAction\",\"target\":[\"https:\\\/\\\/bazus.com\\\/xy-coordinate-tables\\\/gl-light-xy-coordinate-table-with-rotary-basis\\\/\"]}]},{\"@type\":\"ImageObject\",\"inLanguage\":\"fr-FR\",\"@id\":\"https:\\\/\\\/bazus.com\\\/xy-coordinate-tables\\\/gl-light-xy-coordinate-table-with-rotary-basis\\\/#primaryimage\",\"url\":\"https:\\\/\\\/bazus.com\\\/wp-content\\\/uploads\\\/2020\\\/08\\\/GL-8_A.jpg\",\"contentUrl\":\"https:\\\/\\\/bazus.com\\\/wp-content\\\/uploads\\\/2020\\\/08\\\/GL-8_A.jpg\",\"width\":1920,\"height\":1080},{\"@type\":\"BreadcrumbList\",\"@id\":\"https:\\\/\\\/bazus.com\\\/xy-coordinate-tables\\\/gl-light-xy-coordinate-table-with-rotary-basis\\\/#breadcrumb\",\"itemListElement\":[{\"@type\":\"ListItem\",\"position\":1,\"name\":\"Inicio\",\"item\":\"https:\\\/\\\/bazus.com\\\/fr\\\/\"},{\"@type\":\"ListItem\",\"position\":2,\"name\":\"Tables de Coordonn\u00e9es XY\",\"item\":\"https:\\\/\\\/bazus.com\\\/fr\\\/tables-de-coordonnees-xy\\\/\"},{\"@type\":\"ListItem\",\"position\":3,\"name\":\"GL Tables a coordonn\u00e9s XY l\u00e9g\u00e8re avec base rotative\"}]},{\"@type\":\"WebSite\",\"@id\":\"https:\\\/\\\/bazus.com\\\/#website\",\"url\":\"https:\\\/\\\/bazus.com\\\/\",\"name\":\"Bazus\",\"description\":\"Mesas de coordenadas confiables\",\"potentialAction\":[{\"@type\":\"SearchAction\",\"target\":{\"@type\":\"EntryPoint\",\"urlTemplate\":\"https:\\\/\\\/bazus.com\\\/?s={search_term_string}\"},\"query-input\":{\"@type\":\"PropertyValueSpecification\",\"valueRequired\":true,\"valueName\":\"search_term_string\"}}],\"inLanguage\":\"fr-FR\"}]}<\/script>\n<!-- \/ Yoast SEO plugin. -->","yoast_head_json":{"title":"GL Tables a coordonn\u00e9s XY l\u00e9g\u00e8re avec base rotative - Bazus","robots":{"index":"index","follow":"follow","max-snippet":"max-snippet:-1","max-image-preview":"max-image-preview:large","max-video-preview":"max-video-preview:-1"},"canonical":"https:\/\/bazus.com\/xy-coordinate-tables\/gl-light-xy-coordinate-table-with-rotary-basis\/","og_locale":"fr_FR","og_type":"article","og_title":"GL Tables a coordonn\u00e9s XY l\u00e9g\u00e8re avec base rotative - Bazus","og_description":"Table de coordonn\u00e9es l\u00e9g\u00e8re \u00e0 deux axes XY pour un usage professionnel avec base rotative Con\u00e7u pour un r\u00e9glage complet et un travail de pr\u00e9cision o\u00f9, en plus du contr\u00f4le exact de la position XY, un positionnement angulaire est \u00e9galement n\u00e9cessaire. Applicable aux machines de tampographie, machines sp\u00e9ciales, fraiseuses, positionnement de t\u00eate et toute autre [&hellip;]","og_url":"https:\/\/bazus.com\/xy-coordinate-tables\/gl-light-xy-coordinate-table-with-rotary-basis\/","og_site_name":"Bazus","article_modified_time":"2020-11-13T12:49:38+00:00","og_image":[{"width":1920,"height":1080,"url":"https:\/\/bazus.com\/wp-content\/uploads\/2020\/08\/GL-8_A.jpg","type":"image\/jpeg"}],"twitter_card":"summary_large_image","twitter_misc":{"Dur\u00e9e de lecture estim\u00e9e":"1 minute"},"schema":{"@context":"https:\/\/schema.org","@graph":[{"@type":"WebPage","@id":"https:\/\/bazus.com\/xy-coordinate-tables\/gl-light-xy-coordinate-table-with-rotary-basis\/","url":"https:\/\/bazus.com\/xy-coordinate-tables\/gl-light-xy-coordinate-table-with-rotary-basis\/","name":"GL Tables a coordonn\u00e9s XY l\u00e9g\u00e8re avec base rotative - Bazus","isPartOf":{"@id":"https:\/\/bazus.com\/#website"},"primaryImageOfPage":{"@id":"https:\/\/bazus.com\/xy-coordinate-tables\/gl-light-xy-coordinate-table-with-rotary-basis\/#primaryimage"},"image":{"@id":"https:\/\/bazus.com\/xy-coordinate-tables\/gl-light-xy-coordinate-table-with-rotary-basis\/#primaryimage"},"thumbnailUrl":"https:\/\/bazus.com\/wp-content\/uploads\/2020\/08\/GL-8_A.jpg","datePublished":"2019-11-22T16:05:35+00:00","dateModified":"2020-11-13T12:49:38+00:00","breadcrumb":{"@id":"https:\/\/bazus.com\/xy-coordinate-tables\/gl-light-xy-coordinate-table-with-rotary-basis\/#breadcrumb"},"inLanguage":"fr-FR","potentialAction":[{"@type":"ReadAction","target":["https:\/\/bazus.com\/xy-coordinate-tables\/gl-light-xy-coordinate-table-with-rotary-basis\/"]}]},{"@type":"ImageObject","inLanguage":"fr-FR","@id":"https:\/\/bazus.com\/xy-coordinate-tables\/gl-light-xy-coordinate-table-with-rotary-basis\/#primaryimage","url":"https:\/\/bazus.com\/wp-content\/uploads\/2020\/08\/GL-8_A.jpg","contentUrl":"https:\/\/bazus.com\/wp-content\/uploads\/2020\/08\/GL-8_A.jpg","width":1920,"height":1080},{"@type":"BreadcrumbList","@id":"https:\/\/bazus.com\/xy-coordinate-tables\/gl-light-xy-coordinate-table-with-rotary-basis\/#breadcrumb","itemListElement":[{"@type":"ListItem","position":1,"name":"Inicio","item":"https:\/\/bazus.com\/fr\/"},{"@type":"ListItem","position":2,"name":"Tables de Coordonn\u00e9es XY","item":"https:\/\/bazus.com\/fr\/tables-de-coordonnees-xy\/"},{"@type":"ListItem","position":3,"name":"GL Tables a coordonn\u00e9s XY l\u00e9g\u00e8re avec base rotative"}]},{"@type":"WebSite","@id":"https:\/\/bazus.com\/#website","url":"https:\/\/bazus.com\/","name":"Bazus","description":"Mesas de coordenadas confiables","potentialAction":[{"@type":"SearchAction","target":{"@type":"EntryPoint","urlTemplate":"https:\/\/bazus.com\/?s={search_term_string}"},"query-input":{"@type":"PropertyValueSpecification","valueRequired":true,"valueName":"search_term_string"}}],"inLanguage":"fr-FR"}]}},"acf":[],"_links":{"self":[{"href":"https:\/\/bazus.com\/fr\/wp-json\/wp\/v2\/pages\/4035","targetHints":{"allow":["GET"]}}],"collection":[{"href":"https:\/\/bazus.com\/fr\/wp-json\/wp\/v2\/pages"}],"about":[{"href":"https:\/\/bazus.com\/fr\/wp-json\/wp\/v2\/types\/page"}],"author":[{"embeddable":true,"href":"https:\/\/bazus.com\/fr\/wp-json\/wp\/v2\/users\/1"}],"replies":[{"embeddable":true,"href":"https:\/\/bazus.com\/fr\/wp-json\/wp\/v2\/comments?post=4035"}],"version-history":[{"count":3,"href":"https:\/\/bazus.com\/fr\/wp-json\/wp\/v2\/pages\/4035\/revisions"}],"predecessor-version":[{"id":4071,"href":"https:\/\/bazus.com\/fr\/wp-json\/wp\/v2\/pages\/4035\/revisions\/4071"}],"up":[{"embeddable":true,"href":"https:\/\/bazus.com\/fr\/wp-json\/wp\/v2\/pages\/3653"}],"wp:featuredmedia":[{"embeddable":true,"href":"https:\/\/bazus.com\/fr\/wp-json\/wp\/v2\/media\/1314"}],"wp:attachment":[{"href":"https:\/\/bazus.com\/fr\/wp-json\/wp\/v2\/media?parent=4035"}],"curies":[{"name":"wp","href":"https:\/\/api.w.org\/{rel}","templated":true}]}}