{"id":4015,"date":"2020-08-21T10:28:18","date_gmt":"2020-08-21T08:28:18","guid":{"rendered":"https:\/\/bazus.com\/tables-de-coordonnees-xy\/mg-mesa-xy-estandar-con-base-giratoria\/"},"modified":"2021-04-30T11:03:39","modified_gmt":"2021-04-30T09:03:39","slug":"mg-table-xy-standard-avec-base-rotative","status":"publish","type":"page","link":"https:\/\/bazus.com\/fr\/tables-de-coordonnees-xy\/mg-table-xy-standard-avec-base-rotative\/","title":{"rendered":"MG Table XY standard avec base rotative"},"content":{"rendered":"<p>Table de coordonn\u00e9es multifonctionnelle XY \u00e0 deux axes avec base rotative pour usage professionnel<\/p>\n<p>Con\u00e7u pour les travaux de haute pr\u00e9cision o\u00f9, en plus du contr\u00f4le exact de la position XY, un positionnement angulaire est \u00e9galement n\u00e9cessaire. Application dans les machines de tampographie, machines sp\u00e9ciales, fraiseuses, positionnement de t\u00eate et toute autre application m\u00e9canique o\u00f9 la position XY et le contr\u00f4le de l\u2019angle G sont n\u00e9cessaires.<\/p>\n<p>La base inf\u00e9rieure permet un positionnement angulaire \u00e0 360 \u00b0 par rotation manuelle de la table XY sur un axe central. Il comprend la gravure d\u2019un secteur gradu\u00e9 de 180 pour pouvoir mesurer le positionnement angulaire.<\/p>\n<p>Tous les \u00e9l\u00e9ments des tables de coordonn\u00e9es manuelles de la s\u00e9rie MG sont en alliage de fonte (fonte grise GG25 stabilis\u00e9e de haute qualit\u00e9), ce qui lui conf\u00e8re une rigidit\u00e9 m\u00e9canique extraordinaire.<\/p>\n","protected":false},"excerpt":{"rendered":"<p>Table de coordonn\u00e9es multifonctionnelle XY \u00e0 deux axes avec base rotative pour usage professionnel Con\u00e7u pour les travaux de haute pr\u00e9cision o\u00f9, en plus du contr\u00f4le exact de la position XY, un positionnement angulaire est \u00e9galement n\u00e9cessaire. Application dans les machines de tampographie, machines sp\u00e9ciales, fraiseuses, positionnement de t\u00eate et toute autre application m\u00e9canique o\u00f9 [&hellip;]<\/p>\n","protected":false},"author":7,"featured_media":1177,"parent":3653,"menu_order":1,"comment_status":"closed","ping_status":"closed","template":"producto.php","meta":{"footnotes":""},"class_list":["post-4015","page","type-page","status-publish","has-post-thumbnail","hentry"],"yoast_head":"<!-- This site is optimized with the Yoast SEO plugin v27.5 - https:\/\/yoast.com\/product\/yoast-seo-wordpress\/ -->\n<title>MG Table XY standard avec base rotative - Bazus<\/title>\n<meta name=\"robots\" content=\"index, follow, max-snippet:-1, max-image-preview:large, max-video-preview:-1\" \/>\n<link rel=\"canonical\" href=\"https:\/\/bazus.com\/fr\/tables-de-coordonnees-xy\/mg-table-xy-standard-avec-base-rotative\/\" \/>\n<meta property=\"og:locale\" content=\"fr_FR\" \/>\n<meta property=\"og:type\" content=\"article\" \/>\n<meta property=\"og:title\" content=\"MG Table XY standard avec base rotative - Bazus\" \/>\n<meta property=\"og:description\" content=\"Table de coordonn\u00e9es multifonctionnelle XY \u00e0 deux axes avec base rotative pour usage professionnel Con\u00e7u pour les travaux de haute pr\u00e9cision o\u00f9, en plus du contr\u00f4le exact de la position XY, un positionnement angulaire est \u00e9galement n\u00e9cessaire. Application dans les machines de tampographie, machines sp\u00e9ciales, fraiseuses, positionnement de t\u00eate et toute autre application m\u00e9canique o\u00f9 [&hellip;]\" \/>\n<meta property=\"og:url\" content=\"https:\/\/bazus.com\/fr\/tables-de-coordonnees-xy\/mg-table-xy-standard-avec-base-rotative\/\" \/>\n<meta property=\"og:site_name\" content=\"Bazus\" \/>\n<meta property=\"article:modified_time\" content=\"2021-04-30T09:03:39+00:00\" \/>\n<meta property=\"og:image\" content=\"https:\/\/bazus.com\/wp-content\/uploads\/2020\/08\/MG-1_A.jpg\" \/>\n\t<meta property=\"og:image:width\" content=\"1920\" \/>\n\t<meta property=\"og:image:height\" content=\"1080\" \/>\n\t<meta property=\"og:image:type\" content=\"image\/jpeg\" \/>\n<meta name=\"twitter:card\" content=\"summary_large_image\" \/>\n<meta name=\"twitter:label1\" content=\"Dur\u00e9e de lecture estim\u00e9e\" \/>\n\t<meta name=\"twitter:data1\" content=\"1 minute\" \/>\n<script type=\"application\/ld+json\" class=\"yoast-schema-graph\">{\"@context\":\"https:\\\/\\\/schema.org\",\"@graph\":[{\"@type\":\"WebPage\",\"@id\":\"https:\\\/\\\/bazus.com\\\/fr\\\/tables-de-coordonnees-xy\\\/mg-table-xy-standard-avec-base-rotative\\\/\",\"url\":\"https:\\\/\\\/bazus.com\\\/fr\\\/tables-de-coordonnees-xy\\\/mg-table-xy-standard-avec-base-rotative\\\/\",\"name\":\"MG Table XY standard avec base rotative - Bazus\",\"isPartOf\":{\"@id\":\"https:\\\/\\\/bazus.com\\\/#website\"},\"primaryImageOfPage\":{\"@id\":\"https:\\\/\\\/bazus.com\\\/fr\\\/tables-de-coordonnees-xy\\\/mg-table-xy-standard-avec-base-rotative\\\/#primaryimage\"},\"image\":{\"@id\":\"https:\\\/\\\/bazus.com\\\/fr\\\/tables-de-coordonnees-xy\\\/mg-table-xy-standard-avec-base-rotative\\\/#primaryimage\"},\"thumbnailUrl\":\"https:\\\/\\\/bazus.com\\\/wp-content\\\/uploads\\\/2020\\\/08\\\/MG-1_A.jpg\",\"datePublished\":\"2020-08-21T08:28:18+00:00\",\"dateModified\":\"2021-04-30T09:03:39+00:00\",\"breadcrumb\":{\"@id\":\"https:\\\/\\\/bazus.com\\\/fr\\\/tables-de-coordonnees-xy\\\/mg-table-xy-standard-avec-base-rotative\\\/#breadcrumb\"},\"inLanguage\":\"fr-FR\",\"potentialAction\":[{\"@type\":\"ReadAction\",\"target\":[\"https:\\\/\\\/bazus.com\\\/fr\\\/tables-de-coordonnees-xy\\\/mg-table-xy-standard-avec-base-rotative\\\/\"]}]},{\"@type\":\"ImageObject\",\"inLanguage\":\"fr-FR\",\"@id\":\"https:\\\/\\\/bazus.com\\\/fr\\\/tables-de-coordonnees-xy\\\/mg-table-xy-standard-avec-base-rotative\\\/#primaryimage\",\"url\":\"https:\\\/\\\/bazus.com\\\/wp-content\\\/uploads\\\/2020\\\/08\\\/MG-1_A.jpg\",\"contentUrl\":\"https:\\\/\\\/bazus.com\\\/wp-content\\\/uploads\\\/2020\\\/08\\\/MG-1_A.jpg\",\"width\":1920,\"height\":1080},{\"@type\":\"BreadcrumbList\",\"@id\":\"https:\\\/\\\/bazus.com\\\/fr\\\/tables-de-coordonnees-xy\\\/mg-table-xy-standard-avec-base-rotative\\\/#breadcrumb\",\"itemListElement\":[{\"@type\":\"ListItem\",\"position\":1,\"name\":\"Inicio\",\"item\":\"https:\\\/\\\/bazus.com\\\/fr\\\/\"},{\"@type\":\"ListItem\",\"position\":2,\"name\":\"Tables de Coordonn\u00e9es XY\",\"item\":\"https:\\\/\\\/bazus.com\\\/fr\\\/tables-de-coordonnees-xy\\\/\"},{\"@type\":\"ListItem\",\"position\":3,\"name\":\"MG Table XY standard avec base rotative\"}]},{\"@type\":\"WebSite\",\"@id\":\"https:\\\/\\\/bazus.com\\\/#website\",\"url\":\"https:\\\/\\\/bazus.com\\\/\",\"name\":\"Bazus\",\"description\":\"Mesas de coordenadas confiables\",\"potentialAction\":[{\"@type\":\"SearchAction\",\"target\":{\"@type\":\"EntryPoint\",\"urlTemplate\":\"https:\\\/\\\/bazus.com\\\/?s={search_term_string}\"},\"query-input\":{\"@type\":\"PropertyValueSpecification\",\"valueRequired\":true,\"valueName\":\"search_term_string\"}}],\"inLanguage\":\"fr-FR\"}]}<\/script>\n<!-- \/ Yoast SEO plugin. -->","yoast_head_json":{"title":"MG Table XY standard avec base rotative - Bazus","robots":{"index":"index","follow":"follow","max-snippet":"max-snippet:-1","max-image-preview":"max-image-preview:large","max-video-preview":"max-video-preview:-1"},"canonical":"https:\/\/bazus.com\/fr\/tables-de-coordonnees-xy\/mg-table-xy-standard-avec-base-rotative\/","og_locale":"fr_FR","og_type":"article","og_title":"MG Table XY standard avec base rotative - Bazus","og_description":"Table de coordonn\u00e9es multifonctionnelle XY \u00e0 deux axes avec base rotative pour usage professionnel Con\u00e7u pour les travaux de haute pr\u00e9cision o\u00f9, en plus du contr\u00f4le exact de la position XY, un positionnement angulaire est \u00e9galement n\u00e9cessaire. Application dans les machines de tampographie, machines sp\u00e9ciales, fraiseuses, positionnement de t\u00eate et toute autre application m\u00e9canique o\u00f9 [&hellip;]","og_url":"https:\/\/bazus.com\/fr\/tables-de-coordonnees-xy\/mg-table-xy-standard-avec-base-rotative\/","og_site_name":"Bazus","article_modified_time":"2021-04-30T09:03:39+00:00","og_image":[{"width":1920,"height":1080,"url":"https:\/\/bazus.com\/wp-content\/uploads\/2020\/08\/MG-1_A.jpg","type":"image\/jpeg"}],"twitter_card":"summary_large_image","twitter_misc":{"Dur\u00e9e de lecture estim\u00e9e":"1 minute"},"schema":{"@context":"https:\/\/schema.org","@graph":[{"@type":"WebPage","@id":"https:\/\/bazus.com\/fr\/tables-de-coordonnees-xy\/mg-table-xy-standard-avec-base-rotative\/","url":"https:\/\/bazus.com\/fr\/tables-de-coordonnees-xy\/mg-table-xy-standard-avec-base-rotative\/","name":"MG Table XY standard avec base rotative - Bazus","isPartOf":{"@id":"https:\/\/bazus.com\/#website"},"primaryImageOfPage":{"@id":"https:\/\/bazus.com\/fr\/tables-de-coordonnees-xy\/mg-table-xy-standard-avec-base-rotative\/#primaryimage"},"image":{"@id":"https:\/\/bazus.com\/fr\/tables-de-coordonnees-xy\/mg-table-xy-standard-avec-base-rotative\/#primaryimage"},"thumbnailUrl":"https:\/\/bazus.com\/wp-content\/uploads\/2020\/08\/MG-1_A.jpg","datePublished":"2020-08-21T08:28:18+00:00","dateModified":"2021-04-30T09:03:39+00:00","breadcrumb":{"@id":"https:\/\/bazus.com\/fr\/tables-de-coordonnees-xy\/mg-table-xy-standard-avec-base-rotative\/#breadcrumb"},"inLanguage":"fr-FR","potentialAction":[{"@type":"ReadAction","target":["https:\/\/bazus.com\/fr\/tables-de-coordonnees-xy\/mg-table-xy-standard-avec-base-rotative\/"]}]},{"@type":"ImageObject","inLanguage":"fr-FR","@id":"https:\/\/bazus.com\/fr\/tables-de-coordonnees-xy\/mg-table-xy-standard-avec-base-rotative\/#primaryimage","url":"https:\/\/bazus.com\/wp-content\/uploads\/2020\/08\/MG-1_A.jpg","contentUrl":"https:\/\/bazus.com\/wp-content\/uploads\/2020\/08\/MG-1_A.jpg","width":1920,"height":1080},{"@type":"BreadcrumbList","@id":"https:\/\/bazus.com\/fr\/tables-de-coordonnees-xy\/mg-table-xy-standard-avec-base-rotative\/#breadcrumb","itemListElement":[{"@type":"ListItem","position":1,"name":"Inicio","item":"https:\/\/bazus.com\/fr\/"},{"@type":"ListItem","position":2,"name":"Tables de Coordonn\u00e9es XY","item":"https:\/\/bazus.com\/fr\/tables-de-coordonnees-xy\/"},{"@type":"ListItem","position":3,"name":"MG Table XY standard avec base rotative"}]},{"@type":"WebSite","@id":"https:\/\/bazus.com\/#website","url":"https:\/\/bazus.com\/","name":"Bazus","description":"Mesas de coordenadas confiables","potentialAction":[{"@type":"SearchAction","target":{"@type":"EntryPoint","urlTemplate":"https:\/\/bazus.com\/?s={search_term_string}"},"query-input":{"@type":"PropertyValueSpecification","valueRequired":true,"valueName":"search_term_string"}}],"inLanguage":"fr-FR"}]}},"acf":[],"_links":{"self":[{"href":"https:\/\/bazus.com\/fr\/wp-json\/wp\/v2\/pages\/4015","targetHints":{"allow":["GET"]}}],"collection":[{"href":"https:\/\/bazus.com\/fr\/wp-json\/wp\/v2\/pages"}],"about":[{"href":"https:\/\/bazus.com\/fr\/wp-json\/wp\/v2\/types\/page"}],"author":[{"embeddable":true,"href":"https:\/\/bazus.com\/fr\/wp-json\/wp\/v2\/users\/7"}],"replies":[{"embeddable":true,"href":"https:\/\/bazus.com\/fr\/wp-json\/wp\/v2\/comments?post=4015"}],"version-history":[{"count":6,"href":"https:\/\/bazus.com\/fr\/wp-json\/wp\/v2\/pages\/4015\/revisions"}],"predecessor-version":[{"id":5138,"href":"https:\/\/bazus.com\/fr\/wp-json\/wp\/v2\/pages\/4015\/revisions\/5138"}],"up":[{"embeddable":true,"href":"https:\/\/bazus.com\/fr\/wp-json\/wp\/v2\/pages\/3653"}],"wp:featuredmedia":[{"embeddable":true,"href":"https:\/\/bazus.com\/fr\/wp-json\/wp\/v2\/media\/1177"}],"wp:attachment":[{"href":"https:\/\/bazus.com\/fr\/wp-json\/wp\/v2\/media?parent=4015"}],"curies":[{"name":"wp","href":"https:\/\/api.w.org\/{rel}","templated":true}]}}