{"id":3970,"date":"2020-10-26T09:51:45","date_gmt":"2020-10-26T08:51:45","guid":{"rendered":"https:\/\/bazus.com\/?page_id=3970"},"modified":"2021-04-30T11:09:14","modified_gmt":"2021-04-30T09:09:14","slug":"mn-table-xy-automatique-pour-charges-lourdes","status":"publish","type":"page","link":"https:\/\/bazus.com\/fr\/tables-de-coordonnees-cnc\/mn-table-xy-automatique-pour-charges-lourdes\/","title":{"rendered":"MN Table XY automatique pour charges lourdes"},"content":{"rendered":"<p>Table de coordonn\u00e9es multifonctionnelle automatique \u00e0 deux axes XY pour un usage professionnel pour charges lourdes<\/p>\n<p>Con\u00e7ues pour les travaux automatiques de haute pr\u00e9cision avec charges lourdes, les s\u00e9ries MN sont des unit\u00e9s optimales pour tous les types de mouvement automatique dans tout environnement industriel: per\u00e7age, fraisage, meulage, soudage, syst\u00e8mes de transfert, gravure industrielle, positionnement automatique des syst\u00e8mes laser et optiques, mouvement de porte-outils et \/ ou t\u00eates autonomes, ainsi que dans toute autre application m\u00e9canique o\u00f9 un contr\u00f4le automatique de la position XY est n\u00e9cessaire.<\/p>\n<p>Sa conception solide et robuste permet d\u2019effectuer un grand nombre de t\u00e2ches tout en conservant une pr\u00e9cision de r\u00e9glage et de positionnement compl\u00e8te et une r\u00e9p\u00e9tabilit\u00e9 \u00e9lev\u00e9e dans tout type de positionnement lin\u00e9aire. Une table de coordonn\u00e9es qui excelle dans l\u2019industrie pour son excellence.<\/p>\n<p>Tous les \u00e9l\u00e9ments des tables de coordonn\u00e9es automatiques de la s\u00e9rie MN sont en fonte (fonte grise GG25 stabilis\u00e9e de haute qualit\u00e9), ce qui lui conf\u00e8re une rigidit\u00e9 m\u00e9canique extraordinaire.<\/p>\n","protected":false},"excerpt":{"rendered":"<p>Table de coordonn\u00e9es multifonctionnelle automatique \u00e0 deux axes XY pour un usage professionnel pour charges lourdes Con\u00e7ues pour les travaux automatiques de haute pr\u00e9cision avec charges lourdes, les s\u00e9ries MN sont des unit\u00e9s optimales pour tous les types de mouvement automatique dans tout environnement industriel: per\u00e7age, fraisage, meulage, soudage, syst\u00e8mes de transfert, gravure industrielle, positionnement [&hellip;]<\/p>\n","protected":false},"author":1,"featured_media":2083,"parent":3678,"menu_order":22,"comment_status":"closed","ping_status":"closed","template":"producto.php","meta":[],"yoast_head":"<!-- This site is optimized with the Yoast SEO plugin v14.6.1 - https:\/\/yoast.com\/wordpress\/plugins\/seo\/ -->\n<title>MN Table XY automatique pour charges lourdes - Bazus<\/title>\n<meta name=\"robots\" content=\"index, follow\" \/>\n<meta name=\"googlebot\" content=\"index, follow, max-snippet:-1, max-image-preview:large, max-video-preview:-1\" \/>\n<meta name=\"bingbot\" content=\"index, follow, max-snippet:-1, max-image-preview:large, max-video-preview:-1\" \/>\n<link rel=\"canonical\" href=\"https:\/\/bazus.com\/fr\/tables-de-coordonnees-cnc\/mn-table-xy-automatique-pour-charges-lourdes\/\" \/>\n<meta property=\"og:locale\" content=\"fr_FR\" \/>\n<meta property=\"og:type\" content=\"article\" \/>\n<meta property=\"og:title\" content=\"MN Table XY automatique pour charges lourdes - Bazus\" \/>\n<meta property=\"og:description\" content=\"Table de coordonn\u00e9es multifonctionnelle automatique \u00e0 deux axes XY pour un usage professionnel pour charges lourdes Con\u00e7ues pour les travaux automatiques de haute pr\u00e9cision avec charges lourdes, les s\u00e9ries MN sont des unit\u00e9s optimales pour tous les types de mouvement automatique dans tout environnement industriel: per\u00e7age, fraisage, meulage, soudage, syst\u00e8mes de transfert, gravure industrielle, positionnement [&hellip;]\" \/>\n<meta property=\"og:url\" content=\"https:\/\/bazus.com\/fr\/tables-de-coordonnees-cnc\/mn-table-xy-automatique-pour-charges-lourdes\/\" \/>\n<meta property=\"og:site_name\" content=\"Bazus\" \/>\n<meta property=\"article:author\" content=\"https:\/\/www.facebook.com\/kmdevs\/\" \/>\n<meta property=\"article:modified_time\" content=\"2021-04-30T09:09:14+00:00\" \/>\n<meta property=\"og:image\" content=\"https:\/\/bazus.com\/wp-content\/uploads\/2020\/08\/MN-1_A.jpg\" \/>\n\t<meta property=\"og:image:width\" content=\"1920\" \/>\n\t<meta property=\"og:image:height\" content=\"1080\" \/>\n<meta name=\"twitter:card\" content=\"summary_large_image\" \/>\n<meta name=\"twitter:creator\" content=\"@km_devs\" \/>\n<script type=\"application\/ld+json\" class=\"yoast-schema-graph\">{\"@context\":\"https:\/\/schema.org\",\"@graph\":[{\"@type\":\"WebSite\",\"@id\":\"https:\/\/bazus.com\/fr\/#website\",\"url\":\"https:\/\/bazus.com\/fr\/\",\"name\":\"Bazus\",\"description\":\"Mesas de coordenadas confiables\",\"potentialAction\":[{\"@type\":\"SearchAction\",\"target\":\"https:\/\/bazus.com\/fr\/?s={search_term_string}\",\"query-input\":\"required name=search_term_string\"}],\"inLanguage\":\"fr-FR\"},{\"@type\":\"ImageObject\",\"@id\":\"https:\/\/bazus.com\/fr\/tables-de-coordonnees-cnc\/mn-table-xy-automatique-pour-charges-lourdes\/#primaryimage\",\"inLanguage\":\"fr-FR\",\"url\":\"https:\/\/bazus.com\/wp-content\/uploads\/2020\/08\/MN-1_A.jpg\",\"width\":1920,\"height\":1080},{\"@type\":\"WebPage\",\"@id\":\"https:\/\/bazus.com\/fr\/tables-de-coordonnees-cnc\/mn-table-xy-automatique-pour-charges-lourdes\/#webpage\",\"url\":\"https:\/\/bazus.com\/fr\/tables-de-coordonnees-cnc\/mn-table-xy-automatique-pour-charges-lourdes\/\",\"name\":\"MN Table XY automatique pour charges lourdes - Bazus\",\"isPartOf\":{\"@id\":\"https:\/\/bazus.com\/fr\/#website\"},\"primaryImageOfPage\":{\"@id\":\"https:\/\/bazus.com\/fr\/tables-de-coordonnees-cnc\/mn-table-xy-automatique-pour-charges-lourdes\/#primaryimage\"},\"datePublished\":\"2020-10-26T08:51:45+00:00\",\"dateModified\":\"2021-04-30T09:09:14+00:00\",\"breadcrumb\":{\"@id\":\"https:\/\/bazus.com\/fr\/tables-de-coordonnees-cnc\/mn-table-xy-automatique-pour-charges-lourdes\/#breadcrumb\"},\"inLanguage\":\"fr-FR\",\"potentialAction\":[{\"@type\":\"ReadAction\",\"target\":[\"https:\/\/bazus.com\/fr\/tables-de-coordonnees-cnc\/mn-table-xy-automatique-pour-charges-lourdes\/\"]}]},{\"@type\":\"BreadcrumbList\",\"@id\":\"https:\/\/bazus.com\/fr\/tables-de-coordonnees-cnc\/mn-table-xy-automatique-pour-charges-lourdes\/#breadcrumb\",\"itemListElement\":[{\"@type\":\"ListItem\",\"position\":1,\"item\":{\"@type\":\"WebPage\",\"@id\":\"https:\/\/bazus.com\/fr\/\",\"url\":\"https:\/\/bazus.com\/fr\/\",\"name\":\"Inicio\"}},{\"@type\":\"ListItem\",\"position\":2,\"item\":{\"@type\":\"WebPage\",\"@id\":\"https:\/\/bazus.com\/fr\/tables-de-coordonnees-cnc\/\",\"url\":\"https:\/\/bazus.com\/fr\/tables-de-coordonnees-cnc\/\",\"name\":\"Tables de Coordonn\\u00e9es CNC\"}},{\"@type\":\"ListItem\",\"position\":3,\"item\":{\"@type\":\"WebPage\",\"@id\":\"https:\/\/bazus.com\/fr\/tables-de-coordonnees-cnc\/mn-table-xy-automatique-pour-charges-lourdes\/\",\"url\":\"https:\/\/bazus.com\/fr\/tables-de-coordonnees-cnc\/mn-table-xy-automatique-pour-charges-lourdes\/\",\"name\":\"MN Table XY automatique pour charges lourdes\"}}]}]}<\/script>\n<!-- \/ Yoast SEO plugin. -->","acf":[],"_links":{"self":[{"href":"https:\/\/bazus.com\/fr\/wp-json\/wp\/v2\/pages\/3970"}],"collection":[{"href":"https:\/\/bazus.com\/fr\/wp-json\/wp\/v2\/pages"}],"about":[{"href":"https:\/\/bazus.com\/fr\/wp-json\/wp\/v2\/types\/page"}],"author":[{"embeddable":true,"href":"https:\/\/bazus.com\/fr\/wp-json\/wp\/v2\/users\/1"}],"replies":[{"embeddable":true,"href":"https:\/\/bazus.com\/fr\/wp-json\/wp\/v2\/comments?post=3970"}],"version-history":[{"count":7,"href":"https:\/\/bazus.com\/fr\/wp-json\/wp\/v2\/pages\/3970\/revisions"}],"predecessor-version":[{"id":5147,"href":"https:\/\/bazus.com\/fr\/wp-json\/wp\/v2\/pages\/3970\/revisions\/5147"}],"up":[{"embeddable":true,"href":"https:\/\/bazus.com\/fr\/wp-json\/wp\/v2\/pages\/3678"}],"wp:featuredmedia":[{"embeddable":true,"href":"https:\/\/bazus.com\/fr\/wp-json\/wp\/v2\/media\/2083"}],"wp:attachment":[{"href":"https:\/\/bazus.com\/fr\/wp-json\/wp\/v2\/media?parent=3970"}],"curies":[{"name":"wp","href":"https:\/\/api.w.org\/{rel}","templated":true}]}}