{"id":3951,"date":"2019-11-22T17:05:36","date_gmt":"2019-11-22T16:05:36","guid":{"rendered":"https:\/\/bazus.com\/?page_id=3951"},"modified":"2021-04-30T11:09:37","modified_gmt":"2021-04-30T09:09:37","slug":"mb-table-xy-automatique-pour-haute-vitesse","status":"publish","type":"page","link":"https:\/\/bazus.com\/fr\/tables-de-coordonnees-cnc\/mb-table-xy-automatique-pour-haute-vitesse\/","title":{"rendered":"MB Table XY automatique pour haute vitesse"},"content":{"rendered":"<p>Table de coordonn\u00e9es XY automatique \u00e0 deux axes \u00e0 grande vitesse pour un usage professionnel<\/p>\n<p>Con\u00e7ues pour les travaux automatiques de haute pr\u00e9cision avec haute vitesse, les s\u00e9ries MB sont des unit\u00e9s optimales pour tous les types de mouvement automatique dans tout environnement industriel: per\u00e7age, fraisage, meulage, soudage, syst\u00e8mes de transfert, gravure industrielle, positionnement automatique des syst\u00e8mes laser et optiques, mouvement de porte-outils et \/ ou t\u00eates autonomes, ainsi que dans toute autre application m\u00e9canique o\u00f9 un contr\u00f4le automatique de la position XY est n\u00e9cessaire.<\/p>\n<p>Sa conception solide et robuste permet d\u2019effectuer un grand nombre de t\u00e2ches tout en conservant une pr\u00e9cision de r\u00e9glage et de positionnement compl\u00e8te et une r\u00e9p\u00e9tabilit\u00e9 \u00e9lev\u00e9e dans tout type de positionnement lin\u00e9aire. Une table de coordonn\u00e9es qui excelle dans l\u2019industrie pour son excellence.<\/p>\n<p>Tous les \u00e9l\u00e9ments des tables de coordonn\u00e9es automatiques de la s\u00e9rie MB sont en fonte (fonte grise GG25 stabilis\u00e9e de haute qualit\u00e9), ce qui lui conf\u00e8re une rigidit\u00e9 m\u00e9canique extraordinaire.<\/p>\n","protected":false},"excerpt":{"rendered":"<p>Table de coordonn\u00e9es XY automatique \u00e0 deux axes \u00e0 grande vitesse pour un usage professionnel Con\u00e7ues pour les travaux automatiques de haute pr\u00e9cision avec haute vitesse, les s\u00e9ries MB sont des unit\u00e9s optimales pour tous les types de mouvement automatique dans tout environnement industriel: per\u00e7age, fraisage, meulage, soudage, syst\u00e8mes de transfert, gravure industrielle, positionnement automatique [&hellip;]<\/p>\n","protected":false},"author":1,"featured_media":2137,"parent":3678,"menu_order":23,"comment_status":"closed","ping_status":"closed","template":"producto.php","meta":{"footnotes":""},"class_list":["post-3951","page","type-page","status-publish","has-post-thumbnail","hentry"],"yoast_head":"<!-- This site is optimized with the Yoast SEO plugin v27.5 - https:\/\/yoast.com\/product\/yoast-seo-wordpress\/ -->\n<title>MB Table XY automatique pour haute vitesse - Bazus<\/title>\n<meta name=\"robots\" content=\"index, follow, max-snippet:-1, max-image-preview:large, max-video-preview:-1\" \/>\n<link rel=\"canonical\" href=\"https:\/\/bazus.com\/cnc-coordinate-tables\/mb-automatic-xy-crosstables-for-high-speed\/\" \/>\n<meta property=\"og:locale\" content=\"fr_FR\" \/>\n<meta property=\"og:type\" content=\"article\" \/>\n<meta property=\"og:title\" content=\"MB Table XY automatique pour haute vitesse - Bazus\" \/>\n<meta property=\"og:description\" content=\"Table de coordonn\u00e9es XY automatique \u00e0 deux axes \u00e0 grande vitesse pour un usage professionnel Con\u00e7ues pour les travaux automatiques de haute pr\u00e9cision avec haute vitesse, les s\u00e9ries MB sont des unit\u00e9s optimales pour tous les types de mouvement automatique dans tout environnement industriel: per\u00e7age, fraisage, meulage, soudage, syst\u00e8mes de transfert, gravure industrielle, positionnement automatique [&hellip;]\" \/>\n<meta property=\"og:url\" content=\"https:\/\/bazus.com\/cnc-coordinate-tables\/mb-automatic-xy-crosstables-for-high-speed\/\" \/>\n<meta property=\"og:site_name\" content=\"Bazus\" \/>\n<meta property=\"article:modified_time\" content=\"2021-04-30T09:09:37+00:00\" \/>\n<meta property=\"og:image\" content=\"https:\/\/bazus.com\/wp-content\/uploads\/2020\/08\/MB-0_A.jpg\" \/>\n\t<meta property=\"og:image:width\" content=\"1920\" \/>\n\t<meta property=\"og:image:height\" content=\"1080\" \/>\n\t<meta property=\"og:image:type\" content=\"image\/jpeg\" \/>\n<meta name=\"twitter:card\" content=\"summary_large_image\" \/>\n<meta name=\"twitter:label1\" content=\"Dur\u00e9e de lecture estim\u00e9e\" \/>\n\t<meta name=\"twitter:data1\" content=\"1 minute\" \/>\n<script type=\"application\/ld+json\" class=\"yoast-schema-graph\">{\"@context\":\"https:\\\/\\\/schema.org\",\"@graph\":[{\"@type\":\"WebPage\",\"@id\":\"https:\\\/\\\/bazus.com\\\/cnc-coordinate-tables\\\/mb-automatic-xy-crosstables-for-high-speed\\\/\",\"url\":\"https:\\\/\\\/bazus.com\\\/cnc-coordinate-tables\\\/mb-automatic-xy-crosstables-for-high-speed\\\/\",\"name\":\"MB Table XY automatique pour haute vitesse - Bazus\",\"isPartOf\":{\"@id\":\"https:\\\/\\\/bazus.com\\\/#website\"},\"primaryImageOfPage\":{\"@id\":\"https:\\\/\\\/bazus.com\\\/cnc-coordinate-tables\\\/mb-automatic-xy-crosstables-for-high-speed\\\/#primaryimage\"},\"image\":{\"@id\":\"https:\\\/\\\/bazus.com\\\/cnc-coordinate-tables\\\/mb-automatic-xy-crosstables-for-high-speed\\\/#primaryimage\"},\"thumbnailUrl\":\"https:\\\/\\\/bazus.com\\\/wp-content\\\/uploads\\\/2020\\\/08\\\/MB-0_A.jpg\",\"datePublished\":\"2019-11-22T16:05:36+00:00\",\"dateModified\":\"2021-04-30T09:09:37+00:00\",\"breadcrumb\":{\"@id\":\"https:\\\/\\\/bazus.com\\\/cnc-coordinate-tables\\\/mb-automatic-xy-crosstables-for-high-speed\\\/#breadcrumb\"},\"inLanguage\":\"fr-FR\",\"potentialAction\":[{\"@type\":\"ReadAction\",\"target\":[\"https:\\\/\\\/bazus.com\\\/cnc-coordinate-tables\\\/mb-automatic-xy-crosstables-for-high-speed\\\/\"]}]},{\"@type\":\"ImageObject\",\"inLanguage\":\"fr-FR\",\"@id\":\"https:\\\/\\\/bazus.com\\\/cnc-coordinate-tables\\\/mb-automatic-xy-crosstables-for-high-speed\\\/#primaryimage\",\"url\":\"https:\\\/\\\/bazus.com\\\/wp-content\\\/uploads\\\/2020\\\/08\\\/MB-0_A.jpg\",\"contentUrl\":\"https:\\\/\\\/bazus.com\\\/wp-content\\\/uploads\\\/2020\\\/08\\\/MB-0_A.jpg\",\"width\":1920,\"height\":1080},{\"@type\":\"BreadcrumbList\",\"@id\":\"https:\\\/\\\/bazus.com\\\/cnc-coordinate-tables\\\/mb-automatic-xy-crosstables-for-high-speed\\\/#breadcrumb\",\"itemListElement\":[{\"@type\":\"ListItem\",\"position\":1,\"name\":\"Inicio\",\"item\":\"https:\\\/\\\/bazus.com\\\/fr\\\/\"},{\"@type\":\"ListItem\",\"position\":2,\"name\":\"Tables de Coordonn\u00e9es CNC\",\"item\":\"https:\\\/\\\/bazus.com\\\/fr\\\/tables-de-coordonnees-cnc\\\/\"},{\"@type\":\"ListItem\",\"position\":3,\"name\":\"MB Table XY automatique pour haute vitesse\"}]},{\"@type\":\"WebSite\",\"@id\":\"https:\\\/\\\/bazus.com\\\/#website\",\"url\":\"https:\\\/\\\/bazus.com\\\/\",\"name\":\"Bazus\",\"description\":\"Mesas de coordenadas confiables\",\"potentialAction\":[{\"@type\":\"SearchAction\",\"target\":{\"@type\":\"EntryPoint\",\"urlTemplate\":\"https:\\\/\\\/bazus.com\\\/?s={search_term_string}\"},\"query-input\":{\"@type\":\"PropertyValueSpecification\",\"valueRequired\":true,\"valueName\":\"search_term_string\"}}],\"inLanguage\":\"fr-FR\"}]}<\/script>\n<!-- \/ Yoast SEO plugin. -->","yoast_head_json":{"title":"MB Table XY automatique pour haute vitesse - Bazus","robots":{"index":"index","follow":"follow","max-snippet":"max-snippet:-1","max-image-preview":"max-image-preview:large","max-video-preview":"max-video-preview:-1"},"canonical":"https:\/\/bazus.com\/cnc-coordinate-tables\/mb-automatic-xy-crosstables-for-high-speed\/","og_locale":"fr_FR","og_type":"article","og_title":"MB Table XY automatique pour haute vitesse - Bazus","og_description":"Table de coordonn\u00e9es XY automatique \u00e0 deux axes \u00e0 grande vitesse pour un usage professionnel Con\u00e7ues pour les travaux automatiques de haute pr\u00e9cision avec haute vitesse, les s\u00e9ries MB sont des unit\u00e9s optimales pour tous les types de mouvement automatique dans tout environnement industriel: per\u00e7age, fraisage, meulage, soudage, syst\u00e8mes de transfert, gravure industrielle, positionnement automatique [&hellip;]","og_url":"https:\/\/bazus.com\/cnc-coordinate-tables\/mb-automatic-xy-crosstables-for-high-speed\/","og_site_name":"Bazus","article_modified_time":"2021-04-30T09:09:37+00:00","og_image":[{"width":1920,"height":1080,"url":"https:\/\/bazus.com\/wp-content\/uploads\/2020\/08\/MB-0_A.jpg","type":"image\/jpeg"}],"twitter_card":"summary_large_image","twitter_misc":{"Dur\u00e9e de lecture estim\u00e9e":"1 minute"},"schema":{"@context":"https:\/\/schema.org","@graph":[{"@type":"WebPage","@id":"https:\/\/bazus.com\/cnc-coordinate-tables\/mb-automatic-xy-crosstables-for-high-speed\/","url":"https:\/\/bazus.com\/cnc-coordinate-tables\/mb-automatic-xy-crosstables-for-high-speed\/","name":"MB Table XY automatique pour haute vitesse - Bazus","isPartOf":{"@id":"https:\/\/bazus.com\/#website"},"primaryImageOfPage":{"@id":"https:\/\/bazus.com\/cnc-coordinate-tables\/mb-automatic-xy-crosstables-for-high-speed\/#primaryimage"},"image":{"@id":"https:\/\/bazus.com\/cnc-coordinate-tables\/mb-automatic-xy-crosstables-for-high-speed\/#primaryimage"},"thumbnailUrl":"https:\/\/bazus.com\/wp-content\/uploads\/2020\/08\/MB-0_A.jpg","datePublished":"2019-11-22T16:05:36+00:00","dateModified":"2021-04-30T09:09:37+00:00","breadcrumb":{"@id":"https:\/\/bazus.com\/cnc-coordinate-tables\/mb-automatic-xy-crosstables-for-high-speed\/#breadcrumb"},"inLanguage":"fr-FR","potentialAction":[{"@type":"ReadAction","target":["https:\/\/bazus.com\/cnc-coordinate-tables\/mb-automatic-xy-crosstables-for-high-speed\/"]}]},{"@type":"ImageObject","inLanguage":"fr-FR","@id":"https:\/\/bazus.com\/cnc-coordinate-tables\/mb-automatic-xy-crosstables-for-high-speed\/#primaryimage","url":"https:\/\/bazus.com\/wp-content\/uploads\/2020\/08\/MB-0_A.jpg","contentUrl":"https:\/\/bazus.com\/wp-content\/uploads\/2020\/08\/MB-0_A.jpg","width":1920,"height":1080},{"@type":"BreadcrumbList","@id":"https:\/\/bazus.com\/cnc-coordinate-tables\/mb-automatic-xy-crosstables-for-high-speed\/#breadcrumb","itemListElement":[{"@type":"ListItem","position":1,"name":"Inicio","item":"https:\/\/bazus.com\/fr\/"},{"@type":"ListItem","position":2,"name":"Tables de Coordonn\u00e9es CNC","item":"https:\/\/bazus.com\/fr\/tables-de-coordonnees-cnc\/"},{"@type":"ListItem","position":3,"name":"MB Table XY automatique pour haute vitesse"}]},{"@type":"WebSite","@id":"https:\/\/bazus.com\/#website","url":"https:\/\/bazus.com\/","name":"Bazus","description":"Mesas de coordenadas confiables","potentialAction":[{"@type":"SearchAction","target":{"@type":"EntryPoint","urlTemplate":"https:\/\/bazus.com\/?s={search_term_string}"},"query-input":{"@type":"PropertyValueSpecification","valueRequired":true,"valueName":"search_term_string"}}],"inLanguage":"fr-FR"}]}},"acf":[],"_links":{"self":[{"href":"https:\/\/bazus.com\/fr\/wp-json\/wp\/v2\/pages\/3951","targetHints":{"allow":["GET"]}}],"collection":[{"href":"https:\/\/bazus.com\/fr\/wp-json\/wp\/v2\/pages"}],"about":[{"href":"https:\/\/bazus.com\/fr\/wp-json\/wp\/v2\/types\/page"}],"author":[{"embeddable":true,"href":"https:\/\/bazus.com\/fr\/wp-json\/wp\/v2\/users\/1"}],"replies":[{"embeddable":true,"href":"https:\/\/bazus.com\/fr\/wp-json\/wp\/v2\/comments?post=3951"}],"version-history":[{"count":7,"href":"https:\/\/bazus.com\/fr\/wp-json\/wp\/v2\/pages\/3951\/revisions"}],"predecessor-version":[{"id":5148,"href":"https:\/\/bazus.com\/fr\/wp-json\/wp\/v2\/pages\/3951\/revisions\/5148"}],"up":[{"embeddable":true,"href":"https:\/\/bazus.com\/fr\/wp-json\/wp\/v2\/pages\/3678"}],"wp:featuredmedia":[{"embeddable":true,"href":"https:\/\/bazus.com\/fr\/wp-json\/wp\/v2\/media\/2137"}],"wp:attachment":[{"href":"https:\/\/bazus.com\/fr\/wp-json\/wp\/v2\/media?parent=3951"}],"curies":[{"name":"wp","href":"https:\/\/api.w.org\/{rel}","templated":true}]}}