{"id":3860,"date":"2019-11-22T09:31:42","date_gmt":"2019-11-22T08:31:42","guid":{"rendered":"https:\/\/bazus.com\/tables-de-coordonnees-xy\/mf-mesa-xy-estandar\/"},"modified":"2021-04-30T11:02:45","modified_gmt":"2021-04-30T09:02:45","slug":"mf-table-de-coordonnees-xy-standard","status":"publish","type":"page","link":"https:\/\/bazus.com\/fr\/tables-de-coordonnees-xy\/mf-table-de-coordonnees-xy-standard\/","title":{"rendered":"MF Table de coordonn\u00e9es XY Standard"},"content":{"rendered":"<p>Table de coordonn\u00e9es multifonctionnelle XY \u00e0 deux axes avec base fixe pour un usage professionnel.<\/p>\n<p>Con\u00e7ue pour un travail de pr\u00e9cision, la s\u00e9rie de tables de coordonn\u00e9es MF est optimale pour le per\u00e7age, le per\u00e7age vertical, le per\u00e7age horizontal, le fraisage, le soudage, les syst\u00e8mes de transfert, les porte-outils et toute autre application m\u00e9canique n\u00e9cessitant un contr\u00f4le pr\u00e9cis de la position XY.<\/p>\n<p>La conception solide et robuste de la XY Crosstable permet d\u2019effectuer un grand nombre de travaux tout en conservant la pr\u00e9cision et la r\u00e9p\u00e9tabilit\u00e9 du positionnement dans tout type de positionnement lin\u00e9aire. Un classique de l\u2019industrie qui garantit une longue dur\u00e9e de vie.<\/p>\n<p>Tous les \u00e9l\u00e9ments de la s\u00e9rie MF de tables de coordonn\u00e9es manuelles sont en fonte (fonte grise stabilis\u00e9e GG25 de haute qualit\u00e9), ce qui lui conf\u00e8re une rigidit\u00e9 m\u00e9canique extraordinaire.<\/p>\n","protected":false},"excerpt":{"rendered":"<p>Table de coordonn\u00e9es multifonctionnelle XY \u00e0 deux axes avec base fixe pour un usage professionnel. Con\u00e7ue pour un travail de pr\u00e9cision, la s\u00e9rie de tables de coordonn\u00e9es MF est optimale pour le per\u00e7age, le per\u00e7age vertical, le per\u00e7age horizontal, le fraisage, le soudage, les syst\u00e8mes de transfert, les porte-outils et toute autre application m\u00e9canique n\u00e9cessitant [&hellip;]<\/p>\n","protected":false},"author":7,"featured_media":955,"parent":3653,"menu_order":1,"comment_status":"closed","ping_status":"closed","template":"producto.php","meta":{"footnotes":""},"class_list":["post-3860","page","type-page","status-publish","has-post-thumbnail","hentry"],"yoast_head":"<!-- This site is optimized with the Yoast SEO plugin v27.5 - https:\/\/yoast.com\/product\/yoast-seo-wordpress\/ -->\n<title>MF Table de coordonn\u00e9es XY Standard - Bazus<\/title>\n<meta name=\"robots\" content=\"index, follow, max-snippet:-1, max-image-preview:large, max-video-preview:-1\" \/>\n<link rel=\"canonical\" href=\"https:\/\/bazus.com\/xy-coordinate-tables\/mf-standard-xy-coordinate-table\/\" \/>\n<meta property=\"og:locale\" content=\"fr_FR\" \/>\n<meta property=\"og:type\" content=\"article\" \/>\n<meta property=\"og:title\" content=\"MF Table de coordonn\u00e9es XY Standard - Bazus\" \/>\n<meta property=\"og:description\" content=\"Table de coordonn\u00e9es multifonctionnelle XY \u00e0 deux axes avec base fixe pour un usage professionnel. Con\u00e7ue pour un travail de pr\u00e9cision, la s\u00e9rie de tables de coordonn\u00e9es MF est optimale pour le per\u00e7age, le per\u00e7age vertical, le per\u00e7age horizontal, le fraisage, le soudage, les syst\u00e8mes de transfert, les porte-outils et toute autre application m\u00e9canique n\u00e9cessitant [&hellip;]\" \/>\n<meta property=\"og:url\" content=\"https:\/\/bazus.com\/xy-coordinate-tables\/mf-standard-xy-coordinate-table\/\" \/>\n<meta property=\"og:site_name\" content=\"Bazus\" \/>\n<meta property=\"article:modified_time\" content=\"2021-04-30T09:02:45+00:00\" \/>\n<meta property=\"og:image\" content=\"https:\/\/bazus.com\/wp-content\/uploads\/2020\/08\/MF-1_A.jpg\" \/>\n\t<meta property=\"og:image:width\" content=\"1920\" \/>\n\t<meta property=\"og:image:height\" content=\"1080\" \/>\n\t<meta property=\"og:image:type\" content=\"image\/jpeg\" \/>\n<meta name=\"twitter:card\" content=\"summary_large_image\" \/>\n<meta name=\"twitter:label1\" content=\"Dur\u00e9e de lecture estim\u00e9e\" \/>\n\t<meta name=\"twitter:data1\" content=\"1 minute\" \/>\n<script type=\"application\/ld+json\" class=\"yoast-schema-graph\">{\"@context\":\"https:\\\/\\\/schema.org\",\"@graph\":[{\"@type\":\"WebPage\",\"@id\":\"https:\\\/\\\/bazus.com\\\/xy-coordinate-tables\\\/mf-standard-xy-coordinate-table\\\/\",\"url\":\"https:\\\/\\\/bazus.com\\\/xy-coordinate-tables\\\/mf-standard-xy-coordinate-table\\\/\",\"name\":\"MF Table de coordonn\u00e9es XY Standard - Bazus\",\"isPartOf\":{\"@id\":\"https:\\\/\\\/bazus.com\\\/#website\"},\"primaryImageOfPage\":{\"@id\":\"https:\\\/\\\/bazus.com\\\/xy-coordinate-tables\\\/mf-standard-xy-coordinate-table\\\/#primaryimage\"},\"image\":{\"@id\":\"https:\\\/\\\/bazus.com\\\/xy-coordinate-tables\\\/mf-standard-xy-coordinate-table\\\/#primaryimage\"},\"thumbnailUrl\":\"https:\\\/\\\/bazus.com\\\/wp-content\\\/uploads\\\/2020\\\/08\\\/MF-1_A.jpg\",\"datePublished\":\"2019-11-22T08:31:42+00:00\",\"dateModified\":\"2021-04-30T09:02:45+00:00\",\"breadcrumb\":{\"@id\":\"https:\\\/\\\/bazus.com\\\/xy-coordinate-tables\\\/mf-standard-xy-coordinate-table\\\/#breadcrumb\"},\"inLanguage\":\"fr-FR\",\"potentialAction\":[{\"@type\":\"ReadAction\",\"target\":[\"https:\\\/\\\/bazus.com\\\/xy-coordinate-tables\\\/mf-standard-xy-coordinate-table\\\/\"]}]},{\"@type\":\"ImageObject\",\"inLanguage\":\"fr-FR\",\"@id\":\"https:\\\/\\\/bazus.com\\\/xy-coordinate-tables\\\/mf-standard-xy-coordinate-table\\\/#primaryimage\",\"url\":\"https:\\\/\\\/bazus.com\\\/wp-content\\\/uploads\\\/2020\\\/08\\\/MF-1_A.jpg\",\"contentUrl\":\"https:\\\/\\\/bazus.com\\\/wp-content\\\/uploads\\\/2020\\\/08\\\/MF-1_A.jpg\",\"width\":1920,\"height\":1080},{\"@type\":\"BreadcrumbList\",\"@id\":\"https:\\\/\\\/bazus.com\\\/xy-coordinate-tables\\\/mf-standard-xy-coordinate-table\\\/#breadcrumb\",\"itemListElement\":[{\"@type\":\"ListItem\",\"position\":1,\"name\":\"Inicio\",\"item\":\"https:\\\/\\\/bazus.com\\\/fr\\\/\"},{\"@type\":\"ListItem\",\"position\":2,\"name\":\"Tables de Coordonn\u00e9es XY\",\"item\":\"https:\\\/\\\/bazus.com\\\/fr\\\/tables-de-coordonnees-xy\\\/\"},{\"@type\":\"ListItem\",\"position\":3,\"name\":\"MF Table de coordonn\u00e9es XY Standard\"}]},{\"@type\":\"WebSite\",\"@id\":\"https:\\\/\\\/bazus.com\\\/#website\",\"url\":\"https:\\\/\\\/bazus.com\\\/\",\"name\":\"Bazus\",\"description\":\"Mesas de coordenadas confiables\",\"potentialAction\":[{\"@type\":\"SearchAction\",\"target\":{\"@type\":\"EntryPoint\",\"urlTemplate\":\"https:\\\/\\\/bazus.com\\\/?s={search_term_string}\"},\"query-input\":{\"@type\":\"PropertyValueSpecification\",\"valueRequired\":true,\"valueName\":\"search_term_string\"}}],\"inLanguage\":\"fr-FR\"}]}<\/script>\n<!-- \/ Yoast SEO plugin. -->","yoast_head_json":{"title":"MF Table de coordonn\u00e9es XY Standard - Bazus","robots":{"index":"index","follow":"follow","max-snippet":"max-snippet:-1","max-image-preview":"max-image-preview:large","max-video-preview":"max-video-preview:-1"},"canonical":"https:\/\/bazus.com\/xy-coordinate-tables\/mf-standard-xy-coordinate-table\/","og_locale":"fr_FR","og_type":"article","og_title":"MF Table de coordonn\u00e9es XY Standard - Bazus","og_description":"Table de coordonn\u00e9es multifonctionnelle XY \u00e0 deux axes avec base fixe pour un usage professionnel. Con\u00e7ue pour un travail de pr\u00e9cision, la s\u00e9rie de tables de coordonn\u00e9es MF est optimale pour le per\u00e7age, le per\u00e7age vertical, le per\u00e7age horizontal, le fraisage, le soudage, les syst\u00e8mes de transfert, les porte-outils et toute autre application m\u00e9canique n\u00e9cessitant [&hellip;]","og_url":"https:\/\/bazus.com\/xy-coordinate-tables\/mf-standard-xy-coordinate-table\/","og_site_name":"Bazus","article_modified_time":"2021-04-30T09:02:45+00:00","og_image":[{"width":1920,"height":1080,"url":"https:\/\/bazus.com\/wp-content\/uploads\/2020\/08\/MF-1_A.jpg","type":"image\/jpeg"}],"twitter_card":"summary_large_image","twitter_misc":{"Dur\u00e9e de lecture estim\u00e9e":"1 minute"},"schema":{"@context":"https:\/\/schema.org","@graph":[{"@type":"WebPage","@id":"https:\/\/bazus.com\/xy-coordinate-tables\/mf-standard-xy-coordinate-table\/","url":"https:\/\/bazus.com\/xy-coordinate-tables\/mf-standard-xy-coordinate-table\/","name":"MF Table de coordonn\u00e9es XY Standard - Bazus","isPartOf":{"@id":"https:\/\/bazus.com\/#website"},"primaryImageOfPage":{"@id":"https:\/\/bazus.com\/xy-coordinate-tables\/mf-standard-xy-coordinate-table\/#primaryimage"},"image":{"@id":"https:\/\/bazus.com\/xy-coordinate-tables\/mf-standard-xy-coordinate-table\/#primaryimage"},"thumbnailUrl":"https:\/\/bazus.com\/wp-content\/uploads\/2020\/08\/MF-1_A.jpg","datePublished":"2019-11-22T08:31:42+00:00","dateModified":"2021-04-30T09:02:45+00:00","breadcrumb":{"@id":"https:\/\/bazus.com\/xy-coordinate-tables\/mf-standard-xy-coordinate-table\/#breadcrumb"},"inLanguage":"fr-FR","potentialAction":[{"@type":"ReadAction","target":["https:\/\/bazus.com\/xy-coordinate-tables\/mf-standard-xy-coordinate-table\/"]}]},{"@type":"ImageObject","inLanguage":"fr-FR","@id":"https:\/\/bazus.com\/xy-coordinate-tables\/mf-standard-xy-coordinate-table\/#primaryimage","url":"https:\/\/bazus.com\/wp-content\/uploads\/2020\/08\/MF-1_A.jpg","contentUrl":"https:\/\/bazus.com\/wp-content\/uploads\/2020\/08\/MF-1_A.jpg","width":1920,"height":1080},{"@type":"BreadcrumbList","@id":"https:\/\/bazus.com\/xy-coordinate-tables\/mf-standard-xy-coordinate-table\/#breadcrumb","itemListElement":[{"@type":"ListItem","position":1,"name":"Inicio","item":"https:\/\/bazus.com\/fr\/"},{"@type":"ListItem","position":2,"name":"Tables de Coordonn\u00e9es XY","item":"https:\/\/bazus.com\/fr\/tables-de-coordonnees-xy\/"},{"@type":"ListItem","position":3,"name":"MF Table de coordonn\u00e9es XY Standard"}]},{"@type":"WebSite","@id":"https:\/\/bazus.com\/#website","url":"https:\/\/bazus.com\/","name":"Bazus","description":"Mesas de coordenadas confiables","potentialAction":[{"@type":"SearchAction","target":{"@type":"EntryPoint","urlTemplate":"https:\/\/bazus.com\/?s={search_term_string}"},"query-input":{"@type":"PropertyValueSpecification","valueRequired":true,"valueName":"search_term_string"}}],"inLanguage":"fr-FR"}]}},"acf":[],"_links":{"self":[{"href":"https:\/\/bazus.com\/fr\/wp-json\/wp\/v2\/pages\/3860","targetHints":{"allow":["GET"]}}],"collection":[{"href":"https:\/\/bazus.com\/fr\/wp-json\/wp\/v2\/pages"}],"about":[{"href":"https:\/\/bazus.com\/fr\/wp-json\/wp\/v2\/types\/page"}],"author":[{"embeddable":true,"href":"https:\/\/bazus.com\/fr\/wp-json\/wp\/v2\/users\/7"}],"replies":[{"embeddable":true,"href":"https:\/\/bazus.com\/fr\/wp-json\/wp\/v2\/comments?post=3860"}],"version-history":[{"count":4,"href":"https:\/\/bazus.com\/fr\/wp-json\/wp\/v2\/pages\/3860\/revisions"}],"predecessor-version":[{"id":5137,"href":"https:\/\/bazus.com\/fr\/wp-json\/wp\/v2\/pages\/3860\/revisions\/5137"}],"up":[{"embeddable":true,"href":"https:\/\/bazus.com\/fr\/wp-json\/wp\/v2\/pages\/3653"}],"wp:featuredmedia":[{"embeddable":true,"href":"https:\/\/bazus.com\/fr\/wp-json\/wp\/v2\/media\/955"}],"wp:attachment":[{"href":"https:\/\/bazus.com\/fr\/wp-json\/wp\/v2\/media?parent=3860"}],"curies":[{"name":"wp","href":"https:\/\/api.w.org\/{rel}","templated":true}]}}