{"id":3856,"date":"2020-08-21T10:08:49","date_gmt":"2020-08-21T08:08:49","guid":{"rendered":"https:\/\/bazus.com\/tables-de-coordonnees-xy\/mf-drill-mesa-xy-para-taladros\/"},"modified":"2021-04-30T11:01:11","modified_gmt":"2021-04-30T09:01:11","slug":"mf-drill-table-de-coordonnees-xy-pour-perceuses","status":"publish","type":"page","link":"https:\/\/bazus.com\/fr\/tables-de-coordonnees-xy\/mf-drill-table-de-coordonnees-xy-pour-perceuses\/","title":{"rendered":"MF DRILL Table de coordonn\u00e9es XY pour perceuses"},"content":{"rendered":"<p>Table de coordonn\u00e9es multifonctionnelle XY \u00e0 deux axes \u00e0 base fixe pour une utilisation professionnelle sur des machines avec liquide de refroidissement.<\/p>\n<p>Con\u00e7ue pour un travail de pr\u00e9cision, la s\u00e9rie de tables de coordonn\u00e9es MF DRILL est analogue \u00e0 la s\u00e9rie MF, mais pour les travaux avec utilisation de liquides de refroidissement. L\u2019\u00e9quipement DRILL comprend: des rainures pour la collecte de r\u00e9frig\u00e9rant, un volant de grand diam\u00e8tre, des protections t\u00e9lescopiques sur le axe longitudinal pour le m\u00e9canisme d\u2019\u00e9crou et de vis et but\u00e9e r\u00e9glable pour la course X.<\/p>\n<p>La table de coordonn\u00e9es MF DRILL est optimale pour les applications de forage, forage vertical, forage horizontal, fraisage, soudage, syst\u00e8mes de transfert, porte-outils et dans toute autre application m\u00e9canique o\u00f9 un contr\u00f4le pr\u00e9cis de la position XY est n\u00e9cessaire.<\/p>\n<p>La conception robuste et robuste de la table lin\u00e9aire permet d\u2019effectuer un grand nombre de travaux tout en conservant la pr\u00e9cision de positionnement et la r\u00e9p\u00e9tabilit\u00e9 dans tout type de positionnement lin\u00e9aire. Une table de coordonn\u00e9es standard et robuste qui assure une longue dur\u00e9e de vie.<\/p>\n<p>Tous les \u00e9l\u00e9ments de la s\u00e9rie MF DRILL de tables de coordonn\u00e9es manuelles sont en alliage de fonte (fonte grise stabilis\u00e9e GG25 de haute qualit\u00e9), ce qui lui conf\u00e8re une rigidit\u00e9 m\u00e9canique extraordinaire.<\/p>\n","protected":false},"excerpt":{"rendered":"<p>Table de coordonn\u00e9es multifonctionnelle XY \u00e0 deux axes \u00e0 base fixe pour une utilisation professionnelle sur des machines avec liquide de refroidissement. Con\u00e7ue pour un travail de pr\u00e9cision, la s\u00e9rie de tables de coordonn\u00e9es MF DRILL est analogue \u00e0 la s\u00e9rie MF, mais pour les travaux avec utilisation de liquides de refroidissement. L\u2019\u00e9quipement DRILL comprend: [&hellip;]<\/p>\n","protected":false},"author":7,"featured_media":955,"parent":3653,"menu_order":1,"comment_status":"closed","ping_status":"closed","template":"producto.php","meta":{"footnotes":""},"class_list":["post-3856","page","type-page","status-publish","has-post-thumbnail","hentry"],"yoast_head":"<!-- This site is optimized with the Yoast SEO plugin v27.5 - https:\/\/yoast.com\/product\/yoast-seo-wordpress\/ -->\n<title>MF DRILL Table de coordonn\u00e9es XY pour perceuses - Bazus<\/title>\n<meta name=\"robots\" content=\"index, follow, max-snippet:-1, max-image-preview:large, max-video-preview:-1\" \/>\n<link rel=\"canonical\" href=\"https:\/\/bazus.com\/xy-coordinate-tables\/mf-drill-standard-xy-coordinate-table-for-drilling\/\" \/>\n<meta property=\"og:locale\" content=\"fr_FR\" \/>\n<meta property=\"og:type\" content=\"article\" \/>\n<meta property=\"og:title\" content=\"MF DRILL Table de coordonn\u00e9es XY pour perceuses - Bazus\" \/>\n<meta property=\"og:description\" content=\"Table de coordonn\u00e9es multifonctionnelle XY \u00e0 deux axes \u00e0 base fixe pour une utilisation professionnelle sur des machines avec liquide de refroidissement. Con\u00e7ue pour un travail de pr\u00e9cision, la s\u00e9rie de tables de coordonn\u00e9es MF DRILL est analogue \u00e0 la s\u00e9rie MF, mais pour les travaux avec utilisation de liquides de refroidissement. L\u2019\u00e9quipement DRILL comprend: [&hellip;]\" \/>\n<meta property=\"og:url\" content=\"https:\/\/bazus.com\/xy-coordinate-tables\/mf-drill-standard-xy-coordinate-table-for-drilling\/\" \/>\n<meta property=\"og:site_name\" content=\"Bazus\" \/>\n<meta property=\"article:modified_time\" content=\"2021-04-30T09:01:11+00:00\" \/>\n<meta property=\"og:image\" content=\"https:\/\/bazus.com\/wp-content\/uploads\/2020\/08\/MF-1_A.jpg\" \/>\n\t<meta property=\"og:image:width\" content=\"1920\" \/>\n\t<meta property=\"og:image:height\" content=\"1080\" \/>\n\t<meta property=\"og:image:type\" content=\"image\/jpeg\" \/>\n<meta name=\"twitter:card\" content=\"summary_large_image\" \/>\n<meta name=\"twitter:label1\" content=\"Dur\u00e9e de lecture estim\u00e9e\" \/>\n\t<meta name=\"twitter:data1\" content=\"1 minute\" \/>\n<script type=\"application\/ld+json\" class=\"yoast-schema-graph\">{\"@context\":\"https:\\\/\\\/schema.org\",\"@graph\":[{\"@type\":\"WebPage\",\"@id\":\"https:\\\/\\\/bazus.com\\\/xy-coordinate-tables\\\/mf-drill-standard-xy-coordinate-table-for-drilling\\\/\",\"url\":\"https:\\\/\\\/bazus.com\\\/xy-coordinate-tables\\\/mf-drill-standard-xy-coordinate-table-for-drilling\\\/\",\"name\":\"MF DRILL Table de coordonn\u00e9es XY pour perceuses - Bazus\",\"isPartOf\":{\"@id\":\"https:\\\/\\\/bazus.com\\\/#website\"},\"primaryImageOfPage\":{\"@id\":\"https:\\\/\\\/bazus.com\\\/xy-coordinate-tables\\\/mf-drill-standard-xy-coordinate-table-for-drilling\\\/#primaryimage\"},\"image\":{\"@id\":\"https:\\\/\\\/bazus.com\\\/xy-coordinate-tables\\\/mf-drill-standard-xy-coordinate-table-for-drilling\\\/#primaryimage\"},\"thumbnailUrl\":\"https:\\\/\\\/bazus.com\\\/wp-content\\\/uploads\\\/2020\\\/08\\\/MF-1_A.jpg\",\"datePublished\":\"2020-08-21T08:08:49+00:00\",\"dateModified\":\"2021-04-30T09:01:11+00:00\",\"breadcrumb\":{\"@id\":\"https:\\\/\\\/bazus.com\\\/xy-coordinate-tables\\\/mf-drill-standard-xy-coordinate-table-for-drilling\\\/#breadcrumb\"},\"inLanguage\":\"fr-FR\",\"potentialAction\":[{\"@type\":\"ReadAction\",\"target\":[\"https:\\\/\\\/bazus.com\\\/xy-coordinate-tables\\\/mf-drill-standard-xy-coordinate-table-for-drilling\\\/\"]}]},{\"@type\":\"ImageObject\",\"inLanguage\":\"fr-FR\",\"@id\":\"https:\\\/\\\/bazus.com\\\/xy-coordinate-tables\\\/mf-drill-standard-xy-coordinate-table-for-drilling\\\/#primaryimage\",\"url\":\"https:\\\/\\\/bazus.com\\\/wp-content\\\/uploads\\\/2020\\\/08\\\/MF-1_A.jpg\",\"contentUrl\":\"https:\\\/\\\/bazus.com\\\/wp-content\\\/uploads\\\/2020\\\/08\\\/MF-1_A.jpg\",\"width\":1920,\"height\":1080},{\"@type\":\"BreadcrumbList\",\"@id\":\"https:\\\/\\\/bazus.com\\\/xy-coordinate-tables\\\/mf-drill-standard-xy-coordinate-table-for-drilling\\\/#breadcrumb\",\"itemListElement\":[{\"@type\":\"ListItem\",\"position\":1,\"name\":\"Inicio\",\"item\":\"https:\\\/\\\/bazus.com\\\/fr\\\/\"},{\"@type\":\"ListItem\",\"position\":2,\"name\":\"Tables de Coordonn\u00e9es XY\",\"item\":\"https:\\\/\\\/bazus.com\\\/fr\\\/tables-de-coordonnees-xy\\\/\"},{\"@type\":\"ListItem\",\"position\":3,\"name\":\"MF DRILL Table de coordonn\u00e9es XY pour perceuses\"}]},{\"@type\":\"WebSite\",\"@id\":\"https:\\\/\\\/bazus.com\\\/#website\",\"url\":\"https:\\\/\\\/bazus.com\\\/\",\"name\":\"Bazus\",\"description\":\"Mesas de coordenadas confiables\",\"potentialAction\":[{\"@type\":\"SearchAction\",\"target\":{\"@type\":\"EntryPoint\",\"urlTemplate\":\"https:\\\/\\\/bazus.com\\\/?s={search_term_string}\"},\"query-input\":{\"@type\":\"PropertyValueSpecification\",\"valueRequired\":true,\"valueName\":\"search_term_string\"}}],\"inLanguage\":\"fr-FR\"}]}<\/script>\n<!-- \/ Yoast SEO plugin. -->","yoast_head_json":{"title":"MF DRILL Table de coordonn\u00e9es XY pour perceuses - Bazus","robots":{"index":"index","follow":"follow","max-snippet":"max-snippet:-1","max-image-preview":"max-image-preview:large","max-video-preview":"max-video-preview:-1"},"canonical":"https:\/\/bazus.com\/xy-coordinate-tables\/mf-drill-standard-xy-coordinate-table-for-drilling\/","og_locale":"fr_FR","og_type":"article","og_title":"MF DRILL Table de coordonn\u00e9es XY pour perceuses - Bazus","og_description":"Table de coordonn\u00e9es multifonctionnelle XY \u00e0 deux axes \u00e0 base fixe pour une utilisation professionnelle sur des machines avec liquide de refroidissement. Con\u00e7ue pour un travail de pr\u00e9cision, la s\u00e9rie de tables de coordonn\u00e9es MF DRILL est analogue \u00e0 la s\u00e9rie MF, mais pour les travaux avec utilisation de liquides de refroidissement. L\u2019\u00e9quipement DRILL comprend: [&hellip;]","og_url":"https:\/\/bazus.com\/xy-coordinate-tables\/mf-drill-standard-xy-coordinate-table-for-drilling\/","og_site_name":"Bazus","article_modified_time":"2021-04-30T09:01:11+00:00","og_image":[{"width":1920,"height":1080,"url":"https:\/\/bazus.com\/wp-content\/uploads\/2020\/08\/MF-1_A.jpg","type":"image\/jpeg"}],"twitter_card":"summary_large_image","twitter_misc":{"Dur\u00e9e de lecture estim\u00e9e":"1 minute"},"schema":{"@context":"https:\/\/schema.org","@graph":[{"@type":"WebPage","@id":"https:\/\/bazus.com\/xy-coordinate-tables\/mf-drill-standard-xy-coordinate-table-for-drilling\/","url":"https:\/\/bazus.com\/xy-coordinate-tables\/mf-drill-standard-xy-coordinate-table-for-drilling\/","name":"MF DRILL Table de coordonn\u00e9es XY pour perceuses - Bazus","isPartOf":{"@id":"https:\/\/bazus.com\/#website"},"primaryImageOfPage":{"@id":"https:\/\/bazus.com\/xy-coordinate-tables\/mf-drill-standard-xy-coordinate-table-for-drilling\/#primaryimage"},"image":{"@id":"https:\/\/bazus.com\/xy-coordinate-tables\/mf-drill-standard-xy-coordinate-table-for-drilling\/#primaryimage"},"thumbnailUrl":"https:\/\/bazus.com\/wp-content\/uploads\/2020\/08\/MF-1_A.jpg","datePublished":"2020-08-21T08:08:49+00:00","dateModified":"2021-04-30T09:01:11+00:00","breadcrumb":{"@id":"https:\/\/bazus.com\/xy-coordinate-tables\/mf-drill-standard-xy-coordinate-table-for-drilling\/#breadcrumb"},"inLanguage":"fr-FR","potentialAction":[{"@type":"ReadAction","target":["https:\/\/bazus.com\/xy-coordinate-tables\/mf-drill-standard-xy-coordinate-table-for-drilling\/"]}]},{"@type":"ImageObject","inLanguage":"fr-FR","@id":"https:\/\/bazus.com\/xy-coordinate-tables\/mf-drill-standard-xy-coordinate-table-for-drilling\/#primaryimage","url":"https:\/\/bazus.com\/wp-content\/uploads\/2020\/08\/MF-1_A.jpg","contentUrl":"https:\/\/bazus.com\/wp-content\/uploads\/2020\/08\/MF-1_A.jpg","width":1920,"height":1080},{"@type":"BreadcrumbList","@id":"https:\/\/bazus.com\/xy-coordinate-tables\/mf-drill-standard-xy-coordinate-table-for-drilling\/#breadcrumb","itemListElement":[{"@type":"ListItem","position":1,"name":"Inicio","item":"https:\/\/bazus.com\/fr\/"},{"@type":"ListItem","position":2,"name":"Tables de Coordonn\u00e9es XY","item":"https:\/\/bazus.com\/fr\/tables-de-coordonnees-xy\/"},{"@type":"ListItem","position":3,"name":"MF DRILL Table de coordonn\u00e9es XY pour perceuses"}]},{"@type":"WebSite","@id":"https:\/\/bazus.com\/#website","url":"https:\/\/bazus.com\/","name":"Bazus","description":"Mesas de coordenadas confiables","potentialAction":[{"@type":"SearchAction","target":{"@type":"EntryPoint","urlTemplate":"https:\/\/bazus.com\/?s={search_term_string}"},"query-input":{"@type":"PropertyValueSpecification","valueRequired":true,"valueName":"search_term_string"}}],"inLanguage":"fr-FR"}]}},"acf":[],"_links":{"self":[{"href":"https:\/\/bazus.com\/fr\/wp-json\/wp\/v2\/pages\/3856","targetHints":{"allow":["GET"]}}],"collection":[{"href":"https:\/\/bazus.com\/fr\/wp-json\/wp\/v2\/pages"}],"about":[{"href":"https:\/\/bazus.com\/fr\/wp-json\/wp\/v2\/types\/page"}],"author":[{"embeddable":true,"href":"https:\/\/bazus.com\/fr\/wp-json\/wp\/v2\/users\/7"}],"replies":[{"embeddable":true,"href":"https:\/\/bazus.com\/fr\/wp-json\/wp\/v2\/comments?post=3856"}],"version-history":[{"count":7,"href":"https:\/\/bazus.com\/fr\/wp-json\/wp\/v2\/pages\/3856\/revisions"}],"predecessor-version":[{"id":5136,"href":"https:\/\/bazus.com\/fr\/wp-json\/wp\/v2\/pages\/3856\/revisions\/5136"}],"up":[{"embeddable":true,"href":"https:\/\/bazus.com\/fr\/wp-json\/wp\/v2\/pages\/3653"}],"wp:featuredmedia":[{"embeddable":true,"href":"https:\/\/bazus.com\/fr\/wp-json\/wp\/v2\/media\/955"}],"wp:attachment":[{"href":"https:\/\/bazus.com\/fr\/wp-json\/wp\/v2\/media?parent=3856"}],"curies":[{"name":"wp","href":"https:\/\/api.w.org\/{rel}","templated":true}]}}