{"id":3842,"date":"2020-08-21T10:50:30","date_gmt":"2020-08-21T08:50:30","guid":{"rendered":"https:\/\/bazus.com\/tables-de-coordonnees-xy\/fl-serie-ligera\/"},"modified":"2020-10-26T12:23:48","modified_gmt":"2020-10-26T11:23:48","slug":"fl-tables-a-coordonnes-xy-legere","status":"publish","type":"page","link":"https:\/\/bazus.com\/fr\/tables-de-coordonnees-xy\/fl-tables-a-coordonnes-xy-legere\/","title":{"rendered":"FL Tables a coordonn\u00e9s XY l\u00e9g\u00e8re"},"content":{"rendered":"<p>Table de coordonn\u00e9es l\u00e9g\u00e8re \u00e0 deux axes XY pour un usage professionnel<\/p>\n<p>Con\u00e7u pour les travaux de haute pr\u00e9cision n\u00e9cessitant un contr\u00f4le de position XY exact. Applicable aux machines de tampographie, machines sp\u00e9ciales, fraiseuses, positionnement de t\u00eate et toute autre application m\u00e9canique o\u00f9 le contr\u00f4le de position XY est n\u00e9cessaire.<\/p>\n<p>Tous les \u00e9l\u00e9ments des tables de coordonn\u00e9es manuelles de la s\u00e9rie FL sont en alliage de fonte (fonte grise GG25 stabilis\u00e9e de haute qualit\u00e9), ce qui lui conf\u00e8re une extraordinaire capacit\u00e9 de r\u00e9sistance m\u00e9canique<\/p>\n","protected":false},"excerpt":{"rendered":"<p>Table de coordonn\u00e9es l\u00e9g\u00e8re \u00e0 deux axes XY pour un usage professionnel Con\u00e7u pour les travaux de haute pr\u00e9cision n\u00e9cessitant un contr\u00f4le de position XY exact. Applicable aux machines de tampographie, machines sp\u00e9ciales, fraiseuses, positionnement de t\u00eate et toute autre application m\u00e9canique o\u00f9 le contr\u00f4le de position XY est n\u00e9cessaire. Tous les \u00e9l\u00e9ments des tables [&hellip;]<\/p>\n","protected":false},"author":7,"featured_media":1271,"parent":3653,"menu_order":1,"comment_status":"closed","ping_status":"closed","template":"producto.php","meta":{"footnotes":""},"class_list":["post-3842","page","type-page","status-publish","has-post-thumbnail","hentry"],"yoast_head":"<!-- This site is optimized with the Yoast SEO plugin v27.5 - https:\/\/yoast.com\/product\/yoast-seo-wordpress\/ -->\n<title>FL Tables a coordonn\u00e9s XY l\u00e9g\u00e8re - Bazus<\/title>\n<meta name=\"robots\" content=\"index, follow, max-snippet:-1, max-image-preview:large, max-video-preview:-1\" \/>\n<link rel=\"canonical\" href=\"https:\/\/bazus.com\/xy-coordinate-tables\/fl-light-xy-coordinate-table\/\" \/>\n<meta property=\"og:locale\" content=\"fr_FR\" \/>\n<meta property=\"og:type\" content=\"article\" \/>\n<meta property=\"og:title\" content=\"FL Tables a coordonn\u00e9s XY l\u00e9g\u00e8re - Bazus\" \/>\n<meta property=\"og:description\" content=\"Table de coordonn\u00e9es l\u00e9g\u00e8re \u00e0 deux axes XY pour un usage professionnel Con\u00e7u pour les travaux de haute pr\u00e9cision n\u00e9cessitant un contr\u00f4le de position XY exact. Applicable aux machines de tampographie, machines sp\u00e9ciales, fraiseuses, positionnement de t\u00eate et toute autre application m\u00e9canique o\u00f9 le contr\u00f4le de position XY est n\u00e9cessaire. Tous les \u00e9l\u00e9ments des tables [&hellip;]\" \/>\n<meta property=\"og:url\" content=\"https:\/\/bazus.com\/xy-coordinate-tables\/fl-light-xy-coordinate-table\/\" \/>\n<meta property=\"og:site_name\" content=\"Bazus\" \/>\n<meta property=\"article:modified_time\" content=\"2020-10-26T11:23:48+00:00\" \/>\n<meta property=\"og:image\" content=\"https:\/\/bazus.com\/wp-content\/uploads\/2020\/08\/FL-8_A.jpg\" \/>\n\t<meta property=\"og:image:width\" content=\"1920\" \/>\n\t<meta property=\"og:image:height\" content=\"1080\" \/>\n\t<meta property=\"og:image:type\" content=\"image\/jpeg\" \/>\n<meta name=\"twitter:card\" content=\"summary_large_image\" \/>\n<meta name=\"twitter:label1\" content=\"Dur\u00e9e de lecture estim\u00e9e\" \/>\n\t<meta name=\"twitter:data1\" content=\"1 minute\" \/>\n<script type=\"application\/ld+json\" class=\"yoast-schema-graph\">{\"@context\":\"https:\\\/\\\/schema.org\",\"@graph\":[{\"@type\":\"WebPage\",\"@id\":\"https:\\\/\\\/bazus.com\\\/xy-coordinate-tables\\\/fl-light-xy-coordinate-table\\\/\",\"url\":\"https:\\\/\\\/bazus.com\\\/xy-coordinate-tables\\\/fl-light-xy-coordinate-table\\\/\",\"name\":\"FL Tables a coordonn\u00e9s XY l\u00e9g\u00e8re - Bazus\",\"isPartOf\":{\"@id\":\"https:\\\/\\\/bazus.com\\\/#website\"},\"primaryImageOfPage\":{\"@id\":\"https:\\\/\\\/bazus.com\\\/xy-coordinate-tables\\\/fl-light-xy-coordinate-table\\\/#primaryimage\"},\"image\":{\"@id\":\"https:\\\/\\\/bazus.com\\\/xy-coordinate-tables\\\/fl-light-xy-coordinate-table\\\/#primaryimage\"},\"thumbnailUrl\":\"https:\\\/\\\/bazus.com\\\/wp-content\\\/uploads\\\/2020\\\/08\\\/FL-8_A.jpg\",\"datePublished\":\"2020-08-21T08:50:30+00:00\",\"dateModified\":\"2020-10-26T11:23:48+00:00\",\"breadcrumb\":{\"@id\":\"https:\\\/\\\/bazus.com\\\/xy-coordinate-tables\\\/fl-light-xy-coordinate-table\\\/#breadcrumb\"},\"inLanguage\":\"fr-FR\",\"potentialAction\":[{\"@type\":\"ReadAction\",\"target\":[\"https:\\\/\\\/bazus.com\\\/xy-coordinate-tables\\\/fl-light-xy-coordinate-table\\\/\"]}]},{\"@type\":\"ImageObject\",\"inLanguage\":\"fr-FR\",\"@id\":\"https:\\\/\\\/bazus.com\\\/xy-coordinate-tables\\\/fl-light-xy-coordinate-table\\\/#primaryimage\",\"url\":\"https:\\\/\\\/bazus.com\\\/wp-content\\\/uploads\\\/2020\\\/08\\\/FL-8_A.jpg\",\"contentUrl\":\"https:\\\/\\\/bazus.com\\\/wp-content\\\/uploads\\\/2020\\\/08\\\/FL-8_A.jpg\",\"width\":1920,\"height\":1080},{\"@type\":\"BreadcrumbList\",\"@id\":\"https:\\\/\\\/bazus.com\\\/xy-coordinate-tables\\\/fl-light-xy-coordinate-table\\\/#breadcrumb\",\"itemListElement\":[{\"@type\":\"ListItem\",\"position\":1,\"name\":\"Inicio\",\"item\":\"https:\\\/\\\/bazus.com\\\/fr\\\/\"},{\"@type\":\"ListItem\",\"position\":2,\"name\":\"Tables de Coordonn\u00e9es XY\",\"item\":\"https:\\\/\\\/bazus.com\\\/fr\\\/tables-de-coordonnees-xy\\\/\"},{\"@type\":\"ListItem\",\"position\":3,\"name\":\"FL Tables a coordonn\u00e9s XY l\u00e9g\u00e8re\"}]},{\"@type\":\"WebSite\",\"@id\":\"https:\\\/\\\/bazus.com\\\/#website\",\"url\":\"https:\\\/\\\/bazus.com\\\/\",\"name\":\"Bazus\",\"description\":\"Mesas de coordenadas confiables\",\"potentialAction\":[{\"@type\":\"SearchAction\",\"target\":{\"@type\":\"EntryPoint\",\"urlTemplate\":\"https:\\\/\\\/bazus.com\\\/?s={search_term_string}\"},\"query-input\":{\"@type\":\"PropertyValueSpecification\",\"valueRequired\":true,\"valueName\":\"search_term_string\"}}],\"inLanguage\":\"fr-FR\"}]}<\/script>\n<!-- \/ Yoast SEO plugin. -->","yoast_head_json":{"title":"FL Tables a coordonn\u00e9s XY l\u00e9g\u00e8re - Bazus","robots":{"index":"index","follow":"follow","max-snippet":"max-snippet:-1","max-image-preview":"max-image-preview:large","max-video-preview":"max-video-preview:-1"},"canonical":"https:\/\/bazus.com\/xy-coordinate-tables\/fl-light-xy-coordinate-table\/","og_locale":"fr_FR","og_type":"article","og_title":"FL Tables a coordonn\u00e9s XY l\u00e9g\u00e8re - Bazus","og_description":"Table de coordonn\u00e9es l\u00e9g\u00e8re \u00e0 deux axes XY pour un usage professionnel Con\u00e7u pour les travaux de haute pr\u00e9cision n\u00e9cessitant un contr\u00f4le de position XY exact. Applicable aux machines de tampographie, machines sp\u00e9ciales, fraiseuses, positionnement de t\u00eate et toute autre application m\u00e9canique o\u00f9 le contr\u00f4le de position XY est n\u00e9cessaire. Tous les \u00e9l\u00e9ments des tables [&hellip;]","og_url":"https:\/\/bazus.com\/xy-coordinate-tables\/fl-light-xy-coordinate-table\/","og_site_name":"Bazus","article_modified_time":"2020-10-26T11:23:48+00:00","og_image":[{"width":1920,"height":1080,"url":"https:\/\/bazus.com\/wp-content\/uploads\/2020\/08\/FL-8_A.jpg","type":"image\/jpeg"}],"twitter_card":"summary_large_image","twitter_misc":{"Dur\u00e9e de lecture estim\u00e9e":"1 minute"},"schema":{"@context":"https:\/\/schema.org","@graph":[{"@type":"WebPage","@id":"https:\/\/bazus.com\/xy-coordinate-tables\/fl-light-xy-coordinate-table\/","url":"https:\/\/bazus.com\/xy-coordinate-tables\/fl-light-xy-coordinate-table\/","name":"FL Tables a coordonn\u00e9s XY l\u00e9g\u00e8re - Bazus","isPartOf":{"@id":"https:\/\/bazus.com\/#website"},"primaryImageOfPage":{"@id":"https:\/\/bazus.com\/xy-coordinate-tables\/fl-light-xy-coordinate-table\/#primaryimage"},"image":{"@id":"https:\/\/bazus.com\/xy-coordinate-tables\/fl-light-xy-coordinate-table\/#primaryimage"},"thumbnailUrl":"https:\/\/bazus.com\/wp-content\/uploads\/2020\/08\/FL-8_A.jpg","datePublished":"2020-08-21T08:50:30+00:00","dateModified":"2020-10-26T11:23:48+00:00","breadcrumb":{"@id":"https:\/\/bazus.com\/xy-coordinate-tables\/fl-light-xy-coordinate-table\/#breadcrumb"},"inLanguage":"fr-FR","potentialAction":[{"@type":"ReadAction","target":["https:\/\/bazus.com\/xy-coordinate-tables\/fl-light-xy-coordinate-table\/"]}]},{"@type":"ImageObject","inLanguage":"fr-FR","@id":"https:\/\/bazus.com\/xy-coordinate-tables\/fl-light-xy-coordinate-table\/#primaryimage","url":"https:\/\/bazus.com\/wp-content\/uploads\/2020\/08\/FL-8_A.jpg","contentUrl":"https:\/\/bazus.com\/wp-content\/uploads\/2020\/08\/FL-8_A.jpg","width":1920,"height":1080},{"@type":"BreadcrumbList","@id":"https:\/\/bazus.com\/xy-coordinate-tables\/fl-light-xy-coordinate-table\/#breadcrumb","itemListElement":[{"@type":"ListItem","position":1,"name":"Inicio","item":"https:\/\/bazus.com\/fr\/"},{"@type":"ListItem","position":2,"name":"Tables de Coordonn\u00e9es XY","item":"https:\/\/bazus.com\/fr\/tables-de-coordonnees-xy\/"},{"@type":"ListItem","position":3,"name":"FL Tables a coordonn\u00e9s XY l\u00e9g\u00e8re"}]},{"@type":"WebSite","@id":"https:\/\/bazus.com\/#website","url":"https:\/\/bazus.com\/","name":"Bazus","description":"Mesas de coordenadas confiables","potentialAction":[{"@type":"SearchAction","target":{"@type":"EntryPoint","urlTemplate":"https:\/\/bazus.com\/?s={search_term_string}"},"query-input":{"@type":"PropertyValueSpecification","valueRequired":true,"valueName":"search_term_string"}}],"inLanguage":"fr-FR"}]}},"acf":[],"_links":{"self":[{"href":"https:\/\/bazus.com\/fr\/wp-json\/wp\/v2\/pages\/3842","targetHints":{"allow":["GET"]}}],"collection":[{"href":"https:\/\/bazus.com\/fr\/wp-json\/wp\/v2\/pages"}],"about":[{"href":"https:\/\/bazus.com\/fr\/wp-json\/wp\/v2\/types\/page"}],"author":[{"embeddable":true,"href":"https:\/\/bazus.com\/fr\/wp-json\/wp\/v2\/users\/7"}],"replies":[{"embeddable":true,"href":"https:\/\/bazus.com\/fr\/wp-json\/wp\/v2\/comments?post=3842"}],"version-history":[{"count":4,"href":"https:\/\/bazus.com\/fr\/wp-json\/wp\/v2\/pages\/3842\/revisions"}],"predecessor-version":[{"id":4068,"href":"https:\/\/bazus.com\/fr\/wp-json\/wp\/v2\/pages\/3842\/revisions\/4068"}],"up":[{"embeddable":true,"href":"https:\/\/bazus.com\/fr\/wp-json\/wp\/v2\/pages\/3653"}],"wp:featuredmedia":[{"embeddable":true,"href":"https:\/\/bazus.com\/fr\/wp-json\/wp\/v2\/media\/1271"}],"wp:attachment":[{"href":"https:\/\/bazus.com\/fr\/wp-json\/wp\/v2\/media?parent=3842"}],"curies":[{"name":"wp","href":"https:\/\/api.w.org\/{rel}","templated":true}]}}