{"id":3829,"date":"2019-11-22T17:05:36","date_gmt":"2019-11-22T16:05:36","guid":{"rendered":"https:\/\/bazus.com\/tables-de-coordonnees-mini\/mf-mini-mesa-xy-mini-laboratorios-metrologia\/"},"modified":"2021-04-30T11:05:09","modified_gmt":"2021-04-30T09:05:09","slug":"mf-mini-table-coordonnee-xy-mini","status":"publish","type":"page","link":"https:\/\/bazus.com\/fr\/tables-coordonnees-mini\/mf-mini-table-coordonnee-xy-mini\/","title":{"rendered":"MF MINI. Table coordonn\u00e9e XY MINI"},"content":{"rendered":"<p>Table de coordonn\u00e9es MINI \u00e0 deux axes \u00e0 base fixe: pour les petites applications m\u00e9caniques de pr\u00e9cision.<\/p>\n<p>Avec un design compact et une grande sensibilit\u00e9 au mouvement, id\u00e9al pour les t\u00e2ches de pr\u00e9cision, il peut fonctionner \u00e0 la fois verticalement et horizontalement. La s\u00e9rie d\u2019unit\u00e9s lin\u00e9aires MF MINI est optimale pour le positionnement, les tests, la m\u00e9trologie, la mesure de la rugosit\u00e9, le mouvement du capteur et toute autre petite application de m\u00e9canique de pr\u00e9cision n\u00e9cessitant un contr\u00f4le pr\u00e9cis des coordonn\u00e9es.<\/p>\n<p>La conception solide et compacte de la table lin\u00e9aire permet d\u2019effectuer un grand nombre de travaux tout en conservant la pr\u00e9cision de positionnement et la r\u00e9p\u00e9tabilit\u00e9 dans tout type de positionnement lin\u00e9aire. Un classique de la m\u00e9trologie qui garantit une longue dur\u00e9e de vie.<\/p>\n<p>Tous les \u00e9l\u00e9ments de la s\u00e9rie de tables de coordonn\u00e9es manuelles MF MINI sont en alliage de fonte (fonte grise stabilis\u00e9e GG25 de haute qualit\u00e9), ce qui lui conf\u00e8re une rigidit\u00e9 m\u00e9canique extraordinaire.<\/p>\n","protected":false},"excerpt":{"rendered":"<p>Table de coordonn\u00e9es MINI \u00e0 deux axes \u00e0 base fixe: pour les petites applications m\u00e9caniques de pr\u00e9cision. Avec un design compact et une grande sensibilit\u00e9 au mouvement, id\u00e9al pour les t\u00e2ches de pr\u00e9cision, il peut fonctionner \u00e0 la fois verticalement et horizontalement. La s\u00e9rie d\u2019unit\u00e9s lin\u00e9aires MF MINI est optimale pour le positionnement, les tests, [&hellip;]<\/p>\n","protected":false},"author":1,"featured_media":1543,"parent":3670,"menu_order":15,"comment_status":"closed","ping_status":"closed","template":"producto.php","meta":[],"yoast_head":"<!-- This site is optimized with the Yoast SEO plugin v14.6.1 - https:\/\/yoast.com\/wordpress\/plugins\/seo\/ -->\n<title>MF MINI. Table coordonn\u00e9e XY MINI - Bazus<\/title>\n<meta name=\"robots\" content=\"index, follow\" \/>\n<meta name=\"googlebot\" content=\"index, follow, max-snippet:-1, max-image-preview:large, max-video-preview:-1\" \/>\n<meta name=\"bingbot\" content=\"index, follow, max-snippet:-1, max-image-preview:large, max-video-preview:-1\" \/>\n<link rel=\"canonical\" href=\"https:\/\/bazus.com\/fr\/tables-coordonnees-mini\/mf-mini-table-coordonnee-xy-mini\/\" \/>\n<meta property=\"og:locale\" content=\"fr_FR\" \/>\n<meta property=\"og:type\" content=\"article\" \/>\n<meta property=\"og:title\" content=\"MF MINI. Table coordonn\u00e9e XY MINI - Bazus\" \/>\n<meta property=\"og:description\" content=\"Table de coordonn\u00e9es MINI \u00e0 deux axes \u00e0 base fixe: pour les petites applications m\u00e9caniques de pr\u00e9cision. Avec un design compact et une grande sensibilit\u00e9 au mouvement, id\u00e9al pour les t\u00e2ches de pr\u00e9cision, il peut fonctionner \u00e0 la fois verticalement et horizontalement. La s\u00e9rie d\u2019unit\u00e9s lin\u00e9aires MF MINI est optimale pour le positionnement, les tests, [&hellip;]\" \/>\n<meta property=\"og:url\" content=\"https:\/\/bazus.com\/fr\/tables-coordonnees-mini\/mf-mini-table-coordonnee-xy-mini\/\" \/>\n<meta property=\"og:site_name\" content=\"Bazus\" \/>\n<meta property=\"article:author\" content=\"https:\/\/www.facebook.com\/kmdevs\/\" \/>\n<meta property=\"article:modified_time\" content=\"2021-04-30T09:05:09+00:00\" \/>\n<meta property=\"og:image\" content=\"https:\/\/bazus.com\/wp-content\/uploads\/2020\/08\/MF-100_A.jpg\" \/>\n\t<meta property=\"og:image:width\" content=\"1920\" \/>\n\t<meta property=\"og:image:height\" content=\"1080\" \/>\n<meta name=\"twitter:card\" content=\"summary_large_image\" \/>\n<meta name=\"twitter:creator\" content=\"@km_devs\" \/>\n<script type=\"application\/ld+json\" class=\"yoast-schema-graph\">{\"@context\":\"https:\/\/schema.org\",\"@graph\":[{\"@type\":\"WebSite\",\"@id\":\"https:\/\/bazus.com\/fr\/#website\",\"url\":\"https:\/\/bazus.com\/fr\/\",\"name\":\"Bazus\",\"description\":\"Mesas de coordenadas confiables\",\"potentialAction\":[{\"@type\":\"SearchAction\",\"target\":\"https:\/\/bazus.com\/fr\/?s={search_term_string}\",\"query-input\":\"required name=search_term_string\"}],\"inLanguage\":\"fr-FR\"},{\"@type\":\"ImageObject\",\"@id\":\"https:\/\/bazus.com\/fr\/tables-coordonnees-mini\/mf-mini-table-coordonnee-xy-mini\/#primaryimage\",\"inLanguage\":\"fr-FR\",\"url\":\"https:\/\/bazus.com\/wp-content\/uploads\/2020\/08\/MF-100_A.jpg\",\"width\":1920,\"height\":1080},{\"@type\":\"WebPage\",\"@id\":\"https:\/\/bazus.com\/fr\/tables-coordonnees-mini\/mf-mini-table-coordonnee-xy-mini\/#webpage\",\"url\":\"https:\/\/bazus.com\/fr\/tables-coordonnees-mini\/mf-mini-table-coordonnee-xy-mini\/\",\"name\":\"MF MINI. Table coordonn\\u00e9e XY MINI - Bazus\",\"isPartOf\":{\"@id\":\"https:\/\/bazus.com\/fr\/#website\"},\"primaryImageOfPage\":{\"@id\":\"https:\/\/bazus.com\/fr\/tables-coordonnees-mini\/mf-mini-table-coordonnee-xy-mini\/#primaryimage\"},\"datePublished\":\"2019-11-22T16:05:36+00:00\",\"dateModified\":\"2021-04-30T09:05:09+00:00\",\"breadcrumb\":{\"@id\":\"https:\/\/bazus.com\/fr\/tables-coordonnees-mini\/mf-mini-table-coordonnee-xy-mini\/#breadcrumb\"},\"inLanguage\":\"fr-FR\",\"potentialAction\":[{\"@type\":\"ReadAction\",\"target\":[\"https:\/\/bazus.com\/fr\/tables-coordonnees-mini\/mf-mini-table-coordonnee-xy-mini\/\"]}]},{\"@type\":\"BreadcrumbList\",\"@id\":\"https:\/\/bazus.com\/fr\/tables-coordonnees-mini\/mf-mini-table-coordonnee-xy-mini\/#breadcrumb\",\"itemListElement\":[{\"@type\":\"ListItem\",\"position\":1,\"item\":{\"@type\":\"WebPage\",\"@id\":\"https:\/\/bazus.com\/fr\/\",\"url\":\"https:\/\/bazus.com\/fr\/\",\"name\":\"Inicio\"}},{\"@type\":\"ListItem\",\"position\":2,\"item\":{\"@type\":\"WebPage\",\"@id\":\"https:\/\/bazus.com\/fr\/tables-coordonnees-mini\/\",\"url\":\"https:\/\/bazus.com\/fr\/tables-coordonnees-mini\/\",\"name\":\"Tables de coordonn\\u00e9es MINI\"}},{\"@type\":\"ListItem\",\"position\":3,\"item\":{\"@type\":\"WebPage\",\"@id\":\"https:\/\/bazus.com\/fr\/tables-coordonnees-mini\/mf-mini-table-coordonnee-xy-mini\/\",\"url\":\"https:\/\/bazus.com\/fr\/tables-coordonnees-mini\/mf-mini-table-coordonnee-xy-mini\/\",\"name\":\"MF MINI. Table coordonn\\u00e9e XY MINI\"}}]}]}<\/script>\n<!-- \/ Yoast SEO plugin. -->","acf":[],"_links":{"self":[{"href":"https:\/\/bazus.com\/fr\/wp-json\/wp\/v2\/pages\/3829"}],"collection":[{"href":"https:\/\/bazus.com\/fr\/wp-json\/wp\/v2\/pages"}],"about":[{"href":"https:\/\/bazus.com\/fr\/wp-json\/wp\/v2\/types\/page"}],"author":[{"embeddable":true,"href":"https:\/\/bazus.com\/fr\/wp-json\/wp\/v2\/users\/1"}],"replies":[{"embeddable":true,"href":"https:\/\/bazus.com\/fr\/wp-json\/wp\/v2\/comments?post=3829"}],"version-history":[{"count":4,"href":"https:\/\/bazus.com\/fr\/wp-json\/wp\/v2\/pages\/3829\/revisions"}],"predecessor-version":[{"id":5141,"href":"https:\/\/bazus.com\/fr\/wp-json\/wp\/v2\/pages\/3829\/revisions\/5141"}],"up":[{"embeddable":true,"href":"https:\/\/bazus.com\/fr\/wp-json\/wp\/v2\/pages\/3670"}],"wp:featuredmedia":[{"embeddable":true,"href":"https:\/\/bazus.com\/fr\/wp-json\/wp\/v2\/media\/1543"}],"wp:attachment":[{"href":"https:\/\/bazus.com\/fr\/wp-json\/wp\/v2\/media?parent=3829"}],"curies":[{"name":"wp","href":"https:\/\/api.w.org\/{rel}","templated":true}]}}