{"id":3825,"date":"2019-11-22T17:05:36","date_gmt":"2019-11-22T16:05:36","guid":{"rendered":"https:\/\/bazus.com\/tables-de-coordonnees-mini\/tp-mini-mesa-x-mini-con-base-giratoria\/"},"modified":"2021-04-30T11:04:47","modified_gmt":"2021-04-30T09:04:47","slug":"tp-mini-table-coordonnee-x-mini-avec-base-rotative","status":"publish","type":"page","link":"https:\/\/bazus.com\/fr\/tables-coordonnees-mini\/tp-mini-table-coordonnee-x-mini-avec-base-rotative\/","title":{"rendered":"TP MINI. Table coordonn\u00e9e X MINI avec base rotative"},"content":{"rendered":"<p>Table de coordonn\u00e9es MINI avec un seul X et base rotative (60\u00ba) pour les petites applications de m\u00e9canique de pr\u00e9cision.<\/p>\n<p>Avec un design compact et une grande sensibilit\u00e9 au mouvement. Il peut fonctionner \u00e0 la fois verticalement et horizontalement. Con\u00e7ue pour le travail de pr\u00e9cision, la s\u00e9rie de tables de coordonn\u00e9es TP MINI est optimale pour le positionnement, les tests, la m\u00e9trologie, la mesure de rugosit\u00e9, les applications de mouvement de capteur et toute autre petite application de m\u00e9canique de pr\u00e9cision n\u00e9cessitant un contr\u00f4le pr\u00e9cis des coordonn\u00e9es.<\/p>\n<p>La conception solide et compacte de la table lin\u00e9aire permet d\u2019effectuer un grand nombre de travaux tout en conservant la pr\u00e9cision de positionnement et la r\u00e9p\u00e9tabilit\u00e9 dans tout type de positionnement lin\u00e9aire. Un classique de la m\u00e9trologie qui garantit une longue dur\u00e9e de vie.<\/p>\n<p>Tous les \u00e9l\u00e9ments de la s\u00e9rie de tables de coordonn\u00e9es manuelles TP MINI sont en alliage de fer (fonte grise stabilis\u00e9e de haute qualit\u00e9 GG25), ce qui lui conf\u00e8re une rigidit\u00e9 m\u00e9canique extraordinaire.<\/p>\n","protected":false},"excerpt":{"rendered":"<p>Table de coordonn\u00e9es MINI avec un seul X et base rotative (60\u00ba) pour les petites applications de m\u00e9canique de pr\u00e9cision. Avec un design compact et une grande sensibilit\u00e9 au mouvement. Il peut fonctionner \u00e0 la fois verticalement et horizontalement. Con\u00e7ue pour le travail de pr\u00e9cision, la s\u00e9rie de tables de coordonn\u00e9es TP MINI est optimale [&hellip;]<\/p>\n","protected":false},"author":1,"featured_media":1505,"parent":3670,"menu_order":14,"comment_status":"closed","ping_status":"closed","template":"producto.php","meta":[],"yoast_head":"<!-- This site is optimized with the Yoast SEO plugin v14.6.1 - https:\/\/yoast.com\/wordpress\/plugins\/seo\/ -->\n<title>TP MINI. Table coordonn\u00e9e X MINI avec base rotative - Bazus<\/title>\n<meta name=\"robots\" content=\"index, follow\" \/>\n<meta name=\"googlebot\" content=\"index, follow, max-snippet:-1, max-image-preview:large, max-video-preview:-1\" \/>\n<meta name=\"bingbot\" content=\"index, follow, max-snippet:-1, max-image-preview:large, max-video-preview:-1\" \/>\n<link rel=\"canonical\" href=\"https:\/\/bazus.com\/fr\/tables-coordonnees-mini\/tp-mini-table-coordonnee-x-mini-avec-base-rotative\/\" \/>\n<meta property=\"og:locale\" content=\"fr_FR\" \/>\n<meta property=\"og:type\" content=\"article\" \/>\n<meta property=\"og:title\" content=\"TP MINI. Table coordonn\u00e9e X MINI avec base rotative - Bazus\" \/>\n<meta property=\"og:description\" content=\"Table de coordonn\u00e9es MINI avec un seul X et base rotative (60\u00ba) pour les petites applications de m\u00e9canique de pr\u00e9cision. Avec un design compact et une grande sensibilit\u00e9 au mouvement. Il peut fonctionner \u00e0 la fois verticalement et horizontalement. Con\u00e7ue pour le travail de pr\u00e9cision, la s\u00e9rie de tables de coordonn\u00e9es TP MINI est optimale [&hellip;]\" \/>\n<meta property=\"og:url\" content=\"https:\/\/bazus.com\/fr\/tables-coordonnees-mini\/tp-mini-table-coordonnee-x-mini-avec-base-rotative\/\" \/>\n<meta property=\"og:site_name\" content=\"Bazus\" \/>\n<meta property=\"article:author\" content=\"https:\/\/www.facebook.com\/kmdevs\/\" \/>\n<meta property=\"article:modified_time\" content=\"2021-04-30T09:04:47+00:00\" \/>\n<meta property=\"og:image\" content=\"https:\/\/bazus.com\/wp-content\/uploads\/2020\/08\/TP-100_A.jpg\" \/>\n\t<meta property=\"og:image:width\" content=\"1920\" \/>\n\t<meta property=\"og:image:height\" content=\"1080\" \/>\n<meta name=\"twitter:card\" content=\"summary_large_image\" \/>\n<meta name=\"twitter:creator\" content=\"@km_devs\" \/>\n<script type=\"application\/ld+json\" class=\"yoast-schema-graph\">{\"@context\":\"https:\/\/schema.org\",\"@graph\":[{\"@type\":\"WebSite\",\"@id\":\"https:\/\/bazus.com\/fr\/#website\",\"url\":\"https:\/\/bazus.com\/fr\/\",\"name\":\"Bazus\",\"description\":\"Mesas de coordenadas confiables\",\"potentialAction\":[{\"@type\":\"SearchAction\",\"target\":\"https:\/\/bazus.com\/fr\/?s={search_term_string}\",\"query-input\":\"required name=search_term_string\"}],\"inLanguage\":\"fr-FR\"},{\"@type\":\"ImageObject\",\"@id\":\"https:\/\/bazus.com\/fr\/tables-coordonnees-mini\/tp-mini-table-coordonnee-x-mini-avec-base-rotative\/#primaryimage\",\"inLanguage\":\"fr-FR\",\"url\":\"https:\/\/bazus.com\/wp-content\/uploads\/2020\/08\/TP-100_A.jpg\",\"width\":1920,\"height\":1080},{\"@type\":\"WebPage\",\"@id\":\"https:\/\/bazus.com\/fr\/tables-coordonnees-mini\/tp-mini-table-coordonnee-x-mini-avec-base-rotative\/#webpage\",\"url\":\"https:\/\/bazus.com\/fr\/tables-coordonnees-mini\/tp-mini-table-coordonnee-x-mini-avec-base-rotative\/\",\"name\":\"TP MINI. Table coordonn\\u00e9e X MINI avec base rotative - Bazus\",\"isPartOf\":{\"@id\":\"https:\/\/bazus.com\/fr\/#website\"},\"primaryImageOfPage\":{\"@id\":\"https:\/\/bazus.com\/fr\/tables-coordonnees-mini\/tp-mini-table-coordonnee-x-mini-avec-base-rotative\/#primaryimage\"},\"datePublished\":\"2019-11-22T16:05:36+00:00\",\"dateModified\":\"2021-04-30T09:04:47+00:00\",\"breadcrumb\":{\"@id\":\"https:\/\/bazus.com\/fr\/tables-coordonnees-mini\/tp-mini-table-coordonnee-x-mini-avec-base-rotative\/#breadcrumb\"},\"inLanguage\":\"fr-FR\",\"potentialAction\":[{\"@type\":\"ReadAction\",\"target\":[\"https:\/\/bazus.com\/fr\/tables-coordonnees-mini\/tp-mini-table-coordonnee-x-mini-avec-base-rotative\/\"]}]},{\"@type\":\"BreadcrumbList\",\"@id\":\"https:\/\/bazus.com\/fr\/tables-coordonnees-mini\/tp-mini-table-coordonnee-x-mini-avec-base-rotative\/#breadcrumb\",\"itemListElement\":[{\"@type\":\"ListItem\",\"position\":1,\"item\":{\"@type\":\"WebPage\",\"@id\":\"https:\/\/bazus.com\/fr\/\",\"url\":\"https:\/\/bazus.com\/fr\/\",\"name\":\"Inicio\"}},{\"@type\":\"ListItem\",\"position\":2,\"item\":{\"@type\":\"WebPage\",\"@id\":\"https:\/\/bazus.com\/fr\/tables-coordonnees-mini\/\",\"url\":\"https:\/\/bazus.com\/fr\/tables-coordonnees-mini\/\",\"name\":\"Tables de coordonn\\u00e9es MINI\"}},{\"@type\":\"ListItem\",\"position\":3,\"item\":{\"@type\":\"WebPage\",\"@id\":\"https:\/\/bazus.com\/fr\/tables-coordonnees-mini\/tp-mini-table-coordonnee-x-mini-avec-base-rotative\/\",\"url\":\"https:\/\/bazus.com\/fr\/tables-coordonnees-mini\/tp-mini-table-coordonnee-x-mini-avec-base-rotative\/\",\"name\":\"TP MINI. Table coordonn\\u00e9e X MINI avec base rotative\"}}]}]}<\/script>\n<!-- \/ Yoast SEO plugin. -->","acf":[],"_links":{"self":[{"href":"https:\/\/bazus.com\/fr\/wp-json\/wp\/v2\/pages\/3825"}],"collection":[{"href":"https:\/\/bazus.com\/fr\/wp-json\/wp\/v2\/pages"}],"about":[{"href":"https:\/\/bazus.com\/fr\/wp-json\/wp\/v2\/types\/page"}],"author":[{"embeddable":true,"href":"https:\/\/bazus.com\/fr\/wp-json\/wp\/v2\/users\/1"}],"replies":[{"embeddable":true,"href":"https:\/\/bazus.com\/fr\/wp-json\/wp\/v2\/comments?post=3825"}],"version-history":[{"count":4,"href":"https:\/\/bazus.com\/fr\/wp-json\/wp\/v2\/pages\/3825\/revisions"}],"predecessor-version":[{"id":5140,"href":"https:\/\/bazus.com\/fr\/wp-json\/wp\/v2\/pages\/3825\/revisions\/5140"}],"up":[{"embeddable":true,"href":"https:\/\/bazus.com\/fr\/wp-json\/wp\/v2\/pages\/3670"}],"wp:featuredmedia":[{"embeddable":true,"href":"https:\/\/bazus.com\/fr\/wp-json\/wp\/v2\/media\/1505"}],"wp:attachment":[{"href":"https:\/\/bazus.com\/fr\/wp-json\/wp\/v2\/media?parent=3825"}],"curies":[{"name":"wp","href":"https:\/\/api.w.org\/{rel}","templated":true}]}}