{"id":3821,"date":"2019-11-22T17:05:36","date_gmt":"2019-11-22T16:05:36","guid":{"rendered":"https:\/\/bazus.com\/tables-de-coordonnees-mini\/cp-mini-mesa-x-mini\/"},"modified":"2021-04-30T11:04:27","modified_gmt":"2021-04-30T09:04:27","slug":"cp-mini-table-coordonnee-x-mini-horizontale-ou-verticale","status":"publish","type":"page","link":"https:\/\/bazus.com\/fr\/tables-coordonnees-mini\/cp-mini-table-coordonnee-x-mini-horizontale-ou-verticale\/","title":{"rendered":"CP MINI. Table coordonn\u00e9e X MINI (horizontale ou verticale)"},"content":{"rendered":"<p>Table de coordonn\u00e9es MINI avec un seul axe X et base fixe pour les petites applications de m\u00e9canique de pr\u00e9cision<\/p>\n<p>Avec un design compact et une grande sensibilit\u00e9 au mouvement, id\u00e9al pour les t\u00e2ches de pr\u00e9cision, il peut fonctionner \u00e0 la fois verticalement et horizontalement. La s\u00e9rie de tables de coordonn\u00e9es CP MINI est optimale pour le positionnement, les tests, la m\u00e9trologie, la mesure de rugosit\u00e9, le mouvement du capteur et toute autre petite application de m\u00e9canique de pr\u00e9cision n\u00e9cessitant un contr\u00f4le pr\u00e9cis des coordonn\u00e9es.<\/p>\n<p>La conception solide et compacte de la table lin\u00e9aire permet d\u2019effectuer un grand nombre de travaux tout en conservant la pr\u00e9cision de positionnement et la r\u00e9p\u00e9tabilit\u00e9 dans tout type de positionnement lin\u00e9aire. Une table de coordonn\u00e9es de m\u00e9trologie parfaite et commune qui garantit une longue dur\u00e9e de vie.<\/p>\n<p>Tous les \u00e9l\u00e9ments de la s\u00e9rie de tables de coordonn\u00e9es manuelles CP MINI sont en alliage de fonte (fonte grise stabilis\u00e9e GG25 de haute qualit\u00e9), ce qui lui conf\u00e8re une rigidit\u00e9 m\u00e9canique extraordinaire.<\/p>\n","protected":false},"excerpt":{"rendered":"<p>Table de coordonn\u00e9es MINI avec un seul axe X et base fixe pour les petites applications de m\u00e9canique de pr\u00e9cision Avec un design compact et une grande sensibilit\u00e9 au mouvement, id\u00e9al pour les t\u00e2ches de pr\u00e9cision, il peut fonctionner \u00e0 la fois verticalement et horizontalement. La s\u00e9rie de tables de coordonn\u00e9es CP MINI est optimale [&hellip;]<\/p>\n","protected":false},"author":1,"featured_media":1457,"parent":3670,"menu_order":13,"comment_status":"closed","ping_status":"closed","template":"producto.php","meta":{"footnotes":""},"class_list":["post-3821","page","type-page","status-publish","has-post-thumbnail","hentry"],"yoast_head":"<!-- This site is optimized with the Yoast SEO plugin v27.5 - https:\/\/yoast.com\/product\/yoast-seo-wordpress\/ -->\n<title>CP MINI. Table coordonn\u00e9e X MINI (horizontale ou verticale) - Bazus<\/title>\n<meta name=\"robots\" content=\"index, follow, max-snippet:-1, max-image-preview:large, max-video-preview:-1\" \/>\n<link rel=\"canonical\" href=\"https:\/\/bazus.com\/mini-coordinate-tables\/cp-mini-x-mini-table-unit-horizontal-or-vertical\/\" \/>\n<meta property=\"og:locale\" content=\"fr_FR\" \/>\n<meta property=\"og:type\" content=\"article\" \/>\n<meta property=\"og:title\" content=\"CP MINI. Table coordonn\u00e9e X MINI (horizontale ou verticale) - Bazus\" \/>\n<meta property=\"og:description\" content=\"Table de coordonn\u00e9es MINI avec un seul axe X et base fixe pour les petites applications de m\u00e9canique de pr\u00e9cision Avec un design compact et une grande sensibilit\u00e9 au mouvement, id\u00e9al pour les t\u00e2ches de pr\u00e9cision, il peut fonctionner \u00e0 la fois verticalement et horizontalement. La s\u00e9rie de tables de coordonn\u00e9es CP MINI est optimale [&hellip;]\" \/>\n<meta property=\"og:url\" content=\"https:\/\/bazus.com\/mini-coordinate-tables\/cp-mini-x-mini-table-unit-horizontal-or-vertical\/\" \/>\n<meta property=\"og:site_name\" content=\"Bazus\" \/>\n<meta property=\"article:modified_time\" content=\"2021-04-30T09:04:27+00:00\" \/>\n<meta property=\"og:image\" content=\"https:\/\/bazus.com\/wp-content\/uploads\/2020\/08\/CP-100_A.jpg\" \/>\n\t<meta property=\"og:image:width\" content=\"1920\" \/>\n\t<meta property=\"og:image:height\" content=\"1080\" \/>\n\t<meta property=\"og:image:type\" content=\"image\/jpeg\" \/>\n<meta name=\"twitter:card\" content=\"summary_large_image\" \/>\n<meta name=\"twitter:label1\" content=\"Dur\u00e9e de lecture estim\u00e9e\" \/>\n\t<meta name=\"twitter:data1\" content=\"1 minute\" \/>\n<script type=\"application\/ld+json\" class=\"yoast-schema-graph\">{\"@context\":\"https:\\\/\\\/schema.org\",\"@graph\":[{\"@type\":\"WebPage\",\"@id\":\"https:\\\/\\\/bazus.com\\\/mini-coordinate-tables\\\/cp-mini-x-mini-table-unit-horizontal-or-vertical\\\/\",\"url\":\"https:\\\/\\\/bazus.com\\\/mini-coordinate-tables\\\/cp-mini-x-mini-table-unit-horizontal-or-vertical\\\/\",\"name\":\"CP MINI. Table coordonn\u00e9e X MINI (horizontale ou verticale) - Bazus\",\"isPartOf\":{\"@id\":\"https:\\\/\\\/bazus.com\\\/#website\"},\"primaryImageOfPage\":{\"@id\":\"https:\\\/\\\/bazus.com\\\/mini-coordinate-tables\\\/cp-mini-x-mini-table-unit-horizontal-or-vertical\\\/#primaryimage\"},\"image\":{\"@id\":\"https:\\\/\\\/bazus.com\\\/mini-coordinate-tables\\\/cp-mini-x-mini-table-unit-horizontal-or-vertical\\\/#primaryimage\"},\"thumbnailUrl\":\"https:\\\/\\\/bazus.com\\\/wp-content\\\/uploads\\\/2020\\\/08\\\/CP-100_A.jpg\",\"datePublished\":\"2019-11-22T16:05:36+00:00\",\"dateModified\":\"2021-04-30T09:04:27+00:00\",\"breadcrumb\":{\"@id\":\"https:\\\/\\\/bazus.com\\\/mini-coordinate-tables\\\/cp-mini-x-mini-table-unit-horizontal-or-vertical\\\/#breadcrumb\"},\"inLanguage\":\"fr-FR\",\"potentialAction\":[{\"@type\":\"ReadAction\",\"target\":[\"https:\\\/\\\/bazus.com\\\/mini-coordinate-tables\\\/cp-mini-x-mini-table-unit-horizontal-or-vertical\\\/\"]}]},{\"@type\":\"ImageObject\",\"inLanguage\":\"fr-FR\",\"@id\":\"https:\\\/\\\/bazus.com\\\/mini-coordinate-tables\\\/cp-mini-x-mini-table-unit-horizontal-or-vertical\\\/#primaryimage\",\"url\":\"https:\\\/\\\/bazus.com\\\/wp-content\\\/uploads\\\/2020\\\/08\\\/CP-100_A.jpg\",\"contentUrl\":\"https:\\\/\\\/bazus.com\\\/wp-content\\\/uploads\\\/2020\\\/08\\\/CP-100_A.jpg\",\"width\":1920,\"height\":1080},{\"@type\":\"BreadcrumbList\",\"@id\":\"https:\\\/\\\/bazus.com\\\/mini-coordinate-tables\\\/cp-mini-x-mini-table-unit-horizontal-or-vertical\\\/#breadcrumb\",\"itemListElement\":[{\"@type\":\"ListItem\",\"position\":1,\"name\":\"Inicio\",\"item\":\"https:\\\/\\\/bazus.com\\\/fr\\\/\"},{\"@type\":\"ListItem\",\"position\":2,\"name\":\"Tables de coordonn\u00e9es MINI\",\"item\":\"https:\\\/\\\/bazus.com\\\/mini-coordinate-tables\\\/\"},{\"@type\":\"ListItem\",\"position\":3,\"name\":\"CP MINI. Table coordonn\u00e9e X MINI (horizontale ou verticale)\"}]},{\"@type\":\"WebSite\",\"@id\":\"https:\\\/\\\/bazus.com\\\/#website\",\"url\":\"https:\\\/\\\/bazus.com\\\/\",\"name\":\"Bazus\",\"description\":\"Mesas de coordenadas confiables\",\"potentialAction\":[{\"@type\":\"SearchAction\",\"target\":{\"@type\":\"EntryPoint\",\"urlTemplate\":\"https:\\\/\\\/bazus.com\\\/?s={search_term_string}\"},\"query-input\":{\"@type\":\"PropertyValueSpecification\",\"valueRequired\":true,\"valueName\":\"search_term_string\"}}],\"inLanguage\":\"fr-FR\"}]}<\/script>\n<!-- \/ Yoast SEO plugin. -->","yoast_head_json":{"title":"CP MINI. Table coordonn\u00e9e X MINI (horizontale ou verticale) - Bazus","robots":{"index":"index","follow":"follow","max-snippet":"max-snippet:-1","max-image-preview":"max-image-preview:large","max-video-preview":"max-video-preview:-1"},"canonical":"https:\/\/bazus.com\/mini-coordinate-tables\/cp-mini-x-mini-table-unit-horizontal-or-vertical\/","og_locale":"fr_FR","og_type":"article","og_title":"CP MINI. Table coordonn\u00e9e X MINI (horizontale ou verticale) - Bazus","og_description":"Table de coordonn\u00e9es MINI avec un seul axe X et base fixe pour les petites applications de m\u00e9canique de pr\u00e9cision Avec un design compact et une grande sensibilit\u00e9 au mouvement, id\u00e9al pour les t\u00e2ches de pr\u00e9cision, il peut fonctionner \u00e0 la fois verticalement et horizontalement. La s\u00e9rie de tables de coordonn\u00e9es CP MINI est optimale [&hellip;]","og_url":"https:\/\/bazus.com\/mini-coordinate-tables\/cp-mini-x-mini-table-unit-horizontal-or-vertical\/","og_site_name":"Bazus","article_modified_time":"2021-04-30T09:04:27+00:00","og_image":[{"width":1920,"height":1080,"url":"https:\/\/bazus.com\/wp-content\/uploads\/2020\/08\/CP-100_A.jpg","type":"image\/jpeg"}],"twitter_card":"summary_large_image","twitter_misc":{"Dur\u00e9e de lecture estim\u00e9e":"1 minute"},"schema":{"@context":"https:\/\/schema.org","@graph":[{"@type":"WebPage","@id":"https:\/\/bazus.com\/mini-coordinate-tables\/cp-mini-x-mini-table-unit-horizontal-or-vertical\/","url":"https:\/\/bazus.com\/mini-coordinate-tables\/cp-mini-x-mini-table-unit-horizontal-or-vertical\/","name":"CP MINI. Table coordonn\u00e9e X MINI (horizontale ou verticale) - Bazus","isPartOf":{"@id":"https:\/\/bazus.com\/#website"},"primaryImageOfPage":{"@id":"https:\/\/bazus.com\/mini-coordinate-tables\/cp-mini-x-mini-table-unit-horizontal-or-vertical\/#primaryimage"},"image":{"@id":"https:\/\/bazus.com\/mini-coordinate-tables\/cp-mini-x-mini-table-unit-horizontal-or-vertical\/#primaryimage"},"thumbnailUrl":"https:\/\/bazus.com\/wp-content\/uploads\/2020\/08\/CP-100_A.jpg","datePublished":"2019-11-22T16:05:36+00:00","dateModified":"2021-04-30T09:04:27+00:00","breadcrumb":{"@id":"https:\/\/bazus.com\/mini-coordinate-tables\/cp-mini-x-mini-table-unit-horizontal-or-vertical\/#breadcrumb"},"inLanguage":"fr-FR","potentialAction":[{"@type":"ReadAction","target":["https:\/\/bazus.com\/mini-coordinate-tables\/cp-mini-x-mini-table-unit-horizontal-or-vertical\/"]}]},{"@type":"ImageObject","inLanguage":"fr-FR","@id":"https:\/\/bazus.com\/mini-coordinate-tables\/cp-mini-x-mini-table-unit-horizontal-or-vertical\/#primaryimage","url":"https:\/\/bazus.com\/wp-content\/uploads\/2020\/08\/CP-100_A.jpg","contentUrl":"https:\/\/bazus.com\/wp-content\/uploads\/2020\/08\/CP-100_A.jpg","width":1920,"height":1080},{"@type":"BreadcrumbList","@id":"https:\/\/bazus.com\/mini-coordinate-tables\/cp-mini-x-mini-table-unit-horizontal-or-vertical\/#breadcrumb","itemListElement":[{"@type":"ListItem","position":1,"name":"Inicio","item":"https:\/\/bazus.com\/fr\/"},{"@type":"ListItem","position":2,"name":"Tables de coordonn\u00e9es MINI","item":"https:\/\/bazus.com\/mini-coordinate-tables\/"},{"@type":"ListItem","position":3,"name":"CP MINI. Table coordonn\u00e9e X MINI (horizontale ou verticale)"}]},{"@type":"WebSite","@id":"https:\/\/bazus.com\/#website","url":"https:\/\/bazus.com\/","name":"Bazus","description":"Mesas de coordenadas confiables","potentialAction":[{"@type":"SearchAction","target":{"@type":"EntryPoint","urlTemplate":"https:\/\/bazus.com\/?s={search_term_string}"},"query-input":{"@type":"PropertyValueSpecification","valueRequired":true,"valueName":"search_term_string"}}],"inLanguage":"fr-FR"}]}},"acf":[],"_links":{"self":[{"href":"https:\/\/bazus.com\/fr\/wp-json\/wp\/v2\/pages\/3821","targetHints":{"allow":["GET"]}}],"collection":[{"href":"https:\/\/bazus.com\/fr\/wp-json\/wp\/v2\/pages"}],"about":[{"href":"https:\/\/bazus.com\/fr\/wp-json\/wp\/v2\/types\/page"}],"author":[{"embeddable":true,"href":"https:\/\/bazus.com\/fr\/wp-json\/wp\/v2\/users\/1"}],"replies":[{"embeddable":true,"href":"https:\/\/bazus.com\/fr\/wp-json\/wp\/v2\/comments?post=3821"}],"version-history":[{"count":4,"href":"https:\/\/bazus.com\/fr\/wp-json\/wp\/v2\/pages\/3821\/revisions"}],"predecessor-version":[{"id":5139,"href":"https:\/\/bazus.com\/fr\/wp-json\/wp\/v2\/pages\/3821\/revisions\/5139"}],"up":[{"embeddable":true,"href":"https:\/\/bazus.com\/fr\/wp-json\/wp\/v2\/pages\/3670"}],"wp:featuredmedia":[{"embeddable":true,"href":"https:\/\/bazus.com\/fr\/wp-json\/wp\/v2\/media\/1457"}],"wp:attachment":[{"href":"https:\/\/bazus.com\/fr\/wp-json\/wp\/v2\/media?parent=3821"}],"curies":[{"name":"wp","href":"https:\/\/api.w.org\/{rel}","templated":true}]}}