{"id":3800,"date":"2019-11-12T10:07:30","date_gmt":"2019-11-12T09:07:30","guid":{"rendered":"https:\/\/bazus.com\/tables-de-coordonnees-x\/es-escuadra-angular-de-posicionamiento\/"},"modified":"2021-04-30T10:59:06","modified_gmt":"2021-04-30T08:59:06","slug":"es-equerre-angulaire-de-positionnement","status":"publish","type":"page","link":"https:\/\/bazus.com\/fr\/tables-de-coordonnees-x\/es-equerre-angulaire-de-positionnement\/","title":{"rendered":"ES \u00c9querre angulaire de positionnement"},"content":{"rendered":"<p>\u00c9querre angulaire de positionnement verticale pour applications sp\u00e9ciales et assemblages personnalis\u00e9s.<\/p>\n<p>L\u2019\u00e9querre angulaire de positionnement verticale est utilis\u00e9e en compl\u00e9ment de notre s\u00e9rie de tables de coordonn\u00e9es pour diff\u00e9rents assemblages et constructions sp\u00e9ciales. Les \u00e9querres verticales sont fournies sans trous afin que l\u2019utilisateur puisse r\u00e9aliser les applications qu\u2019il souhaite<\/p>\n<p>La conception robuste et robuste des plaques d\u2019angle vertical ES permet un grand nombre d\u2019assemblages combin\u00e9s d\u2019unit\u00e9s BAZUS.<\/p>\n<p>Tous les \u00e9l\u00e9ments de la s\u00e9rie ES sont en fonte (fonte GG25 grise stabilis\u00e9e de haute qualit\u00e9), ce qui lui conf\u00e8re une rigidit\u00e9 m\u00e9canique extraordinaire.<\/p>\n","protected":false},"excerpt":{"rendered":"<p>\u00c9querre angulaire de positionnement verticale pour applications sp\u00e9ciales et assemblages personnalis\u00e9s. L\u2019\u00e9querre angulaire de positionnement verticale est utilis\u00e9e en compl\u00e9ment de notre s\u00e9rie de tables de coordonn\u00e9es pour diff\u00e9rents assemblages et constructions sp\u00e9ciales. Les \u00e9querres verticales sont fournies sans trous afin que l\u2019utilisateur puisse r\u00e9aliser les applications qu\u2019il souhaite La conception robuste et robuste des [&hellip;]<\/p>\n","protected":false},"author":1,"featured_media":873,"parent":3633,"menu_order":5,"comment_status":"closed","ping_status":"closed","template":"producto.php","meta":[],"yoast_head":"<!-- This site is optimized with the Yoast SEO plugin v14.6.1 - https:\/\/yoast.com\/wordpress\/plugins\/seo\/ -->\n<title>ES \u00c9querre angulaire de positionnement - Bazus<\/title>\n<meta name=\"robots\" content=\"index, follow\" \/>\n<meta name=\"googlebot\" content=\"index, follow, max-snippet:-1, max-image-preview:large, max-video-preview:-1\" \/>\n<meta name=\"bingbot\" content=\"index, follow, max-snippet:-1, max-image-preview:large, max-video-preview:-1\" \/>\n<link rel=\"canonical\" href=\"https:\/\/bazus.com\/fr\/tables-de-coordonnees-x\/es-equerre-angulaire-de-positionnement\/\" \/>\n<meta property=\"og:locale\" content=\"fr_FR\" \/>\n<meta property=\"og:type\" content=\"article\" \/>\n<meta property=\"og:title\" content=\"ES \u00c9querre angulaire de positionnement - Bazus\" \/>\n<meta property=\"og:description\" content=\"\u00c9querre angulaire de positionnement verticale pour applications sp\u00e9ciales et assemblages personnalis\u00e9s. L\u2019\u00e9querre angulaire de positionnement verticale est utilis\u00e9e en compl\u00e9ment de notre s\u00e9rie de tables de coordonn\u00e9es pour diff\u00e9rents assemblages et constructions sp\u00e9ciales. Les \u00e9querres verticales sont fournies sans trous afin que l\u2019utilisateur puisse r\u00e9aliser les applications qu\u2019il souhaite La conception robuste et robuste des [&hellip;]\" \/>\n<meta property=\"og:url\" content=\"https:\/\/bazus.com\/fr\/tables-de-coordonnees-x\/es-equerre-angulaire-de-positionnement\/\" \/>\n<meta property=\"og:site_name\" content=\"Bazus\" \/>\n<meta property=\"article:author\" content=\"https:\/\/www.facebook.com\/kmdevs\/\" \/>\n<meta property=\"article:modified_time\" content=\"2021-04-30T08:59:06+00:00\" \/>\n<meta property=\"og:image\" content=\"https:\/\/bazus.com\/wp-content\/uploads\/2020\/08\/ES-0_C.jpg\" \/>\n\t<meta property=\"og:image:width\" content=\"1920\" \/>\n\t<meta property=\"og:image:height\" content=\"1080\" \/>\n<meta name=\"twitter:card\" content=\"summary_large_image\" \/>\n<meta name=\"twitter:creator\" content=\"@km_devs\" \/>\n<script type=\"application\/ld+json\" class=\"yoast-schema-graph\">{\"@context\":\"https:\/\/schema.org\",\"@graph\":[{\"@type\":\"WebSite\",\"@id\":\"https:\/\/bazus.com\/fr\/#website\",\"url\":\"https:\/\/bazus.com\/fr\/\",\"name\":\"Bazus\",\"description\":\"Mesas de coordenadas confiables\",\"potentialAction\":[{\"@type\":\"SearchAction\",\"target\":\"https:\/\/bazus.com\/fr\/?s={search_term_string}\",\"query-input\":\"required name=search_term_string\"}],\"inLanguage\":\"fr-FR\"},{\"@type\":\"ImageObject\",\"@id\":\"https:\/\/bazus.com\/fr\/tables-de-coordonnees-x\/es-equerre-angulaire-de-positionnement\/#primaryimage\",\"inLanguage\":\"fr-FR\",\"url\":\"https:\/\/bazus.com\/wp-content\/uploads\/2020\/08\/ES-0_C.jpg\",\"width\":1920,\"height\":1080},{\"@type\":\"WebPage\",\"@id\":\"https:\/\/bazus.com\/fr\/tables-de-coordonnees-x\/es-equerre-angulaire-de-positionnement\/#webpage\",\"url\":\"https:\/\/bazus.com\/fr\/tables-de-coordonnees-x\/es-equerre-angulaire-de-positionnement\/\",\"name\":\"ES \\u00c9querre angulaire de positionnement - Bazus\",\"isPartOf\":{\"@id\":\"https:\/\/bazus.com\/fr\/#website\"},\"primaryImageOfPage\":{\"@id\":\"https:\/\/bazus.com\/fr\/tables-de-coordonnees-x\/es-equerre-angulaire-de-positionnement\/#primaryimage\"},\"datePublished\":\"2019-11-12T09:07:30+00:00\",\"dateModified\":\"2021-04-30T08:59:06+00:00\",\"breadcrumb\":{\"@id\":\"https:\/\/bazus.com\/fr\/tables-de-coordonnees-x\/es-equerre-angulaire-de-positionnement\/#breadcrumb\"},\"inLanguage\":\"fr-FR\",\"potentialAction\":[{\"@type\":\"ReadAction\",\"target\":[\"https:\/\/bazus.com\/fr\/tables-de-coordonnees-x\/es-equerre-angulaire-de-positionnement\/\"]}]},{\"@type\":\"BreadcrumbList\",\"@id\":\"https:\/\/bazus.com\/fr\/tables-de-coordonnees-x\/es-equerre-angulaire-de-positionnement\/#breadcrumb\",\"itemListElement\":[{\"@type\":\"ListItem\",\"position\":1,\"item\":{\"@type\":\"WebPage\",\"@id\":\"https:\/\/bazus.com\/fr\/\",\"url\":\"https:\/\/bazus.com\/fr\/\",\"name\":\"Inicio\"}},{\"@type\":\"ListItem\",\"position\":2,\"item\":{\"@type\":\"WebPage\",\"@id\":\"https:\/\/bazus.com\/fr\/tables-de-coordonnees-x\/\",\"url\":\"https:\/\/bazus.com\/fr\/tables-de-coordonnees-x\/\",\"name\":\"Tables de coordonn\\u00e9es X\"}},{\"@type\":\"ListItem\",\"position\":3,\"item\":{\"@type\":\"WebPage\",\"@id\":\"https:\/\/bazus.com\/fr\/tables-de-coordonnees-x\/es-equerre-angulaire-de-positionnement\/\",\"url\":\"https:\/\/bazus.com\/fr\/tables-de-coordonnees-x\/es-equerre-angulaire-de-positionnement\/\",\"name\":\"ES \\u00c9querre angulaire de positionnement\"}}]}]}<\/script>\n<!-- \/ Yoast SEO plugin. -->","acf":[],"_links":{"self":[{"href":"https:\/\/bazus.com\/fr\/wp-json\/wp\/v2\/pages\/3800"}],"collection":[{"href":"https:\/\/bazus.com\/fr\/wp-json\/wp\/v2\/pages"}],"about":[{"href":"https:\/\/bazus.com\/fr\/wp-json\/wp\/v2\/types\/page"}],"author":[{"embeddable":true,"href":"https:\/\/bazus.com\/fr\/wp-json\/wp\/v2\/users\/1"}],"replies":[{"embeddable":true,"href":"https:\/\/bazus.com\/fr\/wp-json\/wp\/v2\/comments?post=3800"}],"version-history":[{"count":5,"href":"https:\/\/bazus.com\/fr\/wp-json\/wp\/v2\/pages\/3800\/revisions"}],"predecessor-version":[{"id":5135,"href":"https:\/\/bazus.com\/fr\/wp-json\/wp\/v2\/pages\/3800\/revisions\/5135"}],"up":[{"embeddable":true,"href":"https:\/\/bazus.com\/fr\/wp-json\/wp\/v2\/pages\/3633"}],"wp:featuredmedia":[{"embeddable":true,"href":"https:\/\/bazus.com\/fr\/wp-json\/wp\/v2\/media\/873"}],"wp:attachment":[{"href":"https:\/\/bazus.com\/fr\/wp-json\/wp\/v2\/media?parent=3800"}],"curies":[{"name":"wp","href":"https:\/\/api.w.org\/{rel}","templated":true}]}}