{"id":3791,"date":"2020-08-20T11:32:21","date_gmt":"2020-08-20T09:32:21","guid":{"rendered":"https:\/\/bazus.com\/tables-de-coordonnees-x\/z-columna-vertical-z\/"},"modified":"2021-04-30T10:58:39","modified_gmt":"2021-04-30T08:58:39","slug":"z-colonne-verticale-z","status":"publish","type":"page","link":"https:\/\/bazus.com\/fr\/tables-de-coordonnees-x\/z-colonne-verticale-z\/","title":{"rendered":"Z Colonne verticale Z"},"content":{"rendered":"<p>Table de coordonn\u00e9es verticales (Z) pour le positionnement vertical<\/p>\n<p>Con\u00e7ue pour un travail de pr\u00e9cision, la s\u00e9rie Z de colonnes verticales est optimale pour le positionnement, le per\u00e7age vertical, le soudage et toute autre application m\u00e9canique n\u00e9cessitant un contr\u00f4le pr\u00e9cis de la position Z.<\/p>\n<p>La conception robuste et robuste de la table lin\u00e9aire permet d\u2019effectuer un grand nombre de travaux tout en conservant la pr\u00e9cision de positionnement et la r\u00e9p\u00e9tabilit\u00e9 dans tout type de positionnement lin\u00e9aire. Un classique de l\u2019industrie qui garantit une longue dur\u00e9e de vie.<\/p>\n<p>Tous les \u00e9l\u00e9ments de la s\u00e9rie Z sont en fonte (fonte grise stabilis\u00e9e GG25 de haute qualit\u00e9), ce qui lui conf\u00e8re une rigidit\u00e9 m\u00e9canique extraordinaire.<\/p>\n","protected":false},"excerpt":{"rendered":"<p>Table de coordonn\u00e9es verticales (Z) pour le positionnement vertical Con\u00e7ue pour un travail de pr\u00e9cision, la s\u00e9rie Z de colonnes verticales est optimale pour le positionnement, le per\u00e7age vertical, le soudage et toute autre application m\u00e9canique n\u00e9cessitant un contr\u00f4le pr\u00e9cis de la position Z. La conception robuste et robuste de la table lin\u00e9aire permet d\u2019effectuer [&hellip;]<\/p>\n","protected":false},"author":7,"featured_media":804,"parent":3633,"menu_order":1,"comment_status":"closed","ping_status":"closed","template":"producto.php","meta":[],"yoast_head":"<!-- This site is optimized with the Yoast SEO plugin v14.6.1 - https:\/\/yoast.com\/wordpress\/plugins\/seo\/ -->\n<title>Z Colonne verticale Z - Bazus<\/title>\n<meta name=\"robots\" content=\"index, follow\" \/>\n<meta name=\"googlebot\" content=\"index, follow, max-snippet:-1, max-image-preview:large, max-video-preview:-1\" \/>\n<meta name=\"bingbot\" content=\"index, follow, max-snippet:-1, max-image-preview:large, max-video-preview:-1\" \/>\n<link rel=\"canonical\" href=\"https:\/\/bazus.com\/fr\/tables-de-coordonnees-x\/z-colonne-verticale-z\/\" \/>\n<meta property=\"og:locale\" content=\"fr_FR\" \/>\n<meta property=\"og:type\" content=\"article\" \/>\n<meta property=\"og:title\" content=\"Z Colonne verticale Z - Bazus\" \/>\n<meta property=\"og:description\" content=\"Table de coordonn\u00e9es verticales (Z) pour le positionnement vertical Con\u00e7ue pour un travail de pr\u00e9cision, la s\u00e9rie Z de colonnes verticales est optimale pour le positionnement, le per\u00e7age vertical, le soudage et toute autre application m\u00e9canique n\u00e9cessitant un contr\u00f4le pr\u00e9cis de la position Z. La conception robuste et robuste de la table lin\u00e9aire permet d\u2019effectuer [&hellip;]\" \/>\n<meta property=\"og:url\" content=\"https:\/\/bazus.com\/fr\/tables-de-coordonnees-x\/z-colonne-verticale-z\/\" \/>\n<meta property=\"og:site_name\" content=\"Bazus\" \/>\n<meta property=\"article:modified_time\" content=\"2021-04-30T08:58:39+00:00\" \/>\n<meta property=\"og:image\" content=\"https:\/\/bazus.com\/wp-content\/uploads\/2020\/08\/Z-300_A.jpg\" \/>\n\t<meta property=\"og:image:width\" content=\"1920\" \/>\n\t<meta property=\"og:image:height\" content=\"1080\" \/>\n<meta name=\"twitter:card\" content=\"summary_large_image\" \/>\n<script type=\"application\/ld+json\" class=\"yoast-schema-graph\">{\"@context\":\"https:\/\/schema.org\",\"@graph\":[{\"@type\":\"WebSite\",\"@id\":\"https:\/\/bazus.com\/fr\/#website\",\"url\":\"https:\/\/bazus.com\/fr\/\",\"name\":\"Bazus\",\"description\":\"Mesas de coordenadas confiables\",\"potentialAction\":[{\"@type\":\"SearchAction\",\"target\":\"https:\/\/bazus.com\/fr\/?s={search_term_string}\",\"query-input\":\"required name=search_term_string\"}],\"inLanguage\":\"fr-FR\"},{\"@type\":\"ImageObject\",\"@id\":\"https:\/\/bazus.com\/fr\/tables-de-coordonnees-x\/z-colonne-verticale-z\/#primaryimage\",\"inLanguage\":\"fr-FR\",\"url\":\"https:\/\/bazus.com\/wp-content\/uploads\/2020\/08\/Z-300_A.jpg\",\"width\":1920,\"height\":1080},{\"@type\":\"WebPage\",\"@id\":\"https:\/\/bazus.com\/fr\/tables-de-coordonnees-x\/z-colonne-verticale-z\/#webpage\",\"url\":\"https:\/\/bazus.com\/fr\/tables-de-coordonnees-x\/z-colonne-verticale-z\/\",\"name\":\"Z Colonne verticale Z - Bazus\",\"isPartOf\":{\"@id\":\"https:\/\/bazus.com\/fr\/#website\"},\"primaryImageOfPage\":{\"@id\":\"https:\/\/bazus.com\/fr\/tables-de-coordonnees-x\/z-colonne-verticale-z\/#primaryimage\"},\"datePublished\":\"2020-08-20T09:32:21+00:00\",\"dateModified\":\"2021-04-30T08:58:39+00:00\",\"breadcrumb\":{\"@id\":\"https:\/\/bazus.com\/fr\/tables-de-coordonnees-x\/z-colonne-verticale-z\/#breadcrumb\"},\"inLanguage\":\"fr-FR\",\"potentialAction\":[{\"@type\":\"ReadAction\",\"target\":[\"https:\/\/bazus.com\/fr\/tables-de-coordonnees-x\/z-colonne-verticale-z\/\"]}]},{\"@type\":\"BreadcrumbList\",\"@id\":\"https:\/\/bazus.com\/fr\/tables-de-coordonnees-x\/z-colonne-verticale-z\/#breadcrumb\",\"itemListElement\":[{\"@type\":\"ListItem\",\"position\":1,\"item\":{\"@type\":\"WebPage\",\"@id\":\"https:\/\/bazus.com\/fr\/\",\"url\":\"https:\/\/bazus.com\/fr\/\",\"name\":\"Inicio\"}},{\"@type\":\"ListItem\",\"position\":2,\"item\":{\"@type\":\"WebPage\",\"@id\":\"https:\/\/bazus.com\/fr\/tables-de-coordonnees-x\/\",\"url\":\"https:\/\/bazus.com\/fr\/tables-de-coordonnees-x\/\",\"name\":\"Tables de coordonn\\u00e9es X\"}},{\"@type\":\"ListItem\",\"position\":3,\"item\":{\"@type\":\"WebPage\",\"@id\":\"https:\/\/bazus.com\/fr\/tables-de-coordonnees-x\/z-colonne-verticale-z\/\",\"url\":\"https:\/\/bazus.com\/fr\/tables-de-coordonnees-x\/z-colonne-verticale-z\/\",\"name\":\"Z Colonne verticale Z\"}}]}]}<\/script>\n<!-- \/ Yoast SEO plugin. -->","acf":[],"_links":{"self":[{"href":"https:\/\/bazus.com\/fr\/wp-json\/wp\/v2\/pages\/3791"}],"collection":[{"href":"https:\/\/bazus.com\/fr\/wp-json\/wp\/v2\/pages"}],"about":[{"href":"https:\/\/bazus.com\/fr\/wp-json\/wp\/v2\/types\/page"}],"author":[{"embeddable":true,"href":"https:\/\/bazus.com\/fr\/wp-json\/wp\/v2\/users\/7"}],"replies":[{"embeddable":true,"href":"https:\/\/bazus.com\/fr\/wp-json\/wp\/v2\/comments?post=3791"}],"version-history":[{"count":5,"href":"https:\/\/bazus.com\/fr\/wp-json\/wp\/v2\/pages\/3791\/revisions"}],"predecessor-version":[{"id":5134,"href":"https:\/\/bazus.com\/fr\/wp-json\/wp\/v2\/pages\/3791\/revisions\/5134"}],"up":[{"embeddable":true,"href":"https:\/\/bazus.com\/fr\/wp-json\/wp\/v2\/pages\/3633"}],"wp:featuredmedia":[{"embeddable":true,"href":"https:\/\/bazus.com\/fr\/wp-json\/wp\/v2\/media\/804"}],"wp:attachment":[{"href":"https:\/\/bazus.com\/fr\/wp-json\/wp\/v2\/media?parent=3791"}],"curies":[{"name":"wp","href":"https:\/\/api.w.org\/{rel}","templated":true}]}}