{"id":3780,"date":"2020-08-20T10:00:02","date_gmt":"2020-08-20T08:00:02","guid":{"rendered":"https:\/\/bazus.com\/tables-de-coordonnees-x\/tp-mesa-x-estandar-con-base-giratoria\/"},"modified":"2021-04-30T10:58:15","modified_gmt":"2021-04-30T08:58:15","slug":"tp-table-x-standard-avec-base-rotative","status":"publish","type":"page","link":"https:\/\/bazus.com\/fr\/tables-de-coordonnees-x\/tp-table-x-standard-avec-base-rotative\/","title":{"rendered":"TP Table X standard avec base rotative"},"content":{"rendered":"<p>Table multifonctionnelle \u00e0 un axe X avec base rotative (180\u00ba) pour une application en tant qu\u2019unit\u00e9 lin\u00e9aire<\/p>\n<p>Con\u00e7u pour un travail de pr\u00e9cision o\u00f9 une r\u00e9gulation angulaire est n\u00e9cessaire. La s\u00e9rie TP d\u2019unit\u00e9s lin\u00e9aires \u00e0 base rotative est optimale pour le positionnement, le per\u00e7age vertical, le per\u00e7age horizontal, le soudage et toute autre application m\u00e9canique n\u00e9cessitant un contr\u00f4le de position pr\u00e9cis.<\/p>\n<p>La conception solide et robuste permet d\u2019effectuer un grand nombre de travaux tout en conservant la pr\u00e9cision de positionnement et la r\u00e9p\u00e9tabilit\u00e9 dans tout type de positionnement lin\u00e9aire. Une table de coordonn\u00e9es extraordinaire dans l\u2019industrie qui garantit une longue dur\u00e9e de vie.<\/p>\n<p>Tous les \u00e9l\u00e9ments de la s\u00e9rie TP sont en fonte (fonte grise stabilis\u00e9e GG25 de haute qualit\u00e9), ce qui lui conf\u00e8re une rigidit\u00e9 m\u00e9canique extraordinaire.<\/p>\n","protected":false},"excerpt":{"rendered":"<p>Table multifonctionnelle \u00e0 un axe X avec base rotative (180\u00ba) pour une application en tant qu\u2019unit\u00e9 lin\u00e9aire Con\u00e7u pour un travail de pr\u00e9cision o\u00f9 une r\u00e9gulation angulaire est n\u00e9cessaire. La s\u00e9rie TP d\u2019unit\u00e9s lin\u00e9aires \u00e0 base rotative est optimale pour le positionnement, le per\u00e7age vertical, le per\u00e7age horizontal, le soudage et toute autre application m\u00e9canique [&hellip;]<\/p>\n","protected":false},"author":7,"featured_media":612,"parent":3633,"menu_order":1,"comment_status":"closed","ping_status":"closed","template":"producto.php","meta":{"footnotes":""},"class_list":["post-3780","page","type-page","status-publish","has-post-thumbnail","hentry"],"yoast_head":"<!-- This site is optimized with the Yoast SEO plugin v27.5 - https:\/\/yoast.com\/product\/yoast-seo-wordpress\/ -->\n<title>TP Table X standard avec base rotative - Bazus<\/title>\n<meta name=\"robots\" content=\"index, follow, max-snippet:-1, max-image-preview:large, max-video-preview:-1\" \/>\n<link rel=\"canonical\" href=\"https:\/\/bazus.com\/x-coordinate-tables\/tp-standard-x-table-with-rotary-basis\/\" \/>\n<meta property=\"og:locale\" content=\"fr_FR\" \/>\n<meta property=\"og:type\" content=\"article\" \/>\n<meta property=\"og:title\" content=\"TP Table X standard avec base rotative - Bazus\" \/>\n<meta property=\"og:description\" content=\"Table multifonctionnelle \u00e0 un axe X avec base rotative (180\u00ba) pour une application en tant qu\u2019unit\u00e9 lin\u00e9aire Con\u00e7u pour un travail de pr\u00e9cision o\u00f9 une r\u00e9gulation angulaire est n\u00e9cessaire. La s\u00e9rie TP d\u2019unit\u00e9s lin\u00e9aires \u00e0 base rotative est optimale pour le positionnement, le per\u00e7age vertical, le per\u00e7age horizontal, le soudage et toute autre application m\u00e9canique [&hellip;]\" \/>\n<meta property=\"og:url\" content=\"https:\/\/bazus.com\/x-coordinate-tables\/tp-standard-x-table-with-rotary-basis\/\" \/>\n<meta property=\"og:site_name\" content=\"Bazus\" \/>\n<meta property=\"article:modified_time\" content=\"2021-04-30T08:58:15+00:00\" \/>\n<meta property=\"og:image\" content=\"https:\/\/bazus.com\/wp-content\/uploads\/2020\/08\/TP-1_A.jpg\" \/>\n\t<meta property=\"og:image:width\" content=\"1920\" \/>\n\t<meta property=\"og:image:height\" content=\"1080\" \/>\n\t<meta property=\"og:image:type\" content=\"image\/jpeg\" \/>\n<meta name=\"twitter:card\" content=\"summary_large_image\" \/>\n<meta name=\"twitter:label1\" content=\"Dur\u00e9e de lecture estim\u00e9e\" \/>\n\t<meta name=\"twitter:data1\" content=\"1 minute\" \/>\n<script type=\"application\/ld+json\" class=\"yoast-schema-graph\">{\"@context\":\"https:\\\/\\\/schema.org\",\"@graph\":[{\"@type\":\"WebPage\",\"@id\":\"https:\\\/\\\/bazus.com\\\/x-coordinate-tables\\\/tp-standard-x-table-with-rotary-basis\\\/\",\"url\":\"https:\\\/\\\/bazus.com\\\/x-coordinate-tables\\\/tp-standard-x-table-with-rotary-basis\\\/\",\"name\":\"TP Table X standard avec base rotative - Bazus\",\"isPartOf\":{\"@id\":\"https:\\\/\\\/bazus.com\\\/#website\"},\"primaryImageOfPage\":{\"@id\":\"https:\\\/\\\/bazus.com\\\/x-coordinate-tables\\\/tp-standard-x-table-with-rotary-basis\\\/#primaryimage\"},\"image\":{\"@id\":\"https:\\\/\\\/bazus.com\\\/x-coordinate-tables\\\/tp-standard-x-table-with-rotary-basis\\\/#primaryimage\"},\"thumbnailUrl\":\"https:\\\/\\\/bazus.com\\\/wp-content\\\/uploads\\\/2020\\\/08\\\/TP-1_A.jpg\",\"datePublished\":\"2020-08-20T08:00:02+00:00\",\"dateModified\":\"2021-04-30T08:58:15+00:00\",\"breadcrumb\":{\"@id\":\"https:\\\/\\\/bazus.com\\\/x-coordinate-tables\\\/tp-standard-x-table-with-rotary-basis\\\/#breadcrumb\"},\"inLanguage\":\"fr-FR\",\"potentialAction\":[{\"@type\":\"ReadAction\",\"target\":[\"https:\\\/\\\/bazus.com\\\/x-coordinate-tables\\\/tp-standard-x-table-with-rotary-basis\\\/\"]}]},{\"@type\":\"ImageObject\",\"inLanguage\":\"fr-FR\",\"@id\":\"https:\\\/\\\/bazus.com\\\/x-coordinate-tables\\\/tp-standard-x-table-with-rotary-basis\\\/#primaryimage\",\"url\":\"https:\\\/\\\/bazus.com\\\/wp-content\\\/uploads\\\/2020\\\/08\\\/TP-1_A.jpg\",\"contentUrl\":\"https:\\\/\\\/bazus.com\\\/wp-content\\\/uploads\\\/2020\\\/08\\\/TP-1_A.jpg\",\"width\":1920,\"height\":1080},{\"@type\":\"BreadcrumbList\",\"@id\":\"https:\\\/\\\/bazus.com\\\/x-coordinate-tables\\\/tp-standard-x-table-with-rotary-basis\\\/#breadcrumb\",\"itemListElement\":[{\"@type\":\"ListItem\",\"position\":1,\"name\":\"Inicio\",\"item\":\"https:\\\/\\\/bazus.com\\\/fr\\\/\"},{\"@type\":\"ListItem\",\"position\":2,\"name\":\"Tables de coordonn\u00e9es X\",\"item\":\"https:\\\/\\\/bazus.com\\\/x-coordinate-tables\\\/\"},{\"@type\":\"ListItem\",\"position\":3,\"name\":\"TP Table X standard avec base rotative\"}]},{\"@type\":\"WebSite\",\"@id\":\"https:\\\/\\\/bazus.com\\\/#website\",\"url\":\"https:\\\/\\\/bazus.com\\\/\",\"name\":\"Bazus\",\"description\":\"Mesas de coordenadas confiables\",\"potentialAction\":[{\"@type\":\"SearchAction\",\"target\":{\"@type\":\"EntryPoint\",\"urlTemplate\":\"https:\\\/\\\/bazus.com\\\/?s={search_term_string}\"},\"query-input\":{\"@type\":\"PropertyValueSpecification\",\"valueRequired\":true,\"valueName\":\"search_term_string\"}}],\"inLanguage\":\"fr-FR\"}]}<\/script>\n<!-- \/ Yoast SEO plugin. -->","yoast_head_json":{"title":"TP Table X standard avec base rotative - Bazus","robots":{"index":"index","follow":"follow","max-snippet":"max-snippet:-1","max-image-preview":"max-image-preview:large","max-video-preview":"max-video-preview:-1"},"canonical":"https:\/\/bazus.com\/x-coordinate-tables\/tp-standard-x-table-with-rotary-basis\/","og_locale":"fr_FR","og_type":"article","og_title":"TP Table X standard avec base rotative - Bazus","og_description":"Table multifonctionnelle \u00e0 un axe X avec base rotative (180\u00ba) pour une application en tant qu\u2019unit\u00e9 lin\u00e9aire Con\u00e7u pour un travail de pr\u00e9cision o\u00f9 une r\u00e9gulation angulaire est n\u00e9cessaire. La s\u00e9rie TP d\u2019unit\u00e9s lin\u00e9aires \u00e0 base rotative est optimale pour le positionnement, le per\u00e7age vertical, le per\u00e7age horizontal, le soudage et toute autre application m\u00e9canique [&hellip;]","og_url":"https:\/\/bazus.com\/x-coordinate-tables\/tp-standard-x-table-with-rotary-basis\/","og_site_name":"Bazus","article_modified_time":"2021-04-30T08:58:15+00:00","og_image":[{"width":1920,"height":1080,"url":"https:\/\/bazus.com\/wp-content\/uploads\/2020\/08\/TP-1_A.jpg","type":"image\/jpeg"}],"twitter_card":"summary_large_image","twitter_misc":{"Dur\u00e9e de lecture estim\u00e9e":"1 minute"},"schema":{"@context":"https:\/\/schema.org","@graph":[{"@type":"WebPage","@id":"https:\/\/bazus.com\/x-coordinate-tables\/tp-standard-x-table-with-rotary-basis\/","url":"https:\/\/bazus.com\/x-coordinate-tables\/tp-standard-x-table-with-rotary-basis\/","name":"TP Table X standard avec base rotative - Bazus","isPartOf":{"@id":"https:\/\/bazus.com\/#website"},"primaryImageOfPage":{"@id":"https:\/\/bazus.com\/x-coordinate-tables\/tp-standard-x-table-with-rotary-basis\/#primaryimage"},"image":{"@id":"https:\/\/bazus.com\/x-coordinate-tables\/tp-standard-x-table-with-rotary-basis\/#primaryimage"},"thumbnailUrl":"https:\/\/bazus.com\/wp-content\/uploads\/2020\/08\/TP-1_A.jpg","datePublished":"2020-08-20T08:00:02+00:00","dateModified":"2021-04-30T08:58:15+00:00","breadcrumb":{"@id":"https:\/\/bazus.com\/x-coordinate-tables\/tp-standard-x-table-with-rotary-basis\/#breadcrumb"},"inLanguage":"fr-FR","potentialAction":[{"@type":"ReadAction","target":["https:\/\/bazus.com\/x-coordinate-tables\/tp-standard-x-table-with-rotary-basis\/"]}]},{"@type":"ImageObject","inLanguage":"fr-FR","@id":"https:\/\/bazus.com\/x-coordinate-tables\/tp-standard-x-table-with-rotary-basis\/#primaryimage","url":"https:\/\/bazus.com\/wp-content\/uploads\/2020\/08\/TP-1_A.jpg","contentUrl":"https:\/\/bazus.com\/wp-content\/uploads\/2020\/08\/TP-1_A.jpg","width":1920,"height":1080},{"@type":"BreadcrumbList","@id":"https:\/\/bazus.com\/x-coordinate-tables\/tp-standard-x-table-with-rotary-basis\/#breadcrumb","itemListElement":[{"@type":"ListItem","position":1,"name":"Inicio","item":"https:\/\/bazus.com\/fr\/"},{"@type":"ListItem","position":2,"name":"Tables de coordonn\u00e9es X","item":"https:\/\/bazus.com\/x-coordinate-tables\/"},{"@type":"ListItem","position":3,"name":"TP Table X standard avec base rotative"}]},{"@type":"WebSite","@id":"https:\/\/bazus.com\/#website","url":"https:\/\/bazus.com\/","name":"Bazus","description":"Mesas de coordenadas confiables","potentialAction":[{"@type":"SearchAction","target":{"@type":"EntryPoint","urlTemplate":"https:\/\/bazus.com\/?s={search_term_string}"},"query-input":{"@type":"PropertyValueSpecification","valueRequired":true,"valueName":"search_term_string"}}],"inLanguage":"fr-FR"}]}},"acf":[],"_links":{"self":[{"href":"https:\/\/bazus.com\/fr\/wp-json\/wp\/v2\/pages\/3780","targetHints":{"allow":["GET"]}}],"collection":[{"href":"https:\/\/bazus.com\/fr\/wp-json\/wp\/v2\/pages"}],"about":[{"href":"https:\/\/bazus.com\/fr\/wp-json\/wp\/v2\/types\/page"}],"author":[{"embeddable":true,"href":"https:\/\/bazus.com\/fr\/wp-json\/wp\/v2\/users\/7"}],"replies":[{"embeddable":true,"href":"https:\/\/bazus.com\/fr\/wp-json\/wp\/v2\/comments?post=3780"}],"version-history":[{"count":6,"href":"https:\/\/bazus.com\/fr\/wp-json\/wp\/v2\/pages\/3780\/revisions"}],"predecessor-version":[{"id":5133,"href":"https:\/\/bazus.com\/fr\/wp-json\/wp\/v2\/pages\/3780\/revisions\/5133"}],"up":[{"embeddable":true,"href":"https:\/\/bazus.com\/fr\/wp-json\/wp\/v2\/pages\/3633"}],"wp:featuredmedia":[{"embeddable":true,"href":"https:\/\/bazus.com\/fr\/wp-json\/wp\/v2\/media\/612"}],"wp:attachment":[{"href":"https:\/\/bazus.com\/fr\/wp-json\/wp\/v2\/media?parent=3780"}],"curies":[{"name":"wp","href":"https:\/\/api.w.org\/{rel}","templated":true}]}}