{"id":3771,"date":"2019-11-22T18:43:16","date_gmt":"2019-11-22T17:43:16","guid":{"rendered":"https:\/\/bazus.com\/ferreteria-industrial\/"},"modified":"2020-10-26T13:02:33","modified_gmt":"2020-10-26T12:02:33","slug":"fournitures-industrielles-et-quincaillerie","status":"publish","type":"page","link":"https:\/\/bazus.com\/fr\/secteurs\/fournitures-industrielles-et-quincaillerie\/","title":{"rendered":"Fournitures industrielles et quincaillerie"},"content":{"rendered":"<p>Le secteur de la quincaillerie comprend tous les \u00e9tablissements commerciaux d\u00e9di\u00e9s \u00e0 la vente de fournitures et d\u2019outils pour l\u2019industrie, normalement pour le grand public ou d\u00e9di\u00e9s aux professionnels avec des \u00e9l\u00e9ments sp\u00e9cifiques dans chaque secteur.<\/p>\n<p>Les quincailleries offrent un contact direct avec l\u2019utilisateur final et guident souvent les clients dans leur processus d\u2019achat.<\/p>\n","protected":false},"excerpt":{"rendered":"<p>Le secteur de la quincaillerie comprend tous les \u00e9tablissements commerciaux d\u00e9di\u00e9s \u00e0 la vente de fournitures et d\u2019outils pour l\u2019industrie, normalement pour le grand public ou d\u00e9di\u00e9s aux professionnels avec des \u00e9l\u00e9ments sp\u00e9cifiques dans chaque secteur. Les quincailleries offrent un contact direct avec l\u2019utilisateur final et guident souvent les clients dans leur processus d\u2019achat.<\/p>\n","protected":false},"author":1,"featured_media":0,"parent":3775,"menu_order":46,"comment_status":"closed","ping_status":"closed","template":"sector.php","meta":{"footnotes":""},"class_list":["post-3771","page","type-page","status-publish","hentry"],"yoast_head":"<!-- This site is optimized with the Yoast SEO plugin v27.5 - https:\/\/yoast.com\/product\/yoast-seo-wordpress\/ -->\n<title>Fournitures industrielles et quincaillerie - Bazus<\/title>\n<meta name=\"robots\" content=\"index, follow, max-snippet:-1, max-image-preview:large, max-video-preview:-1\" \/>\n<link rel=\"canonical\" href=\"https:\/\/bazus.com\/sectors\/industrial-supplies-hardware-store\/\" \/>\n<meta property=\"og:locale\" content=\"fr_FR\" \/>\n<meta property=\"og:type\" content=\"article\" \/>\n<meta property=\"og:title\" content=\"Fournitures industrielles et quincaillerie - Bazus\" \/>\n<meta property=\"og:description\" content=\"Le secteur de la quincaillerie comprend tous les \u00e9tablissements commerciaux d\u00e9di\u00e9s \u00e0 la vente de fournitures et d\u2019outils pour l\u2019industrie, normalement pour le grand public ou d\u00e9di\u00e9s aux professionnels avec des \u00e9l\u00e9ments sp\u00e9cifiques dans chaque secteur. Les quincailleries offrent un contact direct avec l\u2019utilisateur final et guident souvent les clients dans leur processus d\u2019achat.\" \/>\n<meta property=\"og:url\" content=\"https:\/\/bazus.com\/sectors\/industrial-supplies-hardware-store\/\" \/>\n<meta property=\"og:site_name\" content=\"Bazus\" \/>\n<meta property=\"article:modified_time\" content=\"2020-10-26T12:02:33+00:00\" \/>\n<meta name=\"twitter:card\" content=\"summary_large_image\" \/>\n<script type=\"application\/ld+json\" class=\"yoast-schema-graph\">{\"@context\":\"https:\\\/\\\/schema.org\",\"@graph\":[{\"@type\":\"WebPage\",\"@id\":\"https:\\\/\\\/bazus.com\\\/sectors\\\/industrial-supplies-hardware-store\\\/\",\"url\":\"https:\\\/\\\/bazus.com\\\/sectors\\\/industrial-supplies-hardware-store\\\/\",\"name\":\"Fournitures industrielles et quincaillerie - Bazus\",\"isPartOf\":{\"@id\":\"https:\\\/\\\/bazus.com\\\/#website\"},\"datePublished\":\"2019-11-22T17:43:16+00:00\",\"dateModified\":\"2020-10-26T12:02:33+00:00\",\"breadcrumb\":{\"@id\":\"https:\\\/\\\/bazus.com\\\/sectors\\\/industrial-supplies-hardware-store\\\/#breadcrumb\"},\"inLanguage\":\"fr-FR\",\"potentialAction\":[{\"@type\":\"ReadAction\",\"target\":[\"https:\\\/\\\/bazus.com\\\/sectors\\\/industrial-supplies-hardware-store\\\/\"]}]},{\"@type\":\"BreadcrumbList\",\"@id\":\"https:\\\/\\\/bazus.com\\\/sectors\\\/industrial-supplies-hardware-store\\\/#breadcrumb\",\"itemListElement\":[{\"@type\":\"ListItem\",\"position\":1,\"name\":\"Inicio\",\"item\":\"https:\\\/\\\/bazus.com\\\/fr\\\/\"},{\"@type\":\"ListItem\",\"position\":2,\"name\":\"Secteurs\",\"item\":\"https:\\\/\\\/bazus.com\\\/sectors\\\/\"},{\"@type\":\"ListItem\",\"position\":3,\"name\":\"Fournitures industrielles et quincaillerie\"}]},{\"@type\":\"WebSite\",\"@id\":\"https:\\\/\\\/bazus.com\\\/#website\",\"url\":\"https:\\\/\\\/bazus.com\\\/\",\"name\":\"Bazus\",\"description\":\"Mesas de coordenadas confiables\",\"potentialAction\":[{\"@type\":\"SearchAction\",\"target\":{\"@type\":\"EntryPoint\",\"urlTemplate\":\"https:\\\/\\\/bazus.com\\\/?s={search_term_string}\"},\"query-input\":{\"@type\":\"PropertyValueSpecification\",\"valueRequired\":true,\"valueName\":\"search_term_string\"}}],\"inLanguage\":\"fr-FR\"}]}<\/script>\n<!-- \/ Yoast SEO plugin. -->","yoast_head_json":{"title":"Fournitures industrielles et quincaillerie - Bazus","robots":{"index":"index","follow":"follow","max-snippet":"max-snippet:-1","max-image-preview":"max-image-preview:large","max-video-preview":"max-video-preview:-1"},"canonical":"https:\/\/bazus.com\/sectors\/industrial-supplies-hardware-store\/","og_locale":"fr_FR","og_type":"article","og_title":"Fournitures industrielles et quincaillerie - Bazus","og_description":"Le secteur de la quincaillerie comprend tous les \u00e9tablissements commerciaux d\u00e9di\u00e9s \u00e0 la vente de fournitures et d\u2019outils pour l\u2019industrie, normalement pour le grand public ou d\u00e9di\u00e9s aux professionnels avec des \u00e9l\u00e9ments sp\u00e9cifiques dans chaque secteur. Les quincailleries offrent un contact direct avec l\u2019utilisateur final et guident souvent les clients dans leur processus d\u2019achat.","og_url":"https:\/\/bazus.com\/sectors\/industrial-supplies-hardware-store\/","og_site_name":"Bazus","article_modified_time":"2020-10-26T12:02:33+00:00","twitter_card":"summary_large_image","schema":{"@context":"https:\/\/schema.org","@graph":[{"@type":"WebPage","@id":"https:\/\/bazus.com\/sectors\/industrial-supplies-hardware-store\/","url":"https:\/\/bazus.com\/sectors\/industrial-supplies-hardware-store\/","name":"Fournitures industrielles et quincaillerie - Bazus","isPartOf":{"@id":"https:\/\/bazus.com\/#website"},"datePublished":"2019-11-22T17:43:16+00:00","dateModified":"2020-10-26T12:02:33+00:00","breadcrumb":{"@id":"https:\/\/bazus.com\/sectors\/industrial-supplies-hardware-store\/#breadcrumb"},"inLanguage":"fr-FR","potentialAction":[{"@type":"ReadAction","target":["https:\/\/bazus.com\/sectors\/industrial-supplies-hardware-store\/"]}]},{"@type":"BreadcrumbList","@id":"https:\/\/bazus.com\/sectors\/industrial-supplies-hardware-store\/#breadcrumb","itemListElement":[{"@type":"ListItem","position":1,"name":"Inicio","item":"https:\/\/bazus.com\/fr\/"},{"@type":"ListItem","position":2,"name":"Secteurs","item":"https:\/\/bazus.com\/sectors\/"},{"@type":"ListItem","position":3,"name":"Fournitures industrielles et quincaillerie"}]},{"@type":"WebSite","@id":"https:\/\/bazus.com\/#website","url":"https:\/\/bazus.com\/","name":"Bazus","description":"Mesas de coordenadas confiables","potentialAction":[{"@type":"SearchAction","target":{"@type":"EntryPoint","urlTemplate":"https:\/\/bazus.com\/?s={search_term_string}"},"query-input":{"@type":"PropertyValueSpecification","valueRequired":true,"valueName":"search_term_string"}}],"inLanguage":"fr-FR"}]}},"acf":[],"_links":{"self":[{"href":"https:\/\/bazus.com\/fr\/wp-json\/wp\/v2\/pages\/3771","targetHints":{"allow":["GET"]}}],"collection":[{"href":"https:\/\/bazus.com\/fr\/wp-json\/wp\/v2\/pages"}],"about":[{"href":"https:\/\/bazus.com\/fr\/wp-json\/wp\/v2\/types\/page"}],"author":[{"embeddable":true,"href":"https:\/\/bazus.com\/fr\/wp-json\/wp\/v2\/users\/1"}],"replies":[{"embeddable":true,"href":"https:\/\/bazus.com\/fr\/wp-json\/wp\/v2\/comments?post=3771"}],"version-history":[{"count":4,"href":"https:\/\/bazus.com\/fr\/wp-json\/wp\/v2\/pages\/3771\/revisions"}],"predecessor-version":[{"id":4212,"href":"https:\/\/bazus.com\/fr\/wp-json\/wp\/v2\/pages\/3771\/revisions\/4212"}],"up":[{"embeddable":true,"href":"https:\/\/bazus.com\/fr\/wp-json\/wp\/v2\/pages\/3775"}],"wp:attachment":[{"href":"https:\/\/bazus.com\/fr\/wp-json\/wp\/v2\/media?parent=3771"}],"curies":[{"name":"wp","href":"https:\/\/api.w.org\/{rel}","templated":true}]}}