{"id":3768,"date":"2019-11-22T18:43:16","date_gmt":"2019-11-22T17:43:16","guid":{"rendered":"https:\/\/bazus.com\/artes-graficas-tampografia\/"},"modified":"2020-10-26T13:00:11","modified_gmt":"2020-10-26T12:00:11","slug":"secteur-tampographie-art-graphique","status":"publish","type":"page","link":"https:\/\/bazus.com\/fr\/secteurs\/secteur-tampographie-art-graphique\/","title":{"rendered":"Secteur Tampographie &#038; Art Graphique"},"content":{"rendered":"<p>Apr\u00e8s une premi\u00e8re \u00e9tape o\u00f9 la tampographie \u00e9tait limit\u00e9e \u00e0 de petites pi\u00e8ces ou petites s\u00e9ries, la tampographie a cess\u00e9 de faire du travail secondaire dans la cha\u00eene de production et occupe une place importante dans les arts graphiques, l\u2019automobile, le secteur des jouets, les articles de bureau ou publicitaires, l\u2019industrie des boissons , appareils \u00e9lectrom\u00e9nagers, entre autres.<\/p>\n<p>Les caract\u00e9ristiques de la tampographie (Tampographie) sont particuli\u00e8rement indiqu\u00e9es pour l\u2019utilisation et l\u2019application des unit\u00e9s BAZUS, car les tables de coordonn\u00e9es sont \u00e9quip\u00e9es d\u2019un traitement chimique anti-corrosion au nickel et leur solidit\u00e9 et leur robustesse emp\u00eachent la d\u00e9t\u00e9rioration des machines de tampographie et aident \u00e0 garder il en parfait \u00e9tat m\u00e9canique.<\/p>\n","protected":false},"excerpt":{"rendered":"<p>Apr\u00e8s une premi\u00e8re \u00e9tape o\u00f9 la tampographie \u00e9tait limit\u00e9e \u00e0 de petites pi\u00e8ces ou petites s\u00e9ries, la tampographie a cess\u00e9 de faire du travail secondaire dans la cha\u00eene de production et occupe une place importante dans les arts graphiques, l\u2019automobile, le secteur des jouets, les articles de bureau ou publicitaires, l\u2019industrie des boissons , appareils [&hellip;]<\/p>\n","protected":false},"author":1,"featured_media":0,"parent":3775,"menu_order":44,"comment_status":"closed","ping_status":"closed","template":"sector.php","meta":{"footnotes":""},"class_list":["post-3768","page","type-page","status-publish","hentry"],"yoast_head":"<!-- This site is optimized with the Yoast SEO plugin v27.5 - https:\/\/yoast.com\/product\/yoast-seo-wordpress\/ -->\n<title>Secteur Tampographie &amp; Art Graphique - Bazus<\/title>\n<meta name=\"robots\" content=\"index, follow, max-snippet:-1, max-image-preview:large, max-video-preview:-1\" \/>\n<link rel=\"canonical\" href=\"https:\/\/bazus.com\/sectors\/tampography-graphic-art-sector\/\" \/>\n<meta property=\"og:locale\" content=\"fr_FR\" \/>\n<meta property=\"og:type\" content=\"article\" \/>\n<meta property=\"og:title\" content=\"Secteur Tampographie &amp; Art Graphique - Bazus\" \/>\n<meta property=\"og:description\" content=\"Apr\u00e8s une premi\u00e8re \u00e9tape o\u00f9 la tampographie \u00e9tait limit\u00e9e \u00e0 de petites pi\u00e8ces ou petites s\u00e9ries, la tampographie a cess\u00e9 de faire du travail secondaire dans la cha\u00eene de production et occupe une place importante dans les arts graphiques, l\u2019automobile, le secteur des jouets, les articles de bureau ou publicitaires, l\u2019industrie des boissons , appareils [&hellip;]\" \/>\n<meta property=\"og:url\" content=\"https:\/\/bazus.com\/sectors\/tampography-graphic-art-sector\/\" \/>\n<meta property=\"og:site_name\" content=\"Bazus\" \/>\n<meta property=\"article:modified_time\" content=\"2020-10-26T12:00:11+00:00\" \/>\n<meta name=\"twitter:card\" content=\"summary_large_image\" \/>\n<meta name=\"twitter:label1\" content=\"Dur\u00e9e de lecture estim\u00e9e\" \/>\n\t<meta name=\"twitter:data1\" content=\"1 minute\" \/>\n<script type=\"application\/ld+json\" class=\"yoast-schema-graph\">{\"@context\":\"https:\\\/\\\/schema.org\",\"@graph\":[{\"@type\":\"WebPage\",\"@id\":\"https:\\\/\\\/bazus.com\\\/sectors\\\/tampography-graphic-art-sector\\\/\",\"url\":\"https:\\\/\\\/bazus.com\\\/sectors\\\/tampography-graphic-art-sector\\\/\",\"name\":\"Secteur Tampographie & Art Graphique - Bazus\",\"isPartOf\":{\"@id\":\"https:\\\/\\\/bazus.com\\\/#website\"},\"datePublished\":\"2019-11-22T17:43:16+00:00\",\"dateModified\":\"2020-10-26T12:00:11+00:00\",\"breadcrumb\":{\"@id\":\"https:\\\/\\\/bazus.com\\\/sectors\\\/tampography-graphic-art-sector\\\/#breadcrumb\"},\"inLanguage\":\"fr-FR\",\"potentialAction\":[{\"@type\":\"ReadAction\",\"target\":[\"https:\\\/\\\/bazus.com\\\/sectors\\\/tampography-graphic-art-sector\\\/\"]}]},{\"@type\":\"BreadcrumbList\",\"@id\":\"https:\\\/\\\/bazus.com\\\/sectors\\\/tampography-graphic-art-sector\\\/#breadcrumb\",\"itemListElement\":[{\"@type\":\"ListItem\",\"position\":1,\"name\":\"Inicio\",\"item\":\"https:\\\/\\\/bazus.com\\\/fr\\\/\"},{\"@type\":\"ListItem\",\"position\":2,\"name\":\"Secteurs\",\"item\":\"https:\\\/\\\/bazus.com\\\/sectors\\\/\"},{\"@type\":\"ListItem\",\"position\":3,\"name\":\"Secteur Tampographie &#038; Art Graphique\"}]},{\"@type\":\"WebSite\",\"@id\":\"https:\\\/\\\/bazus.com\\\/#website\",\"url\":\"https:\\\/\\\/bazus.com\\\/\",\"name\":\"Bazus\",\"description\":\"Mesas de coordenadas confiables\",\"potentialAction\":[{\"@type\":\"SearchAction\",\"target\":{\"@type\":\"EntryPoint\",\"urlTemplate\":\"https:\\\/\\\/bazus.com\\\/?s={search_term_string}\"},\"query-input\":{\"@type\":\"PropertyValueSpecification\",\"valueRequired\":true,\"valueName\":\"search_term_string\"}}],\"inLanguage\":\"fr-FR\"}]}<\/script>\n<!-- \/ Yoast SEO plugin. -->","yoast_head_json":{"title":"Secteur Tampographie & Art Graphique - Bazus","robots":{"index":"index","follow":"follow","max-snippet":"max-snippet:-1","max-image-preview":"max-image-preview:large","max-video-preview":"max-video-preview:-1"},"canonical":"https:\/\/bazus.com\/sectors\/tampography-graphic-art-sector\/","og_locale":"fr_FR","og_type":"article","og_title":"Secteur Tampographie & Art Graphique - Bazus","og_description":"Apr\u00e8s une premi\u00e8re \u00e9tape o\u00f9 la tampographie \u00e9tait limit\u00e9e \u00e0 de petites pi\u00e8ces ou petites s\u00e9ries, la tampographie a cess\u00e9 de faire du travail secondaire dans la cha\u00eene de production et occupe une place importante dans les arts graphiques, l\u2019automobile, le secteur des jouets, les articles de bureau ou publicitaires, l\u2019industrie des boissons , appareils [&hellip;]","og_url":"https:\/\/bazus.com\/sectors\/tampography-graphic-art-sector\/","og_site_name":"Bazus","article_modified_time":"2020-10-26T12:00:11+00:00","twitter_card":"summary_large_image","twitter_misc":{"Dur\u00e9e de lecture estim\u00e9e":"1 minute"},"schema":{"@context":"https:\/\/schema.org","@graph":[{"@type":"WebPage","@id":"https:\/\/bazus.com\/sectors\/tampography-graphic-art-sector\/","url":"https:\/\/bazus.com\/sectors\/tampography-graphic-art-sector\/","name":"Secteur Tampographie & Art Graphique - Bazus","isPartOf":{"@id":"https:\/\/bazus.com\/#website"},"datePublished":"2019-11-22T17:43:16+00:00","dateModified":"2020-10-26T12:00:11+00:00","breadcrumb":{"@id":"https:\/\/bazus.com\/sectors\/tampography-graphic-art-sector\/#breadcrumb"},"inLanguage":"fr-FR","potentialAction":[{"@type":"ReadAction","target":["https:\/\/bazus.com\/sectors\/tampography-graphic-art-sector\/"]}]},{"@type":"BreadcrumbList","@id":"https:\/\/bazus.com\/sectors\/tampography-graphic-art-sector\/#breadcrumb","itemListElement":[{"@type":"ListItem","position":1,"name":"Inicio","item":"https:\/\/bazus.com\/fr\/"},{"@type":"ListItem","position":2,"name":"Secteurs","item":"https:\/\/bazus.com\/sectors\/"},{"@type":"ListItem","position":3,"name":"Secteur Tampographie &#038; Art Graphique"}]},{"@type":"WebSite","@id":"https:\/\/bazus.com\/#website","url":"https:\/\/bazus.com\/","name":"Bazus","description":"Mesas de coordenadas confiables","potentialAction":[{"@type":"SearchAction","target":{"@type":"EntryPoint","urlTemplate":"https:\/\/bazus.com\/?s={search_term_string}"},"query-input":{"@type":"PropertyValueSpecification","valueRequired":true,"valueName":"search_term_string"}}],"inLanguage":"fr-FR"}]}},"acf":[],"_links":{"self":[{"href":"https:\/\/bazus.com\/fr\/wp-json\/wp\/v2\/pages\/3768","targetHints":{"allow":["GET"]}}],"collection":[{"href":"https:\/\/bazus.com\/fr\/wp-json\/wp\/v2\/pages"}],"about":[{"href":"https:\/\/bazus.com\/fr\/wp-json\/wp\/v2\/types\/page"}],"author":[{"embeddable":true,"href":"https:\/\/bazus.com\/fr\/wp-json\/wp\/v2\/users\/1"}],"replies":[{"embeddable":true,"href":"https:\/\/bazus.com\/fr\/wp-json\/wp\/v2\/comments?post=3768"}],"version-history":[{"count":4,"href":"https:\/\/bazus.com\/fr\/wp-json\/wp\/v2\/pages\/3768\/revisions"}],"predecessor-version":[{"id":4086,"href":"https:\/\/bazus.com\/fr\/wp-json\/wp\/v2\/pages\/3768\/revisions\/4086"}],"up":[{"embeddable":true,"href":"https:\/\/bazus.com\/fr\/wp-json\/wp\/v2\/pages\/3775"}],"wp:attachment":[{"href":"https:\/\/bazus.com\/fr\/wp-json\/wp\/v2\/media?parent=3768"}],"curies":[{"name":"wp","href":"https:\/\/api.w.org\/{rel}","templated":true}]}}