{"id":3765,"date":"2019-11-22T18:43:16","date_gmt":"2019-11-22T17:43:16","guid":{"rendered":"https:\/\/bazus.com\/maquinaria-herramienta\/"},"modified":"2020-10-26T12:45:42","modified_gmt":"2020-10-26T11:45:42","slug":"secteur-des-machines-outils","status":"publish","type":"page","link":"https:\/\/bazus.com\/fr\/secteurs\/secteur-des-machines-outils\/","title":{"rendered":"Secteur des machines-outils"},"content":{"rendered":"<p>Le secteur des machines-outils est le principe de toute production industrielle, car il fournit des moyens productifs aux secteurs les plus importants de tout syst\u00e8me de production, distribution, commerce et consommation de biens et services d\u2019un pays. Nos clients les plus \u00e9minents proviennent du secteur automobile et de ses composants, de l\u2019industrie a\u00e9ronautique et a\u00e9rospatiale, du rail et des trains, de la production d\u2019\u00e9lectricit\u00e9, des entreprises de fabrication d\u2019appareils \u00e9lectrom\u00e9nagers, de la sous-traitance m\u00e9tallique et du secteur du moule et de la gravure.<\/p>\n<p>BAZUS se distingue par sa propre technologie, bas\u00e9e sur l\u2019effort constant de l\u2019entreprise en mati\u00e8re d\u2019innovation, de recherche et de d\u00e9veloppement pour atteindre une productivit\u00e9, une pr\u00e9cision, une flexibilit\u00e9 et une valeur ajout\u00e9e accrues dans le mouvement lin\u00e9aire.<\/p>\n","protected":false},"excerpt":{"rendered":"<p>Le secteur des machines-outils est le principe de toute production industrielle, car il fournit des moyens productifs aux secteurs les plus importants de tout syst\u00e8me de production, distribution, commerce et consommation de biens et services d\u2019un pays. Nos clients les plus \u00e9minents proviennent du secteur automobile et de ses composants, de l\u2019industrie a\u00e9ronautique et a\u00e9rospatiale, [&hellip;]<\/p>\n","protected":false},"author":1,"featured_media":0,"parent":3775,"menu_order":45,"comment_status":"closed","ping_status":"closed","template":"sector.php","meta":{"footnotes":""},"class_list":["post-3765","page","type-page","status-publish","hentry"],"yoast_head":"<!-- This site is optimized with the Yoast SEO plugin v27.5 - https:\/\/yoast.com\/product\/yoast-seo-wordpress\/ -->\n<title>Secteur des machines-outils - Bazus<\/title>\n<meta name=\"robots\" content=\"index, follow, max-snippet:-1, max-image-preview:large, max-video-preview:-1\" \/>\n<link rel=\"canonical\" href=\"https:\/\/bazus.com\/sectors\/machine-tool-sector\/\" \/>\n<meta property=\"og:locale\" content=\"fr_FR\" \/>\n<meta property=\"og:type\" content=\"article\" \/>\n<meta property=\"og:title\" content=\"Secteur des machines-outils - Bazus\" \/>\n<meta property=\"og:description\" content=\"Le secteur des machines-outils est le principe de toute production industrielle, car il fournit des moyens productifs aux secteurs les plus importants de tout syst\u00e8me de production, distribution, commerce et consommation de biens et services d\u2019un pays. Nos clients les plus \u00e9minents proviennent du secteur automobile et de ses composants, de l\u2019industrie a\u00e9ronautique et a\u00e9rospatiale, [&hellip;]\" \/>\n<meta property=\"og:url\" content=\"https:\/\/bazus.com\/sectors\/machine-tool-sector\/\" \/>\n<meta property=\"og:site_name\" content=\"Bazus\" \/>\n<meta property=\"article:modified_time\" content=\"2020-10-26T11:45:42+00:00\" \/>\n<meta name=\"twitter:card\" content=\"summary_large_image\" \/>\n<meta name=\"twitter:label1\" content=\"Dur\u00e9e de lecture estim\u00e9e\" \/>\n\t<meta name=\"twitter:data1\" content=\"1 minute\" \/>\n<script type=\"application\/ld+json\" class=\"yoast-schema-graph\">{\"@context\":\"https:\\\/\\\/schema.org\",\"@graph\":[{\"@type\":\"WebPage\",\"@id\":\"https:\\\/\\\/bazus.com\\\/sectors\\\/machine-tool-sector\\\/\",\"url\":\"https:\\\/\\\/bazus.com\\\/sectors\\\/machine-tool-sector\\\/\",\"name\":\"Secteur des machines-outils - Bazus\",\"isPartOf\":{\"@id\":\"https:\\\/\\\/bazus.com\\\/#website\"},\"datePublished\":\"2019-11-22T17:43:16+00:00\",\"dateModified\":\"2020-10-26T11:45:42+00:00\",\"breadcrumb\":{\"@id\":\"https:\\\/\\\/bazus.com\\\/sectors\\\/machine-tool-sector\\\/#breadcrumb\"},\"inLanguage\":\"fr-FR\",\"potentialAction\":[{\"@type\":\"ReadAction\",\"target\":[\"https:\\\/\\\/bazus.com\\\/sectors\\\/machine-tool-sector\\\/\"]}]},{\"@type\":\"BreadcrumbList\",\"@id\":\"https:\\\/\\\/bazus.com\\\/sectors\\\/machine-tool-sector\\\/#breadcrumb\",\"itemListElement\":[{\"@type\":\"ListItem\",\"position\":1,\"name\":\"Inicio\",\"item\":\"https:\\\/\\\/bazus.com\\\/fr\\\/\"},{\"@type\":\"ListItem\",\"position\":2,\"name\":\"Secteurs\",\"item\":\"https:\\\/\\\/bazus.com\\\/sectors\\\/\"},{\"@type\":\"ListItem\",\"position\":3,\"name\":\"Secteur des machines-outils\"}]},{\"@type\":\"WebSite\",\"@id\":\"https:\\\/\\\/bazus.com\\\/#website\",\"url\":\"https:\\\/\\\/bazus.com\\\/\",\"name\":\"Bazus\",\"description\":\"Mesas de coordenadas confiables\",\"potentialAction\":[{\"@type\":\"SearchAction\",\"target\":{\"@type\":\"EntryPoint\",\"urlTemplate\":\"https:\\\/\\\/bazus.com\\\/?s={search_term_string}\"},\"query-input\":{\"@type\":\"PropertyValueSpecification\",\"valueRequired\":true,\"valueName\":\"search_term_string\"}}],\"inLanguage\":\"fr-FR\"}]}<\/script>\n<!-- \/ Yoast SEO plugin. -->","yoast_head_json":{"title":"Secteur des machines-outils - Bazus","robots":{"index":"index","follow":"follow","max-snippet":"max-snippet:-1","max-image-preview":"max-image-preview:large","max-video-preview":"max-video-preview:-1"},"canonical":"https:\/\/bazus.com\/sectors\/machine-tool-sector\/","og_locale":"fr_FR","og_type":"article","og_title":"Secteur des machines-outils - Bazus","og_description":"Le secteur des machines-outils est le principe de toute production industrielle, car il fournit des moyens productifs aux secteurs les plus importants de tout syst\u00e8me de production, distribution, commerce et consommation de biens et services d\u2019un pays. Nos clients les plus \u00e9minents proviennent du secteur automobile et de ses composants, de l\u2019industrie a\u00e9ronautique et a\u00e9rospatiale, [&hellip;]","og_url":"https:\/\/bazus.com\/sectors\/machine-tool-sector\/","og_site_name":"Bazus","article_modified_time":"2020-10-26T11:45:42+00:00","twitter_card":"summary_large_image","twitter_misc":{"Dur\u00e9e de lecture estim\u00e9e":"1 minute"},"schema":{"@context":"https:\/\/schema.org","@graph":[{"@type":"WebPage","@id":"https:\/\/bazus.com\/sectors\/machine-tool-sector\/","url":"https:\/\/bazus.com\/sectors\/machine-tool-sector\/","name":"Secteur des machines-outils - Bazus","isPartOf":{"@id":"https:\/\/bazus.com\/#website"},"datePublished":"2019-11-22T17:43:16+00:00","dateModified":"2020-10-26T11:45:42+00:00","breadcrumb":{"@id":"https:\/\/bazus.com\/sectors\/machine-tool-sector\/#breadcrumb"},"inLanguage":"fr-FR","potentialAction":[{"@type":"ReadAction","target":["https:\/\/bazus.com\/sectors\/machine-tool-sector\/"]}]},{"@type":"BreadcrumbList","@id":"https:\/\/bazus.com\/sectors\/machine-tool-sector\/#breadcrumb","itemListElement":[{"@type":"ListItem","position":1,"name":"Inicio","item":"https:\/\/bazus.com\/fr\/"},{"@type":"ListItem","position":2,"name":"Secteurs","item":"https:\/\/bazus.com\/sectors\/"},{"@type":"ListItem","position":3,"name":"Secteur des machines-outils"}]},{"@type":"WebSite","@id":"https:\/\/bazus.com\/#website","url":"https:\/\/bazus.com\/","name":"Bazus","description":"Mesas de coordenadas confiables","potentialAction":[{"@type":"SearchAction","target":{"@type":"EntryPoint","urlTemplate":"https:\/\/bazus.com\/?s={search_term_string}"},"query-input":{"@type":"PropertyValueSpecification","valueRequired":true,"valueName":"search_term_string"}}],"inLanguage":"fr-FR"}]}},"acf":[],"_links":{"self":[{"href":"https:\/\/bazus.com\/fr\/wp-json\/wp\/v2\/pages\/3765","targetHints":{"allow":["GET"]}}],"collection":[{"href":"https:\/\/bazus.com\/fr\/wp-json\/wp\/v2\/pages"}],"about":[{"href":"https:\/\/bazus.com\/fr\/wp-json\/wp\/v2\/types\/page"}],"author":[{"embeddable":true,"href":"https:\/\/bazus.com\/fr\/wp-json\/wp\/v2\/users\/1"}],"replies":[{"embeddable":true,"href":"https:\/\/bazus.com\/fr\/wp-json\/wp\/v2\/comments?post=3765"}],"version-history":[{"count":5,"href":"https:\/\/bazus.com\/fr\/wp-json\/wp\/v2\/pages\/3765\/revisions"}],"predecessor-version":[{"id":4211,"href":"https:\/\/bazus.com\/fr\/wp-json\/wp\/v2\/pages\/3765\/revisions\/4211"}],"up":[{"embeddable":true,"href":"https:\/\/bazus.com\/fr\/wp-json\/wp\/v2\/pages\/3775"}],"wp:attachment":[{"href":"https:\/\/bazus.com\/fr\/wp-json\/wp\/v2\/media?parent=3765"}],"curies":[{"name":"wp","href":"https:\/\/api.w.org\/{rel}","templated":true}]}}