{"id":3756,"date":"2019-11-22T18:43:16","date_gmt":"2019-11-22T17:43:16","guid":{"rendered":"https:\/\/bazus.com\/ferrocarril\/"},"modified":"2020-10-26T12:57:51","modified_gmt":"2020-10-26T11:57:51","slug":"train-chemin-de-fer","status":"publish","type":"page","link":"https:\/\/bazus.com\/fr\/secteurs\/train-chemin-de-fer\/","title":{"rendered":"Train: Chemin de fer"},"content":{"rendered":"<p>Le train est un syst\u00e8me de transport de personnes et de marchandises guid\u00e9 sur un chemin de fer. Il s\u2019agit d\u2019un transport pr\u00e9sentant des avantages comparatifs sous certains aspects, tels que la consommation de carburant par tonne \/ kilom\u00e8tre transport\u00e9e, l\u2019entit\u00e9 de l\u2019impact environnemental qu\u2019il provoque ou la possibilit\u00e9 de r\u00e9aliser des transports en commun, ce qui rend son utilisation pertinente dans le monde moderne.<\/p>\n<p>L\u2019innovation dans les nouveaux syst\u00e8mes, notamment dans les domaines de la grande vitesse, fait du secteur ferroviaire et de toutes les industries auxiliaires qui lui sont associ\u00e9es, un acteur majeur du d\u00e9veloppement industriel des prochaines d\u00e9cennies.<\/p>\n<p>Les grandes dimensions de nombreux composants ferroviaires, ainsi que la sp\u00e9cificit\u00e9 de la technologie ferroviaire, n\u00e9cessitent un partenaire tel que BAZUS qui peut proposer des solutions sur mesure en peu de temps.<\/p>\n","protected":false},"excerpt":{"rendered":"<p>Le train est un syst\u00e8me de transport de personnes et de marchandises guid\u00e9 sur un chemin de fer. Il s\u2019agit d\u2019un transport pr\u00e9sentant des avantages comparatifs sous certains aspects, tels que la consommation de carburant par tonne \/ kilom\u00e8tre transport\u00e9e, l\u2019entit\u00e9 de l\u2019impact environnemental qu\u2019il provoque ou la possibilit\u00e9 de r\u00e9aliser des transports en commun, [&hellip;]<\/p>\n","protected":false},"author":1,"featured_media":0,"parent":3775,"menu_order":43,"comment_status":"closed","ping_status":"closed","template":"sector.php","meta":{"footnotes":""},"class_list":["post-3756","page","type-page","status-publish","hentry"],"yoast_head":"<!-- This site is optimized with the Yoast SEO plugin v27.5 - https:\/\/yoast.com\/product\/yoast-seo-wordpress\/ -->\n<title>Train: Chemin de fer - Bazus<\/title>\n<meta name=\"robots\" content=\"index, follow, max-snippet:-1, max-image-preview:large, max-video-preview:-1\" \/>\n<link rel=\"canonical\" href=\"https:\/\/bazus.com\/sectors\/railway\/\" \/>\n<meta property=\"og:locale\" content=\"fr_FR\" \/>\n<meta property=\"og:type\" content=\"article\" \/>\n<meta property=\"og:title\" content=\"Train: Chemin de fer - Bazus\" \/>\n<meta property=\"og:description\" content=\"Le train est un syst\u00e8me de transport de personnes et de marchandises guid\u00e9 sur un chemin de fer. Il s\u2019agit d\u2019un transport pr\u00e9sentant des avantages comparatifs sous certains aspects, tels que la consommation de carburant par tonne \/ kilom\u00e8tre transport\u00e9e, l\u2019entit\u00e9 de l\u2019impact environnemental qu\u2019il provoque ou la possibilit\u00e9 de r\u00e9aliser des transports en commun, [&hellip;]\" \/>\n<meta property=\"og:url\" content=\"https:\/\/bazus.com\/sectors\/railway\/\" \/>\n<meta property=\"og:site_name\" content=\"Bazus\" \/>\n<meta property=\"article:modified_time\" content=\"2020-10-26T11:57:51+00:00\" \/>\n<meta name=\"twitter:card\" content=\"summary_large_image\" \/>\n<meta name=\"twitter:label1\" content=\"Dur\u00e9e de lecture estim\u00e9e\" \/>\n\t<meta name=\"twitter:data1\" content=\"1 minute\" \/>\n<script type=\"application\/ld+json\" class=\"yoast-schema-graph\">{\"@context\":\"https:\\\/\\\/schema.org\",\"@graph\":[{\"@type\":\"WebPage\",\"@id\":\"https:\\\/\\\/bazus.com\\\/sectors\\\/railway\\\/\",\"url\":\"https:\\\/\\\/bazus.com\\\/sectors\\\/railway\\\/\",\"name\":\"Train: Chemin de fer - Bazus\",\"isPartOf\":{\"@id\":\"https:\\\/\\\/bazus.com\\\/#website\"},\"datePublished\":\"2019-11-22T17:43:16+00:00\",\"dateModified\":\"2020-10-26T11:57:51+00:00\",\"breadcrumb\":{\"@id\":\"https:\\\/\\\/bazus.com\\\/sectors\\\/railway\\\/#breadcrumb\"},\"inLanguage\":\"fr-FR\",\"potentialAction\":[{\"@type\":\"ReadAction\",\"target\":[\"https:\\\/\\\/bazus.com\\\/sectors\\\/railway\\\/\"]}]},{\"@type\":\"BreadcrumbList\",\"@id\":\"https:\\\/\\\/bazus.com\\\/sectors\\\/railway\\\/#breadcrumb\",\"itemListElement\":[{\"@type\":\"ListItem\",\"position\":1,\"name\":\"Inicio\",\"item\":\"https:\\\/\\\/bazus.com\\\/fr\\\/\"},{\"@type\":\"ListItem\",\"position\":2,\"name\":\"Secteurs\",\"item\":\"https:\\\/\\\/bazus.com\\\/sectors\\\/\"},{\"@type\":\"ListItem\",\"position\":3,\"name\":\"Train: Chemin de fer\"}]},{\"@type\":\"WebSite\",\"@id\":\"https:\\\/\\\/bazus.com\\\/#website\",\"url\":\"https:\\\/\\\/bazus.com\\\/\",\"name\":\"Bazus\",\"description\":\"Mesas de coordenadas confiables\",\"potentialAction\":[{\"@type\":\"SearchAction\",\"target\":{\"@type\":\"EntryPoint\",\"urlTemplate\":\"https:\\\/\\\/bazus.com\\\/?s={search_term_string}\"},\"query-input\":{\"@type\":\"PropertyValueSpecification\",\"valueRequired\":true,\"valueName\":\"search_term_string\"}}],\"inLanguage\":\"fr-FR\"}]}<\/script>\n<!-- \/ Yoast SEO plugin. -->","yoast_head_json":{"title":"Train: Chemin de fer - Bazus","robots":{"index":"index","follow":"follow","max-snippet":"max-snippet:-1","max-image-preview":"max-image-preview:large","max-video-preview":"max-video-preview:-1"},"canonical":"https:\/\/bazus.com\/sectors\/railway\/","og_locale":"fr_FR","og_type":"article","og_title":"Train: Chemin de fer - Bazus","og_description":"Le train est un syst\u00e8me de transport de personnes et de marchandises guid\u00e9 sur un chemin de fer. Il s\u2019agit d\u2019un transport pr\u00e9sentant des avantages comparatifs sous certains aspects, tels que la consommation de carburant par tonne \/ kilom\u00e8tre transport\u00e9e, l\u2019entit\u00e9 de l\u2019impact environnemental qu\u2019il provoque ou la possibilit\u00e9 de r\u00e9aliser des transports en commun, [&hellip;]","og_url":"https:\/\/bazus.com\/sectors\/railway\/","og_site_name":"Bazus","article_modified_time":"2020-10-26T11:57:51+00:00","twitter_card":"summary_large_image","twitter_misc":{"Dur\u00e9e de lecture estim\u00e9e":"1 minute"},"schema":{"@context":"https:\/\/schema.org","@graph":[{"@type":"WebPage","@id":"https:\/\/bazus.com\/sectors\/railway\/","url":"https:\/\/bazus.com\/sectors\/railway\/","name":"Train: Chemin de fer - Bazus","isPartOf":{"@id":"https:\/\/bazus.com\/#website"},"datePublished":"2019-11-22T17:43:16+00:00","dateModified":"2020-10-26T11:57:51+00:00","breadcrumb":{"@id":"https:\/\/bazus.com\/sectors\/railway\/#breadcrumb"},"inLanguage":"fr-FR","potentialAction":[{"@type":"ReadAction","target":["https:\/\/bazus.com\/sectors\/railway\/"]}]},{"@type":"BreadcrumbList","@id":"https:\/\/bazus.com\/sectors\/railway\/#breadcrumb","itemListElement":[{"@type":"ListItem","position":1,"name":"Inicio","item":"https:\/\/bazus.com\/fr\/"},{"@type":"ListItem","position":2,"name":"Secteurs","item":"https:\/\/bazus.com\/sectors\/"},{"@type":"ListItem","position":3,"name":"Train: Chemin de fer"}]},{"@type":"WebSite","@id":"https:\/\/bazus.com\/#website","url":"https:\/\/bazus.com\/","name":"Bazus","description":"Mesas de coordenadas confiables","potentialAction":[{"@type":"SearchAction","target":{"@type":"EntryPoint","urlTemplate":"https:\/\/bazus.com\/?s={search_term_string}"},"query-input":{"@type":"PropertyValueSpecification","valueRequired":true,"valueName":"search_term_string"}}],"inLanguage":"fr-FR"}]}},"acf":[],"_links":{"self":[{"href":"https:\/\/bazus.com\/fr\/wp-json\/wp\/v2\/pages\/3756","targetHints":{"allow":["GET"]}}],"collection":[{"href":"https:\/\/bazus.com\/fr\/wp-json\/wp\/v2\/pages"}],"about":[{"href":"https:\/\/bazus.com\/fr\/wp-json\/wp\/v2\/types\/page"}],"author":[{"embeddable":true,"href":"https:\/\/bazus.com\/fr\/wp-json\/wp\/v2\/users\/1"}],"replies":[{"embeddable":true,"href":"https:\/\/bazus.com\/fr\/wp-json\/wp\/v2\/comments?post=3756"}],"version-history":[{"count":3,"href":"https:\/\/bazus.com\/fr\/wp-json\/wp\/v2\/pages\/3756\/revisions"}],"predecessor-version":[{"id":4084,"href":"https:\/\/bazus.com\/fr\/wp-json\/wp\/v2\/pages\/3756\/revisions\/4084"}],"up":[{"embeddable":true,"href":"https:\/\/bazus.com\/fr\/wp-json\/wp\/v2\/pages\/3775"}],"wp:attachment":[{"href":"https:\/\/bazus.com\/fr\/wp-json\/wp\/v2\/media?parent=3756"}],"curies":[{"name":"wp","href":"https:\/\/api.w.org\/{rel}","templated":true}]}}