{"id":3754,"date":"2019-11-12T10:07:30","date_gmt":"2019-11-12T09:07:30","guid":{"rendered":"https:\/\/bazus.com\/tables-de-coordonnees-x\/cp-mesa-estandar-x-horizontal-o-vertical\/"},"modified":"2021-04-30T10:57:29","modified_gmt":"2021-04-30T08:57:29","slug":"cp-table-standard-x-horizontale-ou-verticale","status":"publish","type":"page","link":"https:\/\/bazus.com\/fr\/tables-de-coordonnees-x\/cp-table-standard-x-horizontale-ou-verticale\/","title":{"rendered":"CP Table standard X (horizontale ou verticale)"},"content":{"rendered":"<p>Table multifonctionnelle l\u00e9g\u00e8re avec un seul axe X pour application de d\u00e9placement lin\u00e9aire.<\/p>\n<p>Con\u00e7ue pour un travail de pr\u00e9cision, la s\u00e9rie d\u2019unit\u00e9s lin\u00e9aires CP est optimale pour le positionnement, le forage vertical, le forage horizontal, le soudage et toute autre application m\u00e9canique n\u00e9cessitant un contr\u00f4le de position pr\u00e9cis.<\/p>\n<p>La conception solide et robuste de la table lin\u00e9aire permet d\u2019effectuer un grand nombre de travaux tout en conservant la pr\u00e9cision de positionnement et la r\u00e9p\u00e9tabilit\u00e9 dans tout type de positionnement lin\u00e9aire. Une table de coordonn\u00e9es classique de l\u2019industrie qui garantit une longue dur\u00e9e de vie.<\/p>\n<p>Tous les \u00e9l\u00e9ments de la s\u00e9rie CP de tables de coordonn\u00e9es manuelles sont en fonte (fonte grise GG25 stabilis\u00e9e de haute qualit\u00e9), conf\u00e9rant une rigidit\u00e9 m\u00e9canique extraordinaire.<\/p>\n","protected":false},"excerpt":{"rendered":"<p>Table multifonctionnelle l\u00e9g\u00e8re avec un seul axe X pour application de d\u00e9placement lin\u00e9aire. Con\u00e7ue pour un travail de pr\u00e9cision, la s\u00e9rie d\u2019unit\u00e9s lin\u00e9aires CP est optimale pour le positionnement, le forage vertical, le forage horizontal, le soudage et toute autre application m\u00e9canique n\u00e9cessitant un contr\u00f4le de position pr\u00e9cis. La conception solide et robuste de la [&hellip;]<\/p>\n","protected":false},"author":1,"featured_media":346,"parent":3633,"menu_order":1,"comment_status":"closed","ping_status":"closed","template":"producto.php","meta":[],"yoast_head":"<!-- This site is optimized with the Yoast SEO plugin v14.6.1 - https:\/\/yoast.com\/wordpress\/plugins\/seo\/ -->\n<title>CP Table standard X (horizontale ou verticale) - Bazus<\/title>\n<meta name=\"robots\" content=\"index, follow\" \/>\n<meta name=\"googlebot\" content=\"index, follow, max-snippet:-1, max-image-preview:large, max-video-preview:-1\" \/>\n<meta name=\"bingbot\" content=\"index, follow, max-snippet:-1, max-image-preview:large, max-video-preview:-1\" \/>\n<link rel=\"canonical\" href=\"https:\/\/bazus.com\/fr\/tables-de-coordonnees-x\/cp-table-standard-x-horizontale-ou-verticale\/\" \/>\n<meta property=\"og:locale\" content=\"fr_FR\" \/>\n<meta property=\"og:type\" content=\"article\" \/>\n<meta property=\"og:title\" content=\"CP Table standard X (horizontale ou verticale) - Bazus\" \/>\n<meta property=\"og:description\" content=\"Table multifonctionnelle l\u00e9g\u00e8re avec un seul axe X pour application de d\u00e9placement lin\u00e9aire. Con\u00e7ue pour un travail de pr\u00e9cision, la s\u00e9rie d\u2019unit\u00e9s lin\u00e9aires CP est optimale pour le positionnement, le forage vertical, le forage horizontal, le soudage et toute autre application m\u00e9canique n\u00e9cessitant un contr\u00f4le de position pr\u00e9cis. La conception solide et robuste de la [&hellip;]\" \/>\n<meta property=\"og:url\" content=\"https:\/\/bazus.com\/fr\/tables-de-coordonnees-x\/cp-table-standard-x-horizontale-ou-verticale\/\" \/>\n<meta property=\"og:site_name\" content=\"Bazus\" \/>\n<meta property=\"article:author\" content=\"https:\/\/www.facebook.com\/kmdevs\/\" \/>\n<meta property=\"article:modified_time\" content=\"2021-04-30T08:57:29+00:00\" \/>\n<meta property=\"og:image\" content=\"https:\/\/bazus.com\/wp-content\/uploads\/2020\/08\/CP-0_A.jpg\" \/>\n\t<meta property=\"og:image:width\" content=\"1920\" \/>\n\t<meta property=\"og:image:height\" content=\"1080\" \/>\n<meta name=\"twitter:card\" content=\"summary_large_image\" \/>\n<meta name=\"twitter:creator\" content=\"@km_devs\" \/>\n<script type=\"application\/ld+json\" class=\"yoast-schema-graph\">{\"@context\":\"https:\/\/schema.org\",\"@graph\":[{\"@type\":\"WebSite\",\"@id\":\"https:\/\/bazus.com\/fr\/#website\",\"url\":\"https:\/\/bazus.com\/fr\/\",\"name\":\"Bazus\",\"description\":\"Mesas de coordenadas confiables\",\"potentialAction\":[{\"@type\":\"SearchAction\",\"target\":\"https:\/\/bazus.com\/fr\/?s={search_term_string}\",\"query-input\":\"required name=search_term_string\"}],\"inLanguage\":\"fr-FR\"},{\"@type\":\"ImageObject\",\"@id\":\"https:\/\/bazus.com\/fr\/tables-de-coordonnees-x\/cp-table-standard-x-horizontale-ou-verticale\/#primaryimage\",\"inLanguage\":\"fr-FR\",\"url\":\"https:\/\/bazus.com\/wp-content\/uploads\/2020\/08\/CP-0_A.jpg\",\"width\":1920,\"height\":1080},{\"@type\":\"WebPage\",\"@id\":\"https:\/\/bazus.com\/fr\/tables-de-coordonnees-x\/cp-table-standard-x-horizontale-ou-verticale\/#webpage\",\"url\":\"https:\/\/bazus.com\/fr\/tables-de-coordonnees-x\/cp-table-standard-x-horizontale-ou-verticale\/\",\"name\":\"CP Table standard X (horizontale ou verticale) - Bazus\",\"isPartOf\":{\"@id\":\"https:\/\/bazus.com\/fr\/#website\"},\"primaryImageOfPage\":{\"@id\":\"https:\/\/bazus.com\/fr\/tables-de-coordonnees-x\/cp-table-standard-x-horizontale-ou-verticale\/#primaryimage\"},\"datePublished\":\"2019-11-12T09:07:30+00:00\",\"dateModified\":\"2021-04-30T08:57:29+00:00\",\"breadcrumb\":{\"@id\":\"https:\/\/bazus.com\/fr\/tables-de-coordonnees-x\/cp-table-standard-x-horizontale-ou-verticale\/#breadcrumb\"},\"inLanguage\":\"fr-FR\",\"potentialAction\":[{\"@type\":\"ReadAction\",\"target\":[\"https:\/\/bazus.com\/fr\/tables-de-coordonnees-x\/cp-table-standard-x-horizontale-ou-verticale\/\"]}]},{\"@type\":\"BreadcrumbList\",\"@id\":\"https:\/\/bazus.com\/fr\/tables-de-coordonnees-x\/cp-table-standard-x-horizontale-ou-verticale\/#breadcrumb\",\"itemListElement\":[{\"@type\":\"ListItem\",\"position\":1,\"item\":{\"@type\":\"WebPage\",\"@id\":\"https:\/\/bazus.com\/fr\/\",\"url\":\"https:\/\/bazus.com\/fr\/\",\"name\":\"Inicio\"}},{\"@type\":\"ListItem\",\"position\":2,\"item\":{\"@type\":\"WebPage\",\"@id\":\"https:\/\/bazus.com\/fr\/tables-de-coordonnees-x\/\",\"url\":\"https:\/\/bazus.com\/fr\/tables-de-coordonnees-x\/\",\"name\":\"Tables de coordonn\\u00e9es X\"}},{\"@type\":\"ListItem\",\"position\":3,\"item\":{\"@type\":\"WebPage\",\"@id\":\"https:\/\/bazus.com\/fr\/tables-de-coordonnees-x\/cp-table-standard-x-horizontale-ou-verticale\/\",\"url\":\"https:\/\/bazus.com\/fr\/tables-de-coordonnees-x\/cp-table-standard-x-horizontale-ou-verticale\/\",\"name\":\"CP Table standard X (horizontale ou verticale)\"}}]}]}<\/script>\n<!-- \/ Yoast SEO plugin. -->","acf":[],"_links":{"self":[{"href":"https:\/\/bazus.com\/fr\/wp-json\/wp\/v2\/pages\/3754"}],"collection":[{"href":"https:\/\/bazus.com\/fr\/wp-json\/wp\/v2\/pages"}],"about":[{"href":"https:\/\/bazus.com\/fr\/wp-json\/wp\/v2\/types\/page"}],"author":[{"embeddable":true,"href":"https:\/\/bazus.com\/fr\/wp-json\/wp\/v2\/users\/1"}],"replies":[{"embeddable":true,"href":"https:\/\/bazus.com\/fr\/wp-json\/wp\/v2\/comments?post=3754"}],"version-history":[{"count":5,"href":"https:\/\/bazus.com\/fr\/wp-json\/wp\/v2\/pages\/3754\/revisions"}],"predecessor-version":[{"id":5132,"href":"https:\/\/bazus.com\/fr\/wp-json\/wp\/v2\/pages\/3754\/revisions\/5132"}],"up":[{"embeddable":true,"href":"https:\/\/bazus.com\/fr\/wp-json\/wp\/v2\/pages\/3633"}],"wp:featuredmedia":[{"embeddable":true,"href":"https:\/\/bazus.com\/fr\/wp-json\/wp\/v2\/media\/346"}],"wp:attachment":[{"href":"https:\/\/bazus.com\/fr\/wp-json\/wp\/v2\/media?parent=3754"}],"curies":[{"name":"wp","href":"https:\/\/api.w.org\/{rel}","templated":true}]}}