{"id":3749,"date":"2019-11-22T18:43:16","date_gmt":"2019-11-22T17:43:16","guid":{"rendered":"https:\/\/bazus.com\/aeronautica\/"},"modified":"2020-10-26T12:56:57","modified_gmt":"2020-10-26T11:56:57","slug":"aeronautiques","status":"publish","type":"page","link":"https:\/\/bazus.com\/fr\/secteurs\/aeronautiques\/","title":{"rendered":"A\u00e9ronautiques"},"content":{"rendered":"<p>L\u2019a\u00e9ronautique est la discipline d\u00e9di\u00e9e \u00e0 l\u2019\u00e9tude, \u00e0 la conception et \u00e0 la fabrication de dispositifs m\u00e9caniques capables de s\u2019\u00e9lever en vol, ainsi qu\u2019\u00e0 l\u2019ensemble des techniques permettant le contr\u00f4le des avions. L\u2019a\u00e9ronautique comprend \u00e9galement l\u2019a\u00e9rodynamique, qui \u00e9tudie le mouvement et le comportement de l\u2019air lorsqu\u2019un objet se d\u00e9place \u00e0 l\u2019int\u00e9rieur, comme cela se produit avec les avions.<\/p>\n<p>Le secteur est domin\u00e9 par de grandes soci\u00e9t\u00e9s priv\u00e9es et entit\u00e9s publiques pour la r\u00e9glementation et le contr\u00f4le de la s\u00e9curit\u00e9. Ces grandes entreprises font de gros efforts d\u2019innovation et de d\u00e9veloppement pour am\u00e9liorer les composants, concevoir de nouveaux mat\u00e9riaux plus l\u00e9gers et plus r\u00e9sistants et augmenter la s\u00e9curit\u00e9 de leurs avions et de tous ses composants.<\/p>\n","protected":false},"excerpt":{"rendered":"<p>L\u2019a\u00e9ronautique est la discipline d\u00e9di\u00e9e \u00e0 l\u2019\u00e9tude, \u00e0 la conception et \u00e0 la fabrication de dispositifs m\u00e9caniques capables de s\u2019\u00e9lever en vol, ainsi qu\u2019\u00e0 l\u2019ensemble des techniques permettant le contr\u00f4le des avions. L\u2019a\u00e9ronautique comprend \u00e9galement l\u2019a\u00e9rodynamique, qui \u00e9tudie le mouvement et le comportement de l\u2019air lorsqu\u2019un objet se d\u00e9place \u00e0 l\u2019int\u00e9rieur, comme cela se produit [&hellip;]<\/p>\n","protected":false},"author":1,"featured_media":0,"parent":3775,"menu_order":42,"comment_status":"closed","ping_status":"closed","template":"sector.php","meta":[],"yoast_head":"<!-- This site is optimized with the Yoast SEO plugin v14.6.1 - https:\/\/yoast.com\/wordpress\/plugins\/seo\/ -->\n<title>A\u00e9ronautiques - Bazus<\/title>\n<meta name=\"robots\" content=\"index, follow\" \/>\n<meta name=\"googlebot\" content=\"index, follow, max-snippet:-1, max-image-preview:large, max-video-preview:-1\" \/>\n<meta name=\"bingbot\" content=\"index, follow, max-snippet:-1, max-image-preview:large, max-video-preview:-1\" \/>\n<link rel=\"canonical\" href=\"https:\/\/bazus.com\/fr\/secteurs\/aeronautiques\/\" \/>\n<meta property=\"og:locale\" content=\"fr_FR\" \/>\n<meta property=\"og:type\" content=\"article\" \/>\n<meta property=\"og:title\" content=\"A\u00e9ronautiques - Bazus\" \/>\n<meta property=\"og:description\" content=\"L\u2019a\u00e9ronautique est la discipline d\u00e9di\u00e9e \u00e0 l\u2019\u00e9tude, \u00e0 la conception et \u00e0 la fabrication de dispositifs m\u00e9caniques capables de s\u2019\u00e9lever en vol, ainsi qu\u2019\u00e0 l\u2019ensemble des techniques permettant le contr\u00f4le des avions. L\u2019a\u00e9ronautique comprend \u00e9galement l\u2019a\u00e9rodynamique, qui \u00e9tudie le mouvement et le comportement de l\u2019air lorsqu\u2019un objet se d\u00e9place \u00e0 l\u2019int\u00e9rieur, comme cela se produit [&hellip;]\" \/>\n<meta property=\"og:url\" content=\"https:\/\/bazus.com\/fr\/secteurs\/aeronautiques\/\" \/>\n<meta property=\"og:site_name\" content=\"Bazus\" \/>\n<meta property=\"article:author\" content=\"https:\/\/www.facebook.com\/kmdevs\/\" \/>\n<meta property=\"article:modified_time\" content=\"2020-10-26T11:56:57+00:00\" \/>\n<meta name=\"twitter:card\" content=\"summary_large_image\" \/>\n<meta name=\"twitter:creator\" content=\"@km_devs\" \/>\n<script type=\"application\/ld+json\" class=\"yoast-schema-graph\">{\"@context\":\"https:\/\/schema.org\",\"@graph\":[{\"@type\":\"WebSite\",\"@id\":\"https:\/\/bazus.com\/fr\/#website\",\"url\":\"https:\/\/bazus.com\/fr\/\",\"name\":\"Bazus\",\"description\":\"Mesas de coordenadas confiables\",\"potentialAction\":[{\"@type\":\"SearchAction\",\"target\":\"https:\/\/bazus.com\/fr\/?s={search_term_string}\",\"query-input\":\"required name=search_term_string\"}],\"inLanguage\":\"fr-FR\"},{\"@type\":\"WebPage\",\"@id\":\"https:\/\/bazus.com\/fr\/secteurs\/aeronautiques\/#webpage\",\"url\":\"https:\/\/bazus.com\/fr\/secteurs\/aeronautiques\/\",\"name\":\"A\\u00e9ronautiques - Bazus\",\"isPartOf\":{\"@id\":\"https:\/\/bazus.com\/fr\/#website\"},\"datePublished\":\"2019-11-22T17:43:16+00:00\",\"dateModified\":\"2020-10-26T11:56:57+00:00\",\"breadcrumb\":{\"@id\":\"https:\/\/bazus.com\/fr\/secteurs\/aeronautiques\/#breadcrumb\"},\"inLanguage\":\"fr-FR\",\"potentialAction\":[{\"@type\":\"ReadAction\",\"target\":[\"https:\/\/bazus.com\/fr\/secteurs\/aeronautiques\/\"]}]},{\"@type\":\"BreadcrumbList\",\"@id\":\"https:\/\/bazus.com\/fr\/secteurs\/aeronautiques\/#breadcrumb\",\"itemListElement\":[{\"@type\":\"ListItem\",\"position\":1,\"item\":{\"@type\":\"WebPage\",\"@id\":\"https:\/\/bazus.com\/fr\/\",\"url\":\"https:\/\/bazus.com\/fr\/\",\"name\":\"Inicio\"}},{\"@type\":\"ListItem\",\"position\":2,\"item\":{\"@type\":\"WebPage\",\"@id\":\"https:\/\/bazus.com\/fr\/secteurs\/\",\"url\":\"https:\/\/bazus.com\/fr\/secteurs\/\",\"name\":\"Secteurs\"}},{\"@type\":\"ListItem\",\"position\":3,\"item\":{\"@type\":\"WebPage\",\"@id\":\"https:\/\/bazus.com\/fr\/secteurs\/aeronautiques\/\",\"url\":\"https:\/\/bazus.com\/fr\/secteurs\/aeronautiques\/\",\"name\":\"A\\u00e9ronautiques\"}}]}]}<\/script>\n<!-- \/ Yoast SEO plugin. -->","acf":[],"_links":{"self":[{"href":"https:\/\/bazus.com\/fr\/wp-json\/wp\/v2\/pages\/3749"}],"collection":[{"href":"https:\/\/bazus.com\/fr\/wp-json\/wp\/v2\/pages"}],"about":[{"href":"https:\/\/bazus.com\/fr\/wp-json\/wp\/v2\/types\/page"}],"author":[{"embeddable":true,"href":"https:\/\/bazus.com\/fr\/wp-json\/wp\/v2\/users\/1"}],"replies":[{"embeddable":true,"href":"https:\/\/bazus.com\/fr\/wp-json\/wp\/v2\/comments?post=3749"}],"version-history":[{"count":3,"href":"https:\/\/bazus.com\/fr\/wp-json\/wp\/v2\/pages\/3749\/revisions"}],"predecessor-version":[{"id":4082,"href":"https:\/\/bazus.com\/fr\/wp-json\/wp\/v2\/pages\/3749\/revisions\/4082"}],"up":[{"embeddable":true,"href":"https:\/\/bazus.com\/fr\/wp-json\/wp\/v2\/pages\/3775"}],"wp:attachment":[{"href":"https:\/\/bazus.com\/fr\/wp-json\/wp\/v2\/media?parent=3749"}],"curies":[{"name":"wp","href":"https:\/\/api.w.org\/{rel}","templated":true}]}}