{"id":3735,"date":"2019-11-22T18:43:16","date_gmt":"2019-11-22T17:43:16","guid":{"rendered":"https:\/\/bazus.com\/ingenieria-de-sistemas-y-automatica-universidades-y-centros-investigacion\/"},"modified":"2020-10-26T12:54:31","modified_gmt":"2020-10-26T11:54:31","slug":"systemes-et-ingenierie-automatique-universites-et-centres-de-recherche","status":"publish","type":"page","link":"https:\/\/bazus.com\/fr\/secteurs\/systemes-et-ingenierie-automatique-universites-et-centres-de-recherche\/","title":{"rendered":"Syst\u00e8mes et ing\u00e9nierie automatique. Universit\u00e9s et centres de recherche"},"content":{"rendered":"<p>Compte tenu de la nature interactive du processus d\u2019innovation technologique, il est de plus en plus courant que les entreprises coop\u00e8rent avec d\u2019autres organisations pour mener des activit\u00e9s de recherche et de d\u00e9veloppement technologique.<\/p>\n<p>En ce sens, les r\u00e9seaux de coop\u00e9ration technologique et d\u2019innovation, notamment dans les pays europ\u00e9ens, permettent de stimuler les interactions et les transferts entre les diff\u00e9rents agents associ\u00e9s et sont particuli\u00e8rement utiles pour accro\u00eetre la recherche et l\u2019internationalisation de l\u2019industrie.<\/p>\n","protected":false},"excerpt":{"rendered":"<p>Compte tenu de la nature interactive du processus d\u2019innovation technologique, il est de plus en plus courant que les entreprises coop\u00e8rent avec d\u2019autres organisations pour mener des activit\u00e9s de recherche et de d\u00e9veloppement technologique. En ce sens, les r\u00e9seaux de coop\u00e9ration technologique et d\u2019innovation, notamment dans les pays europ\u00e9ens, permettent de stimuler les interactions et [&hellip;]<\/p>\n","protected":false},"author":1,"featured_media":0,"parent":3775,"menu_order":39,"comment_status":"closed","ping_status":"closed","template":"sector.php","meta":{"footnotes":""},"class_list":["post-3735","page","type-page","status-publish","hentry"],"yoast_head":"<!-- This site is optimized with the Yoast SEO plugin v27.5 - https:\/\/yoast.com\/product\/yoast-seo-wordpress\/ -->\n<title>Syst\u00e8mes et ing\u00e9nierie automatique. Universit\u00e9s et centres de recherche - Bazus<\/title>\n<meta name=\"robots\" content=\"index, follow, max-snippet:-1, max-image-preview:large, max-video-preview:-1\" \/>\n<link rel=\"canonical\" href=\"https:\/\/bazus.com\/sectors\/systems-automatic-engineering-universities-and-research-centers\/\" \/>\n<meta property=\"og:locale\" content=\"fr_FR\" \/>\n<meta property=\"og:type\" content=\"article\" \/>\n<meta property=\"og:title\" content=\"Syst\u00e8mes et ing\u00e9nierie automatique. Universit\u00e9s et centres de recherche - Bazus\" \/>\n<meta property=\"og:description\" content=\"Compte tenu de la nature interactive du processus d\u2019innovation technologique, il est de plus en plus courant que les entreprises coop\u00e8rent avec d\u2019autres organisations pour mener des activit\u00e9s de recherche et de d\u00e9veloppement technologique. En ce sens, les r\u00e9seaux de coop\u00e9ration technologique et d\u2019innovation, notamment dans les pays europ\u00e9ens, permettent de stimuler les interactions et [&hellip;]\" \/>\n<meta property=\"og:url\" content=\"https:\/\/bazus.com\/sectors\/systems-automatic-engineering-universities-and-research-centers\/\" \/>\n<meta property=\"og:site_name\" content=\"Bazus\" \/>\n<meta property=\"article:modified_time\" content=\"2020-10-26T11:54:31+00:00\" \/>\n<meta name=\"twitter:card\" content=\"summary_large_image\" \/>\n<script type=\"application\/ld+json\" class=\"yoast-schema-graph\">{\"@context\":\"https:\\\/\\\/schema.org\",\"@graph\":[{\"@type\":\"WebPage\",\"@id\":\"https:\\\/\\\/bazus.com\\\/sectors\\\/systems-automatic-engineering-universities-and-research-centers\\\/\",\"url\":\"https:\\\/\\\/bazus.com\\\/sectors\\\/systems-automatic-engineering-universities-and-research-centers\\\/\",\"name\":\"Syst\u00e8mes et ing\u00e9nierie automatique. Universit\u00e9s et centres de recherche - Bazus\",\"isPartOf\":{\"@id\":\"https:\\\/\\\/bazus.com\\\/#website\"},\"datePublished\":\"2019-11-22T17:43:16+00:00\",\"dateModified\":\"2020-10-26T11:54:31+00:00\",\"breadcrumb\":{\"@id\":\"https:\\\/\\\/bazus.com\\\/sectors\\\/systems-automatic-engineering-universities-and-research-centers\\\/#breadcrumb\"},\"inLanguage\":\"fr-FR\",\"potentialAction\":[{\"@type\":\"ReadAction\",\"target\":[\"https:\\\/\\\/bazus.com\\\/sectors\\\/systems-automatic-engineering-universities-and-research-centers\\\/\"]}]},{\"@type\":\"BreadcrumbList\",\"@id\":\"https:\\\/\\\/bazus.com\\\/sectors\\\/systems-automatic-engineering-universities-and-research-centers\\\/#breadcrumb\",\"itemListElement\":[{\"@type\":\"ListItem\",\"position\":1,\"name\":\"Inicio\",\"item\":\"https:\\\/\\\/bazus.com\\\/fr\\\/\"},{\"@type\":\"ListItem\",\"position\":2,\"name\":\"Secteurs\",\"item\":\"https:\\\/\\\/bazus.com\\\/sectors\\\/\"},{\"@type\":\"ListItem\",\"position\":3,\"name\":\"Syst\u00e8mes et ing\u00e9nierie automatique. Universit\u00e9s et centres de recherche\"}]},{\"@type\":\"WebSite\",\"@id\":\"https:\\\/\\\/bazus.com\\\/#website\",\"url\":\"https:\\\/\\\/bazus.com\\\/\",\"name\":\"Bazus\",\"description\":\"Mesas de coordenadas confiables\",\"potentialAction\":[{\"@type\":\"SearchAction\",\"target\":{\"@type\":\"EntryPoint\",\"urlTemplate\":\"https:\\\/\\\/bazus.com\\\/?s={search_term_string}\"},\"query-input\":{\"@type\":\"PropertyValueSpecification\",\"valueRequired\":true,\"valueName\":\"search_term_string\"}}],\"inLanguage\":\"fr-FR\"}]}<\/script>\n<!-- \/ Yoast SEO plugin. -->","yoast_head_json":{"title":"Syst\u00e8mes et ing\u00e9nierie automatique. Universit\u00e9s et centres de recherche - Bazus","robots":{"index":"index","follow":"follow","max-snippet":"max-snippet:-1","max-image-preview":"max-image-preview:large","max-video-preview":"max-video-preview:-1"},"canonical":"https:\/\/bazus.com\/sectors\/systems-automatic-engineering-universities-and-research-centers\/","og_locale":"fr_FR","og_type":"article","og_title":"Syst\u00e8mes et ing\u00e9nierie automatique. Universit\u00e9s et centres de recherche - Bazus","og_description":"Compte tenu de la nature interactive du processus d\u2019innovation technologique, il est de plus en plus courant que les entreprises coop\u00e8rent avec d\u2019autres organisations pour mener des activit\u00e9s de recherche et de d\u00e9veloppement technologique. En ce sens, les r\u00e9seaux de coop\u00e9ration technologique et d\u2019innovation, notamment dans les pays europ\u00e9ens, permettent de stimuler les interactions et [&hellip;]","og_url":"https:\/\/bazus.com\/sectors\/systems-automatic-engineering-universities-and-research-centers\/","og_site_name":"Bazus","article_modified_time":"2020-10-26T11:54:31+00:00","twitter_card":"summary_large_image","schema":{"@context":"https:\/\/schema.org","@graph":[{"@type":"WebPage","@id":"https:\/\/bazus.com\/sectors\/systems-automatic-engineering-universities-and-research-centers\/","url":"https:\/\/bazus.com\/sectors\/systems-automatic-engineering-universities-and-research-centers\/","name":"Syst\u00e8mes et ing\u00e9nierie automatique. Universit\u00e9s et centres de recherche - Bazus","isPartOf":{"@id":"https:\/\/bazus.com\/#website"},"datePublished":"2019-11-22T17:43:16+00:00","dateModified":"2020-10-26T11:54:31+00:00","breadcrumb":{"@id":"https:\/\/bazus.com\/sectors\/systems-automatic-engineering-universities-and-research-centers\/#breadcrumb"},"inLanguage":"fr-FR","potentialAction":[{"@type":"ReadAction","target":["https:\/\/bazus.com\/sectors\/systems-automatic-engineering-universities-and-research-centers\/"]}]},{"@type":"BreadcrumbList","@id":"https:\/\/bazus.com\/sectors\/systems-automatic-engineering-universities-and-research-centers\/#breadcrumb","itemListElement":[{"@type":"ListItem","position":1,"name":"Inicio","item":"https:\/\/bazus.com\/fr\/"},{"@type":"ListItem","position":2,"name":"Secteurs","item":"https:\/\/bazus.com\/sectors\/"},{"@type":"ListItem","position":3,"name":"Syst\u00e8mes et ing\u00e9nierie automatique. Universit\u00e9s et centres de recherche"}]},{"@type":"WebSite","@id":"https:\/\/bazus.com\/#website","url":"https:\/\/bazus.com\/","name":"Bazus","description":"Mesas de coordenadas confiables","potentialAction":[{"@type":"SearchAction","target":{"@type":"EntryPoint","urlTemplate":"https:\/\/bazus.com\/?s={search_term_string}"},"query-input":{"@type":"PropertyValueSpecification","valueRequired":true,"valueName":"search_term_string"}}],"inLanguage":"fr-FR"}]}},"acf":[],"_links":{"self":[{"href":"https:\/\/bazus.com\/fr\/wp-json\/wp\/v2\/pages\/3735","targetHints":{"allow":["GET"]}}],"collection":[{"href":"https:\/\/bazus.com\/fr\/wp-json\/wp\/v2\/pages"}],"about":[{"href":"https:\/\/bazus.com\/fr\/wp-json\/wp\/v2\/types\/page"}],"author":[{"embeddable":true,"href":"https:\/\/bazus.com\/fr\/wp-json\/wp\/v2\/users\/1"}],"replies":[{"embeddable":true,"href":"https:\/\/bazus.com\/fr\/wp-json\/wp\/v2\/comments?post=3735"}],"version-history":[{"count":4,"href":"https:\/\/bazus.com\/fr\/wp-json\/wp\/v2\/pages\/3735\/revisions"}],"predecessor-version":[{"id":4080,"href":"https:\/\/bazus.com\/fr\/wp-json\/wp\/v2\/pages\/3735\/revisions\/4080"}],"up":[{"embeddable":true,"href":"https:\/\/bazus.com\/fr\/wp-json\/wp\/v2\/pages\/3775"}],"wp:attachment":[{"href":"https:\/\/bazus.com\/fr\/wp-json\/wp\/v2\/media?parent=3735"}],"curies":[{"name":"wp","href":"https:\/\/api.w.org\/{rel}","templated":true}]}}