{"id":3731,"date":"2019-11-22T18:43:16","date_gmt":"2019-11-22T17:43:16","guid":{"rendered":"https:\/\/bazus.com\/processus\/soldadura\/"},"modified":"2020-10-26T13:08:32","modified_gmt":"2020-10-26T12:08:32","slug":"soudage","status":"publish","type":"page","link":"https:\/\/bazus.com\/fr\/processus\/soudage\/","title":{"rendered":"Soudage"},"content":{"rendered":"<p>Le soudage est un processus de fixation dans lequel deux ou plusieurs pi\u00e8ces d\u2019un mat\u00e9riau (g\u00e9n\u00e9ralement des m\u00e9taux) sont jointes, g\u00e9n\u00e9ralement obtenues par coalescence (fusion), dans laquelle les pi\u00e8ces sont soud\u00e9es par fusion. Vous pouvez ajouter un mat\u00e9riau de remplissage (m\u00e9tal ou plastique) qui, une fois fondu, forme une flaque de mati\u00e8re fondue entre les pi\u00e8ces \u00e0 souder (le bain de fusion) et, lorsqu\u2019il est refroidi, devient un joint fixe appel\u00e9 cordon.<\/p>\n<p>Les tables et les unit\u00e9s lin\u00e9aires BAZUS peuvent \u00eatre install\u00e9es dans n\u2019importe quelle application de soudage, \u00e0 la fois pour le mouvement de la pi\u00e8ce \u00e0 souder et le mouvement de l\u2019unit\u00e9 de soudage.<\/p>\n","protected":false},"excerpt":{"rendered":"<p>Le soudage est un processus de fixation dans lequel deux ou plusieurs pi\u00e8ces d\u2019un mat\u00e9riau (g\u00e9n\u00e9ralement des m\u00e9taux) sont jointes, g\u00e9n\u00e9ralement obtenues par coalescence (fusion), dans laquelle les pi\u00e8ces sont soud\u00e9es par fusion. Vous pouvez ajouter un mat\u00e9riau de remplissage (m\u00e9tal ou plastique) qui, une fois fondu, forme une flaque de mati\u00e8re fondue entre les [&hellip;]<\/p>\n","protected":false},"author":1,"featured_media":0,"parent":3523,"menu_order":26,"comment_status":"closed","ping_status":"closed","template":"sector.php","meta":{"footnotes":""},"class_list":["post-3731","page","type-page","status-publish","hentry"],"yoast_head":"<!-- This site is optimized with the Yoast SEO plugin v27.5 - https:\/\/yoast.com\/product\/yoast-seo-wordpress\/ -->\n<title>Soudage - Bazus<\/title>\n<meta name=\"robots\" content=\"index, follow, max-snippet:-1, max-image-preview:large, max-video-preview:-1\" \/>\n<link rel=\"canonical\" href=\"https:\/\/bazus.com\/processes\/welding\/\" \/>\n<meta property=\"og:locale\" content=\"fr_FR\" \/>\n<meta property=\"og:type\" content=\"article\" \/>\n<meta property=\"og:title\" content=\"Soudage - Bazus\" \/>\n<meta property=\"og:description\" content=\"Le soudage est un processus de fixation dans lequel deux ou plusieurs pi\u00e8ces d\u2019un mat\u00e9riau (g\u00e9n\u00e9ralement des m\u00e9taux) sont jointes, g\u00e9n\u00e9ralement obtenues par coalescence (fusion), dans laquelle les pi\u00e8ces sont soud\u00e9es par fusion. Vous pouvez ajouter un mat\u00e9riau de remplissage (m\u00e9tal ou plastique) qui, une fois fondu, forme une flaque de mati\u00e8re fondue entre les [&hellip;]\" \/>\n<meta property=\"og:url\" content=\"https:\/\/bazus.com\/processes\/welding\/\" \/>\n<meta property=\"og:site_name\" content=\"Bazus\" \/>\n<meta property=\"article:modified_time\" content=\"2020-10-26T12:08:32+00:00\" \/>\n<meta name=\"twitter:card\" content=\"summary_large_image\" \/>\n<meta name=\"twitter:label1\" content=\"Dur\u00e9e de lecture estim\u00e9e\" \/>\n\t<meta name=\"twitter:data1\" content=\"1 minute\" \/>\n<script type=\"application\/ld+json\" class=\"yoast-schema-graph\">{\"@context\":\"https:\\\/\\\/schema.org\",\"@graph\":[{\"@type\":\"WebPage\",\"@id\":\"https:\\\/\\\/bazus.com\\\/processes\\\/welding\\\/\",\"url\":\"https:\\\/\\\/bazus.com\\\/processes\\\/welding\\\/\",\"name\":\"Soudage - Bazus\",\"isPartOf\":{\"@id\":\"https:\\\/\\\/bazus.com\\\/#website\"},\"datePublished\":\"2019-11-22T17:43:16+00:00\",\"dateModified\":\"2020-10-26T12:08:32+00:00\",\"breadcrumb\":{\"@id\":\"https:\\\/\\\/bazus.com\\\/processes\\\/welding\\\/#breadcrumb\"},\"inLanguage\":\"fr-FR\",\"potentialAction\":[{\"@type\":\"ReadAction\",\"target\":[\"https:\\\/\\\/bazus.com\\\/processes\\\/welding\\\/\"]}]},{\"@type\":\"BreadcrumbList\",\"@id\":\"https:\\\/\\\/bazus.com\\\/processes\\\/welding\\\/#breadcrumb\",\"itemListElement\":[{\"@type\":\"ListItem\",\"position\":1,\"name\":\"Inicio\",\"item\":\"https:\\\/\\\/bazus.com\\\/fr\\\/\"},{\"@type\":\"ListItem\",\"position\":2,\"name\":\"Processus\",\"item\":\"https:\\\/\\\/bazus.com\\\/fr\\\/processus\\\/\"},{\"@type\":\"ListItem\",\"position\":3,\"name\":\"Soudage\"}]},{\"@type\":\"WebSite\",\"@id\":\"https:\\\/\\\/bazus.com\\\/#website\",\"url\":\"https:\\\/\\\/bazus.com\\\/\",\"name\":\"Bazus\",\"description\":\"Mesas de coordenadas confiables\",\"potentialAction\":[{\"@type\":\"SearchAction\",\"target\":{\"@type\":\"EntryPoint\",\"urlTemplate\":\"https:\\\/\\\/bazus.com\\\/?s={search_term_string}\"},\"query-input\":{\"@type\":\"PropertyValueSpecification\",\"valueRequired\":true,\"valueName\":\"search_term_string\"}}],\"inLanguage\":\"fr-FR\"}]}<\/script>\n<!-- \/ Yoast SEO plugin. -->","yoast_head_json":{"title":"Soudage - Bazus","robots":{"index":"index","follow":"follow","max-snippet":"max-snippet:-1","max-image-preview":"max-image-preview:large","max-video-preview":"max-video-preview:-1"},"canonical":"https:\/\/bazus.com\/processes\/welding\/","og_locale":"fr_FR","og_type":"article","og_title":"Soudage - Bazus","og_description":"Le soudage est un processus de fixation dans lequel deux ou plusieurs pi\u00e8ces d\u2019un mat\u00e9riau (g\u00e9n\u00e9ralement des m\u00e9taux) sont jointes, g\u00e9n\u00e9ralement obtenues par coalescence (fusion), dans laquelle les pi\u00e8ces sont soud\u00e9es par fusion. Vous pouvez ajouter un mat\u00e9riau de remplissage (m\u00e9tal ou plastique) qui, une fois fondu, forme une flaque de mati\u00e8re fondue entre les [&hellip;]","og_url":"https:\/\/bazus.com\/processes\/welding\/","og_site_name":"Bazus","article_modified_time":"2020-10-26T12:08:32+00:00","twitter_card":"summary_large_image","twitter_misc":{"Dur\u00e9e de lecture estim\u00e9e":"1 minute"},"schema":{"@context":"https:\/\/schema.org","@graph":[{"@type":"WebPage","@id":"https:\/\/bazus.com\/processes\/welding\/","url":"https:\/\/bazus.com\/processes\/welding\/","name":"Soudage - Bazus","isPartOf":{"@id":"https:\/\/bazus.com\/#website"},"datePublished":"2019-11-22T17:43:16+00:00","dateModified":"2020-10-26T12:08:32+00:00","breadcrumb":{"@id":"https:\/\/bazus.com\/processes\/welding\/#breadcrumb"},"inLanguage":"fr-FR","potentialAction":[{"@type":"ReadAction","target":["https:\/\/bazus.com\/processes\/welding\/"]}]},{"@type":"BreadcrumbList","@id":"https:\/\/bazus.com\/processes\/welding\/#breadcrumb","itemListElement":[{"@type":"ListItem","position":1,"name":"Inicio","item":"https:\/\/bazus.com\/fr\/"},{"@type":"ListItem","position":2,"name":"Processus","item":"https:\/\/bazus.com\/fr\/processus\/"},{"@type":"ListItem","position":3,"name":"Soudage"}]},{"@type":"WebSite","@id":"https:\/\/bazus.com\/#website","url":"https:\/\/bazus.com\/","name":"Bazus","description":"Mesas de coordenadas confiables","potentialAction":[{"@type":"SearchAction","target":{"@type":"EntryPoint","urlTemplate":"https:\/\/bazus.com\/?s={search_term_string}"},"query-input":{"@type":"PropertyValueSpecification","valueRequired":true,"valueName":"search_term_string"}}],"inLanguage":"fr-FR"}]}},"acf":[],"_links":{"self":[{"href":"https:\/\/bazus.com\/fr\/wp-json\/wp\/v2\/pages\/3731","targetHints":{"allow":["GET"]}}],"collection":[{"href":"https:\/\/bazus.com\/fr\/wp-json\/wp\/v2\/pages"}],"about":[{"href":"https:\/\/bazus.com\/fr\/wp-json\/wp\/v2\/types\/page"}],"author":[{"embeddable":true,"href":"https:\/\/bazus.com\/fr\/wp-json\/wp\/v2\/users\/1"}],"replies":[{"embeddable":true,"href":"https:\/\/bazus.com\/fr\/wp-json\/wp\/v2\/comments?post=3731"}],"version-history":[{"count":6,"href":"https:\/\/bazus.com\/fr\/wp-json\/wp\/v2\/pages\/3731\/revisions"}],"predecessor-version":[{"id":4090,"href":"https:\/\/bazus.com\/fr\/wp-json\/wp\/v2\/pages\/3731\/revisions\/4090"}],"up":[{"embeddable":true,"href":"https:\/\/bazus.com\/fr\/wp-json\/wp\/v2\/pages\/3523"}],"wp:attachment":[{"href":"https:\/\/bazus.com\/fr\/wp-json\/wp\/v2\/media?parent=3731"}],"curies":[{"name":"wp","href":"https:\/\/api.w.org\/{rel}","templated":true}]}}