{"id":3726,"date":"2019-11-22T18:43:16","date_gmt":"2019-11-22T17:43:16","guid":{"rendered":"https:\/\/bazus.com\/processus\/grabado-matriceria\/"},"modified":"2020-10-26T13:10:38","modified_gmt":"2020-10-26T12:10:38","slug":"gravure","status":"publish","type":"page","link":"https:\/\/bazus.com\/fr\/processus\/gravure\/","title":{"rendered":"Gravure"},"content":{"rendered":"<p>La gravure industrielle permet de r\u00e9aliser une g\u00e9om\u00e9trie complexe (formes, chiffres, lettres) avec une profondeur appropri\u00e9e. Le concept de gravure comprend une multitude de processus que, \u00e0 travers le temps, l\u2019\u00eatre humain a pratiqu\u00e9 \u00e0 travers diverses proc\u00e9dures. La gravure sur m\u00e9tal est tr\u00e8s complexe et il existe diff\u00e9rentes techniques pour la d\u00e9velopper.<\/p>\n<p>Les m\u00e9taux ont \u00e9t\u00e9 grav\u00e9s \u00e0 des fins ornementales, fonctionnelles ou industrielles. La sp\u00e9cialit\u00e9 de la gravure industrielle comprend l\u2019usinage direct sur les parties industrielles des lettres, symboles et r\u00e9f\u00e9rences. Cette activit\u00e9 a toujours \u00e9t\u00e9 \u00e9troitement li\u00e9e \u00e0 l\u2019industrie m\u00e9tallurgique, car elle a utilis\u00e9 cette technique pour marquer des produits, classer des pi\u00e8ces et d\u2019autres utilisations auxiliaires, ainsi que pour fabriquer des poin\u00e7ons manuels pour graver des chiffres et des lettres utilis\u00e9s dans d\u2019autres processus comme outils. Cette derni\u00e8re sp\u00e9cialit\u00e9 a \u00e9t\u00e9 r\u00e9alis\u00e9e manuellement tant dans les petits ateliers que dans les grandes entreprises.<\/p>\n<p>De m\u00eame, le proc\u00e9d\u00e9 de gravure peut \u00e9galement \u00eatre utilis\u00e9 pour la fabrication de moules et en g\u00e9n\u00e9ral pour tous les proc\u00e9d\u00e9s o\u00f9 la fabrication d\u2019une g\u00e9om\u00e9trie complexe est n\u00e9cessaire.<\/p>\n<p>Les tables automatiques BAZUS peuvent \u00eatre fix\u00e9es sur tous les types de machines de gravure, soit par l\u2019utilisation de la technologie laser, soit par gravure m\u00e9canique. De nombreux fabricants et utilisateurs de ce type de machines \u00e9quipent leurs ateliers de tables de coordonn\u00e9es BAZUS gr\u00e2ce \u00e0 leur grande rigidit\u00e9 m\u00e9canique et \u00e0 leurs guides de mouvement anti-vibration.<\/p>\n","protected":false},"excerpt":{"rendered":"<p>La gravure industrielle permet de r\u00e9aliser une g\u00e9om\u00e9trie complexe (formes, chiffres, lettres) avec une profondeur appropri\u00e9e. Le concept de gravure comprend une multitude de processus que, \u00e0 travers le temps, l\u2019\u00eatre humain a pratiqu\u00e9 \u00e0 travers diverses proc\u00e9dures. La gravure sur m\u00e9tal est tr\u00e8s complexe et il existe diff\u00e9rentes techniques pour la d\u00e9velopper. Les m\u00e9taux [&hellip;]<\/p>\n","protected":false},"author":1,"featured_media":0,"parent":3523,"menu_order":29,"comment_status":"closed","ping_status":"closed","template":"sector.php","meta":{"footnotes":""},"class_list":["post-3726","page","type-page","status-publish","hentry"],"yoast_head":"<!-- This site is optimized with the Yoast SEO plugin v27.5 - https:\/\/yoast.com\/product\/yoast-seo-wordpress\/ -->\n<title>Gravure - Bazus<\/title>\n<meta name=\"robots\" content=\"index, follow, max-snippet:-1, max-image-preview:large, max-video-preview:-1\" \/>\n<link rel=\"canonical\" href=\"https:\/\/bazus.com\/processes\/engraving\/\" \/>\n<meta property=\"og:locale\" content=\"fr_FR\" \/>\n<meta property=\"og:type\" content=\"article\" \/>\n<meta property=\"og:title\" content=\"Gravure - Bazus\" \/>\n<meta property=\"og:description\" content=\"La gravure industrielle permet de r\u00e9aliser une g\u00e9om\u00e9trie complexe (formes, chiffres, lettres) avec une profondeur appropri\u00e9e. Le concept de gravure comprend une multitude de processus que, \u00e0 travers le temps, l\u2019\u00eatre humain a pratiqu\u00e9 \u00e0 travers diverses proc\u00e9dures. La gravure sur m\u00e9tal est tr\u00e8s complexe et il existe diff\u00e9rentes techniques pour la d\u00e9velopper. Les m\u00e9taux [&hellip;]\" \/>\n<meta property=\"og:url\" content=\"https:\/\/bazus.com\/processes\/engraving\/\" \/>\n<meta property=\"og:site_name\" content=\"Bazus\" \/>\n<meta property=\"article:modified_time\" content=\"2020-10-26T12:10:38+00:00\" \/>\n<meta name=\"twitter:card\" content=\"summary_large_image\" \/>\n<meta name=\"twitter:label1\" content=\"Dur\u00e9e de lecture estim\u00e9e\" \/>\n\t<meta name=\"twitter:data1\" content=\"1 minute\" \/>\n<script type=\"application\/ld+json\" class=\"yoast-schema-graph\">{\"@context\":\"https:\\\/\\\/schema.org\",\"@graph\":[{\"@type\":\"WebPage\",\"@id\":\"https:\\\/\\\/bazus.com\\\/processes\\\/engraving\\\/\",\"url\":\"https:\\\/\\\/bazus.com\\\/processes\\\/engraving\\\/\",\"name\":\"Gravure - Bazus\",\"isPartOf\":{\"@id\":\"https:\\\/\\\/bazus.com\\\/#website\"},\"datePublished\":\"2019-11-22T17:43:16+00:00\",\"dateModified\":\"2020-10-26T12:10:38+00:00\",\"breadcrumb\":{\"@id\":\"https:\\\/\\\/bazus.com\\\/processes\\\/engraving\\\/#breadcrumb\"},\"inLanguage\":\"fr-FR\",\"potentialAction\":[{\"@type\":\"ReadAction\",\"target\":[\"https:\\\/\\\/bazus.com\\\/processes\\\/engraving\\\/\"]}]},{\"@type\":\"BreadcrumbList\",\"@id\":\"https:\\\/\\\/bazus.com\\\/processes\\\/engraving\\\/#breadcrumb\",\"itemListElement\":[{\"@type\":\"ListItem\",\"position\":1,\"name\":\"Inicio\",\"item\":\"https:\\\/\\\/bazus.com\\\/fr\\\/\"},{\"@type\":\"ListItem\",\"position\":2,\"name\":\"Processus\",\"item\":\"https:\\\/\\\/bazus.com\\\/fr\\\/processus\\\/\"},{\"@type\":\"ListItem\",\"position\":3,\"name\":\"Gravure\"}]},{\"@type\":\"WebSite\",\"@id\":\"https:\\\/\\\/bazus.com\\\/#website\",\"url\":\"https:\\\/\\\/bazus.com\\\/\",\"name\":\"Bazus\",\"description\":\"Mesas de coordenadas confiables\",\"potentialAction\":[{\"@type\":\"SearchAction\",\"target\":{\"@type\":\"EntryPoint\",\"urlTemplate\":\"https:\\\/\\\/bazus.com\\\/?s={search_term_string}\"},\"query-input\":{\"@type\":\"PropertyValueSpecification\",\"valueRequired\":true,\"valueName\":\"search_term_string\"}}],\"inLanguage\":\"fr-FR\"}]}<\/script>\n<!-- \/ Yoast SEO plugin. -->","yoast_head_json":{"title":"Gravure - Bazus","robots":{"index":"index","follow":"follow","max-snippet":"max-snippet:-1","max-image-preview":"max-image-preview:large","max-video-preview":"max-video-preview:-1"},"canonical":"https:\/\/bazus.com\/processes\/engraving\/","og_locale":"fr_FR","og_type":"article","og_title":"Gravure - Bazus","og_description":"La gravure industrielle permet de r\u00e9aliser une g\u00e9om\u00e9trie complexe (formes, chiffres, lettres) avec une profondeur appropri\u00e9e. Le concept de gravure comprend une multitude de processus que, \u00e0 travers le temps, l\u2019\u00eatre humain a pratiqu\u00e9 \u00e0 travers diverses proc\u00e9dures. La gravure sur m\u00e9tal est tr\u00e8s complexe et il existe diff\u00e9rentes techniques pour la d\u00e9velopper. Les m\u00e9taux [&hellip;]","og_url":"https:\/\/bazus.com\/processes\/engraving\/","og_site_name":"Bazus","article_modified_time":"2020-10-26T12:10:38+00:00","twitter_card":"summary_large_image","twitter_misc":{"Dur\u00e9e de lecture estim\u00e9e":"1 minute"},"schema":{"@context":"https:\/\/schema.org","@graph":[{"@type":"WebPage","@id":"https:\/\/bazus.com\/processes\/engraving\/","url":"https:\/\/bazus.com\/processes\/engraving\/","name":"Gravure - Bazus","isPartOf":{"@id":"https:\/\/bazus.com\/#website"},"datePublished":"2019-11-22T17:43:16+00:00","dateModified":"2020-10-26T12:10:38+00:00","breadcrumb":{"@id":"https:\/\/bazus.com\/processes\/engraving\/#breadcrumb"},"inLanguage":"fr-FR","potentialAction":[{"@type":"ReadAction","target":["https:\/\/bazus.com\/processes\/engraving\/"]}]},{"@type":"BreadcrumbList","@id":"https:\/\/bazus.com\/processes\/engraving\/#breadcrumb","itemListElement":[{"@type":"ListItem","position":1,"name":"Inicio","item":"https:\/\/bazus.com\/fr\/"},{"@type":"ListItem","position":2,"name":"Processus","item":"https:\/\/bazus.com\/fr\/processus\/"},{"@type":"ListItem","position":3,"name":"Gravure"}]},{"@type":"WebSite","@id":"https:\/\/bazus.com\/#website","url":"https:\/\/bazus.com\/","name":"Bazus","description":"Mesas de coordenadas confiables","potentialAction":[{"@type":"SearchAction","target":{"@type":"EntryPoint","urlTemplate":"https:\/\/bazus.com\/?s={search_term_string}"},"query-input":{"@type":"PropertyValueSpecification","valueRequired":true,"valueName":"search_term_string"}}],"inLanguage":"fr-FR"}]}},"acf":[],"_links":{"self":[{"href":"https:\/\/bazus.com\/fr\/wp-json\/wp\/v2\/pages\/3726","targetHints":{"allow":["GET"]}}],"collection":[{"href":"https:\/\/bazus.com\/fr\/wp-json\/wp\/v2\/pages"}],"about":[{"href":"https:\/\/bazus.com\/fr\/wp-json\/wp\/v2\/types\/page"}],"author":[{"embeddable":true,"href":"https:\/\/bazus.com\/fr\/wp-json\/wp\/v2\/users\/1"}],"replies":[{"embeddable":true,"href":"https:\/\/bazus.com\/fr\/wp-json\/wp\/v2\/comments?post=3726"}],"version-history":[{"count":3,"href":"https:\/\/bazus.com\/fr\/wp-json\/wp\/v2\/pages\/3726\/revisions"}],"predecessor-version":[{"id":4092,"href":"https:\/\/bazus.com\/fr\/wp-json\/wp\/v2\/pages\/3726\/revisions\/4092"}],"up":[{"embeddable":true,"href":"https:\/\/bazus.com\/fr\/wp-json\/wp\/v2\/pages\/3523"}],"wp:attachment":[{"href":"https:\/\/bazus.com\/fr\/wp-json\/wp\/v2\/media?parent=3726"}],"curies":[{"name":"wp","href":"https:\/\/api.w.org\/{rel}","templated":true}]}}