{"id":3724,"date":"2019-11-22T18:43:16","date_gmt":"2019-11-22T17:43:16","guid":{"rendered":"https:\/\/bazus.com\/metrologia-optica-laboratorios\/"},"modified":"2020-10-26T11:07:18","modified_gmt":"2020-10-26T10:07:18","slug":"metrologie-optique-et-laboratoires","status":"publish","type":"page","link":"https:\/\/bazus.com\/fr\/secteurs\/metrologie-optique-et-laboratoires\/","title":{"rendered":"M\u00e9trologie, optique et laboratoires"},"content":{"rendered":"<p>Actuellement, toutes les entreprises doivent s\u2019assurer que les r\u00e9sultats fournis par leur \u00e9quipement de mesure sont corrects car ils sont utilis\u00e9s dans les activit\u00e9s cl\u00e9s d\u2019innombrables processus, garantissant la qualit\u00e9, la s\u00e9curit\u00e9 des produits et services et obtenant les donn\u00e9es n\u00e9cessaires \u00e0 l\u2019analyse et \u00e0 la prise de d\u00e9cision.<\/p>\n<p>Les clients BAZUS en m\u00e9trologie et laboratoires couvrent diff\u00e9rents domaines (sant\u00e9, chimie, transport et automobile, d\u00e9fense, \u00e9lectricit\u00e9, m\u00e9canique, optique &#8230;) dans une grande vari\u00e9t\u00e9 de quantit\u00e9s et d\u2019\u00e9quipements, des plus \u00abclassiques\u00bb ou \u00abfr\u00e9quents\u00bb &#8211; pesage instruments, presses, compteurs \u00e9lectriques &#8211; jusqu\u2019aux plus sp\u00e9cifiques ou nouveaux &#8211; chambres an\u00e9cho\u00efques, analyseurs de gaz ou fibre optique -, qui fournissent leurs services \u00e0 toutes sortes d\u2019industries<\/p>\n","protected":false},"excerpt":{"rendered":"<p>Actuellement, toutes les entreprises doivent s\u2019assurer que les r\u00e9sultats fournis par leur \u00e9quipement de mesure sont corrects car ils sont utilis\u00e9s dans les activit\u00e9s cl\u00e9s d\u2019innombrables processus, garantissant la qualit\u00e9, la s\u00e9curit\u00e9 des produits et services et obtenant les donn\u00e9es n\u00e9cessaires \u00e0 l\u2019analyse et \u00e0 la prise de d\u00e9cision. Les clients BAZUS en m\u00e9trologie et [&hellip;]<\/p>\n","protected":false},"author":1,"featured_media":0,"parent":3775,"menu_order":36,"comment_status":"closed","ping_status":"closed","template":"sector.php","meta":[],"yoast_head":"<!-- This site is optimized with the Yoast SEO plugin v14.6.1 - https:\/\/yoast.com\/wordpress\/plugins\/seo\/ -->\n<title>M\u00e9trologie, optique et laboratoires - Bazus<\/title>\n<meta name=\"robots\" content=\"index, follow\" \/>\n<meta name=\"googlebot\" content=\"index, follow, max-snippet:-1, max-image-preview:large, max-video-preview:-1\" \/>\n<meta name=\"bingbot\" content=\"index, follow, max-snippet:-1, max-image-preview:large, max-video-preview:-1\" \/>\n<link rel=\"canonical\" href=\"https:\/\/bazus.com\/fr\/secteurs\/metrologie-optique-et-laboratoires\/\" \/>\n<meta property=\"og:locale\" content=\"fr_FR\" \/>\n<meta property=\"og:type\" content=\"article\" \/>\n<meta property=\"og:title\" content=\"M\u00e9trologie, optique et laboratoires - Bazus\" \/>\n<meta property=\"og:description\" content=\"Actuellement, toutes les entreprises doivent s\u2019assurer que les r\u00e9sultats fournis par leur \u00e9quipement de mesure sont corrects car ils sont utilis\u00e9s dans les activit\u00e9s cl\u00e9s d\u2019innombrables processus, garantissant la qualit\u00e9, la s\u00e9curit\u00e9 des produits et services et obtenant les donn\u00e9es n\u00e9cessaires \u00e0 l\u2019analyse et \u00e0 la prise de d\u00e9cision. Les clients BAZUS en m\u00e9trologie et [&hellip;]\" \/>\n<meta property=\"og:url\" content=\"https:\/\/bazus.com\/fr\/secteurs\/metrologie-optique-et-laboratoires\/\" \/>\n<meta property=\"og:site_name\" content=\"Bazus\" \/>\n<meta property=\"article:author\" content=\"https:\/\/www.facebook.com\/kmdevs\/\" \/>\n<meta property=\"article:modified_time\" content=\"2020-10-26T10:07:18+00:00\" \/>\n<meta name=\"twitter:card\" content=\"summary_large_image\" \/>\n<meta name=\"twitter:creator\" content=\"@km_devs\" \/>\n<script type=\"application\/ld+json\" class=\"yoast-schema-graph\">{\"@context\":\"https:\/\/schema.org\",\"@graph\":[{\"@type\":\"WebSite\",\"@id\":\"https:\/\/bazus.com\/fr\/#website\",\"url\":\"https:\/\/bazus.com\/fr\/\",\"name\":\"Bazus\",\"description\":\"Mesas de coordenadas confiables\",\"potentialAction\":[{\"@type\":\"SearchAction\",\"target\":\"https:\/\/bazus.com\/fr\/?s={search_term_string}\",\"query-input\":\"required name=search_term_string\"}],\"inLanguage\":\"fr-FR\"},{\"@type\":\"WebPage\",\"@id\":\"https:\/\/bazus.com\/fr\/secteurs\/metrologie-optique-et-laboratoires\/#webpage\",\"url\":\"https:\/\/bazus.com\/fr\/secteurs\/metrologie-optique-et-laboratoires\/\",\"name\":\"M\\u00e9trologie, optique et laboratoires - Bazus\",\"isPartOf\":{\"@id\":\"https:\/\/bazus.com\/fr\/#website\"},\"datePublished\":\"2019-11-22T17:43:16+00:00\",\"dateModified\":\"2020-10-26T10:07:18+00:00\",\"breadcrumb\":{\"@id\":\"https:\/\/bazus.com\/fr\/secteurs\/metrologie-optique-et-laboratoires\/#breadcrumb\"},\"inLanguage\":\"fr-FR\",\"potentialAction\":[{\"@type\":\"ReadAction\",\"target\":[\"https:\/\/bazus.com\/fr\/secteurs\/metrologie-optique-et-laboratoires\/\"]}]},{\"@type\":\"BreadcrumbList\",\"@id\":\"https:\/\/bazus.com\/fr\/secteurs\/metrologie-optique-et-laboratoires\/#breadcrumb\",\"itemListElement\":[{\"@type\":\"ListItem\",\"position\":1,\"item\":{\"@type\":\"WebPage\",\"@id\":\"https:\/\/bazus.com\/fr\/\",\"url\":\"https:\/\/bazus.com\/fr\/\",\"name\":\"Inicio\"}},{\"@type\":\"ListItem\",\"position\":2,\"item\":{\"@type\":\"WebPage\",\"@id\":\"https:\/\/bazus.com\/fr\/secteurs\/\",\"url\":\"https:\/\/bazus.com\/fr\/secteurs\/\",\"name\":\"Secteurs\"}},{\"@type\":\"ListItem\",\"position\":3,\"item\":{\"@type\":\"WebPage\",\"@id\":\"https:\/\/bazus.com\/fr\/secteurs\/metrologie-optique-et-laboratoires\/\",\"url\":\"https:\/\/bazus.com\/fr\/secteurs\/metrologie-optique-et-laboratoires\/\",\"name\":\"M\\u00e9trologie, optique et laboratoires\"}}]}]}<\/script>\n<!-- \/ Yoast SEO plugin. -->","acf":[],"_links":{"self":[{"href":"https:\/\/bazus.com\/fr\/wp-json\/wp\/v2\/pages\/3724"}],"collection":[{"href":"https:\/\/bazus.com\/fr\/wp-json\/wp\/v2\/pages"}],"about":[{"href":"https:\/\/bazus.com\/fr\/wp-json\/wp\/v2\/types\/page"}],"author":[{"embeddable":true,"href":"https:\/\/bazus.com\/fr\/wp-json\/wp\/v2\/users\/1"}],"replies":[{"embeddable":true,"href":"https:\/\/bazus.com\/fr\/wp-json\/wp\/v2\/comments?post=3724"}],"version-history":[{"count":3,"href":"https:\/\/bazus.com\/fr\/wp-json\/wp\/v2\/pages\/3724\/revisions"}],"predecessor-version":[{"id":4004,"href":"https:\/\/bazus.com\/fr\/wp-json\/wp\/v2\/pages\/3724\/revisions\/4004"}],"up":[{"embeddable":true,"href":"https:\/\/bazus.com\/fr\/wp-json\/wp\/v2\/pages\/3775"}],"wp:attachment":[{"href":"https:\/\/bazus.com\/fr\/wp-json\/wp\/v2\/media?parent=3724"}],"curies":[{"name":"wp","href":"https:\/\/api.w.org\/{rel}","templated":true}]}}