{"id":3719,"date":"2019-11-22T18:43:16","date_gmt":"2019-11-22T17:43:16","guid":{"rendered":"https:\/\/bazus.com\/processus\/taladro\/"},"modified":"2020-10-26T12:07:12","modified_gmt":"2020-10-26T11:07:12","slug":"percage-forage","status":"publish","type":"page","link":"https:\/\/bazus.com\/fr\/processus\/percage-forage\/","title":{"rendered":"Per\u00e7age &#038; Forage"},"content":{"rendered":"<p>La machine-outil appel\u00e9e perceuse ou al\u00e9seuse est largement utilis\u00e9e dans l\u2019industrie pour traiter la majorit\u00e9 des trous pratiqu\u00e9s dans les pi\u00e8ces m\u00e9caniques. Ces machines se distinguent par la simplicit\u00e9 de leur manipulation. Ils ont deux mouvements: la rotation du foret au moyen d\u2019une transmission par des poulies et des engrenages, et le mouvement de p\u00e9n\u00e9tration du foret dans la pi\u00e8ce ou le composant m\u00e9canique, qui peut \u00eatre effectu\u00e9 manuellement, avec sensibilit\u00e9 ou automatiquement, si vous incorporez la transmission \u00e0 faire Article.<\/p>\n<p>Le per\u00e7age est appel\u00e9 op\u00e9ration d\u2019usinage qui vise \u00e0 produire des trous cylindriques dans n\u2019importe quelle pi\u00e8ce, en utilisant un foret comme outil. De tous les processus d\u2019usinage, le per\u00e7age est consid\u00e9r\u00e9 comme l\u2019un des processus les plus importants en raison de sa large utilisation et de sa facilit\u00e9 d\u2019ex\u00e9cution, car il s\u2019agit de l\u2019une des op\u00e9rations d\u2019usinage les plus faciles \u00e0 effectuer et est n\u00e9cessaire dans la plupart des composants qui sont fabriqu\u00e9s.<\/p>\n<p>Les tables de coordonn\u00e9es BAZUS vous permettent d\u2019effectuer tout type de forage, qu\u2019il soit vertical ou horizontal, manuel ou automatique, et permettent \u00e9galement de synchroniser le mouvement d\u2019avance du foret avec la vitesse de rotation du foret, ce qui permet des op\u00e9rations de taraudage.<\/p>\n","protected":false},"excerpt":{"rendered":"<p>La machine-outil appel\u00e9e perceuse ou al\u00e9seuse est largement utilis\u00e9e dans l\u2019industrie pour traiter la majorit\u00e9 des trous pratiqu\u00e9s dans les pi\u00e8ces m\u00e9caniques. Ces machines se distinguent par la simplicit\u00e9 de leur manipulation. Ils ont deux mouvements: la rotation du foret au moyen d\u2019une transmission par des poulies et des engrenages, et le mouvement de p\u00e9n\u00e9tration [&hellip;]<\/p>\n","protected":false},"author":1,"featured_media":0,"parent":3523,"menu_order":34,"comment_status":"closed","ping_status":"closed","template":"sector.php","meta":[],"yoast_head":"<!-- This site is optimized with the Yoast SEO plugin v14.6.1 - https:\/\/yoast.com\/wordpress\/plugins\/seo\/ -->\n<title>Per\u00e7age &amp; Forage - Bazus<\/title>\n<meta name=\"robots\" content=\"index, follow\" \/>\n<meta name=\"googlebot\" content=\"index, follow, max-snippet:-1, max-image-preview:large, max-video-preview:-1\" \/>\n<meta name=\"bingbot\" content=\"index, follow, max-snippet:-1, max-image-preview:large, max-video-preview:-1\" \/>\n<link rel=\"canonical\" href=\"https:\/\/bazus.com\/fr\/processus\/percage-forage\/\" \/>\n<meta property=\"og:locale\" content=\"fr_FR\" \/>\n<meta property=\"og:type\" content=\"article\" \/>\n<meta property=\"og:title\" content=\"Per\u00e7age &amp; Forage - Bazus\" \/>\n<meta property=\"og:description\" content=\"La machine-outil appel\u00e9e perceuse ou al\u00e9seuse est largement utilis\u00e9e dans l\u2019industrie pour traiter la majorit\u00e9 des trous pratiqu\u00e9s dans les pi\u00e8ces m\u00e9caniques. Ces machines se distinguent par la simplicit\u00e9 de leur manipulation. Ils ont deux mouvements: la rotation du foret au moyen d\u2019une transmission par des poulies et des engrenages, et le mouvement de p\u00e9n\u00e9tration [&hellip;]\" \/>\n<meta property=\"og:url\" content=\"https:\/\/bazus.com\/fr\/processus\/percage-forage\/\" \/>\n<meta property=\"og:site_name\" content=\"Bazus\" \/>\n<meta property=\"article:author\" content=\"https:\/\/www.facebook.com\/kmdevs\/\" \/>\n<meta property=\"article:modified_time\" content=\"2020-10-26T11:07:12+00:00\" \/>\n<meta name=\"twitter:card\" content=\"summary_large_image\" \/>\n<meta name=\"twitter:creator\" content=\"@km_devs\" \/>\n<script type=\"application\/ld+json\" class=\"yoast-schema-graph\">{\"@context\":\"https:\/\/schema.org\",\"@graph\":[{\"@type\":\"WebSite\",\"@id\":\"https:\/\/bazus.com\/fr\/#website\",\"url\":\"https:\/\/bazus.com\/fr\/\",\"name\":\"Bazus\",\"description\":\"Mesas de coordenadas confiables\",\"potentialAction\":[{\"@type\":\"SearchAction\",\"target\":\"https:\/\/bazus.com\/fr\/?s={search_term_string}\",\"query-input\":\"required name=search_term_string\"}],\"inLanguage\":\"fr-FR\"},{\"@type\":\"WebPage\",\"@id\":\"https:\/\/bazus.com\/fr\/processus\/percage-forage\/#webpage\",\"url\":\"https:\/\/bazus.com\/fr\/processus\/percage-forage\/\",\"name\":\"Per\\u00e7age & Forage - Bazus\",\"isPartOf\":{\"@id\":\"https:\/\/bazus.com\/fr\/#website\"},\"datePublished\":\"2019-11-22T17:43:16+00:00\",\"dateModified\":\"2020-10-26T11:07:12+00:00\",\"breadcrumb\":{\"@id\":\"https:\/\/bazus.com\/fr\/processus\/percage-forage\/#breadcrumb\"},\"inLanguage\":\"fr-FR\",\"potentialAction\":[{\"@type\":\"ReadAction\",\"target\":[\"https:\/\/bazus.com\/fr\/processus\/percage-forage\/\"]}]},{\"@type\":\"BreadcrumbList\",\"@id\":\"https:\/\/bazus.com\/fr\/processus\/percage-forage\/#breadcrumb\",\"itemListElement\":[{\"@type\":\"ListItem\",\"position\":1,\"item\":{\"@type\":\"WebPage\",\"@id\":\"https:\/\/bazus.com\/fr\/\",\"url\":\"https:\/\/bazus.com\/fr\/\",\"name\":\"Inicio\"}},{\"@type\":\"ListItem\",\"position\":2,\"item\":{\"@type\":\"WebPage\",\"@id\":\"https:\/\/bazus.com\/fr\/processus\/\",\"url\":\"https:\/\/bazus.com\/fr\/processus\/\",\"name\":\"Processus\"}},{\"@type\":\"ListItem\",\"position\":3,\"item\":{\"@type\":\"WebPage\",\"@id\":\"https:\/\/bazus.com\/fr\/processus\/percage-forage\/\",\"url\":\"https:\/\/bazus.com\/fr\/processus\/percage-forage\/\",\"name\":\"Per\\u00e7age &#038; Forage\"}}]}]}<\/script>\n<!-- \/ Yoast SEO plugin. -->","acf":[],"_links":{"self":[{"href":"https:\/\/bazus.com\/fr\/wp-json\/wp\/v2\/pages\/3719"}],"collection":[{"href":"https:\/\/bazus.com\/fr\/wp-json\/wp\/v2\/pages"}],"about":[{"href":"https:\/\/bazus.com\/fr\/wp-json\/wp\/v2\/types\/page"}],"author":[{"embeddable":true,"href":"https:\/\/bazus.com\/fr\/wp-json\/wp\/v2\/users\/1"}],"replies":[{"embeddable":true,"href":"https:\/\/bazus.com\/fr\/wp-json\/wp\/v2\/comments?post=3719"}],"version-history":[{"count":2,"href":"https:\/\/bazus.com\/fr\/wp-json\/wp\/v2\/pages\/3719\/revisions"}],"predecessor-version":[{"id":4056,"href":"https:\/\/bazus.com\/fr\/wp-json\/wp\/v2\/pages\/3719\/revisions\/4056"}],"up":[{"embeddable":true,"href":"https:\/\/bazus.com\/fr\/wp-json\/wp\/v2\/pages\/3523"}],"wp:attachment":[{"href":"https:\/\/bazus.com\/fr\/wp-json\/wp\/v2\/media?parent=3719"}],"curies":[{"name":"wp","href":"https:\/\/api.w.org\/{rel}","templated":true}]}}