{"id":3715,"date":"2019-11-22T18:43:16","date_gmt":"2019-11-22T17:43:16","guid":{"rendered":"https:\/\/bazus.com\/processus\/torneado-in-situ-repulsado\/"},"modified":"2020-10-26T12:05:52","modified_gmt":"2020-10-26T11:05:52","slug":"usinage-sur-site","status":"publish","type":"page","link":"https:\/\/bazus.com\/fr\/processus\/usinage-sur-site\/","title":{"rendered":"Usinage sur-site"},"content":{"rendered":"<p>L\u2019usinage in situ est indispensable lorsque la pi\u00e8ce \u00e0 usiner, soit en raison de ses dimensions, soit en raison de l\u2019op\u00e9ration complexe ou co\u00fbteuse de son d\u00e9montage, ne peut \u00eatre transf\u00e9r\u00e9e en atelier. Ce sont les situations o\u00f9 l\u2019usinage \u00abin-site\u00bb est essentiel et son application permet des \u00e9conomies de temps et d\u2019argent importantes.<\/p>\n<p>Gr\u00e2ce \u00e0 la conception modulaire des tables de coordonn\u00e9es BAZUS, nous pouvons offrir toute combinaison d\u2019axes lin\u00e9aires, de trajectoires et de rigidit\u00e9 m\u00e9canique n\u00e9cessaires pour effectuer n\u2019importe quel usinage sur site.<\/p>\n","protected":false},"excerpt":{"rendered":"<p>L\u2019usinage in situ est indispensable lorsque la pi\u00e8ce \u00e0 usiner, soit en raison de ses dimensions, soit en raison de l\u2019op\u00e9ration complexe ou co\u00fbteuse de son d\u00e9montage, ne peut \u00eatre transf\u00e9r\u00e9e en atelier. Ce sont les situations o\u00f9 l\u2019usinage \u00abin-site\u00bb est essentiel et son application permet des \u00e9conomies de temps et d\u2019argent importantes. Gr\u00e2ce \u00e0 [&hellip;]<\/p>\n","protected":false},"author":1,"featured_media":0,"parent":3523,"menu_order":33,"comment_status":"closed","ping_status":"closed","template":"sector.php","meta":{"footnotes":""},"class_list":["post-3715","page","type-page","status-publish","hentry"],"yoast_head":"<!-- This site is optimized with the Yoast SEO plugin v27.5 - https:\/\/yoast.com\/product\/yoast-seo-wordpress\/ -->\n<title>Usinage sur-site - Bazus<\/title>\n<meta name=\"robots\" content=\"index, follow, max-snippet:-1, max-image-preview:large, max-video-preview:-1\" \/>\n<link rel=\"canonical\" href=\"https:\/\/bazus.com\/processes\/in-site-machining\/\" \/>\n<meta property=\"og:locale\" content=\"fr_FR\" \/>\n<meta property=\"og:type\" content=\"article\" \/>\n<meta property=\"og:title\" content=\"Usinage sur-site - Bazus\" \/>\n<meta property=\"og:description\" content=\"L\u2019usinage in situ est indispensable lorsque la pi\u00e8ce \u00e0 usiner, soit en raison de ses dimensions, soit en raison de l\u2019op\u00e9ration complexe ou co\u00fbteuse de son d\u00e9montage, ne peut \u00eatre transf\u00e9r\u00e9e en atelier. Ce sont les situations o\u00f9 l\u2019usinage \u00abin-site\u00bb est essentiel et son application permet des \u00e9conomies de temps et d\u2019argent importantes. Gr\u00e2ce \u00e0 [&hellip;]\" \/>\n<meta property=\"og:url\" content=\"https:\/\/bazus.com\/processes\/in-site-machining\/\" \/>\n<meta property=\"og:site_name\" content=\"Bazus\" \/>\n<meta property=\"article:modified_time\" content=\"2020-10-26T11:05:52+00:00\" \/>\n<meta name=\"twitter:card\" content=\"summary_large_image\" \/>\n<script type=\"application\/ld+json\" class=\"yoast-schema-graph\">{\"@context\":\"https:\\\/\\\/schema.org\",\"@graph\":[{\"@type\":\"WebPage\",\"@id\":\"https:\\\/\\\/bazus.com\\\/processes\\\/in-site-machining\\\/\",\"url\":\"https:\\\/\\\/bazus.com\\\/processes\\\/in-site-machining\\\/\",\"name\":\"Usinage sur-site - Bazus\",\"isPartOf\":{\"@id\":\"https:\\\/\\\/bazus.com\\\/#website\"},\"datePublished\":\"2019-11-22T17:43:16+00:00\",\"dateModified\":\"2020-10-26T11:05:52+00:00\",\"breadcrumb\":{\"@id\":\"https:\\\/\\\/bazus.com\\\/processes\\\/in-site-machining\\\/#breadcrumb\"},\"inLanguage\":\"fr-FR\",\"potentialAction\":[{\"@type\":\"ReadAction\",\"target\":[\"https:\\\/\\\/bazus.com\\\/processes\\\/in-site-machining\\\/\"]}]},{\"@type\":\"BreadcrumbList\",\"@id\":\"https:\\\/\\\/bazus.com\\\/processes\\\/in-site-machining\\\/#breadcrumb\",\"itemListElement\":[{\"@type\":\"ListItem\",\"position\":1,\"name\":\"Inicio\",\"item\":\"https:\\\/\\\/bazus.com\\\/fr\\\/\"},{\"@type\":\"ListItem\",\"position\":2,\"name\":\"Processus\",\"item\":\"https:\\\/\\\/bazus.com\\\/fr\\\/processus\\\/\"},{\"@type\":\"ListItem\",\"position\":3,\"name\":\"Usinage sur-site\"}]},{\"@type\":\"WebSite\",\"@id\":\"https:\\\/\\\/bazus.com\\\/#website\",\"url\":\"https:\\\/\\\/bazus.com\\\/\",\"name\":\"Bazus\",\"description\":\"Mesas de coordenadas confiables\",\"potentialAction\":[{\"@type\":\"SearchAction\",\"target\":{\"@type\":\"EntryPoint\",\"urlTemplate\":\"https:\\\/\\\/bazus.com\\\/?s={search_term_string}\"},\"query-input\":{\"@type\":\"PropertyValueSpecification\",\"valueRequired\":true,\"valueName\":\"search_term_string\"}}],\"inLanguage\":\"fr-FR\"}]}<\/script>\n<!-- \/ Yoast SEO plugin. -->","yoast_head_json":{"title":"Usinage sur-site - Bazus","robots":{"index":"index","follow":"follow","max-snippet":"max-snippet:-1","max-image-preview":"max-image-preview:large","max-video-preview":"max-video-preview:-1"},"canonical":"https:\/\/bazus.com\/processes\/in-site-machining\/","og_locale":"fr_FR","og_type":"article","og_title":"Usinage sur-site - Bazus","og_description":"L\u2019usinage in situ est indispensable lorsque la pi\u00e8ce \u00e0 usiner, soit en raison de ses dimensions, soit en raison de l\u2019op\u00e9ration complexe ou co\u00fbteuse de son d\u00e9montage, ne peut \u00eatre transf\u00e9r\u00e9e en atelier. Ce sont les situations o\u00f9 l\u2019usinage \u00abin-site\u00bb est essentiel et son application permet des \u00e9conomies de temps et d\u2019argent importantes. Gr\u00e2ce \u00e0 [&hellip;]","og_url":"https:\/\/bazus.com\/processes\/in-site-machining\/","og_site_name":"Bazus","article_modified_time":"2020-10-26T11:05:52+00:00","twitter_card":"summary_large_image","schema":{"@context":"https:\/\/schema.org","@graph":[{"@type":"WebPage","@id":"https:\/\/bazus.com\/processes\/in-site-machining\/","url":"https:\/\/bazus.com\/processes\/in-site-machining\/","name":"Usinage sur-site - Bazus","isPartOf":{"@id":"https:\/\/bazus.com\/#website"},"datePublished":"2019-11-22T17:43:16+00:00","dateModified":"2020-10-26T11:05:52+00:00","breadcrumb":{"@id":"https:\/\/bazus.com\/processes\/in-site-machining\/#breadcrumb"},"inLanguage":"fr-FR","potentialAction":[{"@type":"ReadAction","target":["https:\/\/bazus.com\/processes\/in-site-machining\/"]}]},{"@type":"BreadcrumbList","@id":"https:\/\/bazus.com\/processes\/in-site-machining\/#breadcrumb","itemListElement":[{"@type":"ListItem","position":1,"name":"Inicio","item":"https:\/\/bazus.com\/fr\/"},{"@type":"ListItem","position":2,"name":"Processus","item":"https:\/\/bazus.com\/fr\/processus\/"},{"@type":"ListItem","position":3,"name":"Usinage sur-site"}]},{"@type":"WebSite","@id":"https:\/\/bazus.com\/#website","url":"https:\/\/bazus.com\/","name":"Bazus","description":"Mesas de coordenadas confiables","potentialAction":[{"@type":"SearchAction","target":{"@type":"EntryPoint","urlTemplate":"https:\/\/bazus.com\/?s={search_term_string}"},"query-input":{"@type":"PropertyValueSpecification","valueRequired":true,"valueName":"search_term_string"}}],"inLanguage":"fr-FR"}]}},"acf":[],"_links":{"self":[{"href":"https:\/\/bazus.com\/fr\/wp-json\/wp\/v2\/pages\/3715","targetHints":{"allow":["GET"]}}],"collection":[{"href":"https:\/\/bazus.com\/fr\/wp-json\/wp\/v2\/pages"}],"about":[{"href":"https:\/\/bazus.com\/fr\/wp-json\/wp\/v2\/types\/page"}],"author":[{"embeddable":true,"href":"https:\/\/bazus.com\/fr\/wp-json\/wp\/v2\/users\/1"}],"replies":[{"embeddable":true,"href":"https:\/\/bazus.com\/fr\/wp-json\/wp\/v2\/comments?post=3715"}],"version-history":[{"count":2,"href":"https:\/\/bazus.com\/fr\/wp-json\/wp\/v2\/pages\/3715\/revisions"}],"predecessor-version":[{"id":4050,"href":"https:\/\/bazus.com\/fr\/wp-json\/wp\/v2\/pages\/3715\/revisions\/4050"}],"up":[{"embeddable":true,"href":"https:\/\/bazus.com\/fr\/wp-json\/wp\/v2\/pages\/3523"}],"wp:attachment":[{"href":"https:\/\/bazus.com\/fr\/wp-json\/wp\/v2\/media?parent=3715"}],"curies":[{"name":"wp","href":"https:\/\/api.w.org\/{rel}","templated":true}]}}