{"id":3705,"date":"2019-11-22T18:43:16","date_gmt":"2019-11-22T17:43:16","guid":{"rendered":"https:\/\/bazus.com\/processus\/rectificado\/"},"modified":"2020-10-26T13:10:05","modified_gmt":"2020-10-26T12:10:05","slug":"rectfier","status":"publish","type":"page","link":"https:\/\/bazus.com\/fr\/processus\/rectfier\/","title":{"rendered":"Rectfier"},"content":{"rendered":"<p>Le rectifi\u00e9 est un processus d\u2019usinage par abrasion avec une grande pr\u00e9cision et une faible rugosit\u00e9 que lors d\u2019un usinage par enl\u00e8vement de copeaux. Pour le rectifi\u00e9, des disques abrasifs robustes, appel\u00e9s meules, sont utilis\u00e9s. Le rectifi\u00e9 est effectu\u00e9 apr\u00e8s que la pi\u00e8ce a subi d\u2019autres processus de fabrication (fraisage, tournage \u2026). Parfois, une op\u00e9ration de meulage est suivie d\u2019un meulage ou d\u2019un rodage, comme dans la fabrication de verres de lentilles.<\/p>\n<p>L\u2019extraordinaire rigidit\u00e9 m\u00e9canique des unit\u00e9s BAZUS lui permet d\u2019absorber les vibrations et les contraintes g\u00e9n\u00e9r\u00e9es lors du meulage, et donc d\u2019effectuer le mouvement de meulage avec la r\u00e9p\u00e9tabilit\u00e9 et la pr\u00e9cision n\u00e9cessaires pour garantir un r\u00e9sultat optimal<\/p>\n","protected":false},"excerpt":{"rendered":"<p>Le rectifi\u00e9 est un processus d\u2019usinage par abrasion avec une grande pr\u00e9cision et une faible rugosit\u00e9 que lors d\u2019un usinage par enl\u00e8vement de copeaux. Pour le rectifi\u00e9, des disques abrasifs robustes, appel\u00e9s meules, sont utilis\u00e9s. Le rectifi\u00e9 est effectu\u00e9 apr\u00e8s que la pi\u00e8ce a subi d\u2019autres processus de fabrication (fraisage, tournage \u2026). Parfois, une op\u00e9ration [&hellip;]<\/p>\n","protected":false},"author":1,"featured_media":0,"parent":3523,"menu_order":27,"comment_status":"closed","ping_status":"closed","template":"sector.php","meta":{"footnotes":""},"class_list":["post-3705","page","type-page","status-publish","hentry"],"yoast_head":"<!-- This site is optimized with the Yoast SEO plugin v27.5 - https:\/\/yoast.com\/product\/yoast-seo-wordpress\/ -->\n<title>Rectfier - Bazus<\/title>\n<meta name=\"robots\" content=\"index, follow, max-snippet:-1, max-image-preview:large, max-video-preview:-1\" \/>\n<link rel=\"canonical\" href=\"https:\/\/bazus.com\/processes\/grinding\/\" \/>\n<meta property=\"og:locale\" content=\"fr_FR\" \/>\n<meta property=\"og:type\" content=\"article\" \/>\n<meta property=\"og:title\" content=\"Rectfier - Bazus\" \/>\n<meta property=\"og:description\" content=\"Le rectifi\u00e9 est un processus d\u2019usinage par abrasion avec une grande pr\u00e9cision et une faible rugosit\u00e9 que lors d\u2019un usinage par enl\u00e8vement de copeaux. Pour le rectifi\u00e9, des disques abrasifs robustes, appel\u00e9s meules, sont utilis\u00e9s. Le rectifi\u00e9 est effectu\u00e9 apr\u00e8s que la pi\u00e8ce a subi d\u2019autres processus de fabrication (fraisage, tournage \u2026). Parfois, une op\u00e9ration [&hellip;]\" \/>\n<meta property=\"og:url\" content=\"https:\/\/bazus.com\/processes\/grinding\/\" \/>\n<meta property=\"og:site_name\" content=\"Bazus\" \/>\n<meta property=\"article:modified_time\" content=\"2020-10-26T12:10:05+00:00\" \/>\n<meta name=\"twitter:card\" content=\"summary_large_image\" \/>\n<meta name=\"twitter:label1\" content=\"Dur\u00e9e de lecture estim\u00e9e\" \/>\n\t<meta name=\"twitter:data1\" content=\"1 minute\" \/>\n<script type=\"application\/ld+json\" class=\"yoast-schema-graph\">{\"@context\":\"https:\\\/\\\/schema.org\",\"@graph\":[{\"@type\":\"WebPage\",\"@id\":\"https:\\\/\\\/bazus.com\\\/processes\\\/grinding\\\/\",\"url\":\"https:\\\/\\\/bazus.com\\\/processes\\\/grinding\\\/\",\"name\":\"Rectfier - Bazus\",\"isPartOf\":{\"@id\":\"https:\\\/\\\/bazus.com\\\/#website\"},\"datePublished\":\"2019-11-22T17:43:16+00:00\",\"dateModified\":\"2020-10-26T12:10:05+00:00\",\"breadcrumb\":{\"@id\":\"https:\\\/\\\/bazus.com\\\/processes\\\/grinding\\\/#breadcrumb\"},\"inLanguage\":\"fr-FR\",\"potentialAction\":[{\"@type\":\"ReadAction\",\"target\":[\"https:\\\/\\\/bazus.com\\\/processes\\\/grinding\\\/\"]}]},{\"@type\":\"BreadcrumbList\",\"@id\":\"https:\\\/\\\/bazus.com\\\/processes\\\/grinding\\\/#breadcrumb\",\"itemListElement\":[{\"@type\":\"ListItem\",\"position\":1,\"name\":\"Inicio\",\"item\":\"https:\\\/\\\/bazus.com\\\/fr\\\/\"},{\"@type\":\"ListItem\",\"position\":2,\"name\":\"Processus\",\"item\":\"https:\\\/\\\/bazus.com\\\/fr\\\/processus\\\/\"},{\"@type\":\"ListItem\",\"position\":3,\"name\":\"Rectfier\"}]},{\"@type\":\"WebSite\",\"@id\":\"https:\\\/\\\/bazus.com\\\/#website\",\"url\":\"https:\\\/\\\/bazus.com\\\/\",\"name\":\"Bazus\",\"description\":\"Mesas de coordenadas confiables\",\"potentialAction\":[{\"@type\":\"SearchAction\",\"target\":{\"@type\":\"EntryPoint\",\"urlTemplate\":\"https:\\\/\\\/bazus.com\\\/?s={search_term_string}\"},\"query-input\":{\"@type\":\"PropertyValueSpecification\",\"valueRequired\":true,\"valueName\":\"search_term_string\"}}],\"inLanguage\":\"fr-FR\"}]}<\/script>\n<!-- \/ Yoast SEO plugin. -->","yoast_head_json":{"title":"Rectfier - Bazus","robots":{"index":"index","follow":"follow","max-snippet":"max-snippet:-1","max-image-preview":"max-image-preview:large","max-video-preview":"max-video-preview:-1"},"canonical":"https:\/\/bazus.com\/processes\/grinding\/","og_locale":"fr_FR","og_type":"article","og_title":"Rectfier - Bazus","og_description":"Le rectifi\u00e9 est un processus d\u2019usinage par abrasion avec une grande pr\u00e9cision et une faible rugosit\u00e9 que lors d\u2019un usinage par enl\u00e8vement de copeaux. Pour le rectifi\u00e9, des disques abrasifs robustes, appel\u00e9s meules, sont utilis\u00e9s. Le rectifi\u00e9 est effectu\u00e9 apr\u00e8s que la pi\u00e8ce a subi d\u2019autres processus de fabrication (fraisage, tournage \u2026). Parfois, une op\u00e9ration [&hellip;]","og_url":"https:\/\/bazus.com\/processes\/grinding\/","og_site_name":"Bazus","article_modified_time":"2020-10-26T12:10:05+00:00","twitter_card":"summary_large_image","twitter_misc":{"Dur\u00e9e de lecture estim\u00e9e":"1 minute"},"schema":{"@context":"https:\/\/schema.org","@graph":[{"@type":"WebPage","@id":"https:\/\/bazus.com\/processes\/grinding\/","url":"https:\/\/bazus.com\/processes\/grinding\/","name":"Rectfier - Bazus","isPartOf":{"@id":"https:\/\/bazus.com\/#website"},"datePublished":"2019-11-22T17:43:16+00:00","dateModified":"2020-10-26T12:10:05+00:00","breadcrumb":{"@id":"https:\/\/bazus.com\/processes\/grinding\/#breadcrumb"},"inLanguage":"fr-FR","potentialAction":[{"@type":"ReadAction","target":["https:\/\/bazus.com\/processes\/grinding\/"]}]},{"@type":"BreadcrumbList","@id":"https:\/\/bazus.com\/processes\/grinding\/#breadcrumb","itemListElement":[{"@type":"ListItem","position":1,"name":"Inicio","item":"https:\/\/bazus.com\/fr\/"},{"@type":"ListItem","position":2,"name":"Processus","item":"https:\/\/bazus.com\/fr\/processus\/"},{"@type":"ListItem","position":3,"name":"Rectfier"}]},{"@type":"WebSite","@id":"https:\/\/bazus.com\/#website","url":"https:\/\/bazus.com\/","name":"Bazus","description":"Mesas de coordenadas confiables","potentialAction":[{"@type":"SearchAction","target":{"@type":"EntryPoint","urlTemplate":"https:\/\/bazus.com\/?s={search_term_string}"},"query-input":{"@type":"PropertyValueSpecification","valueRequired":true,"valueName":"search_term_string"}}],"inLanguage":"fr-FR"}]}},"acf":[],"_links":{"self":[{"href":"https:\/\/bazus.com\/fr\/wp-json\/wp\/v2\/pages\/3705","targetHints":{"allow":["GET"]}}],"collection":[{"href":"https:\/\/bazus.com\/fr\/wp-json\/wp\/v2\/pages"}],"about":[{"href":"https:\/\/bazus.com\/fr\/wp-json\/wp\/v2\/types\/page"}],"author":[{"embeddable":true,"href":"https:\/\/bazus.com\/fr\/wp-json\/wp\/v2\/users\/1"}],"replies":[{"embeddable":true,"href":"https:\/\/bazus.com\/fr\/wp-json\/wp\/v2\/comments?post=3705"}],"version-history":[{"count":5,"href":"https:\/\/bazus.com\/fr\/wp-json\/wp\/v2\/pages\/3705\/revisions"}],"predecessor-version":[{"id":4091,"href":"https:\/\/bazus.com\/fr\/wp-json\/wp\/v2\/pages\/3705\/revisions\/4091"}],"up":[{"embeddable":true,"href":"https:\/\/bazus.com\/fr\/wp-json\/wp\/v2\/pages\/3523"}],"wp:attachment":[{"href":"https:\/\/bazus.com\/fr\/wp-json\/wp\/v2\/media?parent=3705"}],"curies":[{"name":"wp","href":"https:\/\/api.w.org\/{rel}","templated":true}]}}