{"id":3695,"date":"2020-08-21T12:21:46","date_gmt":"2020-08-21T10:21:46","guid":{"rendered":"https:\/\/bazus.com\/processus\/fresado\/"},"modified":"2020-10-26T11:53:46","modified_gmt":"2020-10-26T10:53:46","slug":"fraisage","status":"publish","type":"page","link":"https:\/\/bazus.com\/fr\/processus\/fraisage\/","title":{"rendered":"Fraisage"},"content":{"rendered":"<p>Le fraisage est un processus de fabrication avec enl\u00e8vement de copeaux: le mat\u00e9riau en cours d\u2019usinage est coup\u00e9 avec un outil rotatif \u00e0 ar\u00eates multiples qui ex\u00e9cute des mouvements dans toutes les directions des trois XYZ.<\/p>\n<p>Les unit\u00e9s lin\u00e9aires et les tables de coordonn\u00e9es BAZUS peuvent \u00eatre utilis\u00e9es pour tout processus de fraisage, que ce soit sur des machines conventionnelles ou \u00e0 commande num\u00e9rique.<\/p>\n<p>La grande rigidit\u00e9 m\u00e9canique des unit\u00e9s BAZUS emp\u00eache les vibrations pendant le fraisage, permettant des r\u00e9sultats optimaux.<\/p>\n","protected":false},"excerpt":{"rendered":"<p>Le fraisage est un processus de fabrication avec enl\u00e8vement de copeaux: le mat\u00e9riau en cours d\u2019usinage est coup\u00e9 avec un outil rotatif \u00e0 ar\u00eates multiples qui ex\u00e9cute des mouvements dans toutes les directions des trois XYZ. Les unit\u00e9s lin\u00e9aires et les tables de coordonn\u00e9es BAZUS peuvent \u00eatre utilis\u00e9es pour tout processus de fraisage, que ce [&hellip;]<\/p>\n","protected":false},"author":7,"featured_media":0,"parent":3523,"menu_order":41,"comment_status":"closed","ping_status":"closed","template":"sector.php","meta":{"footnotes":""},"class_list":["post-3695","page","type-page","status-publish","hentry"],"yoast_head":"<!-- This site is optimized with the Yoast SEO plugin v27.5 - https:\/\/yoast.com\/product\/yoast-seo-wordpress\/ -->\n<title>Fraisage - Bazus<\/title>\n<meta name=\"robots\" content=\"index, follow, max-snippet:-1, max-image-preview:large, max-video-preview:-1\" \/>\n<link rel=\"canonical\" href=\"https:\/\/bazus.com\/processes\/milling\/\" \/>\n<meta property=\"og:locale\" content=\"fr_FR\" \/>\n<meta property=\"og:type\" content=\"article\" \/>\n<meta property=\"og:title\" content=\"Fraisage - Bazus\" \/>\n<meta property=\"og:description\" content=\"Le fraisage est un processus de fabrication avec enl\u00e8vement de copeaux: le mat\u00e9riau en cours d\u2019usinage est coup\u00e9 avec un outil rotatif \u00e0 ar\u00eates multiples qui ex\u00e9cute des mouvements dans toutes les directions des trois XYZ. Les unit\u00e9s lin\u00e9aires et les tables de coordonn\u00e9es BAZUS peuvent \u00eatre utilis\u00e9es pour tout processus de fraisage, que ce [&hellip;]\" \/>\n<meta property=\"og:url\" content=\"https:\/\/bazus.com\/processes\/milling\/\" \/>\n<meta property=\"og:site_name\" content=\"Bazus\" \/>\n<meta property=\"article:modified_time\" content=\"2020-10-26T10:53:46+00:00\" \/>\n<meta name=\"twitter:card\" content=\"summary_large_image\" \/>\n<script type=\"application\/ld+json\" class=\"yoast-schema-graph\">{\"@context\":\"https:\\\/\\\/schema.org\",\"@graph\":[{\"@type\":\"WebPage\",\"@id\":\"https:\\\/\\\/bazus.com\\\/processes\\\/milling\\\/\",\"url\":\"https:\\\/\\\/bazus.com\\\/processes\\\/milling\\\/\",\"name\":\"Fraisage - Bazus\",\"isPartOf\":{\"@id\":\"https:\\\/\\\/bazus.com\\\/#website\"},\"datePublished\":\"2020-08-21T10:21:46+00:00\",\"dateModified\":\"2020-10-26T10:53:46+00:00\",\"breadcrumb\":{\"@id\":\"https:\\\/\\\/bazus.com\\\/processes\\\/milling\\\/#breadcrumb\"},\"inLanguage\":\"fr-FR\",\"potentialAction\":[{\"@type\":\"ReadAction\",\"target\":[\"https:\\\/\\\/bazus.com\\\/processes\\\/milling\\\/\"]}]},{\"@type\":\"BreadcrumbList\",\"@id\":\"https:\\\/\\\/bazus.com\\\/processes\\\/milling\\\/#breadcrumb\",\"itemListElement\":[{\"@type\":\"ListItem\",\"position\":1,\"name\":\"Inicio\",\"item\":\"https:\\\/\\\/bazus.com\\\/fr\\\/\"},{\"@type\":\"ListItem\",\"position\":2,\"name\":\"Processus\",\"item\":\"https:\\\/\\\/bazus.com\\\/fr\\\/processus\\\/\"},{\"@type\":\"ListItem\",\"position\":3,\"name\":\"Fraisage\"}]},{\"@type\":\"WebSite\",\"@id\":\"https:\\\/\\\/bazus.com\\\/#website\",\"url\":\"https:\\\/\\\/bazus.com\\\/\",\"name\":\"Bazus\",\"description\":\"Mesas de coordenadas confiables\",\"potentialAction\":[{\"@type\":\"SearchAction\",\"target\":{\"@type\":\"EntryPoint\",\"urlTemplate\":\"https:\\\/\\\/bazus.com\\\/?s={search_term_string}\"},\"query-input\":{\"@type\":\"PropertyValueSpecification\",\"valueRequired\":true,\"valueName\":\"search_term_string\"}}],\"inLanguage\":\"fr-FR\"}]}<\/script>\n<!-- \/ Yoast SEO plugin. -->","yoast_head_json":{"title":"Fraisage - Bazus","robots":{"index":"index","follow":"follow","max-snippet":"max-snippet:-1","max-image-preview":"max-image-preview:large","max-video-preview":"max-video-preview:-1"},"canonical":"https:\/\/bazus.com\/processes\/milling\/","og_locale":"fr_FR","og_type":"article","og_title":"Fraisage - Bazus","og_description":"Le fraisage est un processus de fabrication avec enl\u00e8vement de copeaux: le mat\u00e9riau en cours d\u2019usinage est coup\u00e9 avec un outil rotatif \u00e0 ar\u00eates multiples qui ex\u00e9cute des mouvements dans toutes les directions des trois XYZ. Les unit\u00e9s lin\u00e9aires et les tables de coordonn\u00e9es BAZUS peuvent \u00eatre utilis\u00e9es pour tout processus de fraisage, que ce [&hellip;]","og_url":"https:\/\/bazus.com\/processes\/milling\/","og_site_name":"Bazus","article_modified_time":"2020-10-26T10:53:46+00:00","twitter_card":"summary_large_image","schema":{"@context":"https:\/\/schema.org","@graph":[{"@type":"WebPage","@id":"https:\/\/bazus.com\/processes\/milling\/","url":"https:\/\/bazus.com\/processes\/milling\/","name":"Fraisage - Bazus","isPartOf":{"@id":"https:\/\/bazus.com\/#website"},"datePublished":"2020-08-21T10:21:46+00:00","dateModified":"2020-10-26T10:53:46+00:00","breadcrumb":{"@id":"https:\/\/bazus.com\/processes\/milling\/#breadcrumb"},"inLanguage":"fr-FR","potentialAction":[{"@type":"ReadAction","target":["https:\/\/bazus.com\/processes\/milling\/"]}]},{"@type":"BreadcrumbList","@id":"https:\/\/bazus.com\/processes\/milling\/#breadcrumb","itemListElement":[{"@type":"ListItem","position":1,"name":"Inicio","item":"https:\/\/bazus.com\/fr\/"},{"@type":"ListItem","position":2,"name":"Processus","item":"https:\/\/bazus.com\/fr\/processus\/"},{"@type":"ListItem","position":3,"name":"Fraisage"}]},{"@type":"WebSite","@id":"https:\/\/bazus.com\/#website","url":"https:\/\/bazus.com\/","name":"Bazus","description":"Mesas de coordenadas confiables","potentialAction":[{"@type":"SearchAction","target":{"@type":"EntryPoint","urlTemplate":"https:\/\/bazus.com\/?s={search_term_string}"},"query-input":{"@type":"PropertyValueSpecification","valueRequired":true,"valueName":"search_term_string"}}],"inLanguage":"fr-FR"}]}},"acf":[],"_links":{"self":[{"href":"https:\/\/bazus.com\/fr\/wp-json\/wp\/v2\/pages\/3695","targetHints":{"allow":["GET"]}}],"collection":[{"href":"https:\/\/bazus.com\/fr\/wp-json\/wp\/v2\/pages"}],"about":[{"href":"https:\/\/bazus.com\/fr\/wp-json\/wp\/v2\/types\/page"}],"author":[{"embeddable":true,"href":"https:\/\/bazus.com\/fr\/wp-json\/wp\/v2\/users\/7"}],"replies":[{"embeddable":true,"href":"https:\/\/bazus.com\/fr\/wp-json\/wp\/v2\/comments?post=3695"}],"version-history":[{"count":4,"href":"https:\/\/bazus.com\/fr\/wp-json\/wp\/v2\/pages\/3695\/revisions"}],"predecessor-version":[{"id":4033,"href":"https:\/\/bazus.com\/fr\/wp-json\/wp\/v2\/pages\/3695\/revisions\/4033"}],"up":[{"embeddable":true,"href":"https:\/\/bazus.com\/fr\/wp-json\/wp\/v2\/pages\/3523"}],"wp:attachment":[{"href":"https:\/\/bazus.com\/fr\/wp-json\/wp\/v2\/media?parent=3695"}],"curies":[{"name":"wp","href":"https:\/\/api.w.org\/{rel}","templated":true}]}}