{"id":3525,"date":"2020-10-22T12:07:14","date_gmt":"2020-10-22T10:07:14","guid":{"rendered":"https:\/\/bazus.com\/?page_id=3525"},"modified":"2020-10-26T11:51:48","modified_gmt":"2020-10-26T10:51:48","slug":"usinage","status":"publish","type":"page","link":"https:\/\/bazus.com\/fr\/processus\/usinage\/","title":{"rendered":"Usinage"},"content":{"rendered":"<p>L\u2019usinage est un processus de fabrication qui comprend un ensemble d\u2019op\u00e9rations de formage de pi\u00e8ces par enl\u00e8vement de mati\u00e8re, soit par enl\u00e8vement de copeaux, soit par abrasion. Il est fabriqu\u00e9 \u00e0 partir de produits semi-finis pr\u00e9alablement form\u00e9s par d\u2019autres proc\u00e9d\u00e9s tels que le moulage ou le forgeage. Les produits obtenus peuvent \u00eatre finaux ou semi-finis qui n\u00e9cessitent des op\u00e9rations ult\u00e9rieures.<\/p>\n<p>Les types d\u2019usinage o\u00f9 les tables BAZUS peuvent \u00eatre utilis\u00e9es sont vastes et vari\u00e9s: du meulage par abrasion, du fraisage conventionnel, du per\u00e7age ou du soudage.<\/p>\n<p>Les unit\u00e9s BAZUS peuvent \u00e9galement \u00eatre utilis\u00e9es pour positionner les outils dans les assemblages et les r\u00e9glages.<\/p>\n","protected":false},"excerpt":{"rendered":"<p>L\u2019usinage est un processus de fabrication qui comprend un ensemble d\u2019op\u00e9rations de formage de pi\u00e8ces par enl\u00e8vement de mati\u00e8re, soit par enl\u00e8vement de copeaux, soit par abrasion. Il est fabriqu\u00e9 \u00e0 partir de produits semi-finis pr\u00e9alablement form\u00e9s par d\u2019autres proc\u00e9d\u00e9s tels que le moulage ou le forgeage. Les produits obtenus peuvent \u00eatre finaux ou semi-finis [&hellip;]<\/p>\n","protected":false},"author":1,"featured_media":0,"parent":3523,"menu_order":25,"comment_status":"closed","ping_status":"closed","template":"sector.php","meta":{"footnotes":""},"class_list":["post-3525","page","type-page","status-publish","hentry"],"yoast_head":"<!-- This site is optimized with the Yoast SEO plugin v27.5 - https:\/\/yoast.com\/product\/yoast-seo-wordpress\/ -->\n<title>Usinage - Bazus<\/title>\n<meta name=\"robots\" content=\"index, follow, max-snippet:-1, max-image-preview:large, max-video-preview:-1\" \/>\n<link rel=\"canonical\" href=\"https:\/\/bazus.com\/processes\/machining\/\" \/>\n<meta property=\"og:locale\" content=\"fr_FR\" \/>\n<meta property=\"og:type\" content=\"article\" \/>\n<meta property=\"og:title\" content=\"Usinage - Bazus\" \/>\n<meta property=\"og:description\" content=\"L\u2019usinage est un processus de fabrication qui comprend un ensemble d\u2019op\u00e9rations de formage de pi\u00e8ces par enl\u00e8vement de mati\u00e8re, soit par enl\u00e8vement de copeaux, soit par abrasion. Il est fabriqu\u00e9 \u00e0 partir de produits semi-finis pr\u00e9alablement form\u00e9s par d\u2019autres proc\u00e9d\u00e9s tels que le moulage ou le forgeage. Les produits obtenus peuvent \u00eatre finaux ou semi-finis [&hellip;]\" \/>\n<meta property=\"og:url\" content=\"https:\/\/bazus.com\/processes\/machining\/\" \/>\n<meta property=\"og:site_name\" content=\"Bazus\" \/>\n<meta property=\"article:modified_time\" content=\"2020-10-26T10:51:48+00:00\" \/>\n<meta name=\"twitter:card\" content=\"summary_large_image\" \/>\n<meta name=\"twitter:label1\" content=\"Dur\u00e9e de lecture estim\u00e9e\" \/>\n\t<meta name=\"twitter:data1\" content=\"1 minute\" \/>\n<script type=\"application\/ld+json\" class=\"yoast-schema-graph\">{\"@context\":\"https:\\\/\\\/schema.org\",\"@graph\":[{\"@type\":\"WebPage\",\"@id\":\"https:\\\/\\\/bazus.com\\\/processes\\\/machining\\\/\",\"url\":\"https:\\\/\\\/bazus.com\\\/processes\\\/machining\\\/\",\"name\":\"Usinage - Bazus\",\"isPartOf\":{\"@id\":\"https:\\\/\\\/bazus.com\\\/#website\"},\"datePublished\":\"2020-10-22T10:07:14+00:00\",\"dateModified\":\"2020-10-26T10:51:48+00:00\",\"breadcrumb\":{\"@id\":\"https:\\\/\\\/bazus.com\\\/processes\\\/machining\\\/#breadcrumb\"},\"inLanguage\":\"fr-FR\",\"potentialAction\":[{\"@type\":\"ReadAction\",\"target\":[\"https:\\\/\\\/bazus.com\\\/processes\\\/machining\\\/\"]}]},{\"@type\":\"BreadcrumbList\",\"@id\":\"https:\\\/\\\/bazus.com\\\/processes\\\/machining\\\/#breadcrumb\",\"itemListElement\":[{\"@type\":\"ListItem\",\"position\":1,\"name\":\"Inicio\",\"item\":\"https:\\\/\\\/bazus.com\\\/fr\\\/\"},{\"@type\":\"ListItem\",\"position\":2,\"name\":\"Processus\",\"item\":\"https:\\\/\\\/bazus.com\\\/fr\\\/processus\\\/\"},{\"@type\":\"ListItem\",\"position\":3,\"name\":\"Usinage\"}]},{\"@type\":\"WebSite\",\"@id\":\"https:\\\/\\\/bazus.com\\\/#website\",\"url\":\"https:\\\/\\\/bazus.com\\\/\",\"name\":\"Bazus\",\"description\":\"Mesas de coordenadas confiables\",\"potentialAction\":[{\"@type\":\"SearchAction\",\"target\":{\"@type\":\"EntryPoint\",\"urlTemplate\":\"https:\\\/\\\/bazus.com\\\/?s={search_term_string}\"},\"query-input\":{\"@type\":\"PropertyValueSpecification\",\"valueRequired\":true,\"valueName\":\"search_term_string\"}}],\"inLanguage\":\"fr-FR\"}]}<\/script>\n<!-- \/ Yoast SEO plugin. -->","yoast_head_json":{"title":"Usinage - Bazus","robots":{"index":"index","follow":"follow","max-snippet":"max-snippet:-1","max-image-preview":"max-image-preview:large","max-video-preview":"max-video-preview:-1"},"canonical":"https:\/\/bazus.com\/processes\/machining\/","og_locale":"fr_FR","og_type":"article","og_title":"Usinage - Bazus","og_description":"L\u2019usinage est un processus de fabrication qui comprend un ensemble d\u2019op\u00e9rations de formage de pi\u00e8ces par enl\u00e8vement de mati\u00e8re, soit par enl\u00e8vement de copeaux, soit par abrasion. Il est fabriqu\u00e9 \u00e0 partir de produits semi-finis pr\u00e9alablement form\u00e9s par d\u2019autres proc\u00e9d\u00e9s tels que le moulage ou le forgeage. Les produits obtenus peuvent \u00eatre finaux ou semi-finis [&hellip;]","og_url":"https:\/\/bazus.com\/processes\/machining\/","og_site_name":"Bazus","article_modified_time":"2020-10-26T10:51:48+00:00","twitter_card":"summary_large_image","twitter_misc":{"Dur\u00e9e de lecture estim\u00e9e":"1 minute"},"schema":{"@context":"https:\/\/schema.org","@graph":[{"@type":"WebPage","@id":"https:\/\/bazus.com\/processes\/machining\/","url":"https:\/\/bazus.com\/processes\/machining\/","name":"Usinage - Bazus","isPartOf":{"@id":"https:\/\/bazus.com\/#website"},"datePublished":"2020-10-22T10:07:14+00:00","dateModified":"2020-10-26T10:51:48+00:00","breadcrumb":{"@id":"https:\/\/bazus.com\/processes\/machining\/#breadcrumb"},"inLanguage":"fr-FR","potentialAction":[{"@type":"ReadAction","target":["https:\/\/bazus.com\/processes\/machining\/"]}]},{"@type":"BreadcrumbList","@id":"https:\/\/bazus.com\/processes\/machining\/#breadcrumb","itemListElement":[{"@type":"ListItem","position":1,"name":"Inicio","item":"https:\/\/bazus.com\/fr\/"},{"@type":"ListItem","position":2,"name":"Processus","item":"https:\/\/bazus.com\/fr\/processus\/"},{"@type":"ListItem","position":3,"name":"Usinage"}]},{"@type":"WebSite","@id":"https:\/\/bazus.com\/#website","url":"https:\/\/bazus.com\/","name":"Bazus","description":"Mesas de coordenadas confiables","potentialAction":[{"@type":"SearchAction","target":{"@type":"EntryPoint","urlTemplate":"https:\/\/bazus.com\/?s={search_term_string}"},"query-input":{"@type":"PropertyValueSpecification","valueRequired":true,"valueName":"search_term_string"}}],"inLanguage":"fr-FR"}]}},"acf":[],"_links":{"self":[{"href":"https:\/\/bazus.com\/fr\/wp-json\/wp\/v2\/pages\/3525","targetHints":{"allow":["GET"]}}],"collection":[{"href":"https:\/\/bazus.com\/fr\/wp-json\/wp\/v2\/pages"}],"about":[{"href":"https:\/\/bazus.com\/fr\/wp-json\/wp\/v2\/types\/page"}],"author":[{"embeddable":true,"href":"https:\/\/bazus.com\/fr\/wp-json\/wp\/v2\/users\/1"}],"replies":[{"embeddable":true,"href":"https:\/\/bazus.com\/fr\/wp-json\/wp\/v2\/comments?post=3525"}],"version-history":[{"count":6,"href":"https:\/\/bazus.com\/fr\/wp-json\/wp\/v2\/pages\/3525\/revisions"}],"predecessor-version":[{"id":4031,"href":"https:\/\/bazus.com\/fr\/wp-json\/wp\/v2\/pages\/3525\/revisions\/4031"}],"up":[{"embeddable":true,"href":"https:\/\/bazus.com\/fr\/wp-json\/wp\/v2\/pages\/3523"}],"wp:attachment":[{"href":"https:\/\/bazus.com\/fr\/wp-json\/wp\/v2\/media?parent=3525"}],"curies":[{"name":"wp","href":"https:\/\/api.w.org\/{rel}","templated":true}]}}