{"id":3520,"date":"2019-11-22T17:05:36","date_gmt":"2019-11-22T16:05:36","guid":{"rendered":"https:\/\/bazus.com\/kinematik-cnc\/"},"modified":"2020-10-26T11:39:39","modified_gmt":"2020-10-26T10:39:39","slug":"kinematik-cnc","status":"publish","type":"page","link":"https:\/\/bazus.com\/fr\/tables-de-coordonnees-cnc\/kinematik-cnc\/","title":{"rendered":"Kinematik (CNC)"},"content":{"rendered":"<p><strong>\u201cKINEMATIK CNC\u201d<\/strong> est un syst\u00e8me automatique de positionnement. Il s\u2019agit d\u2019un outil simple mais d\u2019une solution tr\u00e8s int\u00e9ressante qui offre la possibilit\u00e9 de r\u00e9aliser de multiples t\u00e2ches au moyen de la programmation ISO.<\/p>\n<p><strong>\u201cKINEMATIK CNC\u201d <\/strong>est contr\u00f4l\u00e9 au moyen d\u2019un \u00e9cran tactile appel\u00e9 \u201cQuick Panel\u201d sur lequel l\u2019usager trouvera toutes les informations n\u00e9cessaires \u00e0 l\u2019utilisation du syst\u00e8me et de ses diff\u00e9rents modes de fonctionnement (manuel \/ automatique \/ communication avec PC). \u201cQuick Panel\u201d est \u00e9quip\u00e9 d\u2019un \u00e9cran tactile pour choisir le mode de fonctionnement, d\u2019une touche marche \/ arr\u00eat cycle et d\u2019une touche d\u2019arr\u00eat d\u2019urgence.<\/p>\n","protected":false},"excerpt":{"rendered":"<p>\u201cKINEMATIK CNC\u201d est un syst\u00e8me automatique de positionnement. Il s\u2019agit d\u2019un outil simple mais d\u2019une solution tr\u00e8s int\u00e9ressante qui offre la possibilit\u00e9 de r\u00e9aliser de multiples t\u00e2ches au moyen de la programmation ISO. \u201cKINEMATIK CNC\u201d est contr\u00f4l\u00e9 au moyen d\u2019un \u00e9cran tactile appel\u00e9 \u201cQuick Panel\u201d sur lequel l\u2019usager trouvera toutes les informations n\u00e9cessaires \u00e0 l\u2019utilisation [&hellip;]<\/p>\n","protected":false},"author":1,"featured_media":1341,"parent":3678,"menu_order":18,"comment_status":"closed","ping_status":"closed","template":"producto-kinematik.php","meta":{"footnotes":""},"class_list":["post-3520","page","type-page","status-publish","has-post-thumbnail","hentry"],"yoast_head":"<!-- This site is optimized with the Yoast SEO plugin v27.5 - https:\/\/yoast.com\/product\/yoast-seo-wordpress\/ -->\n<title>Kinematik (CNC) - Bazus<\/title>\n<meta name=\"robots\" content=\"index, follow, max-snippet:-1, max-image-preview:large, max-video-preview:-1\" \/>\n<link rel=\"canonical\" href=\"https:\/\/bazus.com\/cnc-coordinate-tables\/kinematik-cnc\/\" \/>\n<meta property=\"og:locale\" content=\"fr_FR\" \/>\n<meta property=\"og:type\" content=\"article\" \/>\n<meta property=\"og:title\" content=\"Kinematik (CNC) - Bazus\" \/>\n<meta property=\"og:description\" content=\"\u201cKINEMATIK CNC\u201d est un syst\u00e8me automatique de positionnement. Il s\u2019agit d\u2019un outil simple mais d\u2019une solution tr\u00e8s int\u00e9ressante qui offre la possibilit\u00e9 de r\u00e9aliser de multiples t\u00e2ches au moyen de la programmation ISO. \u201cKINEMATIK CNC\u201d est contr\u00f4l\u00e9 au moyen d\u2019un \u00e9cran tactile appel\u00e9 \u201cQuick Panel\u201d sur lequel l\u2019usager trouvera toutes les informations n\u00e9cessaires \u00e0 l\u2019utilisation [&hellip;]\" \/>\n<meta property=\"og:url\" content=\"https:\/\/bazus.com\/cnc-coordinate-tables\/kinematik-cnc\/\" \/>\n<meta property=\"og:site_name\" content=\"Bazus\" \/>\n<meta property=\"article:modified_time\" content=\"2020-10-26T10:39:39+00:00\" \/>\n<meta property=\"og:image\" content=\"https:\/\/bazus.com\/wp-content\/uploads\/2020\/08\/Kinematik_A.jpg\" \/>\n\t<meta property=\"og:image:width\" content=\"1920\" \/>\n\t<meta property=\"og:image:height\" content=\"1080\" \/>\n\t<meta property=\"og:image:type\" content=\"image\/jpeg\" \/>\n<meta name=\"twitter:card\" content=\"summary_large_image\" \/>\n<meta name=\"twitter:label1\" content=\"Dur\u00e9e de lecture estim\u00e9e\" \/>\n\t<meta name=\"twitter:data1\" content=\"1 minute\" \/>\n<script type=\"application\/ld+json\" class=\"yoast-schema-graph\">{\"@context\":\"https:\\\/\\\/schema.org\",\"@graph\":[{\"@type\":\"WebPage\",\"@id\":\"https:\\\/\\\/bazus.com\\\/cnc-coordinate-tables\\\/kinematik-cnc\\\/\",\"url\":\"https:\\\/\\\/bazus.com\\\/cnc-coordinate-tables\\\/kinematik-cnc\\\/\",\"name\":\"Kinematik (CNC) - Bazus\",\"isPartOf\":{\"@id\":\"https:\\\/\\\/bazus.com\\\/#website\"},\"primaryImageOfPage\":{\"@id\":\"https:\\\/\\\/bazus.com\\\/cnc-coordinate-tables\\\/kinematik-cnc\\\/#primaryimage\"},\"image\":{\"@id\":\"https:\\\/\\\/bazus.com\\\/cnc-coordinate-tables\\\/kinematik-cnc\\\/#primaryimage\"},\"thumbnailUrl\":\"https:\\\/\\\/bazus.com\\\/wp-content\\\/uploads\\\/2020\\\/08\\\/Kinematik_A.jpg\",\"datePublished\":\"2019-11-22T16:05:36+00:00\",\"dateModified\":\"2020-10-26T10:39:39+00:00\",\"breadcrumb\":{\"@id\":\"https:\\\/\\\/bazus.com\\\/cnc-coordinate-tables\\\/kinematik-cnc\\\/#breadcrumb\"},\"inLanguage\":\"fr-FR\",\"potentialAction\":[{\"@type\":\"ReadAction\",\"target\":[\"https:\\\/\\\/bazus.com\\\/cnc-coordinate-tables\\\/kinematik-cnc\\\/\"]}]},{\"@type\":\"ImageObject\",\"inLanguage\":\"fr-FR\",\"@id\":\"https:\\\/\\\/bazus.com\\\/cnc-coordinate-tables\\\/kinematik-cnc\\\/#primaryimage\",\"url\":\"https:\\\/\\\/bazus.com\\\/wp-content\\\/uploads\\\/2020\\\/08\\\/Kinematik_A.jpg\",\"contentUrl\":\"https:\\\/\\\/bazus.com\\\/wp-content\\\/uploads\\\/2020\\\/08\\\/Kinematik_A.jpg\",\"width\":1920,\"height\":1080},{\"@type\":\"BreadcrumbList\",\"@id\":\"https:\\\/\\\/bazus.com\\\/cnc-coordinate-tables\\\/kinematik-cnc\\\/#breadcrumb\",\"itemListElement\":[{\"@type\":\"ListItem\",\"position\":1,\"name\":\"Inicio\",\"item\":\"https:\\\/\\\/bazus.com\\\/fr\\\/\"},{\"@type\":\"ListItem\",\"position\":2,\"name\":\"Tables de Coordonn\u00e9es CNC\",\"item\":\"https:\\\/\\\/bazus.com\\\/fr\\\/tables-de-coordonnees-cnc\\\/\"},{\"@type\":\"ListItem\",\"position\":3,\"name\":\"Kinematik (CNC)\"}]},{\"@type\":\"WebSite\",\"@id\":\"https:\\\/\\\/bazus.com\\\/#website\",\"url\":\"https:\\\/\\\/bazus.com\\\/\",\"name\":\"Bazus\",\"description\":\"Mesas de coordenadas confiables\",\"potentialAction\":[{\"@type\":\"SearchAction\",\"target\":{\"@type\":\"EntryPoint\",\"urlTemplate\":\"https:\\\/\\\/bazus.com\\\/?s={search_term_string}\"},\"query-input\":{\"@type\":\"PropertyValueSpecification\",\"valueRequired\":true,\"valueName\":\"search_term_string\"}}],\"inLanguage\":\"fr-FR\"}]}<\/script>\n<!-- \/ Yoast SEO plugin. -->","yoast_head_json":{"title":"Kinematik (CNC) - Bazus","robots":{"index":"index","follow":"follow","max-snippet":"max-snippet:-1","max-image-preview":"max-image-preview:large","max-video-preview":"max-video-preview:-1"},"canonical":"https:\/\/bazus.com\/cnc-coordinate-tables\/kinematik-cnc\/","og_locale":"fr_FR","og_type":"article","og_title":"Kinematik (CNC) - Bazus","og_description":"\u201cKINEMATIK CNC\u201d est un syst\u00e8me automatique de positionnement. Il s\u2019agit d\u2019un outil simple mais d\u2019une solution tr\u00e8s int\u00e9ressante qui offre la possibilit\u00e9 de r\u00e9aliser de multiples t\u00e2ches au moyen de la programmation ISO. \u201cKINEMATIK CNC\u201d est contr\u00f4l\u00e9 au moyen d\u2019un \u00e9cran tactile appel\u00e9 \u201cQuick Panel\u201d sur lequel l\u2019usager trouvera toutes les informations n\u00e9cessaires \u00e0 l\u2019utilisation [&hellip;]","og_url":"https:\/\/bazus.com\/cnc-coordinate-tables\/kinematik-cnc\/","og_site_name":"Bazus","article_modified_time":"2020-10-26T10:39:39+00:00","og_image":[{"width":1920,"height":1080,"url":"https:\/\/bazus.com\/wp-content\/uploads\/2020\/08\/Kinematik_A.jpg","type":"image\/jpeg"}],"twitter_card":"summary_large_image","twitter_misc":{"Dur\u00e9e de lecture estim\u00e9e":"1 minute"},"schema":{"@context":"https:\/\/schema.org","@graph":[{"@type":"WebPage","@id":"https:\/\/bazus.com\/cnc-coordinate-tables\/kinematik-cnc\/","url":"https:\/\/bazus.com\/cnc-coordinate-tables\/kinematik-cnc\/","name":"Kinematik (CNC) - Bazus","isPartOf":{"@id":"https:\/\/bazus.com\/#website"},"primaryImageOfPage":{"@id":"https:\/\/bazus.com\/cnc-coordinate-tables\/kinematik-cnc\/#primaryimage"},"image":{"@id":"https:\/\/bazus.com\/cnc-coordinate-tables\/kinematik-cnc\/#primaryimage"},"thumbnailUrl":"https:\/\/bazus.com\/wp-content\/uploads\/2020\/08\/Kinematik_A.jpg","datePublished":"2019-11-22T16:05:36+00:00","dateModified":"2020-10-26T10:39:39+00:00","breadcrumb":{"@id":"https:\/\/bazus.com\/cnc-coordinate-tables\/kinematik-cnc\/#breadcrumb"},"inLanguage":"fr-FR","potentialAction":[{"@type":"ReadAction","target":["https:\/\/bazus.com\/cnc-coordinate-tables\/kinematik-cnc\/"]}]},{"@type":"ImageObject","inLanguage":"fr-FR","@id":"https:\/\/bazus.com\/cnc-coordinate-tables\/kinematik-cnc\/#primaryimage","url":"https:\/\/bazus.com\/wp-content\/uploads\/2020\/08\/Kinematik_A.jpg","contentUrl":"https:\/\/bazus.com\/wp-content\/uploads\/2020\/08\/Kinematik_A.jpg","width":1920,"height":1080},{"@type":"BreadcrumbList","@id":"https:\/\/bazus.com\/cnc-coordinate-tables\/kinematik-cnc\/#breadcrumb","itemListElement":[{"@type":"ListItem","position":1,"name":"Inicio","item":"https:\/\/bazus.com\/fr\/"},{"@type":"ListItem","position":2,"name":"Tables de Coordonn\u00e9es CNC","item":"https:\/\/bazus.com\/fr\/tables-de-coordonnees-cnc\/"},{"@type":"ListItem","position":3,"name":"Kinematik (CNC)"}]},{"@type":"WebSite","@id":"https:\/\/bazus.com\/#website","url":"https:\/\/bazus.com\/","name":"Bazus","description":"Mesas de coordenadas confiables","potentialAction":[{"@type":"SearchAction","target":{"@type":"EntryPoint","urlTemplate":"https:\/\/bazus.com\/?s={search_term_string}"},"query-input":{"@type":"PropertyValueSpecification","valueRequired":true,"valueName":"search_term_string"}}],"inLanguage":"fr-FR"}]}},"acf":[],"_links":{"self":[{"href":"https:\/\/bazus.com\/fr\/wp-json\/wp\/v2\/pages\/3520","targetHints":{"allow":["GET"]}}],"collection":[{"href":"https:\/\/bazus.com\/fr\/wp-json\/wp\/v2\/pages"}],"about":[{"href":"https:\/\/bazus.com\/fr\/wp-json\/wp\/v2\/types\/page"}],"author":[{"embeddable":true,"href":"https:\/\/bazus.com\/fr\/wp-json\/wp\/v2\/users\/1"}],"replies":[{"embeddable":true,"href":"https:\/\/bazus.com\/fr\/wp-json\/wp\/v2\/comments?post=3520"}],"version-history":[{"count":6,"href":"https:\/\/bazus.com\/fr\/wp-json\/wp\/v2\/pages\/3520\/revisions"}],"predecessor-version":[{"id":5143,"href":"https:\/\/bazus.com\/fr\/wp-json\/wp\/v2\/pages\/3520\/revisions\/5143"}],"up":[{"embeddable":true,"href":"https:\/\/bazus.com\/fr\/wp-json\/wp\/v2\/pages\/3678"}],"wp:featuredmedia":[{"embeddable":true,"href":"https:\/\/bazus.com\/fr\/wp-json\/wp\/v2\/media\/1341"}],"wp:attachment":[{"href":"https:\/\/bazus.com\/fr\/wp-json\/wp\/v2\/media?parent=3520"}],"curies":[{"name":"wp","href":"https:\/\/api.w.org\/{rel}","templated":true}]}}