{"id":2858,"date":"2020-10-22T11:22:29","date_gmt":"2020-10-22T09:22:29","guid":{"rendered":"https:\/\/bazus.com\/?page_id=2858"},"modified":"2021-04-30T10:56:23","modified_gmt":"2021-04-30T08:56:23","slug":"cn-table-x-pour-charges-lourdes","status":"publish","type":"page","link":"https:\/\/bazus.com\/fr\/tables-de-coordonnees-x\/cn-table-x-pour-charges-lourdes\/","title":{"rendered":"CN Table X pour charges lourdes"},"content":{"rendered":"<p>Table de coordonn\u00e9es multifonctionnelle robuste avec un seul axe X pour une application en tant qu\u2019unit\u00e9 lin\u00e9aire.<\/p>\n<p>Con\u00e7ue pour un travail de pr\u00e9cision, la s\u00e9rie CN d\u2019unit\u00e9s lin\u00e9aires est optimale pour le positionnement, le per\u00e7age vertical, le per\u00e7age horizontal, le soudage et toute autre application m\u00e9canique n\u00e9cessitant un contr\u00f4le de position pr\u00e9cis.<\/p>\n<p>La conception solide et robuste de la table lin\u00e9aire permet d\u2019effectuer un grand nombre de travaux tout en conservant la pr\u00e9cision de positionnement et la r\u00e9p\u00e9tabilit\u00e9 dans tout type de positionnement lin\u00e9aire. Une table de coordonn\u00e9es standard et exceptionnelle qui garantit une longue dur\u00e9e de vie.<\/p>\n","protected":false},"excerpt":{"rendered":"<p>Table de coordonn\u00e9es multifonctionnelle robuste avec un seul axe X pour une application en tant qu\u2019unit\u00e9 lin\u00e9aire. Con\u00e7ue pour un travail de pr\u00e9cision, la s\u00e9rie CN d\u2019unit\u00e9s lin\u00e9aires est optimale pour le positionnement, le per\u00e7age vertical, le per\u00e7age horizontal, le soudage et toute autre application m\u00e9canique n\u00e9cessitant un contr\u00f4le de position pr\u00e9cis. La conception solide [&hellip;]<\/p>\n","protected":false},"author":7,"featured_media":672,"parent":3633,"menu_order":1,"comment_status":"closed","ping_status":"closed","template":"producto.php","meta":[],"yoast_head":"<!-- This site is optimized with the Yoast SEO plugin v14.6.1 - https:\/\/yoast.com\/wordpress\/plugins\/seo\/ -->\n<title>CN Table X pour charges lourdes - Bazus<\/title>\n<meta name=\"robots\" content=\"index, follow\" \/>\n<meta name=\"googlebot\" content=\"index, follow, max-snippet:-1, max-image-preview:large, max-video-preview:-1\" \/>\n<meta name=\"bingbot\" content=\"index, follow, max-snippet:-1, max-image-preview:large, max-video-preview:-1\" \/>\n<link rel=\"canonical\" href=\"https:\/\/bazus.com\/fr\/tables-de-coordonnees-x\/cn-table-x-pour-charges-lourdes\/\" \/>\n<meta property=\"og:locale\" content=\"fr_FR\" \/>\n<meta property=\"og:type\" content=\"article\" \/>\n<meta property=\"og:title\" content=\"CN Table X pour charges lourdes - Bazus\" \/>\n<meta property=\"og:description\" content=\"Table de coordonn\u00e9es multifonctionnelle robuste avec un seul axe X pour une application en tant qu\u2019unit\u00e9 lin\u00e9aire. Con\u00e7ue pour un travail de pr\u00e9cision, la s\u00e9rie CN d\u2019unit\u00e9s lin\u00e9aires est optimale pour le positionnement, le per\u00e7age vertical, le per\u00e7age horizontal, le soudage et toute autre application m\u00e9canique n\u00e9cessitant un contr\u00f4le de position pr\u00e9cis. La conception solide [&hellip;]\" \/>\n<meta property=\"og:url\" content=\"https:\/\/bazus.com\/fr\/tables-de-coordonnees-x\/cn-table-x-pour-charges-lourdes\/\" \/>\n<meta property=\"og:site_name\" content=\"Bazus\" \/>\n<meta property=\"article:modified_time\" content=\"2021-04-30T08:56:23+00:00\" \/>\n<meta property=\"og:image\" content=\"https:\/\/bazus.com\/wp-content\/uploads\/2020\/08\/CN-1_A.jpg\" \/>\n\t<meta property=\"og:image:width\" content=\"1920\" \/>\n\t<meta property=\"og:image:height\" content=\"1080\" \/>\n<meta name=\"twitter:card\" content=\"summary_large_image\" \/>\n<script type=\"application\/ld+json\" class=\"yoast-schema-graph\">{\"@context\":\"https:\/\/schema.org\",\"@graph\":[{\"@type\":\"WebSite\",\"@id\":\"https:\/\/bazus.com\/fr\/#website\",\"url\":\"https:\/\/bazus.com\/fr\/\",\"name\":\"Bazus\",\"description\":\"Mesas de coordenadas confiables\",\"potentialAction\":[{\"@type\":\"SearchAction\",\"target\":\"https:\/\/bazus.com\/fr\/?s={search_term_string}\",\"query-input\":\"required name=search_term_string\"}],\"inLanguage\":\"fr-FR\"},{\"@type\":\"ImageObject\",\"@id\":\"https:\/\/bazus.com\/fr\/tables-de-coordonnees-x\/cn-table-x-pour-charges-lourdes\/#primaryimage\",\"inLanguage\":\"fr-FR\",\"url\":\"https:\/\/bazus.com\/wp-content\/uploads\/2020\/08\/CN-1_A.jpg\",\"width\":1920,\"height\":1080},{\"@type\":\"WebPage\",\"@id\":\"https:\/\/bazus.com\/fr\/tables-de-coordonnees-x\/cn-table-x-pour-charges-lourdes\/#webpage\",\"url\":\"https:\/\/bazus.com\/fr\/tables-de-coordonnees-x\/cn-table-x-pour-charges-lourdes\/\",\"name\":\"CN Table X pour charges lourdes - Bazus\",\"isPartOf\":{\"@id\":\"https:\/\/bazus.com\/fr\/#website\"},\"primaryImageOfPage\":{\"@id\":\"https:\/\/bazus.com\/fr\/tables-de-coordonnees-x\/cn-table-x-pour-charges-lourdes\/#primaryimage\"},\"datePublished\":\"2020-10-22T09:22:29+00:00\",\"dateModified\":\"2021-04-30T08:56:23+00:00\",\"breadcrumb\":{\"@id\":\"https:\/\/bazus.com\/fr\/tables-de-coordonnees-x\/cn-table-x-pour-charges-lourdes\/#breadcrumb\"},\"inLanguage\":\"fr-FR\",\"potentialAction\":[{\"@type\":\"ReadAction\",\"target\":[\"https:\/\/bazus.com\/fr\/tables-de-coordonnees-x\/cn-table-x-pour-charges-lourdes\/\"]}]},{\"@type\":\"BreadcrumbList\",\"@id\":\"https:\/\/bazus.com\/fr\/tables-de-coordonnees-x\/cn-table-x-pour-charges-lourdes\/#breadcrumb\",\"itemListElement\":[{\"@type\":\"ListItem\",\"position\":1,\"item\":{\"@type\":\"WebPage\",\"@id\":\"https:\/\/bazus.com\/fr\/\",\"url\":\"https:\/\/bazus.com\/fr\/\",\"name\":\"Inicio\"}},{\"@type\":\"ListItem\",\"position\":2,\"item\":{\"@type\":\"WebPage\",\"@id\":\"https:\/\/bazus.com\/fr\/tables-de-coordonnees-x\/\",\"url\":\"https:\/\/bazus.com\/fr\/tables-de-coordonnees-x\/\",\"name\":\"Tables de coordonn\\u00e9es X\"}},{\"@type\":\"ListItem\",\"position\":3,\"item\":{\"@type\":\"WebPage\",\"@id\":\"https:\/\/bazus.com\/fr\/tables-de-coordonnees-x\/cn-table-x-pour-charges-lourdes\/\",\"url\":\"https:\/\/bazus.com\/fr\/tables-de-coordonnees-x\/cn-table-x-pour-charges-lourdes\/\",\"name\":\"CN Table X pour charges lourdes\"}}]}]}<\/script>\n<!-- \/ Yoast SEO plugin. -->","acf":[],"_links":{"self":[{"href":"https:\/\/bazus.com\/fr\/wp-json\/wp\/v2\/pages\/2858"}],"collection":[{"href":"https:\/\/bazus.com\/fr\/wp-json\/wp\/v2\/pages"}],"about":[{"href":"https:\/\/bazus.com\/fr\/wp-json\/wp\/v2\/types\/page"}],"author":[{"embeddable":true,"href":"https:\/\/bazus.com\/fr\/wp-json\/wp\/v2\/users\/7"}],"replies":[{"embeddable":true,"href":"https:\/\/bazus.com\/fr\/wp-json\/wp\/v2\/comments?post=2858"}],"version-history":[{"count":8,"href":"https:\/\/bazus.com\/fr\/wp-json\/wp\/v2\/pages\/2858\/revisions"}],"predecessor-version":[{"id":5131,"href":"https:\/\/bazus.com\/fr\/wp-json\/wp\/v2\/pages\/2858\/revisions\/5131"}],"up":[{"embeddable":true,"href":"https:\/\/bazus.com\/fr\/wp-json\/wp\/v2\/pages\/3633"}],"wp:featuredmedia":[{"embeddable":true,"href":"https:\/\/bazus.com\/fr\/wp-json\/wp\/v2\/media\/672"}],"wp:attachment":[{"href":"https:\/\/bazus.com\/fr\/wp-json\/wp\/v2\/media?parent=2858"}],"curies":[{"name":"wp","href":"https:\/\/api.w.org\/{rel}","templated":true}]}}