{"id":89,"date":"2019-11-12T10:07:30","date_gmt":"2019-11-12T09:07:30","guid":{"rendered":"https:\/\/bazus.com\/?page_id=89"},"modified":"2021-04-30T09:35:36","modified_gmt":"2021-04-30T07:35:36","slug":"cp-mesa-estandar-x-horizontal-o-vertical","status":"publish","type":"page","link":"https:\/\/bazus.com\/es\/mesas-coordenadas-x\/cp-mesa-estandar-x-horizontal-o-vertical\/","title":{"rendered":"CP Mesa est\u00e1ndar X (horizontal o vertical)"},"content":{"rendered":"<p>Mesa de coordenadas ligera multifuncional de un \u00fanico eje X para aplicaci\u00f3n como unidad lineal.<\/p>\n<p>Dise\u00f1ada para trabajos de precisi\u00f3n la serie CP de unidades lineales es \u00f3ptima para aplicaciones de posicionado, taladro vertical, taladro horizontal, soldadura, y en cualquier otra aplicaci\u00f3n mec\u00e1nica donde sea necesario un control preciso de la posici\u00f3n.<\/p>\n<p>El dise\u00f1o s\u00f3lido y robusto de la mesa lineal permite realizar gran cantidad de trabajos manteniendo la precisi\u00f3n de posicionamiento y la repetitividad en cualquier tipo de posicionamiento lineal. Una mesa de coordenadas cl\u00e1sica de la industria que garantiza una larga vida \u00fatil.<\/p>\n<p>Todos los elementos de la Serie CP de mesas de coordenadas manuales est\u00e1n fabricados en aleaci\u00f3n de hierro (fundici\u00f3n gris estabilizada GG25 de alta calidad), lo que le confiere una extraordinaria rigidez mec\u00e1nica.<\/p>\n","protected":false},"excerpt":{"rendered":"<p>Mesa de coordenadas ligera multifuncional de un \u00fanico eje X para aplicaci\u00f3n como unidad lineal. Dise\u00f1ada para trabajos de precisi\u00f3n la serie CP de unidades lineales es \u00f3ptima para aplicaciones de posicionado, taladro vertical, taladro horizontal, soldadura, y en cualquier otra aplicaci\u00f3n mec\u00e1nica donde sea necesario un control preciso de la posici\u00f3n. El dise\u00f1o s\u00f3lido [&hellip;]<\/p>\n","protected":false},"author":1,"featured_media":344,"parent":77,"menu_order":1,"comment_status":"closed","ping_status":"closed","template":"producto.php","meta":{"footnotes":""},"class_list":["post-89","page","type-page","status-publish","has-post-thumbnail","hentry"],"yoast_head":"<!-- This site is optimized with the Yoast SEO plugin v27.5 - https:\/\/yoast.com\/product\/yoast-seo-wordpress\/ -->\n<title>CP Mesa est\u00e1ndar X (horizontal o vertical) - Bazus<\/title>\n<meta name=\"description\" content=\"Mesa para trabajos de precisi\u00f3n \u00f3ptima para aplicaciones de posicionado, taladro vertical, taladro horizontal y soldadura.\" \/>\n<meta name=\"robots\" content=\"index, follow, max-snippet:-1, max-image-preview:large, max-video-preview:-1\" \/>\n<link rel=\"canonical\" href=\"https:\/\/bazus.com\/x-coordinate-tables\/cp-standard-x-table-horizontal-or-vertical\/\" \/>\n<meta property=\"og:locale\" content=\"es_ES\" \/>\n<meta property=\"og:type\" content=\"article\" \/>\n<meta property=\"og:title\" content=\"CP Mesa est\u00e1ndar X (horizontal o vertical) - Bazus\" \/>\n<meta property=\"og:description\" content=\"Mesa para trabajos de precisi\u00f3n \u00f3ptima para aplicaciones de posicionado, taladro vertical, taladro horizontal y soldadura.\" \/>\n<meta property=\"og:url\" content=\"https:\/\/bazus.com\/x-coordinate-tables\/cp-standard-x-table-horizontal-or-vertical\/\" \/>\n<meta property=\"og:site_name\" content=\"Bazus\" \/>\n<meta property=\"article:modified_time\" content=\"2021-04-30T07:35:36+00:00\" \/>\n<meta property=\"og:image\" content=\"https:\/\/bazus.com\/wp-content\/uploads\/2020\/08\/CP-0_A.jpg\" \/>\n\t<meta property=\"og:image:width\" content=\"1920\" \/>\n\t<meta property=\"og:image:height\" content=\"1080\" \/>\n\t<meta property=\"og:image:type\" content=\"image\/jpeg\" \/>\n<meta name=\"twitter:card\" content=\"summary_large_image\" \/>\n<meta name=\"twitter:label1\" content=\"Tiempo de lectura\" \/>\n\t<meta name=\"twitter:data1\" content=\"1 minuto\" \/>\n<script type=\"application\/ld+json\" class=\"yoast-schema-graph\">{\"@context\":\"https:\\\/\\\/schema.org\",\"@graph\":[{\"@type\":\"WebPage\",\"@id\":\"https:\\\/\\\/bazus.com\\\/x-coordinate-tables\\\/cp-standard-x-table-horizontal-or-vertical\\\/\",\"url\":\"https:\\\/\\\/bazus.com\\\/x-coordinate-tables\\\/cp-standard-x-table-horizontal-or-vertical\\\/\",\"name\":\"CP Mesa est\u00e1ndar X (horizontal o vertical) - Bazus\",\"isPartOf\":{\"@id\":\"https:\\\/\\\/bazus.com\\\/#website\"},\"primaryImageOfPage\":{\"@id\":\"https:\\\/\\\/bazus.com\\\/x-coordinate-tables\\\/cp-standard-x-table-horizontal-or-vertical\\\/#primaryimage\"},\"image\":{\"@id\":\"https:\\\/\\\/bazus.com\\\/x-coordinate-tables\\\/cp-standard-x-table-horizontal-or-vertical\\\/#primaryimage\"},\"thumbnailUrl\":\"https:\\\/\\\/bazus.com\\\/wp-content\\\/uploads\\\/2020\\\/08\\\/CP-0_A.jpg\",\"datePublished\":\"2019-11-12T09:07:30+00:00\",\"dateModified\":\"2021-04-30T07:35:36+00:00\",\"description\":\"Mesa para trabajos de precisi\u00f3n \u00f3ptima para aplicaciones de posicionado, taladro vertical, taladro horizontal y soldadura.\",\"breadcrumb\":{\"@id\":\"https:\\\/\\\/bazus.com\\\/x-coordinate-tables\\\/cp-standard-x-table-horizontal-or-vertical\\\/#breadcrumb\"},\"inLanguage\":\"es\",\"potentialAction\":[{\"@type\":\"ReadAction\",\"target\":[\"https:\\\/\\\/bazus.com\\\/x-coordinate-tables\\\/cp-standard-x-table-horizontal-or-vertical\\\/\"]}]},{\"@type\":\"ImageObject\",\"inLanguage\":\"es\",\"@id\":\"https:\\\/\\\/bazus.com\\\/x-coordinate-tables\\\/cp-standard-x-table-horizontal-or-vertical\\\/#primaryimage\",\"url\":\"https:\\\/\\\/bazus.com\\\/wp-content\\\/uploads\\\/2020\\\/08\\\/CP-0_A.jpg\",\"contentUrl\":\"https:\\\/\\\/bazus.com\\\/wp-content\\\/uploads\\\/2020\\\/08\\\/CP-0_A.jpg\",\"width\":1920,\"height\":1080},{\"@type\":\"BreadcrumbList\",\"@id\":\"https:\\\/\\\/bazus.com\\\/x-coordinate-tables\\\/cp-standard-x-table-horizontal-or-vertical\\\/#breadcrumb\",\"itemListElement\":[{\"@type\":\"ListItem\",\"position\":1,\"name\":\"Inicio\",\"item\":\"https:\\\/\\\/bazus.com\\\/es\\\/\"},{\"@type\":\"ListItem\",\"position\":2,\"name\":\"Mesas de coordenadas X\",\"item\":\"https:\\\/\\\/bazus.com\\\/x-coordinate-tables\\\/\"},{\"@type\":\"ListItem\",\"position\":3,\"name\":\"CP Mesa est\u00e1ndar X (horizontal o vertical)\"}]},{\"@type\":\"WebSite\",\"@id\":\"https:\\\/\\\/bazus.com\\\/#website\",\"url\":\"https:\\\/\\\/bazus.com\\\/\",\"name\":\"Bazus\",\"description\":\"Mesas de coordenadas confiables\",\"potentialAction\":[{\"@type\":\"SearchAction\",\"target\":{\"@type\":\"EntryPoint\",\"urlTemplate\":\"https:\\\/\\\/bazus.com\\\/?s={search_term_string}\"},\"query-input\":{\"@type\":\"PropertyValueSpecification\",\"valueRequired\":true,\"valueName\":\"search_term_string\"}}],\"inLanguage\":\"es\"}]}<\/script>\n<!-- \/ Yoast SEO plugin. -->","yoast_head_json":{"title":"CP Mesa est\u00e1ndar X (horizontal o vertical) - Bazus","description":"Mesa para trabajos de precisi\u00f3n \u00f3ptima para aplicaciones de posicionado, taladro vertical, taladro horizontal y soldadura.","robots":{"index":"index","follow":"follow","max-snippet":"max-snippet:-1","max-image-preview":"max-image-preview:large","max-video-preview":"max-video-preview:-1"},"canonical":"https:\/\/bazus.com\/x-coordinate-tables\/cp-standard-x-table-horizontal-or-vertical\/","og_locale":"es_ES","og_type":"article","og_title":"CP Mesa est\u00e1ndar X (horizontal o vertical) - Bazus","og_description":"Mesa para trabajos de precisi\u00f3n \u00f3ptima para aplicaciones de posicionado, taladro vertical, taladro horizontal y soldadura.","og_url":"https:\/\/bazus.com\/x-coordinate-tables\/cp-standard-x-table-horizontal-or-vertical\/","og_site_name":"Bazus","article_modified_time":"2021-04-30T07:35:36+00:00","og_image":[{"width":1920,"height":1080,"url":"https:\/\/bazus.com\/wp-content\/uploads\/2020\/08\/CP-0_A.jpg","type":"image\/jpeg"}],"twitter_card":"summary_large_image","twitter_misc":{"Tiempo de lectura":"1 minuto"},"schema":{"@context":"https:\/\/schema.org","@graph":[{"@type":"WebPage","@id":"https:\/\/bazus.com\/x-coordinate-tables\/cp-standard-x-table-horizontal-or-vertical\/","url":"https:\/\/bazus.com\/x-coordinate-tables\/cp-standard-x-table-horizontal-or-vertical\/","name":"CP Mesa est\u00e1ndar X (horizontal o vertical) - Bazus","isPartOf":{"@id":"https:\/\/bazus.com\/#website"},"primaryImageOfPage":{"@id":"https:\/\/bazus.com\/x-coordinate-tables\/cp-standard-x-table-horizontal-or-vertical\/#primaryimage"},"image":{"@id":"https:\/\/bazus.com\/x-coordinate-tables\/cp-standard-x-table-horizontal-or-vertical\/#primaryimage"},"thumbnailUrl":"https:\/\/bazus.com\/wp-content\/uploads\/2020\/08\/CP-0_A.jpg","datePublished":"2019-11-12T09:07:30+00:00","dateModified":"2021-04-30T07:35:36+00:00","description":"Mesa para trabajos de precisi\u00f3n \u00f3ptima para aplicaciones de posicionado, taladro vertical, taladro horizontal y soldadura.","breadcrumb":{"@id":"https:\/\/bazus.com\/x-coordinate-tables\/cp-standard-x-table-horizontal-or-vertical\/#breadcrumb"},"inLanguage":"es","potentialAction":[{"@type":"ReadAction","target":["https:\/\/bazus.com\/x-coordinate-tables\/cp-standard-x-table-horizontal-or-vertical\/"]}]},{"@type":"ImageObject","inLanguage":"es","@id":"https:\/\/bazus.com\/x-coordinate-tables\/cp-standard-x-table-horizontal-or-vertical\/#primaryimage","url":"https:\/\/bazus.com\/wp-content\/uploads\/2020\/08\/CP-0_A.jpg","contentUrl":"https:\/\/bazus.com\/wp-content\/uploads\/2020\/08\/CP-0_A.jpg","width":1920,"height":1080},{"@type":"BreadcrumbList","@id":"https:\/\/bazus.com\/x-coordinate-tables\/cp-standard-x-table-horizontal-or-vertical\/#breadcrumb","itemListElement":[{"@type":"ListItem","position":1,"name":"Inicio","item":"https:\/\/bazus.com\/es\/"},{"@type":"ListItem","position":2,"name":"Mesas de coordenadas X","item":"https:\/\/bazus.com\/x-coordinate-tables\/"},{"@type":"ListItem","position":3,"name":"CP Mesa est\u00e1ndar X (horizontal o vertical)"}]},{"@type":"WebSite","@id":"https:\/\/bazus.com\/#website","url":"https:\/\/bazus.com\/","name":"Bazus","description":"Mesas de coordenadas confiables","potentialAction":[{"@type":"SearchAction","target":{"@type":"EntryPoint","urlTemplate":"https:\/\/bazus.com\/?s={search_term_string}"},"query-input":{"@type":"PropertyValueSpecification","valueRequired":true,"valueName":"search_term_string"}}],"inLanguage":"es"}]}},"acf":[],"_links":{"self":[{"href":"https:\/\/bazus.com\/es\/wp-json\/wp\/v2\/pages\/89","targetHints":{"allow":["GET"]}}],"collection":[{"href":"https:\/\/bazus.com\/es\/wp-json\/wp\/v2\/pages"}],"about":[{"href":"https:\/\/bazus.com\/es\/wp-json\/wp\/v2\/types\/page"}],"author":[{"embeddable":true,"href":"https:\/\/bazus.com\/es\/wp-json\/wp\/v2\/users\/1"}],"replies":[{"embeddable":true,"href":"https:\/\/bazus.com\/es\/wp-json\/wp\/v2\/comments?post=89"}],"version-history":[{"count":26,"href":"https:\/\/bazus.com\/es\/wp-json\/wp\/v2\/pages\/89\/revisions"}],"predecessor-version":[{"id":5076,"href":"https:\/\/bazus.com\/es\/wp-json\/wp\/v2\/pages\/89\/revisions\/5076"}],"up":[{"embeddable":true,"href":"https:\/\/bazus.com\/es\/wp-json\/wp\/v2\/pages\/77"}],"wp:featuredmedia":[{"embeddable":true,"href":"https:\/\/bazus.com\/es\/wp-json\/wp\/v2\/media\/344"}],"wp:attachment":[{"href":"https:\/\/bazus.com\/es\/wp-json\/wp\/v2\/media?parent=89"}],"curies":[{"name":"wp","href":"https:\/\/api.w.org\/{rel}","templated":true}]}}