{"id":796,"date":"2020-08-20T11:32:21","date_gmt":"2020-08-20T09:32:21","guid":{"rendered":"https:\/\/bazus.com\/?page_id=796"},"modified":"2021-04-30T09:38:59","modified_gmt":"2021-04-30T07:38:59","slug":"z-columna-vertical-z","status":"publish","type":"page","link":"https:\/\/bazus.com\/es\/mesas-coordenadas-x\/z-columna-vertical-z\/","title":{"rendered":"Z Columna vertical Z"},"content":{"rendered":"<p>Mesa de coordenadas vertical (Z) para posicionado de vertical.<\/p>\n<p>Dise\u00f1ada para trabajos de precisi\u00f3n la serie Z de columnas verticales es \u00f3ptima para aplicaciones de posicionado, taladro vertical, soldadura, y en cualquier otra aplicaci\u00f3n mec\u00e1nica donde sea necesario un control preciso de la posici\u00f3n.<\/p>\n<p>El dise\u00f1o s\u00f3lido y robusto de la mesa lineal permite realizar gran cantidad de trabajos manteniendo la precisi\u00f3n de posicionamiento y la repetitividad en cualquier tipo de posicionamiento lineal. Un cl\u00e1sico de la industria que garantiza una larga vida \u00fatil.<\/p>\n<p>Todos los elementos de la Serie Z est\u00e1n fabricados en aleaci\u00f3n de hierro (fundici\u00f3n gris estabilizada GG25 de alta calidad), lo que le confiere una extraordinaria rigidez mec\u00e1nica.<\/p>\n","protected":false},"excerpt":{"rendered":"<p>Mesa de coordenadas vertical (Z) para posicionado de vertical. Dise\u00f1ada para trabajos de precisi\u00f3n la serie Z de columnas verticales es \u00f3ptima para aplicaciones de posicionado, taladro vertical, soldadura, y en cualquier otra aplicaci\u00f3n mec\u00e1nica donde sea necesario un control preciso de la posici\u00f3n. El dise\u00f1o s\u00f3lido y robusto de la mesa lineal permite realizar [&hellip;]<\/p>\n","protected":false},"author":7,"featured_media":802,"parent":77,"menu_order":1,"comment_status":"closed","ping_status":"closed","template":"producto.php","meta":[],"yoast_head":"<!-- This site is optimized with the Yoast SEO plugin v14.6.1 - https:\/\/yoast.com\/wordpress\/plugins\/seo\/ -->\n<title>Mesa de coordenadas vertical (Z) para posicionado de vertical. - Bazus<\/title>\n<meta name=\"description\" content=\"Dise\u00f1ada para trabajos de precisi\u00f3n la serie Z de columnas verticales es \u00f3ptima para aplicaciones de posicionado, taladro vertical y soldadura.\" \/>\n<meta name=\"robots\" content=\"index, follow\" \/>\n<meta name=\"googlebot\" content=\"index, follow, max-snippet:-1, max-image-preview:large, max-video-preview:-1\" \/>\n<meta name=\"bingbot\" content=\"index, follow, max-snippet:-1, max-image-preview:large, max-video-preview:-1\" \/>\n<link rel=\"canonical\" href=\"https:\/\/bazus.com\/es\/mesas-coordenadas-x\/z-columna-vertical-z\/\" \/>\n<meta property=\"og:locale\" content=\"es_ES\" \/>\n<meta property=\"og:type\" content=\"article\" \/>\n<meta property=\"og:title\" content=\"Mesa de coordenadas vertical (Z) para posicionado de vertical. - Bazus\" \/>\n<meta property=\"og:description\" content=\"Dise\u00f1ada para trabajos de precisi\u00f3n la serie Z de columnas verticales es \u00f3ptima para aplicaciones de posicionado, taladro vertical y soldadura.\" \/>\n<meta property=\"og:url\" content=\"https:\/\/bazus.com\/es\/mesas-coordenadas-x\/z-columna-vertical-z\/\" \/>\n<meta property=\"og:site_name\" content=\"Bazus\" \/>\n<meta property=\"article:modified_time\" content=\"2021-04-30T07:38:59+00:00\" \/>\n<meta property=\"og:image\" content=\"https:\/\/bazus.com\/wp-content\/uploads\/2020\/08\/Z-300_A.jpg\" \/>\n\t<meta property=\"og:image:width\" content=\"1920\" \/>\n\t<meta property=\"og:image:height\" content=\"1080\" \/>\n<meta name=\"twitter:card\" content=\"summary_large_image\" \/>\n<script type=\"application\/ld+json\" class=\"yoast-schema-graph\">{\"@context\":\"https:\/\/schema.org\",\"@graph\":[{\"@type\":\"WebSite\",\"@id\":\"https:\/\/bazus.com\/es\/#website\",\"url\":\"https:\/\/bazus.com\/es\/\",\"name\":\"Bazus\",\"description\":\"Mesas de coordenadas confiables\",\"potentialAction\":[{\"@type\":\"SearchAction\",\"target\":\"https:\/\/bazus.com\/es\/?s={search_term_string}\",\"query-input\":\"required name=search_term_string\"}],\"inLanguage\":\"es\"},{\"@type\":\"ImageObject\",\"@id\":\"https:\/\/bazus.com\/es\/mesas-coordenadas-x\/z-columna-vertical-z\/#primaryimage\",\"inLanguage\":\"es\",\"url\":\"https:\/\/bazus.com\/wp-content\/uploads\/2020\/08\/Z-300_A.jpg\",\"width\":1920,\"height\":1080},{\"@type\":\"WebPage\",\"@id\":\"https:\/\/bazus.com\/es\/mesas-coordenadas-x\/z-columna-vertical-z\/#webpage\",\"url\":\"https:\/\/bazus.com\/es\/mesas-coordenadas-x\/z-columna-vertical-z\/\",\"name\":\"Mesa de coordenadas vertical (Z) para posicionado de vertical. - Bazus\",\"isPartOf\":{\"@id\":\"https:\/\/bazus.com\/es\/#website\"},\"primaryImageOfPage\":{\"@id\":\"https:\/\/bazus.com\/es\/mesas-coordenadas-x\/z-columna-vertical-z\/#primaryimage\"},\"datePublished\":\"2020-08-20T09:32:21+00:00\",\"dateModified\":\"2021-04-30T07:38:59+00:00\",\"description\":\"Dise\\u00f1ada para trabajos de precisi\\u00f3n la serie Z de columnas verticales es \\u00f3ptima para aplicaciones de posicionado, taladro vertical y soldadura.\",\"breadcrumb\":{\"@id\":\"https:\/\/bazus.com\/es\/mesas-coordenadas-x\/z-columna-vertical-z\/#breadcrumb\"},\"inLanguage\":\"es\",\"potentialAction\":[{\"@type\":\"ReadAction\",\"target\":[\"https:\/\/bazus.com\/es\/mesas-coordenadas-x\/z-columna-vertical-z\/\"]}]},{\"@type\":\"BreadcrumbList\",\"@id\":\"https:\/\/bazus.com\/es\/mesas-coordenadas-x\/z-columna-vertical-z\/#breadcrumb\",\"itemListElement\":[{\"@type\":\"ListItem\",\"position\":1,\"item\":{\"@type\":\"WebPage\",\"@id\":\"https:\/\/bazus.com\/es\/\",\"url\":\"https:\/\/bazus.com\/es\/\",\"name\":\"Inicio\"}},{\"@type\":\"ListItem\",\"position\":2,\"item\":{\"@type\":\"WebPage\",\"@id\":\"https:\/\/bazus.com\/es\/mesas-coordenadas-x\/\",\"url\":\"https:\/\/bazus.com\/es\/mesas-coordenadas-x\/\",\"name\":\"Mesas de coordenadas X\"}},{\"@type\":\"ListItem\",\"position\":3,\"item\":{\"@type\":\"WebPage\",\"@id\":\"https:\/\/bazus.com\/es\/mesas-coordenadas-x\/z-columna-vertical-z\/\",\"url\":\"https:\/\/bazus.com\/es\/mesas-coordenadas-x\/z-columna-vertical-z\/\",\"name\":\"Z Columna vertical Z\"}}]}]}<\/script>\n<!-- \/ Yoast SEO plugin. -->","acf":[],"_links":{"self":[{"href":"https:\/\/bazus.com\/es\/wp-json\/wp\/v2\/pages\/796"}],"collection":[{"href":"https:\/\/bazus.com\/es\/wp-json\/wp\/v2\/pages"}],"about":[{"href":"https:\/\/bazus.com\/es\/wp-json\/wp\/v2\/types\/page"}],"author":[{"embeddable":true,"href":"https:\/\/bazus.com\/es\/wp-json\/wp\/v2\/users\/7"}],"replies":[{"embeddable":true,"href":"https:\/\/bazus.com\/es\/wp-json\/wp\/v2\/comments?post=796"}],"version-history":[{"count":9,"href":"https:\/\/bazus.com\/es\/wp-json\/wp\/v2\/pages\/796\/revisions"}],"predecessor-version":[{"id":5078,"href":"https:\/\/bazus.com\/es\/wp-json\/wp\/v2\/pages\/796\/revisions\/5078"}],"up":[{"embeddable":true,"href":"https:\/\/bazus.com\/es\/wp-json\/wp\/v2\/pages\/77"}],"wp:featuredmedia":[{"embeddable":true,"href":"https:\/\/bazus.com\/es\/wp-json\/wp\/v2\/media\/802"}],"wp:attachment":[{"href":"https:\/\/bazus.com\/es\/wp-json\/wp\/v2\/media?parent=796"}],"curies":[{"name":"wp","href":"https:\/\/api.w.org\/{rel}","templated":true}]}}