{"id":592,"date":"2020-08-20T10:00:02","date_gmt":"2020-08-20T08:00:02","guid":{"rendered":"https:\/\/bazus.com\/?page_id=592"},"modified":"2021-04-30T09:38:18","modified_gmt":"2021-04-30T07:38:18","slug":"tp-mesa-x-estandar-con-base-giratoria","status":"publish","type":"page","link":"https:\/\/bazus.com\/es\/mesas-coordenadas-x\/tp-mesa-x-estandar-con-base-giratoria\/","title":{"rendered":"TP Mesa X est\u00e1ndar con base giratoria"},"content":{"rendered":"<p>Mesa de coordenadas ligera multifuncional de un \u00fanico eje X con base giratoria (180\u00ba) para aplicaci\u00f3n como unidad lineal.<\/p>\n<p>Dise\u00f1ada para trabajos de precisi\u00f3n donde sea necesaria una regulaci\u00f3n angular. La serie de mesas de coordenadas TP de unidades lineales con base giratoria es \u00f3ptima para aplicaciones de posicionado, taladro vertical, taladro horizontal, soldadura, y en cualquier otra aplicaci\u00f3n mec\u00e1nica donde sea necesario un control preciso de la posici\u00f3n.<\/p>\n<p>El dise\u00f1o s\u00f3lido y robusto permite realizar gran cantidad de trabajos manteniendo la precisi\u00f3n de posicionamiento y la repetitividad en cualquier tipo de posicionamiento lineal. Una mesa de coordenadas extraordinaria de la industria que garantiza una larga vida \u00fatil.<\/p>\n<p>Todos los elementos de la Serie TP de mesas de coordenadas manuales est\u00e1n fabricados en aleaci\u00f3n de hierro (fundici\u00f3n gris estabilizada GG25 de alta calidad), lo que le confiere una extraordinaria rigidez mec\u00e1nica.<\/p>\n","protected":false},"excerpt":{"rendered":"<p>Mesa de coordenadas ligera multifuncional de un \u00fanico eje X con base giratoria (180\u00ba) para aplicaci\u00f3n como unidad lineal. Dise\u00f1ada para trabajos de precisi\u00f3n donde sea necesaria una regulaci\u00f3n angular. La serie de mesas de coordenadas TP de unidades lineales con base giratoria es \u00f3ptima para aplicaciones de posicionado, taladro vertical, taladro horizontal, soldadura, y [&hellip;]<\/p>\n","protected":false},"author":7,"featured_media":610,"parent":77,"menu_order":1,"comment_status":"closed","ping_status":"closed","template":"producto.php","meta":{"footnotes":""},"class_list":["post-592","page","type-page","status-publish","has-post-thumbnail","hentry"],"yoast_head":"<!-- This site is optimized with the Yoast SEO plugin v27.5 - https:\/\/yoast.com\/product\/yoast-seo-wordpress\/ -->\n<title>TP Mesa X est\u00e1ndar con base giratoria - Bazus - Mesas de Coordenadas<\/title>\n<meta name=\"description\" content=\"Mesa de coordenadas ligera multifuncional de un \u00fanico eje X con base giratoria (180\u00ba) para aplicaci\u00f3n como unidad lineal.\" \/>\n<meta name=\"robots\" content=\"index, follow, max-snippet:-1, max-image-preview:large, max-video-preview:-1\" \/>\n<link rel=\"canonical\" href=\"https:\/\/bazus.com\/x-coordinate-tables\/tp-standard-x-table-with-rotary-basis\/\" \/>\n<meta property=\"og:locale\" content=\"es_ES\" \/>\n<meta property=\"og:type\" content=\"article\" \/>\n<meta property=\"og:title\" content=\"TP Mesa X est\u00e1ndar con base giratoria - Bazus - Mesas de Coordenadas\" \/>\n<meta property=\"og:description\" content=\"Mesa de coordenadas ligera multifuncional de un \u00fanico eje X con base giratoria (180\u00ba) para aplicaci\u00f3n como unidad lineal.\" \/>\n<meta property=\"og:url\" content=\"https:\/\/bazus.com\/x-coordinate-tables\/tp-standard-x-table-with-rotary-basis\/\" \/>\n<meta property=\"og:site_name\" content=\"Bazus\" \/>\n<meta property=\"article:modified_time\" content=\"2021-04-30T07:38:18+00:00\" \/>\n<meta property=\"og:image\" content=\"https:\/\/bazus.com\/wp-content\/uploads\/2020\/08\/TP-1_A.jpg\" \/>\n\t<meta property=\"og:image:width\" content=\"1920\" \/>\n\t<meta property=\"og:image:height\" content=\"1080\" \/>\n\t<meta property=\"og:image:type\" content=\"image\/jpeg\" \/>\n<meta name=\"twitter:card\" content=\"summary_large_image\" \/>\n<meta name=\"twitter:label1\" content=\"Tiempo de lectura\" \/>\n\t<meta name=\"twitter:data1\" content=\"1 minuto\" \/>\n<script type=\"application\/ld+json\" class=\"yoast-schema-graph\">{\"@context\":\"https:\\\/\\\/schema.org\",\"@graph\":[{\"@type\":\"WebPage\",\"@id\":\"https:\\\/\\\/bazus.com\\\/x-coordinate-tables\\\/tp-standard-x-table-with-rotary-basis\\\/\",\"url\":\"https:\\\/\\\/bazus.com\\\/x-coordinate-tables\\\/tp-standard-x-table-with-rotary-basis\\\/\",\"name\":\"TP Mesa X est\u00e1ndar con base giratoria - Bazus - Mesas de Coordenadas\",\"isPartOf\":{\"@id\":\"https:\\\/\\\/bazus.com\\\/#website\"},\"primaryImageOfPage\":{\"@id\":\"https:\\\/\\\/bazus.com\\\/x-coordinate-tables\\\/tp-standard-x-table-with-rotary-basis\\\/#primaryimage\"},\"image\":{\"@id\":\"https:\\\/\\\/bazus.com\\\/x-coordinate-tables\\\/tp-standard-x-table-with-rotary-basis\\\/#primaryimage\"},\"thumbnailUrl\":\"https:\\\/\\\/bazus.com\\\/wp-content\\\/uploads\\\/2020\\\/08\\\/TP-1_A.jpg\",\"datePublished\":\"2020-08-20T08:00:02+00:00\",\"dateModified\":\"2021-04-30T07:38:18+00:00\",\"description\":\"Mesa de coordenadas ligera multifuncional de un \u00fanico eje X con base giratoria (180\u00ba) para aplicaci\u00f3n como unidad lineal.\",\"breadcrumb\":{\"@id\":\"https:\\\/\\\/bazus.com\\\/x-coordinate-tables\\\/tp-standard-x-table-with-rotary-basis\\\/#breadcrumb\"},\"inLanguage\":\"es\",\"potentialAction\":[{\"@type\":\"ReadAction\",\"target\":[\"https:\\\/\\\/bazus.com\\\/x-coordinate-tables\\\/tp-standard-x-table-with-rotary-basis\\\/\"]}]},{\"@type\":\"ImageObject\",\"inLanguage\":\"es\",\"@id\":\"https:\\\/\\\/bazus.com\\\/x-coordinate-tables\\\/tp-standard-x-table-with-rotary-basis\\\/#primaryimage\",\"url\":\"https:\\\/\\\/bazus.com\\\/wp-content\\\/uploads\\\/2020\\\/08\\\/TP-1_A.jpg\",\"contentUrl\":\"https:\\\/\\\/bazus.com\\\/wp-content\\\/uploads\\\/2020\\\/08\\\/TP-1_A.jpg\",\"width\":1920,\"height\":1080},{\"@type\":\"BreadcrumbList\",\"@id\":\"https:\\\/\\\/bazus.com\\\/x-coordinate-tables\\\/tp-standard-x-table-with-rotary-basis\\\/#breadcrumb\",\"itemListElement\":[{\"@type\":\"ListItem\",\"position\":1,\"name\":\"Inicio\",\"item\":\"https:\\\/\\\/bazus.com\\\/es\\\/\"},{\"@type\":\"ListItem\",\"position\":2,\"name\":\"Mesas de coordenadas X\",\"item\":\"https:\\\/\\\/bazus.com\\\/x-coordinate-tables\\\/\"},{\"@type\":\"ListItem\",\"position\":3,\"name\":\"TP Mesa X est\u00e1ndar con base giratoria\"}]},{\"@type\":\"WebSite\",\"@id\":\"https:\\\/\\\/bazus.com\\\/#website\",\"url\":\"https:\\\/\\\/bazus.com\\\/\",\"name\":\"Bazus\",\"description\":\"Mesas de coordenadas confiables\",\"potentialAction\":[{\"@type\":\"SearchAction\",\"target\":{\"@type\":\"EntryPoint\",\"urlTemplate\":\"https:\\\/\\\/bazus.com\\\/?s={search_term_string}\"},\"query-input\":{\"@type\":\"PropertyValueSpecification\",\"valueRequired\":true,\"valueName\":\"search_term_string\"}}],\"inLanguage\":\"es\"}]}<\/script>\n<!-- \/ Yoast SEO plugin. -->","yoast_head_json":{"title":"TP Mesa X est\u00e1ndar con base giratoria - Bazus - Mesas de Coordenadas","description":"Mesa de coordenadas ligera multifuncional de un \u00fanico eje X con base giratoria (180\u00ba) para aplicaci\u00f3n como unidad lineal.","robots":{"index":"index","follow":"follow","max-snippet":"max-snippet:-1","max-image-preview":"max-image-preview:large","max-video-preview":"max-video-preview:-1"},"canonical":"https:\/\/bazus.com\/x-coordinate-tables\/tp-standard-x-table-with-rotary-basis\/","og_locale":"es_ES","og_type":"article","og_title":"TP Mesa X est\u00e1ndar con base giratoria - Bazus - Mesas de Coordenadas","og_description":"Mesa de coordenadas ligera multifuncional de un \u00fanico eje X con base giratoria (180\u00ba) para aplicaci\u00f3n como unidad lineal.","og_url":"https:\/\/bazus.com\/x-coordinate-tables\/tp-standard-x-table-with-rotary-basis\/","og_site_name":"Bazus","article_modified_time":"2021-04-30T07:38:18+00:00","og_image":[{"width":1920,"height":1080,"url":"https:\/\/bazus.com\/wp-content\/uploads\/2020\/08\/TP-1_A.jpg","type":"image\/jpeg"}],"twitter_card":"summary_large_image","twitter_misc":{"Tiempo de lectura":"1 minuto"},"schema":{"@context":"https:\/\/schema.org","@graph":[{"@type":"WebPage","@id":"https:\/\/bazus.com\/x-coordinate-tables\/tp-standard-x-table-with-rotary-basis\/","url":"https:\/\/bazus.com\/x-coordinate-tables\/tp-standard-x-table-with-rotary-basis\/","name":"TP Mesa X est\u00e1ndar con base giratoria - Bazus - Mesas de Coordenadas","isPartOf":{"@id":"https:\/\/bazus.com\/#website"},"primaryImageOfPage":{"@id":"https:\/\/bazus.com\/x-coordinate-tables\/tp-standard-x-table-with-rotary-basis\/#primaryimage"},"image":{"@id":"https:\/\/bazus.com\/x-coordinate-tables\/tp-standard-x-table-with-rotary-basis\/#primaryimage"},"thumbnailUrl":"https:\/\/bazus.com\/wp-content\/uploads\/2020\/08\/TP-1_A.jpg","datePublished":"2020-08-20T08:00:02+00:00","dateModified":"2021-04-30T07:38:18+00:00","description":"Mesa de coordenadas ligera multifuncional de un \u00fanico eje X con base giratoria (180\u00ba) para aplicaci\u00f3n como unidad lineal.","breadcrumb":{"@id":"https:\/\/bazus.com\/x-coordinate-tables\/tp-standard-x-table-with-rotary-basis\/#breadcrumb"},"inLanguage":"es","potentialAction":[{"@type":"ReadAction","target":["https:\/\/bazus.com\/x-coordinate-tables\/tp-standard-x-table-with-rotary-basis\/"]}]},{"@type":"ImageObject","inLanguage":"es","@id":"https:\/\/bazus.com\/x-coordinate-tables\/tp-standard-x-table-with-rotary-basis\/#primaryimage","url":"https:\/\/bazus.com\/wp-content\/uploads\/2020\/08\/TP-1_A.jpg","contentUrl":"https:\/\/bazus.com\/wp-content\/uploads\/2020\/08\/TP-1_A.jpg","width":1920,"height":1080},{"@type":"BreadcrumbList","@id":"https:\/\/bazus.com\/x-coordinate-tables\/tp-standard-x-table-with-rotary-basis\/#breadcrumb","itemListElement":[{"@type":"ListItem","position":1,"name":"Inicio","item":"https:\/\/bazus.com\/es\/"},{"@type":"ListItem","position":2,"name":"Mesas de coordenadas X","item":"https:\/\/bazus.com\/x-coordinate-tables\/"},{"@type":"ListItem","position":3,"name":"TP Mesa X est\u00e1ndar con base giratoria"}]},{"@type":"WebSite","@id":"https:\/\/bazus.com\/#website","url":"https:\/\/bazus.com\/","name":"Bazus","description":"Mesas de coordenadas confiables","potentialAction":[{"@type":"SearchAction","target":{"@type":"EntryPoint","urlTemplate":"https:\/\/bazus.com\/?s={search_term_string}"},"query-input":{"@type":"PropertyValueSpecification","valueRequired":true,"valueName":"search_term_string"}}],"inLanguage":"es"}]}},"acf":[],"_links":{"self":[{"href":"https:\/\/bazus.com\/es\/wp-json\/wp\/v2\/pages\/592","targetHints":{"allow":["GET"]}}],"collection":[{"href":"https:\/\/bazus.com\/es\/wp-json\/wp\/v2\/pages"}],"about":[{"href":"https:\/\/bazus.com\/es\/wp-json\/wp\/v2\/types\/page"}],"author":[{"embeddable":true,"href":"https:\/\/bazus.com\/es\/wp-json\/wp\/v2\/users\/7"}],"replies":[{"embeddable":true,"href":"https:\/\/bazus.com\/es\/wp-json\/wp\/v2\/comments?post=592"}],"version-history":[{"count":14,"href":"https:\/\/bazus.com\/es\/wp-json\/wp\/v2\/pages\/592\/revisions"}],"predecessor-version":[{"id":5077,"href":"https:\/\/bazus.com\/es\/wp-json\/wp\/v2\/pages\/592\/revisions\/5077"}],"up":[{"embeddable":true,"href":"https:\/\/bazus.com\/es\/wp-json\/wp\/v2\/pages\/77"}],"wp:featuredmedia":[{"embeddable":true,"href":"https:\/\/bazus.com\/es\/wp-json\/wp\/v2\/media\/610"}],"wp:attachment":[{"href":"https:\/\/bazus.com\/es\/wp-json\/wp\/v2\/media?parent=592"}],"curies":[{"name":"wp","href":"https:\/\/api.w.org\/{rel}","templated":true}]}}