{"id":212,"date":"2019-11-22T18:43:16","date_gmt":"2019-11-22T17:43:16","guid":{"rendered":"https:\/\/bazus.com\/?page_id=212"},"modified":"2020-11-18T23:26:17","modified_gmt":"2020-11-18T22:26:17","slug":"ferreteria-industrial","status":"publish","type":"page","link":"https:\/\/bazus.com\/es\/sectores\/ferreteria-industrial\/","title":{"rendered":"Ferreter\u00eda industrial"},"content":{"rendered":"<p>El sector de la ferreter\u00eda engloba a todos aquellos establecimientos comerciales dedicados a la venta de \u00fatiles y herramientas para la industria normalmente para el p\u00fablico en general o dedicadas a profesionales con elementos espec\u00edficos de cada sector.<\/p>\n<p>Las ferreter\u00edas ofrecen un contacto directo con el usuario final y muchas veces orientan a los clientes en su proceso de compra.<\/p>\n","protected":false},"excerpt":{"rendered":"<p>El sector de la ferreter\u00eda engloba a todos aquellos establecimientos comerciales dedicados a la venta de \u00fatiles y herramientas para la industria normalmente para el p\u00fablico en general o dedicadas a profesionales con elementos espec\u00edficos de cada sector. Las ferreter\u00edas ofrecen un contacto directo con el usuario final y muchas veces orientan a los clientes [&hellip;]<\/p>\n","protected":false},"author":1,"featured_media":0,"parent":201,"menu_order":46,"comment_status":"closed","ping_status":"closed","template":"sector.php","meta":{"footnotes":""},"class_list":["post-212","page","type-page","status-publish","hentry"],"yoast_head":"<!-- This site is optimized with the Yoast SEO plugin v27.5 - https:\/\/yoast.com\/product\/yoast-seo-wordpress\/ -->\n<title>Mesas de Coordenadas para Ferreter\u00eda industrial - Bazus<\/title>\n<meta name=\"description\" content=\"Gran variedad de oferta de productos Bazus. Amplia gama para todas las necesidades. Rapidez en la entrega y suministro.\" \/>\n<meta name=\"robots\" content=\"index, follow, max-snippet:-1, max-image-preview:large, max-video-preview:-1\" \/>\n<link rel=\"canonical\" href=\"https:\/\/bazus.com\/sectors\/industrial-supplies-hardware-store\/\" \/>\n<meta property=\"og:locale\" content=\"es_ES\" \/>\n<meta property=\"og:type\" content=\"article\" \/>\n<meta property=\"og:title\" content=\"Mesas de Coordenadas para Ferreter\u00eda industrial - Bazus\" \/>\n<meta property=\"og:description\" content=\"Gran variedad de oferta de productos Bazus. Amplia gama para todas las necesidades. Rapidez en la entrega y suministro.\" \/>\n<meta property=\"og:url\" content=\"https:\/\/bazus.com\/sectors\/industrial-supplies-hardware-store\/\" \/>\n<meta property=\"og:site_name\" content=\"Bazus\" \/>\n<meta property=\"article:modified_time\" content=\"2020-11-18T22:26:17+00:00\" \/>\n<meta name=\"twitter:card\" content=\"summary_large_image\" \/>\n<script type=\"application\/ld+json\" class=\"yoast-schema-graph\">{\"@context\":\"https:\\\/\\\/schema.org\",\"@graph\":[{\"@type\":\"WebPage\",\"@id\":\"https:\\\/\\\/bazus.com\\\/sectors\\\/industrial-supplies-hardware-store\\\/\",\"url\":\"https:\\\/\\\/bazus.com\\\/sectors\\\/industrial-supplies-hardware-store\\\/\",\"name\":\"Mesas de Coordenadas para Ferreter\u00eda industrial - Bazus\",\"isPartOf\":{\"@id\":\"https:\\\/\\\/bazus.com\\\/#website\"},\"datePublished\":\"2019-11-22T17:43:16+00:00\",\"dateModified\":\"2020-11-18T22:26:17+00:00\",\"description\":\"Gran variedad de oferta de productos Bazus. Amplia gama para todas las necesidades. Rapidez en la entrega y suministro.\",\"breadcrumb\":{\"@id\":\"https:\\\/\\\/bazus.com\\\/sectors\\\/industrial-supplies-hardware-store\\\/#breadcrumb\"},\"inLanguage\":\"es\",\"potentialAction\":[{\"@type\":\"ReadAction\",\"target\":[\"https:\\\/\\\/bazus.com\\\/sectors\\\/industrial-supplies-hardware-store\\\/\"]}]},{\"@type\":\"BreadcrumbList\",\"@id\":\"https:\\\/\\\/bazus.com\\\/sectors\\\/industrial-supplies-hardware-store\\\/#breadcrumb\",\"itemListElement\":[{\"@type\":\"ListItem\",\"position\":1,\"name\":\"Inicio\",\"item\":\"https:\\\/\\\/bazus.com\\\/es\\\/\"},{\"@type\":\"ListItem\",\"position\":2,\"name\":\"Sectores\",\"item\":\"https:\\\/\\\/bazus.com\\\/es\\\/sectores\\\/\"},{\"@type\":\"ListItem\",\"position\":3,\"name\":\"Ferreter\u00eda industrial\"}]},{\"@type\":\"WebSite\",\"@id\":\"https:\\\/\\\/bazus.com\\\/#website\",\"url\":\"https:\\\/\\\/bazus.com\\\/\",\"name\":\"Bazus\",\"description\":\"Mesas de coordenadas confiables\",\"potentialAction\":[{\"@type\":\"SearchAction\",\"target\":{\"@type\":\"EntryPoint\",\"urlTemplate\":\"https:\\\/\\\/bazus.com\\\/?s={search_term_string}\"},\"query-input\":{\"@type\":\"PropertyValueSpecification\",\"valueRequired\":true,\"valueName\":\"search_term_string\"}}],\"inLanguage\":\"es\"}]}<\/script>\n<!-- \/ Yoast SEO plugin. -->","yoast_head_json":{"title":"Mesas de Coordenadas para Ferreter\u00eda industrial - Bazus","description":"Gran variedad de oferta de productos Bazus. Amplia gama para todas las necesidades. Rapidez en la entrega y suministro.","robots":{"index":"index","follow":"follow","max-snippet":"max-snippet:-1","max-image-preview":"max-image-preview:large","max-video-preview":"max-video-preview:-1"},"canonical":"https:\/\/bazus.com\/sectors\/industrial-supplies-hardware-store\/","og_locale":"es_ES","og_type":"article","og_title":"Mesas de Coordenadas para Ferreter\u00eda industrial - Bazus","og_description":"Gran variedad de oferta de productos Bazus. Amplia gama para todas las necesidades. Rapidez en la entrega y suministro.","og_url":"https:\/\/bazus.com\/sectors\/industrial-supplies-hardware-store\/","og_site_name":"Bazus","article_modified_time":"2020-11-18T22:26:17+00:00","twitter_card":"summary_large_image","schema":{"@context":"https:\/\/schema.org","@graph":[{"@type":"WebPage","@id":"https:\/\/bazus.com\/sectors\/industrial-supplies-hardware-store\/","url":"https:\/\/bazus.com\/sectors\/industrial-supplies-hardware-store\/","name":"Mesas de Coordenadas para Ferreter\u00eda industrial - Bazus","isPartOf":{"@id":"https:\/\/bazus.com\/#website"},"datePublished":"2019-11-22T17:43:16+00:00","dateModified":"2020-11-18T22:26:17+00:00","description":"Gran variedad de oferta de productos Bazus. Amplia gama para todas las necesidades. Rapidez en la entrega y suministro.","breadcrumb":{"@id":"https:\/\/bazus.com\/sectors\/industrial-supplies-hardware-store\/#breadcrumb"},"inLanguage":"es","potentialAction":[{"@type":"ReadAction","target":["https:\/\/bazus.com\/sectors\/industrial-supplies-hardware-store\/"]}]},{"@type":"BreadcrumbList","@id":"https:\/\/bazus.com\/sectors\/industrial-supplies-hardware-store\/#breadcrumb","itemListElement":[{"@type":"ListItem","position":1,"name":"Inicio","item":"https:\/\/bazus.com\/es\/"},{"@type":"ListItem","position":2,"name":"Sectores","item":"https:\/\/bazus.com\/es\/sectores\/"},{"@type":"ListItem","position":3,"name":"Ferreter\u00eda industrial"}]},{"@type":"WebSite","@id":"https:\/\/bazus.com\/#website","url":"https:\/\/bazus.com\/","name":"Bazus","description":"Mesas de coordenadas confiables","potentialAction":[{"@type":"SearchAction","target":{"@type":"EntryPoint","urlTemplate":"https:\/\/bazus.com\/?s={search_term_string}"},"query-input":{"@type":"PropertyValueSpecification","valueRequired":true,"valueName":"search_term_string"}}],"inLanguage":"es"}]}},"acf":[],"_links":{"self":[{"href":"https:\/\/bazus.com\/es\/wp-json\/wp\/v2\/pages\/212","targetHints":{"allow":["GET"]}}],"collection":[{"href":"https:\/\/bazus.com\/es\/wp-json\/wp\/v2\/pages"}],"about":[{"href":"https:\/\/bazus.com\/es\/wp-json\/wp\/v2\/types\/page"}],"author":[{"embeddable":true,"href":"https:\/\/bazus.com\/es\/wp-json\/wp\/v2\/users\/1"}],"replies":[{"embeddable":true,"href":"https:\/\/bazus.com\/es\/wp-json\/wp\/v2\/comments?post=212"}],"version-history":[{"count":4,"href":"https:\/\/bazus.com\/es\/wp-json\/wp\/v2\/pages\/212\/revisions"}],"predecessor-version":[{"id":4601,"href":"https:\/\/bazus.com\/es\/wp-json\/wp\/v2\/pages\/212\/revisions\/4601"}],"up":[{"embeddable":true,"href":"https:\/\/bazus.com\/es\/wp-json\/wp\/v2\/pages\/201"}],"wp:attachment":[{"href":"https:\/\/bazus.com\/es\/wp-json\/wp\/v2\/media?parent=212"}],"curies":[{"name":"wp","href":"https:\/\/api.w.org\/{rel}","templated":true}]}}