{"id":211,"date":"2019-11-22T18:43:16","date_gmt":"2019-11-22T17:43:16","guid":{"rendered":"https:\/\/bazus.com\/?page_id=211"},"modified":"2020-11-18T23:55:57","modified_gmt":"2020-11-18T22:55:57","slug":"maquinaria-herramienta","status":"publish","type":"page","link":"https:\/\/bazus.com\/es\/sectores\/maquinaria-herramienta\/","title":{"rendered":"Maquinaria &#8211; Herramienta"},"content":{"rendered":"<p>La m\u00e1quina-herramienta es el principio de la producci\u00f3n industrial, ya que proporciona de medios productivos a los sectores m\u00e1s importantes de todo sistema de producci\u00f3n, distribuci\u00f3n, comercio y consumo de bienes y servicios de un pa\u00eds. Nuestros clientes m\u00e1s destacados son del sector del autom\u00f3vil y sus componentes, la industria aeron\u00e1utica y aeroespacial, el ferrocarril, la generaci\u00f3n de energ\u00eda, las empresas fabricantes de electrodom\u00e9sticos, la subcontrataci\u00f3n met\u00e1lica y el sector de moldes y matrices.<\/p>\n<p>BAZUS se distingue por disponer de tecnolog\u00eda propia, basada en el permanente esfuerzo de la empresa en innovaci\u00f3n, investigaci\u00f3n y desarrollo para lograr una mayor productividad, precisi\u00f3n, flexibilidad y valor a\u00f1adido en el movimiento lineal.<\/p>\n","protected":false},"excerpt":{"rendered":"<p>La m\u00e1quina-herramienta es el principio de la producci\u00f3n industrial, ya que proporciona de medios productivos a los sectores m\u00e1s importantes de todo sistema de producci\u00f3n, distribuci\u00f3n, comercio y consumo de bienes y servicios de un pa\u00eds. Nuestros clientes m\u00e1s destacados son del sector del autom\u00f3vil y sus componentes, la industria aeron\u00e1utica y aeroespacial, el ferrocarril, [&hellip;]<\/p>\n","protected":false},"author":1,"featured_media":0,"parent":201,"menu_order":45,"comment_status":"closed","ping_status":"closed","template":"sector.php","meta":{"footnotes":""},"class_list":["post-211","page","type-page","status-publish","hentry"],"yoast_head":"<!-- This site is optimized with the Yoast SEO plugin v27.5 - https:\/\/yoast.com\/product\/yoast-seo-wordpress\/ -->\n<title>Mesas de Coordenadas para Maquinaria - Herramienta - Bazus<\/title>\n<meta name=\"description\" content=\"BAZUS ofrece su tecnolog\u00eda propia para lograr una mayor productividad, precisi\u00f3n, flexibilidad y valor a\u00f1adido en el movimiento lineal.\" \/>\n<meta name=\"robots\" content=\"index, follow, max-snippet:-1, max-image-preview:large, max-video-preview:-1\" \/>\n<link rel=\"canonical\" href=\"https:\/\/bazus.com\/es\/sectores\/maquinaria-herramienta\/\" \/>\n<meta property=\"og:locale\" content=\"es_ES\" \/>\n<meta property=\"og:type\" content=\"article\" \/>\n<meta property=\"og:title\" content=\"Mesas de Coordenadas para Maquinaria - Herramienta - Bazus\" \/>\n<meta property=\"og:description\" content=\"BAZUS ofrece su tecnolog\u00eda propia para lograr una mayor productividad, precisi\u00f3n, flexibilidad y valor a\u00f1adido en el movimiento lineal.\" \/>\n<meta property=\"og:url\" content=\"https:\/\/bazus.com\/es\/sectores\/maquinaria-herramienta\/\" \/>\n<meta property=\"og:site_name\" content=\"Bazus\" \/>\n<meta property=\"article:modified_time\" content=\"2020-11-18T22:55:57+00:00\" \/>\n<meta name=\"twitter:card\" content=\"summary_large_image\" \/>\n<meta name=\"twitter:label1\" content=\"Tiempo de lectura\" \/>\n\t<meta name=\"twitter:data1\" content=\"1 minuto\" \/>\n<script type=\"application\/ld+json\" class=\"yoast-schema-graph\">{\"@context\":\"https:\\\/\\\/schema.org\",\"@graph\":[{\"@type\":\"WebPage\",\"@id\":\"https:\\\/\\\/bazus.com\\\/es\\\/sectores\\\/maquinaria-herramienta\\\/\",\"url\":\"https:\\\/\\\/bazus.com\\\/es\\\/sectores\\\/maquinaria-herramienta\\\/\",\"name\":\"Mesas de Coordenadas para Maquinaria - Herramienta - Bazus\",\"isPartOf\":{\"@id\":\"https:\\\/\\\/bazus.com\\\/#website\"},\"datePublished\":\"2019-11-22T17:43:16+00:00\",\"dateModified\":\"2020-11-18T22:55:57+00:00\",\"description\":\"BAZUS ofrece su tecnolog\u00eda propia para lograr una mayor productividad, precisi\u00f3n, flexibilidad y valor a\u00f1adido en el movimiento lineal.\",\"breadcrumb\":{\"@id\":\"https:\\\/\\\/bazus.com\\\/es\\\/sectores\\\/maquinaria-herramienta\\\/#breadcrumb\"},\"inLanguage\":\"es\",\"potentialAction\":[{\"@type\":\"ReadAction\",\"target\":[\"https:\\\/\\\/bazus.com\\\/es\\\/sectores\\\/maquinaria-herramienta\\\/\"]}]},{\"@type\":\"BreadcrumbList\",\"@id\":\"https:\\\/\\\/bazus.com\\\/es\\\/sectores\\\/maquinaria-herramienta\\\/#breadcrumb\",\"itemListElement\":[{\"@type\":\"ListItem\",\"position\":1,\"name\":\"Inicio\",\"item\":\"https:\\\/\\\/bazus.com\\\/es\\\/\"},{\"@type\":\"ListItem\",\"position\":2,\"name\":\"Sectores\",\"item\":\"https:\\\/\\\/bazus.com\\\/es\\\/sectores\\\/\"},{\"@type\":\"ListItem\",\"position\":3,\"name\":\"Maquinaria &#8211; Herramienta\"}]},{\"@type\":\"WebSite\",\"@id\":\"https:\\\/\\\/bazus.com\\\/#website\",\"url\":\"https:\\\/\\\/bazus.com\\\/\",\"name\":\"Bazus\",\"description\":\"Mesas de coordenadas confiables\",\"potentialAction\":[{\"@type\":\"SearchAction\",\"target\":{\"@type\":\"EntryPoint\",\"urlTemplate\":\"https:\\\/\\\/bazus.com\\\/?s={search_term_string}\"},\"query-input\":{\"@type\":\"PropertyValueSpecification\",\"valueRequired\":true,\"valueName\":\"search_term_string\"}}],\"inLanguage\":\"es\"}]}<\/script>\n<!-- \/ Yoast SEO plugin. -->","yoast_head_json":{"title":"Mesas de Coordenadas para Maquinaria - Herramienta - Bazus","description":"BAZUS ofrece su tecnolog\u00eda propia para lograr una mayor productividad, precisi\u00f3n, flexibilidad y valor a\u00f1adido en el movimiento lineal.","robots":{"index":"index","follow":"follow","max-snippet":"max-snippet:-1","max-image-preview":"max-image-preview:large","max-video-preview":"max-video-preview:-1"},"canonical":"https:\/\/bazus.com\/es\/sectores\/maquinaria-herramienta\/","og_locale":"es_ES","og_type":"article","og_title":"Mesas de Coordenadas para Maquinaria - Herramienta - Bazus","og_description":"BAZUS ofrece su tecnolog\u00eda propia para lograr una mayor productividad, precisi\u00f3n, flexibilidad y valor a\u00f1adido en el movimiento lineal.","og_url":"https:\/\/bazus.com\/es\/sectores\/maquinaria-herramienta\/","og_site_name":"Bazus","article_modified_time":"2020-11-18T22:55:57+00:00","twitter_card":"summary_large_image","twitter_misc":{"Tiempo de lectura":"1 minuto"},"schema":{"@context":"https:\/\/schema.org","@graph":[{"@type":"WebPage","@id":"https:\/\/bazus.com\/es\/sectores\/maquinaria-herramienta\/","url":"https:\/\/bazus.com\/es\/sectores\/maquinaria-herramienta\/","name":"Mesas de Coordenadas para Maquinaria - Herramienta - Bazus","isPartOf":{"@id":"https:\/\/bazus.com\/#website"},"datePublished":"2019-11-22T17:43:16+00:00","dateModified":"2020-11-18T22:55:57+00:00","description":"BAZUS ofrece su tecnolog\u00eda propia para lograr una mayor productividad, precisi\u00f3n, flexibilidad y valor a\u00f1adido en el movimiento lineal.","breadcrumb":{"@id":"https:\/\/bazus.com\/es\/sectores\/maquinaria-herramienta\/#breadcrumb"},"inLanguage":"es","potentialAction":[{"@type":"ReadAction","target":["https:\/\/bazus.com\/es\/sectores\/maquinaria-herramienta\/"]}]},{"@type":"BreadcrumbList","@id":"https:\/\/bazus.com\/es\/sectores\/maquinaria-herramienta\/#breadcrumb","itemListElement":[{"@type":"ListItem","position":1,"name":"Inicio","item":"https:\/\/bazus.com\/es\/"},{"@type":"ListItem","position":2,"name":"Sectores","item":"https:\/\/bazus.com\/es\/sectores\/"},{"@type":"ListItem","position":3,"name":"Maquinaria &#8211; Herramienta"}]},{"@type":"WebSite","@id":"https:\/\/bazus.com\/#website","url":"https:\/\/bazus.com\/","name":"Bazus","description":"Mesas de coordenadas confiables","potentialAction":[{"@type":"SearchAction","target":{"@type":"EntryPoint","urlTemplate":"https:\/\/bazus.com\/?s={search_term_string}"},"query-input":{"@type":"PropertyValueSpecification","valueRequired":true,"valueName":"search_term_string"}}],"inLanguage":"es"}]}},"acf":[],"_links":{"self":[{"href":"https:\/\/bazus.com\/es\/wp-json\/wp\/v2\/pages\/211","targetHints":{"allow":["GET"]}}],"collection":[{"href":"https:\/\/bazus.com\/es\/wp-json\/wp\/v2\/pages"}],"about":[{"href":"https:\/\/bazus.com\/es\/wp-json\/wp\/v2\/types\/page"}],"author":[{"embeddable":true,"href":"https:\/\/bazus.com\/es\/wp-json\/wp\/v2\/users\/1"}],"replies":[{"embeddable":true,"href":"https:\/\/bazus.com\/es\/wp-json\/wp\/v2\/comments?post=211"}],"version-history":[{"count":7,"href":"https:\/\/bazus.com\/es\/wp-json\/wp\/v2\/pages\/211\/revisions"}],"predecessor-version":[{"id":2771,"href":"https:\/\/bazus.com\/es\/wp-json\/wp\/v2\/pages\/211\/revisions\/2771"}],"up":[{"embeddable":true,"href":"https:\/\/bazus.com\/es\/wp-json\/wp\/v2\/pages\/201"}],"wp:attachment":[{"href":"https:\/\/bazus.com\/es\/wp-json\/wp\/v2\/media?parent=211"}],"curies":[{"name":"wp","href":"https:\/\/api.w.org\/{rel}","templated":true}]}}