{"id":209,"date":"2019-11-22T18:43:16","date_gmt":"2019-11-22T17:43:16","guid":{"rendered":"https:\/\/bazus.com\/?page_id=209"},"modified":"2020-11-18T23:38:43","modified_gmt":"2020-11-18T22:38:43","slug":"ferrocarril","status":"publish","type":"page","link":"https:\/\/bazus.com\/es\/sectores\/ferrocarril\/","title":{"rendered":"Ferrocarril"},"content":{"rendered":"<p>El ferrocarril es un sistema de transporte de personas y mercanc\u00edas guiado sobre una v\u00eda<strong> f\u00e9rrea.<\/strong> Se trata de un transporte con ventajas comparativas en ciertos aspectos, tales como el consumo de combustible por tonelada\/kil\u00f3metro transportada, la entidad del impacto ambiental que causa o la posibilidad de realizar transportes masivos, que hacen relevante su uso en el mundo moderno.<\/p>\n<p>La innovaci\u00f3n en nuevos sistemas, especialmente en campos como la alta velocidad, hacen del sector ferrocarril y todas las industrias auxiliares asociadas a \u00e9l, un importante actor en el desarrollo industrial de las pr\u00f3ximas d\u00e9cadas.<\/p>\n<p>Las grandes dimensiones de muchos de los componentes del ferrocarril, as\u00ed como la especificidad de la tecnolog\u00eda ferroviaria necesitan un colaborador como BAZUS que puede ofrecer soluciones a medida en un plazo reducido.<\/p>\n","protected":false},"excerpt":{"rendered":"<p>El ferrocarril es un sistema de transporte de personas y mercanc\u00edas guiado sobre una v\u00eda f\u00e9rrea. Se trata de un transporte con ventajas comparativas en ciertos aspectos, tales como el consumo de combustible por tonelada\/kil\u00f3metro transportada, la entidad del impacto ambiental que causa o la posibilidad de realizar transportes masivos, que hacen relevante su uso [&hellip;]<\/p>\n","protected":false},"author":1,"featured_media":0,"parent":201,"menu_order":43,"comment_status":"closed","ping_status":"closed","template":"sector.php","meta":{"footnotes":""},"class_list":["post-209","page","type-page","status-publish","hentry"],"yoast_head":"<!-- This site is optimized with the Yoast SEO plugin v27.5 - https:\/\/yoast.com\/product\/yoast-seo-wordpress\/ -->\n<title>Mesas de Coordenadas para el Ferrocarril - Bazus<\/title>\n<meta name=\"description\" content=\"Las grandes dimensiones y la especificidad de la tecnolog\u00eda ferroviaria necesitan un colaborador como BAZUS que ofrece soluciones a medida\" \/>\n<meta name=\"robots\" content=\"index, follow, max-snippet:-1, max-image-preview:large, max-video-preview:-1\" \/>\n<link rel=\"canonical\" href=\"https:\/\/bazus.com\/sectors\/railway\/\" \/>\n<meta property=\"og:locale\" content=\"es_ES\" \/>\n<meta property=\"og:type\" content=\"article\" \/>\n<meta property=\"og:title\" content=\"Mesas de Coordenadas para el Ferrocarril - Bazus\" \/>\n<meta property=\"og:description\" content=\"Las grandes dimensiones y la especificidad de la tecnolog\u00eda ferroviaria necesitan un colaborador como BAZUS que ofrece soluciones a medida\" \/>\n<meta property=\"og:url\" content=\"https:\/\/bazus.com\/sectors\/railway\/\" \/>\n<meta property=\"og:site_name\" content=\"Bazus\" \/>\n<meta property=\"article:modified_time\" content=\"2020-11-18T22:38:43+00:00\" \/>\n<meta name=\"twitter:card\" content=\"summary_large_image\" \/>\n<meta name=\"twitter:label1\" content=\"Tiempo de lectura\" \/>\n\t<meta name=\"twitter:data1\" content=\"1 minuto\" \/>\n<script type=\"application\/ld+json\" class=\"yoast-schema-graph\">{\"@context\":\"https:\\\/\\\/schema.org\",\"@graph\":[{\"@type\":\"WebPage\",\"@id\":\"https:\\\/\\\/bazus.com\\\/sectors\\\/railway\\\/\",\"url\":\"https:\\\/\\\/bazus.com\\\/sectors\\\/railway\\\/\",\"name\":\"Mesas de Coordenadas para el Ferrocarril - Bazus\",\"isPartOf\":{\"@id\":\"https:\\\/\\\/bazus.com\\\/#website\"},\"datePublished\":\"2019-11-22T17:43:16+00:00\",\"dateModified\":\"2020-11-18T22:38:43+00:00\",\"description\":\"Las grandes dimensiones y la especificidad de la tecnolog\u00eda ferroviaria necesitan un colaborador como BAZUS que ofrece soluciones a medida\",\"breadcrumb\":{\"@id\":\"https:\\\/\\\/bazus.com\\\/sectors\\\/railway\\\/#breadcrumb\"},\"inLanguage\":\"es\",\"potentialAction\":[{\"@type\":\"ReadAction\",\"target\":[\"https:\\\/\\\/bazus.com\\\/sectors\\\/railway\\\/\"]}]},{\"@type\":\"BreadcrumbList\",\"@id\":\"https:\\\/\\\/bazus.com\\\/sectors\\\/railway\\\/#breadcrumb\",\"itemListElement\":[{\"@type\":\"ListItem\",\"position\":1,\"name\":\"Inicio\",\"item\":\"https:\\\/\\\/bazus.com\\\/es\\\/\"},{\"@type\":\"ListItem\",\"position\":2,\"name\":\"Sectores\",\"item\":\"https:\\\/\\\/bazus.com\\\/es\\\/sectores\\\/\"},{\"@type\":\"ListItem\",\"position\":3,\"name\":\"Ferrocarril\"}]},{\"@type\":\"WebSite\",\"@id\":\"https:\\\/\\\/bazus.com\\\/#website\",\"url\":\"https:\\\/\\\/bazus.com\\\/\",\"name\":\"Bazus\",\"description\":\"Mesas de coordenadas confiables\",\"potentialAction\":[{\"@type\":\"SearchAction\",\"target\":{\"@type\":\"EntryPoint\",\"urlTemplate\":\"https:\\\/\\\/bazus.com\\\/?s={search_term_string}\"},\"query-input\":{\"@type\":\"PropertyValueSpecification\",\"valueRequired\":true,\"valueName\":\"search_term_string\"}}],\"inLanguage\":\"es\"}]}<\/script>\n<!-- \/ Yoast SEO plugin. -->","yoast_head_json":{"title":"Mesas de Coordenadas para el Ferrocarril - Bazus","description":"Las grandes dimensiones y la especificidad de la tecnolog\u00eda ferroviaria necesitan un colaborador como BAZUS que ofrece soluciones a medida","robots":{"index":"index","follow":"follow","max-snippet":"max-snippet:-1","max-image-preview":"max-image-preview:large","max-video-preview":"max-video-preview:-1"},"canonical":"https:\/\/bazus.com\/sectors\/railway\/","og_locale":"es_ES","og_type":"article","og_title":"Mesas de Coordenadas para el Ferrocarril - Bazus","og_description":"Las grandes dimensiones y la especificidad de la tecnolog\u00eda ferroviaria necesitan un colaborador como BAZUS que ofrece soluciones a medida","og_url":"https:\/\/bazus.com\/sectors\/railway\/","og_site_name":"Bazus","article_modified_time":"2020-11-18T22:38:43+00:00","twitter_card":"summary_large_image","twitter_misc":{"Tiempo de lectura":"1 minuto"},"schema":{"@context":"https:\/\/schema.org","@graph":[{"@type":"WebPage","@id":"https:\/\/bazus.com\/sectors\/railway\/","url":"https:\/\/bazus.com\/sectors\/railway\/","name":"Mesas de Coordenadas para el Ferrocarril - Bazus","isPartOf":{"@id":"https:\/\/bazus.com\/#website"},"datePublished":"2019-11-22T17:43:16+00:00","dateModified":"2020-11-18T22:38:43+00:00","description":"Las grandes dimensiones y la especificidad de la tecnolog\u00eda ferroviaria necesitan un colaborador como BAZUS que ofrece soluciones a medida","breadcrumb":{"@id":"https:\/\/bazus.com\/sectors\/railway\/#breadcrumb"},"inLanguage":"es","potentialAction":[{"@type":"ReadAction","target":["https:\/\/bazus.com\/sectors\/railway\/"]}]},{"@type":"BreadcrumbList","@id":"https:\/\/bazus.com\/sectors\/railway\/#breadcrumb","itemListElement":[{"@type":"ListItem","position":1,"name":"Inicio","item":"https:\/\/bazus.com\/es\/"},{"@type":"ListItem","position":2,"name":"Sectores","item":"https:\/\/bazus.com\/es\/sectores\/"},{"@type":"ListItem","position":3,"name":"Ferrocarril"}]},{"@type":"WebSite","@id":"https:\/\/bazus.com\/#website","url":"https:\/\/bazus.com\/","name":"Bazus","description":"Mesas de coordenadas confiables","potentialAction":[{"@type":"SearchAction","target":{"@type":"EntryPoint","urlTemplate":"https:\/\/bazus.com\/?s={search_term_string}"},"query-input":{"@type":"PropertyValueSpecification","valueRequired":true,"valueName":"search_term_string"}}],"inLanguage":"es"}]}},"acf":[],"_links":{"self":[{"href":"https:\/\/bazus.com\/es\/wp-json\/wp\/v2\/pages\/209","targetHints":{"allow":["GET"]}}],"collection":[{"href":"https:\/\/bazus.com\/es\/wp-json\/wp\/v2\/pages"}],"about":[{"href":"https:\/\/bazus.com\/es\/wp-json\/wp\/v2\/types\/page"}],"author":[{"embeddable":true,"href":"https:\/\/bazus.com\/es\/wp-json\/wp\/v2\/users\/1"}],"replies":[{"embeddable":true,"href":"https:\/\/bazus.com\/es\/wp-json\/wp\/v2\/comments?post=209"}],"version-history":[{"count":3,"href":"https:\/\/bazus.com\/es\/wp-json\/wp\/v2\/pages\/209\/revisions"}],"predecessor-version":[{"id":2719,"href":"https:\/\/bazus.com\/es\/wp-json\/wp\/v2\/pages\/209\/revisions\/2719"}],"up":[{"embeddable":true,"href":"https:\/\/bazus.com\/es\/wp-json\/wp\/v2\/pages\/201"}],"wp:attachment":[{"href":"https:\/\/bazus.com\/es\/wp-json\/wp\/v2\/media?parent=209"}],"curies":[{"name":"wp","href":"https:\/\/api.w.org\/{rel}","templated":true}]}}