{"id":208,"date":"2019-11-22T18:43:16","date_gmt":"2019-11-22T17:43:16","guid":{"rendered":"https:\/\/bazus.com\/?page_id=208"},"modified":"2020-11-18T23:51:10","modified_gmt":"2020-11-18T22:51:10","slug":"aeronautica","status":"publish","type":"page","link":"https:\/\/bazus.com\/es\/sectores\/aeronautica\/","title":{"rendered":"Aeron\u00e1utica"},"content":{"rendered":"<p>La aeron\u00e1utica es la disciplina que se dedica al estudio, dise\u00f1o y manufactura de aparatos mec\u00e1nicos capaces de elevarse en vuelo, as\u00ed como el conjunto de las t\u00e9cnicas que permiten el control de aeronaves. La aeron\u00e1utica tambi\u00e9n engloba la aerodin\u00e1mica, que estudia el movimiento y el comportamiento del aire cuando un objeto se desplaza en su interior, como sucede con los aviones.<\/p>\n<p>El sector est\u00e1 dominado por grandes corporaciones privadas y entidades p\u00fablicas de regulaci\u00f3n y control de la seguridad. Estas grandes empresas realizan grandes esfuerzos de innovaci\u00f3n y desarrollo para mejorar componentes, dise\u00f1ar nuevos materiales m\u00e1s ligeros y m\u00e1s fuertes y lograr aumentar la seguridad de sus aeronaves y todos sus componentes.<\/p>\n","protected":false},"excerpt":{"rendered":"<p>La aeron\u00e1utica es la disciplina que se dedica al estudio, dise\u00f1o y manufactura de aparatos mec\u00e1nicos capaces de elevarse en vuelo, as\u00ed como el conjunto de las t\u00e9cnicas que permiten el control de aeronaves. La aeron\u00e1utica tambi\u00e9n engloba la aerodin\u00e1mica, que estudia el movimiento y el comportamiento del aire cuando un objeto se desplaza en [&hellip;]<\/p>\n","protected":false},"author":1,"featured_media":0,"parent":201,"menu_order":42,"comment_status":"closed","ping_status":"closed","template":"sector.php","meta":[],"yoast_head":"<!-- This site is optimized with the Yoast SEO plugin v14.6.1 - https:\/\/yoast.com\/wordpress\/plugins\/seo\/ -->\n<title>Mesas de Coordenadas para Aeron\u00e1utica - Bazus<\/title>\n<meta name=\"description\" content=\"Bazus ofrece para Aeron\u00e1utica experiencia en proyectos de construcci\u00f3n de turbopropulsores y bancos de ensayo. Solicita Presupuesto!\" \/>\n<meta name=\"robots\" content=\"index, follow\" \/>\n<meta name=\"googlebot\" content=\"index, follow, max-snippet:-1, max-image-preview:large, max-video-preview:-1\" \/>\n<meta name=\"bingbot\" content=\"index, follow, max-snippet:-1, max-image-preview:large, max-video-preview:-1\" \/>\n<link rel=\"canonical\" href=\"https:\/\/bazus.com\/es\/sectores\/aeronautica\/\" \/>\n<meta property=\"og:locale\" content=\"es_ES\" \/>\n<meta property=\"og:type\" content=\"article\" \/>\n<meta property=\"og:title\" content=\"Mesas de Coordenadas para Aeron\u00e1utica - Bazus\" \/>\n<meta property=\"og:description\" content=\"Bazus ofrece para Aeron\u00e1utica experiencia en proyectos de construcci\u00f3n de turbopropulsores y bancos de ensayo. Solicita Presupuesto!\" \/>\n<meta property=\"og:url\" content=\"https:\/\/bazus.com\/es\/sectores\/aeronautica\/\" \/>\n<meta property=\"og:site_name\" content=\"Bazus\" \/>\n<meta property=\"article:author\" content=\"https:\/\/www.facebook.com\/kmdevs\/\" \/>\n<meta property=\"article:modified_time\" content=\"2020-11-18T22:51:10+00:00\" \/>\n<meta name=\"twitter:card\" content=\"summary_large_image\" \/>\n<meta name=\"twitter:creator\" content=\"@km_devs\" \/>\n<script type=\"application\/ld+json\" class=\"yoast-schema-graph\">{\"@context\":\"https:\/\/schema.org\",\"@graph\":[{\"@type\":\"WebSite\",\"@id\":\"https:\/\/bazus.com\/es\/#website\",\"url\":\"https:\/\/bazus.com\/es\/\",\"name\":\"Bazus\",\"description\":\"Mesas de coordenadas confiables\",\"potentialAction\":[{\"@type\":\"SearchAction\",\"target\":\"https:\/\/bazus.com\/es\/?s={search_term_string}\",\"query-input\":\"required name=search_term_string\"}],\"inLanguage\":\"es\"},{\"@type\":\"WebPage\",\"@id\":\"https:\/\/bazus.com\/es\/sectores\/aeronautica\/#webpage\",\"url\":\"https:\/\/bazus.com\/es\/sectores\/aeronautica\/\",\"name\":\"Mesas de Coordenadas para Aeron\\u00e1utica - Bazus\",\"isPartOf\":{\"@id\":\"https:\/\/bazus.com\/es\/#website\"},\"datePublished\":\"2019-11-22T17:43:16+00:00\",\"dateModified\":\"2020-11-18T22:51:10+00:00\",\"description\":\"Bazus ofrece para Aeron\\u00e1utica experiencia en proyectos de construcci\\u00f3n de turbopropulsores y bancos de ensayo. Solicita Presupuesto!\",\"breadcrumb\":{\"@id\":\"https:\/\/bazus.com\/es\/sectores\/aeronautica\/#breadcrumb\"},\"inLanguage\":\"es\",\"potentialAction\":[{\"@type\":\"ReadAction\",\"target\":[\"https:\/\/bazus.com\/es\/sectores\/aeronautica\/\"]}]},{\"@type\":\"BreadcrumbList\",\"@id\":\"https:\/\/bazus.com\/es\/sectores\/aeronautica\/#breadcrumb\",\"itemListElement\":[{\"@type\":\"ListItem\",\"position\":1,\"item\":{\"@type\":\"WebPage\",\"@id\":\"https:\/\/bazus.com\/es\/\",\"url\":\"https:\/\/bazus.com\/es\/\",\"name\":\"Inicio\"}},{\"@type\":\"ListItem\",\"position\":2,\"item\":{\"@type\":\"WebPage\",\"@id\":\"https:\/\/bazus.com\/es\/sectores\/\",\"url\":\"https:\/\/bazus.com\/es\/sectores\/\",\"name\":\"Sectores\"}},{\"@type\":\"ListItem\",\"position\":3,\"item\":{\"@type\":\"WebPage\",\"@id\":\"https:\/\/bazus.com\/es\/sectores\/aeronautica\/\",\"url\":\"https:\/\/bazus.com\/es\/sectores\/aeronautica\/\",\"name\":\"Aeron\\u00e1utica\"}}]}]}<\/script>\n<!-- \/ Yoast SEO plugin. -->","acf":[],"_links":{"self":[{"href":"https:\/\/bazus.com\/es\/wp-json\/wp\/v2\/pages\/208"}],"collection":[{"href":"https:\/\/bazus.com\/es\/wp-json\/wp\/v2\/pages"}],"about":[{"href":"https:\/\/bazus.com\/es\/wp-json\/wp\/v2\/types\/page"}],"author":[{"embeddable":true,"href":"https:\/\/bazus.com\/es\/wp-json\/wp\/v2\/users\/1"}],"replies":[{"embeddable":true,"href":"https:\/\/bazus.com\/es\/wp-json\/wp\/v2\/comments?post=208"}],"version-history":[{"count":3,"href":"https:\/\/bazus.com\/es\/wp-json\/wp\/v2\/pages\/208\/revisions"}],"predecessor-version":[{"id":2718,"href":"https:\/\/bazus.com\/es\/wp-json\/wp\/v2\/pages\/208\/revisions\/2718"}],"up":[{"embeddable":true,"href":"https:\/\/bazus.com\/es\/wp-json\/wp\/v2\/pages\/201"}],"wp:attachment":[{"href":"https:\/\/bazus.com\/es\/wp-json\/wp\/v2\/media?parent=208"}],"curies":[{"name":"wp","href":"https:\/\/api.w.org\/{rel}","templated":true}]}}