{"id":207,"date":"2019-11-22T18:43:16","date_gmt":"2019-11-22T17:43:16","guid":{"rendered":"https:\/\/bazus.com\/?page_id=207"},"modified":"2020-11-18T21:17:39","modified_gmt":"2020-11-18T20:17:39","slug":"automocion","status":"publish","type":"page","link":"https:\/\/bazus.com\/es\/sectores\/automocion\/","title":{"rendered":"Automoci\u00f3n"},"content":{"rendered":"<p>Automoci\u00f3n es uno de los principales sectores industriales del mundo, el cual se caracteriza por una gran competitividad y una decidida apuesta por el desarrollo tecnol\u00f3gico y la innovaci\u00f3n. Engloba tambi\u00e9n el sector de subcontrataci\u00f3n para suministro de componentes, as\u00ed como desarrollo de bancos de ensayos, utillajes y bancos de pruebas.<\/p>\n","protected":false},"excerpt":{"rendered":"<p>Automoci\u00f3n es uno de los principales sectores industriales del mundo, el cual se caracteriza por una gran competitividad y una decidida apuesta por el desarrollo tecnol\u00f3gico y la innovaci\u00f3n. Engloba tambi\u00e9n el sector de subcontrataci\u00f3n para suministro de componentes, as\u00ed como desarrollo de bancos de ensayos, utillajes y bancos de pruebas.<\/p>\n","protected":false},"author":1,"featured_media":0,"parent":201,"menu_order":41,"comment_status":"closed","ping_status":"closed","template":"sector.php","meta":{"footnotes":""},"class_list":["post-207","page","type-page","status-publish","hentry"],"yoast_head":"<!-- This site is optimized with the Yoast SEO plugin v27.5 - https:\/\/yoast.com\/product\/yoast-seo-wordpress\/ -->\n<title>Mesas de Coordenadas para Automoci\u00f3n - Bazus<\/title>\n<meta name=\"description\" content=\"Desarrollo y fabricaci\u00f3n de mesas de coordenadas de calidad y precisi\u00f3n para garantizar repetibilidad en la fabricaci\u00f3n de series largas.\" \/>\n<meta name=\"robots\" content=\"index, follow, max-snippet:-1, max-image-preview:large, max-video-preview:-1\" \/>\n<link rel=\"canonical\" href=\"https:\/\/bazus.com\/sectors\/automotive\/\" \/>\n<meta property=\"og:locale\" content=\"es_ES\" \/>\n<meta property=\"og:type\" content=\"article\" \/>\n<meta property=\"og:title\" content=\"Mesas de Coordenadas para Automoci\u00f3n - Bazus\" \/>\n<meta property=\"og:description\" content=\"Desarrollo y fabricaci\u00f3n de mesas de coordenadas de calidad y precisi\u00f3n para garantizar repetibilidad en la fabricaci\u00f3n de series largas.\" \/>\n<meta property=\"og:url\" content=\"https:\/\/bazus.com\/sectors\/automotive\/\" \/>\n<meta property=\"og:site_name\" content=\"Bazus\" \/>\n<meta property=\"article:modified_time\" content=\"2020-11-18T20:17:39+00:00\" \/>\n<meta name=\"twitter:card\" content=\"summary_large_image\" \/>\n<script type=\"application\/ld+json\" class=\"yoast-schema-graph\">{\"@context\":\"https:\\\/\\\/schema.org\",\"@graph\":[{\"@type\":\"WebPage\",\"@id\":\"https:\\\/\\\/bazus.com\\\/sectors\\\/automotive\\\/\",\"url\":\"https:\\\/\\\/bazus.com\\\/sectors\\\/automotive\\\/\",\"name\":\"Mesas de Coordenadas para Automoci\u00f3n - Bazus\",\"isPartOf\":{\"@id\":\"https:\\\/\\\/bazus.com\\\/#website\"},\"datePublished\":\"2019-11-22T17:43:16+00:00\",\"dateModified\":\"2020-11-18T20:17:39+00:00\",\"description\":\"Desarrollo y fabricaci\u00f3n de mesas de coordenadas de calidad y precisi\u00f3n para garantizar repetibilidad en la fabricaci\u00f3n de series largas.\",\"breadcrumb\":{\"@id\":\"https:\\\/\\\/bazus.com\\\/sectors\\\/automotive\\\/#breadcrumb\"},\"inLanguage\":\"es\",\"potentialAction\":[{\"@type\":\"ReadAction\",\"target\":[\"https:\\\/\\\/bazus.com\\\/sectors\\\/automotive\\\/\"]}]},{\"@type\":\"BreadcrumbList\",\"@id\":\"https:\\\/\\\/bazus.com\\\/sectors\\\/automotive\\\/#breadcrumb\",\"itemListElement\":[{\"@type\":\"ListItem\",\"position\":1,\"name\":\"Inicio\",\"item\":\"https:\\\/\\\/bazus.com\\\/es\\\/\"},{\"@type\":\"ListItem\",\"position\":2,\"name\":\"Sectores\",\"item\":\"https:\\\/\\\/bazus.com\\\/es\\\/sectores\\\/\"},{\"@type\":\"ListItem\",\"position\":3,\"name\":\"Automoci\u00f3n\"}]},{\"@type\":\"WebSite\",\"@id\":\"https:\\\/\\\/bazus.com\\\/#website\",\"url\":\"https:\\\/\\\/bazus.com\\\/\",\"name\":\"Bazus\",\"description\":\"Mesas de coordenadas confiables\",\"potentialAction\":[{\"@type\":\"SearchAction\",\"target\":{\"@type\":\"EntryPoint\",\"urlTemplate\":\"https:\\\/\\\/bazus.com\\\/?s={search_term_string}\"},\"query-input\":{\"@type\":\"PropertyValueSpecification\",\"valueRequired\":true,\"valueName\":\"search_term_string\"}}],\"inLanguage\":\"es\"}]}<\/script>\n<!-- \/ Yoast SEO plugin. -->","yoast_head_json":{"title":"Mesas de Coordenadas para Automoci\u00f3n - Bazus","description":"Desarrollo y fabricaci\u00f3n de mesas de coordenadas de calidad y precisi\u00f3n para garantizar repetibilidad en la fabricaci\u00f3n de series largas.","robots":{"index":"index","follow":"follow","max-snippet":"max-snippet:-1","max-image-preview":"max-image-preview:large","max-video-preview":"max-video-preview:-1"},"canonical":"https:\/\/bazus.com\/sectors\/automotive\/","og_locale":"es_ES","og_type":"article","og_title":"Mesas de Coordenadas para Automoci\u00f3n - Bazus","og_description":"Desarrollo y fabricaci\u00f3n de mesas de coordenadas de calidad y precisi\u00f3n para garantizar repetibilidad en la fabricaci\u00f3n de series largas.","og_url":"https:\/\/bazus.com\/sectors\/automotive\/","og_site_name":"Bazus","article_modified_time":"2020-11-18T20:17:39+00:00","twitter_card":"summary_large_image","schema":{"@context":"https:\/\/schema.org","@graph":[{"@type":"WebPage","@id":"https:\/\/bazus.com\/sectors\/automotive\/","url":"https:\/\/bazus.com\/sectors\/automotive\/","name":"Mesas de Coordenadas para Automoci\u00f3n - Bazus","isPartOf":{"@id":"https:\/\/bazus.com\/#website"},"datePublished":"2019-11-22T17:43:16+00:00","dateModified":"2020-11-18T20:17:39+00:00","description":"Desarrollo y fabricaci\u00f3n de mesas de coordenadas de calidad y precisi\u00f3n para garantizar repetibilidad en la fabricaci\u00f3n de series largas.","breadcrumb":{"@id":"https:\/\/bazus.com\/sectors\/automotive\/#breadcrumb"},"inLanguage":"es","potentialAction":[{"@type":"ReadAction","target":["https:\/\/bazus.com\/sectors\/automotive\/"]}]},{"@type":"BreadcrumbList","@id":"https:\/\/bazus.com\/sectors\/automotive\/#breadcrumb","itemListElement":[{"@type":"ListItem","position":1,"name":"Inicio","item":"https:\/\/bazus.com\/es\/"},{"@type":"ListItem","position":2,"name":"Sectores","item":"https:\/\/bazus.com\/es\/sectores\/"},{"@type":"ListItem","position":3,"name":"Automoci\u00f3n"}]},{"@type":"WebSite","@id":"https:\/\/bazus.com\/#website","url":"https:\/\/bazus.com\/","name":"Bazus","description":"Mesas de coordenadas confiables","potentialAction":[{"@type":"SearchAction","target":{"@type":"EntryPoint","urlTemplate":"https:\/\/bazus.com\/?s={search_term_string}"},"query-input":{"@type":"PropertyValueSpecification","valueRequired":true,"valueName":"search_term_string"}}],"inLanguage":"es"}]}},"acf":[],"_links":{"self":[{"href":"https:\/\/bazus.com\/es\/wp-json\/wp\/v2\/pages\/207","targetHints":{"allow":["GET"]}}],"collection":[{"href":"https:\/\/bazus.com\/es\/wp-json\/wp\/v2\/pages"}],"about":[{"href":"https:\/\/bazus.com\/es\/wp-json\/wp\/v2\/types\/page"}],"author":[{"embeddable":true,"href":"https:\/\/bazus.com\/es\/wp-json\/wp\/v2\/users\/1"}],"replies":[{"embeddable":true,"href":"https:\/\/bazus.com\/es\/wp-json\/wp\/v2\/comments?post=207"}],"version-history":[{"count":2,"href":"https:\/\/bazus.com\/es\/wp-json\/wp\/v2\/pages\/207\/revisions"}],"predecessor-version":[{"id":2773,"href":"https:\/\/bazus.com\/es\/wp-json\/wp\/v2\/pages\/207\/revisions\/2773"}],"up":[{"embeddable":true,"href":"https:\/\/bazus.com\/es\/wp-json\/wp\/v2\/pages\/201"}],"wp:attachment":[{"href":"https:\/\/bazus.com\/es\/wp-json\/wp\/v2\/media?parent=207"}],"curies":[{"name":"wp","href":"https:\/\/api.w.org\/{rel}","templated":true}]}}