{"id":205,"date":"2019-11-22T18:43:16","date_gmt":"2019-11-22T17:43:16","guid":{"rendered":"https:\/\/bazus.com\/?page_id=205"},"modified":"2020-11-19T19:31:33","modified_gmt":"2020-11-19T18:31:33","slug":"ingenieria-de-sistemas-y-automatica-universidades-y-centros-investigacion","status":"publish","type":"page","link":"https:\/\/bazus.com\/es\/sectores\/ingenieria-de-sistemas-y-automatica-universidades-y-centros-investigacion\/","title":{"rendered":"Ingenier\u00eda de sistemas y autom\u00e1tica, universidades y centros investigaci\u00f3n"},"content":{"rendered":"<p>Teniendo en cuenta el car\u00e1cter interactivo del proceso de innovaci\u00f3n tecnol\u00f3gica, cada vez resulta m\u00e1s frecuente que las empresas cooperen con otras organizaciones para desarrollar actividades de investigaci\u00f3n y desarrollo tecnol\u00f3gico.<\/p>\n<p>En este sentido, las redes de cooperaci\u00f3n tecnol\u00f3gicas y de innovaci\u00f3n especialmente en los pa\u00edses europeos, permiten estimular las interacciones y transferencias entre los diferentes agentes asociados y son especialmente \u00fatiles para incrementar la investigaci\u00f3n e internacionalizaci\u00f3n de la industria.<\/p>\n","protected":false},"excerpt":{"rendered":"<p>Teniendo en cuenta el car\u00e1cter interactivo del proceso de innovaci\u00f3n tecnol\u00f3gica, cada vez resulta m\u00e1s frecuente que las empresas cooperen con otras organizaciones para desarrollar actividades de investigaci\u00f3n y desarrollo tecnol\u00f3gico. En este sentido, las redes de cooperaci\u00f3n tecnol\u00f3gicas y de innovaci\u00f3n especialmente en los pa\u00edses europeos, permiten estimular las interacciones y transferencias entre los [&hellip;]<\/p>\n","protected":false},"author":1,"featured_media":0,"parent":201,"menu_order":39,"comment_status":"closed","ping_status":"closed","template":"sector.php","meta":{"footnotes":""},"class_list":["post-205","page","type-page","status-publish","hentry"],"yoast_head":"<!-- This site is optimized with the Yoast SEO plugin v27.5 - https:\/\/yoast.com\/product\/yoast-seo-wordpress\/ -->\n<title>Ingenier\u00eda de sistemas y autom\u00e1tica, universidades y centros investigaci\u00f3n<\/title>\n<meta name=\"description\" content=\"Alto nivel de especializaci\u00f3n. Flexibilidad de dise\u00f1o y acompa\u00f1amiento al cliente a lo largo del desarrollo del proyecto.\" \/>\n<meta name=\"robots\" content=\"index, follow, max-snippet:-1, max-image-preview:large, max-video-preview:-1\" \/>\n<link rel=\"canonical\" href=\"https:\/\/bazus.com\/sectors\/systems-automatic-engineering-universities-and-research-centers\/\" \/>\n<meta property=\"og:locale\" content=\"es_ES\" \/>\n<meta property=\"og:type\" content=\"article\" \/>\n<meta property=\"og:title\" content=\"Ingenier\u00eda de sistemas y autom\u00e1tica, universidades y centros investigaci\u00f3n\" \/>\n<meta property=\"og:description\" content=\"Alto nivel de especializaci\u00f3n. Flexibilidad de dise\u00f1o y acompa\u00f1amiento al cliente a lo largo del desarrollo del proyecto.\" \/>\n<meta property=\"og:url\" content=\"https:\/\/bazus.com\/sectors\/systems-automatic-engineering-universities-and-research-centers\/\" \/>\n<meta property=\"og:site_name\" content=\"Bazus\" \/>\n<meta property=\"article:modified_time\" content=\"2020-11-19T18:31:33+00:00\" \/>\n<meta name=\"twitter:card\" content=\"summary_large_image\" \/>\n<script type=\"application\/ld+json\" class=\"yoast-schema-graph\">{\"@context\":\"https:\\\/\\\/schema.org\",\"@graph\":[{\"@type\":\"WebPage\",\"@id\":\"https:\\\/\\\/bazus.com\\\/sectors\\\/systems-automatic-engineering-universities-and-research-centers\\\/\",\"url\":\"https:\\\/\\\/bazus.com\\\/sectors\\\/systems-automatic-engineering-universities-and-research-centers\\\/\",\"name\":\"Ingenier\u00eda de sistemas y autom\u00e1tica, universidades y centros investigaci\u00f3n\",\"isPartOf\":{\"@id\":\"https:\\\/\\\/bazus.com\\\/#website\"},\"datePublished\":\"2019-11-22T17:43:16+00:00\",\"dateModified\":\"2020-11-19T18:31:33+00:00\",\"description\":\"Alto nivel de especializaci\u00f3n. Flexibilidad de dise\u00f1o y acompa\u00f1amiento al cliente a lo largo del desarrollo del proyecto.\",\"breadcrumb\":{\"@id\":\"https:\\\/\\\/bazus.com\\\/sectors\\\/systems-automatic-engineering-universities-and-research-centers\\\/#breadcrumb\"},\"inLanguage\":\"es\",\"potentialAction\":[{\"@type\":\"ReadAction\",\"target\":[\"https:\\\/\\\/bazus.com\\\/sectors\\\/systems-automatic-engineering-universities-and-research-centers\\\/\"]}]},{\"@type\":\"BreadcrumbList\",\"@id\":\"https:\\\/\\\/bazus.com\\\/sectors\\\/systems-automatic-engineering-universities-and-research-centers\\\/#breadcrumb\",\"itemListElement\":[{\"@type\":\"ListItem\",\"position\":1,\"name\":\"Inicio\",\"item\":\"https:\\\/\\\/bazus.com\\\/es\\\/\"},{\"@type\":\"ListItem\",\"position\":2,\"name\":\"Sectores\",\"item\":\"https:\\\/\\\/bazus.com\\\/es\\\/sectores\\\/\"},{\"@type\":\"ListItem\",\"position\":3,\"name\":\"Ingenier\u00eda de sistemas y autom\u00e1tica, universidades y centros investigaci\u00f3n\"}]},{\"@type\":\"WebSite\",\"@id\":\"https:\\\/\\\/bazus.com\\\/#website\",\"url\":\"https:\\\/\\\/bazus.com\\\/\",\"name\":\"Bazus\",\"description\":\"Mesas de coordenadas confiables\",\"potentialAction\":[{\"@type\":\"SearchAction\",\"target\":{\"@type\":\"EntryPoint\",\"urlTemplate\":\"https:\\\/\\\/bazus.com\\\/?s={search_term_string}\"},\"query-input\":{\"@type\":\"PropertyValueSpecification\",\"valueRequired\":true,\"valueName\":\"search_term_string\"}}],\"inLanguage\":\"es\"}]}<\/script>\n<!-- \/ Yoast SEO plugin. -->","yoast_head_json":{"title":"Ingenier\u00eda de sistemas y autom\u00e1tica, universidades y centros investigaci\u00f3n","description":"Alto nivel de especializaci\u00f3n. Flexibilidad de dise\u00f1o y acompa\u00f1amiento al cliente a lo largo del desarrollo del proyecto.","robots":{"index":"index","follow":"follow","max-snippet":"max-snippet:-1","max-image-preview":"max-image-preview:large","max-video-preview":"max-video-preview:-1"},"canonical":"https:\/\/bazus.com\/sectors\/systems-automatic-engineering-universities-and-research-centers\/","og_locale":"es_ES","og_type":"article","og_title":"Ingenier\u00eda de sistemas y autom\u00e1tica, universidades y centros investigaci\u00f3n","og_description":"Alto nivel de especializaci\u00f3n. Flexibilidad de dise\u00f1o y acompa\u00f1amiento al cliente a lo largo del desarrollo del proyecto.","og_url":"https:\/\/bazus.com\/sectors\/systems-automatic-engineering-universities-and-research-centers\/","og_site_name":"Bazus","article_modified_time":"2020-11-19T18:31:33+00:00","twitter_card":"summary_large_image","schema":{"@context":"https:\/\/schema.org","@graph":[{"@type":"WebPage","@id":"https:\/\/bazus.com\/sectors\/systems-automatic-engineering-universities-and-research-centers\/","url":"https:\/\/bazus.com\/sectors\/systems-automatic-engineering-universities-and-research-centers\/","name":"Ingenier\u00eda de sistemas y autom\u00e1tica, universidades y centros investigaci\u00f3n","isPartOf":{"@id":"https:\/\/bazus.com\/#website"},"datePublished":"2019-11-22T17:43:16+00:00","dateModified":"2020-11-19T18:31:33+00:00","description":"Alto nivel de especializaci\u00f3n. Flexibilidad de dise\u00f1o y acompa\u00f1amiento al cliente a lo largo del desarrollo del proyecto.","breadcrumb":{"@id":"https:\/\/bazus.com\/sectors\/systems-automatic-engineering-universities-and-research-centers\/#breadcrumb"},"inLanguage":"es","potentialAction":[{"@type":"ReadAction","target":["https:\/\/bazus.com\/sectors\/systems-automatic-engineering-universities-and-research-centers\/"]}]},{"@type":"BreadcrumbList","@id":"https:\/\/bazus.com\/sectors\/systems-automatic-engineering-universities-and-research-centers\/#breadcrumb","itemListElement":[{"@type":"ListItem","position":1,"name":"Inicio","item":"https:\/\/bazus.com\/es\/"},{"@type":"ListItem","position":2,"name":"Sectores","item":"https:\/\/bazus.com\/es\/sectores\/"},{"@type":"ListItem","position":3,"name":"Ingenier\u00eda de sistemas y autom\u00e1tica, universidades y centros investigaci\u00f3n"}]},{"@type":"WebSite","@id":"https:\/\/bazus.com\/#website","url":"https:\/\/bazus.com\/","name":"Bazus","description":"Mesas de coordenadas confiables","potentialAction":[{"@type":"SearchAction","target":{"@type":"EntryPoint","urlTemplate":"https:\/\/bazus.com\/?s={search_term_string}"},"query-input":{"@type":"PropertyValueSpecification","valueRequired":true,"valueName":"search_term_string"}}],"inLanguage":"es"}]}},"acf":[],"_links":{"self":[{"href":"https:\/\/bazus.com\/es\/wp-json\/wp\/v2\/pages\/205","targetHints":{"allow":["GET"]}}],"collection":[{"href":"https:\/\/bazus.com\/es\/wp-json\/wp\/v2\/pages"}],"about":[{"href":"https:\/\/bazus.com\/es\/wp-json\/wp\/v2\/types\/page"}],"author":[{"embeddable":true,"href":"https:\/\/bazus.com\/es\/wp-json\/wp\/v2\/users\/1"}],"replies":[{"embeddable":true,"href":"https:\/\/bazus.com\/es\/wp-json\/wp\/v2\/comments?post=205"}],"version-history":[{"count":4,"href":"https:\/\/bazus.com\/es\/wp-json\/wp\/v2\/pages\/205\/revisions"}],"predecessor-version":[{"id":2759,"href":"https:\/\/bazus.com\/es\/wp-json\/wp\/v2\/pages\/205\/revisions\/2759"}],"up":[{"embeddable":true,"href":"https:\/\/bazus.com\/es\/wp-json\/wp\/v2\/pages\/201"}],"wp:attachment":[{"href":"https:\/\/bazus.com\/es\/wp-json\/wp\/v2\/media?parent=205"}],"curies":[{"name":"wp","href":"https:\/\/api.w.org\/{rel}","templated":true}]}}