{"id":202,"date":"2019-11-22T18:43:16","date_gmt":"2019-11-22T17:43:16","guid":{"rendered":"https:\/\/bazus.com\/?page_id=202"},"modified":"2020-11-19T19:28:09","modified_gmt":"2020-11-19T18:28:09","slug":"metrologia-optica-laboratorios","status":"publish","type":"page","link":"https:\/\/bazus.com\/es\/sectores\/metrologia-optica-laboratorios\/","title":{"rendered":"Metrolog\u00eda, \u00f3ptica, laboratorios"},"content":{"rendered":"<p>En la actualidad, todas las empresas precisan tener la certeza de que los resultados que les facilitan sus equipos de medida son correctos porque se emplean en actividades claves de innumerables procesos, asegurar la calidad, la seguridad de los productos, servicios y conseguir los datos necesarios para el an\u00e1lisis y la toma de decisiones.<\/p>\n<p>Los laboratorios de metrolog\u00eda clientes de BAZUS cubren distintas \u00e1reas (sanidad, qu\u00edmica, transportes y automoci\u00f3n, defensa, electricidad, mec\u00e1nica, \u00f3ptica&#8230;) en una gran diversidad de magnitudes y equipos, desde las m\u00e1s \u201ccl\u00e1sicas\u201d o \u201cfrecuentes\u201d -instrumentos de pesaje, prensas, medidores el\u00e9ctricos, &#8211; hasta las m\u00e1s espec\u00edficas o novedosas -c\u00e1maras anecoicas, analizadores de gases o fibra \u00f3ptica-, que prestan sus servicios a todo tipo de industrias.<\/p>\n","protected":false},"excerpt":{"rendered":"<p>En la actualidad, todas las empresas precisan tener la certeza de que los resultados que les facilitan sus equipos de medida son correctos porque se emplean en actividades claves de innumerables procesos, asegurar la calidad, la seguridad de los productos, servicios y conseguir los datos necesarios para el an\u00e1lisis y la toma de decisiones. Los [&hellip;]<\/p>\n","protected":false},"author":1,"featured_media":0,"parent":201,"menu_order":36,"comment_status":"closed","ping_status":"closed","template":"sector.php","meta":[],"yoast_head":"<!-- This site is optimized with the Yoast SEO plugin v14.6.1 - https:\/\/yoast.com\/wordpress\/plugins\/seo\/ -->\n<title>Metrolog\u00eda, \u00f3ptica, laboratorios - Bazus<\/title>\n<meta name=\"robots\" content=\"index, follow\" \/>\n<meta name=\"googlebot\" content=\"index, follow, max-snippet:-1, max-image-preview:large, max-video-preview:-1\" \/>\n<meta name=\"bingbot\" content=\"index, follow, max-snippet:-1, max-image-preview:large, max-video-preview:-1\" \/>\n<link rel=\"canonical\" href=\"https:\/\/bazus.com\/es\/sectores\/metrologia-optica-laboratorios\/\" \/>\n<meta property=\"og:locale\" content=\"es_ES\" \/>\n<meta property=\"og:type\" content=\"article\" \/>\n<meta property=\"og:title\" content=\"Metrolog\u00eda, \u00f3ptica, laboratorios - Bazus\" \/>\n<meta property=\"og:description\" content=\"En la actualidad, todas las empresas precisan tener la certeza de que los resultados que les facilitan sus equipos de medida son correctos porque se emplean en actividades claves de innumerables procesos, asegurar la calidad, la seguridad de los productos, servicios y conseguir los datos necesarios para el an\u00e1lisis y la toma de decisiones. Los [&hellip;]\" \/>\n<meta property=\"og:url\" content=\"https:\/\/bazus.com\/es\/sectores\/metrologia-optica-laboratorios\/\" \/>\n<meta property=\"og:site_name\" content=\"Bazus\" \/>\n<meta property=\"article:author\" content=\"https:\/\/www.facebook.com\/kmdevs\/\" \/>\n<meta property=\"article:modified_time\" content=\"2020-11-19T18:28:09+00:00\" \/>\n<meta name=\"twitter:card\" content=\"summary_large_image\" \/>\n<meta name=\"twitter:creator\" content=\"@km_devs\" \/>\n<script type=\"application\/ld+json\" class=\"yoast-schema-graph\">{\"@context\":\"https:\/\/schema.org\",\"@graph\":[{\"@type\":\"WebSite\",\"@id\":\"https:\/\/bazus.com\/es\/#website\",\"url\":\"https:\/\/bazus.com\/es\/\",\"name\":\"Bazus\",\"description\":\"Mesas de coordenadas confiables\",\"potentialAction\":[{\"@type\":\"SearchAction\",\"target\":\"https:\/\/bazus.com\/es\/?s={search_term_string}\",\"query-input\":\"required name=search_term_string\"}],\"inLanguage\":\"es\"},{\"@type\":\"WebPage\",\"@id\":\"https:\/\/bazus.com\/es\/sectores\/metrologia-optica-laboratorios\/#webpage\",\"url\":\"https:\/\/bazus.com\/es\/sectores\/metrologia-optica-laboratorios\/\",\"name\":\"Metrolog\\u00eda, \\u00f3ptica, laboratorios - Bazus\",\"isPartOf\":{\"@id\":\"https:\/\/bazus.com\/es\/#website\"},\"datePublished\":\"2019-11-22T17:43:16+00:00\",\"dateModified\":\"2020-11-19T18:28:09+00:00\",\"breadcrumb\":{\"@id\":\"https:\/\/bazus.com\/es\/sectores\/metrologia-optica-laboratorios\/#breadcrumb\"},\"inLanguage\":\"es\",\"potentialAction\":[{\"@type\":\"ReadAction\",\"target\":[\"https:\/\/bazus.com\/es\/sectores\/metrologia-optica-laboratorios\/\"]}]},{\"@type\":\"BreadcrumbList\",\"@id\":\"https:\/\/bazus.com\/es\/sectores\/metrologia-optica-laboratorios\/#breadcrumb\",\"itemListElement\":[{\"@type\":\"ListItem\",\"position\":1,\"item\":{\"@type\":\"WebPage\",\"@id\":\"https:\/\/bazus.com\/es\/\",\"url\":\"https:\/\/bazus.com\/es\/\",\"name\":\"Inicio\"}},{\"@type\":\"ListItem\",\"position\":2,\"item\":{\"@type\":\"WebPage\",\"@id\":\"https:\/\/bazus.com\/es\/sectores\/\",\"url\":\"https:\/\/bazus.com\/es\/sectores\/\",\"name\":\"Sectores\"}},{\"@type\":\"ListItem\",\"position\":3,\"item\":{\"@type\":\"WebPage\",\"@id\":\"https:\/\/bazus.com\/es\/sectores\/metrologia-optica-laboratorios\/\",\"url\":\"https:\/\/bazus.com\/es\/sectores\/metrologia-optica-laboratorios\/\",\"name\":\"Metrolog\\u00eda, \\u00f3ptica, laboratorios\"}}]}]}<\/script>\n<!-- \/ Yoast SEO plugin. -->","acf":[],"_links":{"self":[{"href":"https:\/\/bazus.com\/es\/wp-json\/wp\/v2\/pages\/202"}],"collection":[{"href":"https:\/\/bazus.com\/es\/wp-json\/wp\/v2\/pages"}],"about":[{"href":"https:\/\/bazus.com\/es\/wp-json\/wp\/v2\/types\/page"}],"author":[{"embeddable":true,"href":"https:\/\/bazus.com\/es\/wp-json\/wp\/v2\/users\/1"}],"replies":[{"embeddable":true,"href":"https:\/\/bazus.com\/es\/wp-json\/wp\/v2\/comments?post=202"}],"version-history":[{"count":3,"href":"https:\/\/bazus.com\/es\/wp-json\/wp\/v2\/pages\/202\/revisions"}],"predecessor-version":[{"id":922,"href":"https:\/\/bazus.com\/es\/wp-json\/wp\/v2\/pages\/202\/revisions\/922"}],"up":[{"embeddable":true,"href":"https:\/\/bazus.com\/es\/wp-json\/wp\/v2\/pages\/201"}],"wp:attachment":[{"href":"https:\/\/bazus.com\/es\/wp-json\/wp\/v2\/media?parent=202"}],"curies":[{"name":"wp","href":"https:\/\/api.w.org\/{rel}","templated":true}]}}