{"id":201,"date":"2019-11-22T18:43:16","date_gmt":"2019-11-22T17:43:16","guid":{"rendered":"https:\/\/bazus.com\/?page_id=201"},"modified":"2020-11-18T23:18:30","modified_gmt":"2020-11-18T22:18:30","slug":"sectores","status":"publish","type":"page","link":"https:\/\/bazus.com\/es\/sectores\/","title":{"rendered":"Sectores"},"content":{"rendered":"<p>Metrolog\u00eda, \u00f3ptica, laboratorios, ingenier\u00eda de sistemas y autom\u00e1tica, universidades y centros investigaci\u00f3n. Automoci\u00f3n, aeron\u00e1utica, ferrocarril, artes gr\u00e1ficas, maquinaria \u2013 Herramienta y ferreter\u00eda industrial, son algunos de los sectores, en los que concentra su actividad Bazus.<\/p>\n","protected":false},"excerpt":{"rendered":"<p>Metrolog\u00eda, \u00f3ptica, laboratorios, ingenier\u00eda de sistemas y autom\u00e1tica, universidades y centros investigaci\u00f3n. Automoci\u00f3n, aeron\u00e1utica, ferrocarril, artes gr\u00e1ficas, maquinaria \u2013 Herramienta y ferreter\u00eda industrial, son algunos de los sectores, en los que concentra su actividad Bazus.<\/p>\n","protected":false},"author":1,"featured_media":0,"parent":0,"menu_order":35,"comment_status":"closed","ping_status":"closed","template":"sectores.php","meta":[],"yoast_head":"<!-- This site is optimized with the Yoast SEO plugin v14.6.1 - https:\/\/yoast.com\/wordpress\/plugins\/seo\/ -->\n<title>Mesas de Coordenadas para todos los Sectores - Bazus<\/title>\n<meta name=\"description\" content=\"Herramienta y ferreter\u00eda industrial, son algunos de los sectores, en los que concentra su actividad Bazus.\" \/>\n<meta name=\"robots\" content=\"index, follow\" \/>\n<meta name=\"googlebot\" content=\"index, follow, max-snippet:-1, max-image-preview:large, max-video-preview:-1\" \/>\n<meta name=\"bingbot\" content=\"index, follow, max-snippet:-1, max-image-preview:large, max-video-preview:-1\" \/>\n<link rel=\"canonical\" href=\"https:\/\/bazus.com\/es\/sectores\/\" \/>\n<meta property=\"og:locale\" content=\"es_ES\" \/>\n<meta property=\"og:type\" content=\"article\" \/>\n<meta property=\"og:title\" content=\"Mesas de Coordenadas para todos los Sectores - Bazus\" \/>\n<meta property=\"og:description\" content=\"Herramienta y ferreter\u00eda industrial, son algunos de los sectores, en los que concentra su actividad Bazus.\" \/>\n<meta property=\"og:url\" content=\"https:\/\/bazus.com\/es\/sectores\/\" \/>\n<meta property=\"og:site_name\" content=\"Bazus\" \/>\n<meta property=\"article:author\" content=\"https:\/\/www.facebook.com\/kmdevs\/\" \/>\n<meta property=\"article:modified_time\" content=\"2020-11-18T22:18:30+00:00\" \/>\n<meta name=\"twitter:card\" content=\"summary_large_image\" \/>\n<meta name=\"twitter:creator\" content=\"@km_devs\" \/>\n<script type=\"application\/ld+json\" class=\"yoast-schema-graph\">{\"@context\":\"https:\/\/schema.org\",\"@graph\":[{\"@type\":\"WebSite\",\"@id\":\"https:\/\/bazus.com\/es\/#website\",\"url\":\"https:\/\/bazus.com\/es\/\",\"name\":\"Bazus\",\"description\":\"Mesas de coordenadas confiables\",\"potentialAction\":[{\"@type\":\"SearchAction\",\"target\":\"https:\/\/bazus.com\/es\/?s={search_term_string}\",\"query-input\":\"required name=search_term_string\"}],\"inLanguage\":\"es\"},{\"@type\":\"WebPage\",\"@id\":\"https:\/\/bazus.com\/es\/sectores\/#webpage\",\"url\":\"https:\/\/bazus.com\/es\/sectores\/\",\"name\":\"Mesas de Coordenadas para todos los Sectores - Bazus\",\"isPartOf\":{\"@id\":\"https:\/\/bazus.com\/es\/#website\"},\"datePublished\":\"2019-11-22T17:43:16+00:00\",\"dateModified\":\"2020-11-18T22:18:30+00:00\",\"description\":\"Herramienta y ferreter\\u00eda industrial, son algunos de los sectores, en los que concentra su actividad Bazus.\",\"breadcrumb\":{\"@id\":\"https:\/\/bazus.com\/es\/sectores\/#breadcrumb\"},\"inLanguage\":\"es\",\"potentialAction\":[{\"@type\":\"ReadAction\",\"target\":[\"https:\/\/bazus.com\/es\/sectores\/\"]}]},{\"@type\":\"BreadcrumbList\",\"@id\":\"https:\/\/bazus.com\/es\/sectores\/#breadcrumb\",\"itemListElement\":[{\"@type\":\"ListItem\",\"position\":1,\"item\":{\"@type\":\"WebPage\",\"@id\":\"https:\/\/bazus.com\/es\/\",\"url\":\"https:\/\/bazus.com\/es\/\",\"name\":\"Inicio\"}},{\"@type\":\"ListItem\",\"position\":2,\"item\":{\"@type\":\"WebPage\",\"@id\":\"https:\/\/bazus.com\/es\/sectores\/\",\"url\":\"https:\/\/bazus.com\/es\/sectores\/\",\"name\":\"Sectores\"}}]}]}<\/script>\n<!-- \/ Yoast SEO plugin. -->","acf":[],"_links":{"self":[{"href":"https:\/\/bazus.com\/es\/wp-json\/wp\/v2\/pages\/201"}],"collection":[{"href":"https:\/\/bazus.com\/es\/wp-json\/wp\/v2\/pages"}],"about":[{"href":"https:\/\/bazus.com\/es\/wp-json\/wp\/v2\/types\/page"}],"author":[{"embeddable":true,"href":"https:\/\/bazus.com\/es\/wp-json\/wp\/v2\/users\/1"}],"replies":[{"embeddable":true,"href":"https:\/\/bazus.com\/es\/wp-json\/wp\/v2\/comments?post=201"}],"version-history":[{"count":11,"href":"https:\/\/bazus.com\/es\/wp-json\/wp\/v2\/pages\/201\/revisions"}],"predecessor-version":[{"id":4846,"href":"https:\/\/bazus.com\/es\/wp-json\/wp\/v2\/pages\/201\/revisions\/4846"}],"wp:attachment":[{"href":"https:\/\/bazus.com\/es\/wp-json\/wp\/v2\/media?parent=201"}],"curies":[{"name":"wp","href":"https:\/\/api.w.org\/{rel}","templated":true}]}}