{"id":200,"date":"2019-11-22T18:43:16","date_gmt":"2019-11-22T17:43:16","guid":{"rendered":"https:\/\/bazus.com\/?page_id=200"},"modified":"2020-09-11T10:42:53","modified_gmt":"2020-09-11T08:42:53","slug":"taladro","status":"publish","type":"page","link":"https:\/\/bazus.com\/es\/procesos\/taladro\/","title":{"rendered":"Taladro"},"content":{"rendered":"<p>Se denomina taladro a la m\u00e1quina-herramienta con la que se mecanizan la mayor\u00eda de los agujeros que se hacen a las piezas en los talleres mec\u00e1nicos. Destacan estas m\u00e1quinas por la sencillez de su manejo. Tienen dos movimientos: El de rotaci\u00f3n de la broca que le imprime el motor el\u00e9ctrico de la m\u00e1quina a trav\u00e9s de una transmisi\u00f3n por poleas y engranajes, y el de avance de penetraci\u00f3n de la broca, que puede realizarse de forma manual sensitiva o de forma autom\u00e1tica, si incorpora transmisi\u00f3n para hacerlo.<\/p>\n<p>Se llama taladrado a la operaci\u00f3n de mecanizado que tiene por objeto producir agujeros cil\u00edndricos en una pieza cualquiera, utilizando como herramienta una broca. De todos los procesos de mecanizado, el taladrado es considerado como uno de los procesos m\u00e1s importantes debido a su amplio uso y facilidad de realizaci\u00f3n, puesto que es una de las operaciones de mecanizado m\u00e1s sencillas de realizar y que se hace necesaria en la mayor\u00eda de los componentes que se fabrican.<\/p>\n<p>Las mesas de coordenadas BAZUS permiten realizar cualquier tipo de taladrado, bien sea vertical y horizontal, manual o autom\u00e1tico, y permiten adem\u00e1s sincronizar el movimiento de avance de la broca con la velocidad de giro de la broca permitiendo adem\u00e1s realizar operaciones de roscado.<\/p>\n","protected":false},"excerpt":{"rendered":"<p>Se denomina taladro a la m\u00e1quina-herramienta con la que se mecanizan la mayor\u00eda de los agujeros que se hacen a las piezas en los talleres mec\u00e1nicos. Destacan estas m\u00e1quinas por la sencillez de su manejo. Tienen dos movimientos: El de rotaci\u00f3n de la broca que le imprime el motor el\u00e9ctrico de la m\u00e1quina a trav\u00e9s [&hellip;]<\/p>\n","protected":false},"author":1,"featured_media":0,"parent":190,"menu_order":34,"comment_status":"closed","ping_status":"closed","template":"sector.php","meta":[],"yoast_head":"<!-- This site is optimized with the Yoast SEO plugin v14.6.1 - https:\/\/yoast.com\/wordpress\/plugins\/seo\/ -->\n<title>Mesas de Coordenadas para el Taladro - Bazus<\/title>\n<meta name=\"description\" content=\"Las mesas de coordenadas BAZUS permiten realizar cualquier tipo de taladrado, bien sea vertical y horizontal, manual o autom\u00e1tico.\" \/>\n<meta name=\"robots\" content=\"index, follow\" \/>\n<meta name=\"googlebot\" content=\"index, follow, max-snippet:-1, max-image-preview:large, max-video-preview:-1\" \/>\n<meta name=\"bingbot\" content=\"index, follow, max-snippet:-1, max-image-preview:large, max-video-preview:-1\" \/>\n<link rel=\"canonical\" href=\"https:\/\/bazus.com\/es\/procesos\/taladro\/\" \/>\n<meta property=\"og:locale\" content=\"es_ES\" \/>\n<meta property=\"og:type\" content=\"article\" \/>\n<meta property=\"og:title\" content=\"Mesas de Coordenadas para el Taladro - Bazus\" \/>\n<meta property=\"og:description\" content=\"Las mesas de coordenadas BAZUS permiten realizar cualquier tipo de taladrado, bien sea vertical y horizontal, manual o autom\u00e1tico.\" \/>\n<meta property=\"og:url\" content=\"https:\/\/bazus.com\/es\/procesos\/taladro\/\" \/>\n<meta property=\"og:site_name\" content=\"Bazus\" \/>\n<meta property=\"article:author\" content=\"https:\/\/www.facebook.com\/kmdevs\/\" \/>\n<meta property=\"article:modified_time\" content=\"2020-09-11T08:42:53+00:00\" \/>\n<meta name=\"twitter:card\" content=\"summary_large_image\" \/>\n<meta name=\"twitter:creator\" content=\"@km_devs\" \/>\n<script type=\"application\/ld+json\" class=\"yoast-schema-graph\">{\"@context\":\"https:\/\/schema.org\",\"@graph\":[{\"@type\":\"WebSite\",\"@id\":\"https:\/\/bazus.com\/es\/#website\",\"url\":\"https:\/\/bazus.com\/es\/\",\"name\":\"Bazus\",\"description\":\"Mesas de coordenadas confiables\",\"potentialAction\":[{\"@type\":\"SearchAction\",\"target\":\"https:\/\/bazus.com\/es\/?s={search_term_string}\",\"query-input\":\"required name=search_term_string\"}],\"inLanguage\":\"es\"},{\"@type\":\"WebPage\",\"@id\":\"https:\/\/bazus.com\/es\/procesos\/taladro\/#webpage\",\"url\":\"https:\/\/bazus.com\/es\/procesos\/taladro\/\",\"name\":\"Mesas de Coordenadas para el Taladro - Bazus\",\"isPartOf\":{\"@id\":\"https:\/\/bazus.com\/es\/#website\"},\"datePublished\":\"2019-11-22T17:43:16+00:00\",\"dateModified\":\"2020-09-11T08:42:53+00:00\",\"description\":\"Las mesas de coordenadas BAZUS permiten realizar cualquier tipo de taladrado, bien sea vertical y horizontal, manual o autom\\u00e1tico.\",\"breadcrumb\":{\"@id\":\"https:\/\/bazus.com\/es\/procesos\/taladro\/#breadcrumb\"},\"inLanguage\":\"es\",\"potentialAction\":[{\"@type\":\"ReadAction\",\"target\":[\"https:\/\/bazus.com\/es\/procesos\/taladro\/\"]}]},{\"@type\":\"BreadcrumbList\",\"@id\":\"https:\/\/bazus.com\/es\/procesos\/taladro\/#breadcrumb\",\"itemListElement\":[{\"@type\":\"ListItem\",\"position\":1,\"item\":{\"@type\":\"WebPage\",\"@id\":\"https:\/\/bazus.com\/es\/\",\"url\":\"https:\/\/bazus.com\/es\/\",\"name\":\"Inicio\"}},{\"@type\":\"ListItem\",\"position\":2,\"item\":{\"@type\":\"WebPage\",\"@id\":\"https:\/\/bazus.com\/es\/procesos\/\",\"url\":\"https:\/\/bazus.com\/es\/procesos\/\",\"name\":\"Procesos\"}},{\"@type\":\"ListItem\",\"position\":3,\"item\":{\"@type\":\"WebPage\",\"@id\":\"https:\/\/bazus.com\/es\/procesos\/taladro\/\",\"url\":\"https:\/\/bazus.com\/es\/procesos\/taladro\/\",\"name\":\"Taladro\"}}]}]}<\/script>\n<!-- \/ Yoast SEO plugin. -->","acf":[],"_links":{"self":[{"href":"https:\/\/bazus.com\/es\/wp-json\/wp\/v2\/pages\/200"}],"collection":[{"href":"https:\/\/bazus.com\/es\/wp-json\/wp\/v2\/pages"}],"about":[{"href":"https:\/\/bazus.com\/es\/wp-json\/wp\/v2\/types\/page"}],"author":[{"embeddable":true,"href":"https:\/\/bazus.com\/es\/wp-json\/wp\/v2\/users\/1"}],"replies":[{"embeddable":true,"href":"https:\/\/bazus.com\/es\/wp-json\/wp\/v2\/comments?post=200"}],"version-history":[{"count":4,"href":"https:\/\/bazus.com\/es\/wp-json\/wp\/v2\/pages\/200\/revisions"}],"predecessor-version":[{"id":1645,"href":"https:\/\/bazus.com\/es\/wp-json\/wp\/v2\/pages\/200\/revisions\/1645"}],"up":[{"embeddable":true,"href":"https:\/\/bazus.com\/es\/wp-json\/wp\/v2\/pages\/190"}],"wp:attachment":[{"href":"https:\/\/bazus.com\/es\/wp-json\/wp\/v2\/media?parent=200"}],"curies":[{"name":"wp","href":"https:\/\/api.w.org\/{rel}","templated":true}]}}