{"id":199,"date":"2019-11-22T18:43:16","date_gmt":"2019-11-22T17:43:16","guid":{"rendered":"https:\/\/bazus.com\/?page_id=199"},"modified":"2020-11-18T23:05:04","modified_gmt":"2020-11-18T22:05:04","slug":"torneado-in-situ-repulsado","status":"publish","type":"page","link":"https:\/\/bazus.com\/es\/procesos\/torneado-in-situ-repulsado\/","title":{"rendered":"Torneado in-situ &#038; repulsado"},"content":{"rendered":"<p>El mecanizado \u201cin situ\u201d es indispensable cuando la pieza a mecanizar, bien por sus dimensiones o por la compleja o costosa operaci\u00f3n de su desmontaje, no puede ser trasladada a un taller. Son estas las situaciones donde el mecanizado \u201cin situ\u201d es imprescindible y su aplicaci\u00f3n supone un importante ahorro en costes y tiempos de improductividad.<\/p>\n<p>Gracias al dise\u00f1o modular de las mesas de coordenadas BAZUS podemos ofrecer cualquier combinaci\u00f3n de ejes lineales, recorridos, y rigidez mec\u00e1nica necesarias para realizar cualquier mecanizado in situ<\/p>\n","protected":false},"excerpt":{"rendered":"<p>El mecanizado \u201cin situ\u201d es indispensable cuando la pieza a mecanizar, bien por sus dimensiones o por la compleja o costosa operaci\u00f3n de su desmontaje, no puede ser trasladada a un taller. Son estas las situaciones donde el mecanizado \u201cin situ\u201d es imprescindible y su aplicaci\u00f3n supone un importante ahorro en costes y tiempos de [&hellip;]<\/p>\n","protected":false},"author":1,"featured_media":0,"parent":190,"menu_order":33,"comment_status":"closed","ping_status":"closed","template":"sector.php","meta":[],"yoast_head":"<!-- This site is optimized with the Yoast SEO plugin v14.6.1 - https:\/\/yoast.com\/wordpress\/plugins\/seo\/ -->\n<title>Torneado in-situ &amp; repulsado - Bazus<\/title>\n<meta name=\"description\" content=\"Las mesas de coordenadas BAZUS ofrecen cualquier combinaci\u00f3n de ejes lineales, recorridos y rigidez mec\u00e1nica necesarias para realizar mecanizado in situ\" \/>\n<meta name=\"robots\" content=\"index, follow\" \/>\n<meta name=\"googlebot\" content=\"index, follow, max-snippet:-1, max-image-preview:large, max-video-preview:-1\" \/>\n<meta name=\"bingbot\" content=\"index, follow, max-snippet:-1, max-image-preview:large, max-video-preview:-1\" \/>\n<link rel=\"canonical\" href=\"https:\/\/bazus.com\/es\/procesos\/torneado-in-situ-repulsado\/\" \/>\n<meta property=\"og:locale\" content=\"es_ES\" \/>\n<meta property=\"og:type\" content=\"article\" \/>\n<meta property=\"og:title\" content=\"Torneado in-situ &amp; repulsado - Bazus\" \/>\n<meta property=\"og:description\" content=\"Las mesas de coordenadas BAZUS ofrecen cualquier combinaci\u00f3n de ejes lineales, recorridos y rigidez mec\u00e1nica necesarias para realizar mecanizado in situ\" \/>\n<meta property=\"og:url\" content=\"https:\/\/bazus.com\/es\/procesos\/torneado-in-situ-repulsado\/\" \/>\n<meta property=\"og:site_name\" content=\"Bazus\" \/>\n<meta property=\"article:author\" content=\"https:\/\/www.facebook.com\/kmdevs\/\" \/>\n<meta property=\"article:modified_time\" content=\"2020-11-18T22:05:04+00:00\" \/>\n<meta name=\"twitter:card\" content=\"summary_large_image\" \/>\n<meta name=\"twitter:creator\" content=\"@km_devs\" \/>\n<script type=\"application\/ld+json\" class=\"yoast-schema-graph\">{\"@context\":\"https:\/\/schema.org\",\"@graph\":[{\"@type\":\"WebSite\",\"@id\":\"https:\/\/bazus.com\/es\/#website\",\"url\":\"https:\/\/bazus.com\/es\/\",\"name\":\"Bazus\",\"description\":\"Mesas de coordenadas confiables\",\"potentialAction\":[{\"@type\":\"SearchAction\",\"target\":\"https:\/\/bazus.com\/es\/?s={search_term_string}\",\"query-input\":\"required name=search_term_string\"}],\"inLanguage\":\"es\"},{\"@type\":\"WebPage\",\"@id\":\"https:\/\/bazus.com\/es\/procesos\/torneado-in-situ-repulsado\/#webpage\",\"url\":\"https:\/\/bazus.com\/es\/procesos\/torneado-in-situ-repulsado\/\",\"name\":\"Torneado in-situ & repulsado - Bazus\",\"isPartOf\":{\"@id\":\"https:\/\/bazus.com\/es\/#website\"},\"datePublished\":\"2019-11-22T17:43:16+00:00\",\"dateModified\":\"2020-11-18T22:05:04+00:00\",\"description\":\"Las mesas de coordenadas BAZUS ofrecen cualquier combinaci\\u00f3n de ejes lineales, recorridos y rigidez mec\\u00e1nica necesarias para realizar mecanizado in situ\",\"breadcrumb\":{\"@id\":\"https:\/\/bazus.com\/es\/procesos\/torneado-in-situ-repulsado\/#breadcrumb\"},\"inLanguage\":\"es\",\"potentialAction\":[{\"@type\":\"ReadAction\",\"target\":[\"https:\/\/bazus.com\/es\/procesos\/torneado-in-situ-repulsado\/\"]}]},{\"@type\":\"BreadcrumbList\",\"@id\":\"https:\/\/bazus.com\/es\/procesos\/torneado-in-situ-repulsado\/#breadcrumb\",\"itemListElement\":[{\"@type\":\"ListItem\",\"position\":1,\"item\":{\"@type\":\"WebPage\",\"@id\":\"https:\/\/bazus.com\/es\/\",\"url\":\"https:\/\/bazus.com\/es\/\",\"name\":\"Inicio\"}},{\"@type\":\"ListItem\",\"position\":2,\"item\":{\"@type\":\"WebPage\",\"@id\":\"https:\/\/bazus.com\/es\/procesos\/\",\"url\":\"https:\/\/bazus.com\/es\/procesos\/\",\"name\":\"Procesos\"}},{\"@type\":\"ListItem\",\"position\":3,\"item\":{\"@type\":\"WebPage\",\"@id\":\"https:\/\/bazus.com\/es\/procesos\/torneado-in-situ-repulsado\/\",\"url\":\"https:\/\/bazus.com\/es\/procesos\/torneado-in-situ-repulsado\/\",\"name\":\"Torneado in-situ &#038; repulsado\"}}]}]}<\/script>\n<!-- \/ Yoast SEO plugin. -->","acf":[],"_links":{"self":[{"href":"https:\/\/bazus.com\/es\/wp-json\/wp\/v2\/pages\/199"}],"collection":[{"href":"https:\/\/bazus.com\/es\/wp-json\/wp\/v2\/pages"}],"about":[{"href":"https:\/\/bazus.com\/es\/wp-json\/wp\/v2\/types\/page"}],"author":[{"embeddable":true,"href":"https:\/\/bazus.com\/es\/wp-json\/wp\/v2\/users\/1"}],"replies":[{"embeddable":true,"href":"https:\/\/bazus.com\/es\/wp-json\/wp\/v2\/comments?post=199"}],"version-history":[{"count":13,"href":"https:\/\/bazus.com\/es\/wp-json\/wp\/v2\/pages\/199\/revisions"}],"predecessor-version":[{"id":2780,"href":"https:\/\/bazus.com\/es\/wp-json\/wp\/v2\/pages\/199\/revisions\/2780"}],"up":[{"embeddable":true,"href":"https:\/\/bazus.com\/es\/wp-json\/wp\/v2\/pages\/190"}],"wp:attachment":[{"href":"https:\/\/bazus.com\/es\/wp-json\/wp\/v2\/media?parent=199"}],"curies":[{"name":"wp","href":"https:\/\/api.w.org\/{rel}","templated":true}]}}