{"id":198,"date":"2019-11-22T18:43:16","date_gmt":"2019-11-22T17:43:16","guid":{"rendered":"https:\/\/bazus.com\/?page_id=198"},"modified":"2020-11-18T21:33:01","modified_gmt":"2020-11-18T20:33:01","slug":"torneado","status":"publish","type":"page","link":"https:\/\/bazus.com\/es\/procesos\/torneado\/","title":{"rendered":"Torneado"},"content":{"rendered":"<p>Se denomina torno a un conjunto de m\u00e1quinas-herramientas que permiten mecanizar, roscar, cortar, agujerear, cilindrar, desbastar y ranurar piezas. Los tornos operan haciendo girar la pieza a mecanizar (sujeta en el cabezal) mientras una o varias herramientas de corte son empujadas en un movimiento regulado de avance. Contra la superficie de la pieza. La herramienta de corte y su portaherramientas van montadas sobre una mesa de coordenadas o carro que se desplaza en dos ejes: uno paralelo al eje de giro de la pieza que se tornea, llamado eje X; y otro llamado eje Z, en direcci\u00f3n radial a la pieza que se tornea.<\/p>\n<p>Los materiales con los que se pueden mecanizar piezas en los tornos, pueden ser diversos, desde el acero y el hierro de fundici\u00f3n entre los de mayor dureza; el bronce y el lat\u00f3n, m\u00e1s blandos; alcanzando a tornear hasta los m\u00e1s pl\u00e1sticos como el nailon, por ejemplo.<\/p>\n<p>Las mesas de coordenadas tanto en su gama manual como en su gama autom\u00e1tica pueden acoplarse a cualquier torno donde sea necesario un control preciso de las coordenadas de mecanizado XZ. Las gu\u00edas en cola de milano ofrecen una gran robustez mec\u00e1nica para absorber los esfuerzos de corte durante el proceso de torneado.<\/p>\n","protected":false},"excerpt":{"rendered":"<p>Se denomina torno a un conjunto de m\u00e1quinas-herramientas que permiten mecanizar, roscar, cortar, agujerear, cilindrar, desbastar y ranurar piezas. Los tornos operan haciendo girar la pieza a mecanizar (sujeta en el cabezal) mientras una o varias herramientas de corte son empujadas en un movimiento regulado de avance. Contra la superficie de la pieza. La herramienta [&hellip;]<\/p>\n","protected":false},"author":1,"featured_media":0,"parent":190,"menu_order":32,"comment_status":"closed","ping_status":"closed","template":"sector.php","meta":[],"yoast_head":"<!-- This site is optimized with the Yoast SEO plugin v14.6.1 - https:\/\/yoast.com\/wordpress\/plugins\/seo\/ -->\n<title>Mesas para el Toreneado de piezas en Tornos - Bazus<\/title>\n<meta name=\"description\" content=\"Las mesas de coordenadas manuales y autom\u00e1ticas pueden acoplarse a cualquier torno para un control preciso de las coordenadas de mecanizado XZ.\" \/>\n<meta name=\"robots\" content=\"index, follow\" \/>\n<meta name=\"googlebot\" content=\"index, follow, max-snippet:-1, max-image-preview:large, max-video-preview:-1\" \/>\n<meta name=\"bingbot\" content=\"index, follow, max-snippet:-1, max-image-preview:large, max-video-preview:-1\" \/>\n<link rel=\"canonical\" href=\"https:\/\/bazus.com\/es\/procesos\/torneado\/\" \/>\n<meta property=\"og:locale\" content=\"es_ES\" \/>\n<meta property=\"og:type\" content=\"article\" \/>\n<meta property=\"og:title\" content=\"Mesas para el Toreneado de piezas en Tornos - Bazus\" \/>\n<meta property=\"og:description\" content=\"Las mesas de coordenadas manuales y autom\u00e1ticas pueden acoplarse a cualquier torno para un control preciso de las coordenadas de mecanizado XZ.\" \/>\n<meta property=\"og:url\" content=\"https:\/\/bazus.com\/es\/procesos\/torneado\/\" \/>\n<meta property=\"og:site_name\" content=\"Bazus\" \/>\n<meta property=\"article:author\" content=\"https:\/\/www.facebook.com\/kmdevs\/\" \/>\n<meta property=\"article:modified_time\" content=\"2020-11-18T20:33:01+00:00\" \/>\n<meta name=\"twitter:card\" content=\"summary_large_image\" \/>\n<meta name=\"twitter:creator\" content=\"@km_devs\" \/>\n<script type=\"application\/ld+json\" class=\"yoast-schema-graph\">{\"@context\":\"https:\/\/schema.org\",\"@graph\":[{\"@type\":\"WebSite\",\"@id\":\"https:\/\/bazus.com\/es\/#website\",\"url\":\"https:\/\/bazus.com\/es\/\",\"name\":\"Bazus\",\"description\":\"Mesas de coordenadas confiables\",\"potentialAction\":[{\"@type\":\"SearchAction\",\"target\":\"https:\/\/bazus.com\/es\/?s={search_term_string}\",\"query-input\":\"required name=search_term_string\"}],\"inLanguage\":\"es\"},{\"@type\":\"WebPage\",\"@id\":\"https:\/\/bazus.com\/es\/procesos\/torneado\/#webpage\",\"url\":\"https:\/\/bazus.com\/es\/procesos\/torneado\/\",\"name\":\"Mesas para el Toreneado de piezas en Tornos - Bazus\",\"isPartOf\":{\"@id\":\"https:\/\/bazus.com\/es\/#website\"},\"datePublished\":\"2019-11-22T17:43:16+00:00\",\"dateModified\":\"2020-11-18T20:33:01+00:00\",\"description\":\"Las mesas de coordenadas manuales y autom\\u00e1ticas pueden acoplarse a cualquier torno para un control preciso de las coordenadas de mecanizado XZ.\",\"breadcrumb\":{\"@id\":\"https:\/\/bazus.com\/es\/procesos\/torneado\/#breadcrumb\"},\"inLanguage\":\"es\",\"potentialAction\":[{\"@type\":\"ReadAction\",\"target\":[\"https:\/\/bazus.com\/es\/procesos\/torneado\/\"]}]},{\"@type\":\"BreadcrumbList\",\"@id\":\"https:\/\/bazus.com\/es\/procesos\/torneado\/#breadcrumb\",\"itemListElement\":[{\"@type\":\"ListItem\",\"position\":1,\"item\":{\"@type\":\"WebPage\",\"@id\":\"https:\/\/bazus.com\/es\/\",\"url\":\"https:\/\/bazus.com\/es\/\",\"name\":\"Inicio\"}},{\"@type\":\"ListItem\",\"position\":2,\"item\":{\"@type\":\"WebPage\",\"@id\":\"https:\/\/bazus.com\/es\/procesos\/\",\"url\":\"https:\/\/bazus.com\/es\/procesos\/\",\"name\":\"Procesos\"}},{\"@type\":\"ListItem\",\"position\":3,\"item\":{\"@type\":\"WebPage\",\"@id\":\"https:\/\/bazus.com\/es\/procesos\/torneado\/\",\"url\":\"https:\/\/bazus.com\/es\/procesos\/torneado\/\",\"name\":\"Torneado\"}}]}]}<\/script>\n<!-- \/ Yoast SEO plugin. -->","acf":[],"_links":{"self":[{"href":"https:\/\/bazus.com\/es\/wp-json\/wp\/v2\/pages\/198"}],"collection":[{"href":"https:\/\/bazus.com\/es\/wp-json\/wp\/v2\/pages"}],"about":[{"href":"https:\/\/bazus.com\/es\/wp-json\/wp\/v2\/types\/page"}],"author":[{"embeddable":true,"href":"https:\/\/bazus.com\/es\/wp-json\/wp\/v2\/users\/1"}],"replies":[{"embeddable":true,"href":"https:\/\/bazus.com\/es\/wp-json\/wp\/v2\/comments?post=198"}],"version-history":[{"count":2,"href":"https:\/\/bazus.com\/es\/wp-json\/wp\/v2\/pages\/198\/revisions"}],"predecessor-version":[{"id":1643,"href":"https:\/\/bazus.com\/es\/wp-json\/wp\/v2\/pages\/198\/revisions\/1643"}],"up":[{"embeddable":true,"href":"https:\/\/bazus.com\/es\/wp-json\/wp\/v2\/pages\/190"}],"wp:attachment":[{"href":"https:\/\/bazus.com\/es\/wp-json\/wp\/v2\/media?parent=198"}],"curies":[{"name":"wp","href":"https:\/\/api.w.org\/{rel}","templated":true}]}}