{"id":195,"date":"2019-11-22T18:43:16","date_gmt":"2019-11-22T17:43:16","guid":{"rendered":"https:\/\/bazus.com\/?page_id=195"},"modified":"2020-11-18T22:59:51","modified_gmt":"2020-11-18T21:59:51","slug":"grabado-matriceria","status":"publish","type":"page","link":"https:\/\/bazus.com\/es\/procesos\/grabado-matriceria\/","title":{"rendered":"Grabado &#038; Matricer\u00eda"},"content":{"rendered":"<p>El grabado industrial permite realizar una geometr\u00eda compleja (formas, figuras, letras) con una profundidad apropiada. Bajo el concepto de grabado se incluyen multitud de procesos que, a trav\u00e9s de todos los tiempos, ha practicado el ser humano mediante diversos procedimientos. El grabado sobre metales presenta una gran complejidad y existen diversas t\u00e9cnicas para desarrollarlo.<\/p>\n<p>Los metales se han grabado con fines ornamentales, funcionales o industriales. La especialidad de grabado industrial que incluye la grabaci\u00f3n, directamente sobre las piezas industriales, de letras, s\u00edmbolos y referencias. Esta actividad ha estado siempre muy vinculada a la industria metal\u00fargica, dado que ha empleado esta t\u00e9cnica para el marcaje de productos, piezas clasificatorias y otros usos auxiliares, as\u00ed como para la fabricaci\u00f3n de punzones manuales para grabar n\u00fameros y letras utilizadas a su vez como herramientas para otros trabajos de grabado. Esta \u00faltima especialidad se ha efectuado manualmente tanto en peque\u00f1os talleres como en empresas de mayor dimensi\u00f3n.<\/p>\n<p>Asimismo, el proceso de grabado puede emplearse tambi\u00e9n para la fabricaci\u00f3n de moldes y matrices y en general para todos aquellos procesos donde sea necesaria la fabricaci\u00f3n de una geometr\u00eda compleja.<\/p>\n<p>Las mesas autom\u00e1ticas BAZUS pueden acoplarse a todo tipo de m\u00e1quinas de grabado, bien sea mediante uso de tecnolog\u00eda l\u00e1ser, o bien mediante el grabado por mecanizado. Numerosos fabricantes y usuarios de este tipo de m\u00e1quinas equipan sus talleres con las mesas de coordenadas BAZUS gracias a su gran rigidez mec\u00e1nica y gu\u00edas de desplazamiento anti vibratorias.<\/p>\n","protected":false},"excerpt":{"rendered":"<p>El grabado industrial permite realizar una geometr\u00eda compleja (formas, figuras, letras) con una profundidad apropiada. Bajo el concepto de grabado se incluyen multitud de procesos que, a trav\u00e9s de todos los tiempos, ha practicado el ser humano mediante diversos procedimientos. El grabado sobre metales presenta una gran complejidad y existen diversas t\u00e9cnicas para desarrollarlo. Los [&hellip;]<\/p>\n","protected":false},"author":1,"featured_media":0,"parent":190,"menu_order":29,"comment_status":"closed","ping_status":"closed","template":"sector.php","meta":{"footnotes":""},"class_list":["post-195","page","type-page","status-publish","hentry"],"yoast_head":"<!-- This site is optimized with the Yoast SEO plugin v27.5 - https:\/\/yoast.com\/product\/yoast-seo-wordpress\/ -->\n<title>Mesas de Coordenadas de Grabado &amp; Matricer\u00eda - Bazus<\/title>\n<meta name=\"description\" content=\"Las mesas autom\u00e1ticas BAZUS pueden acoplarse a todo tipo de m\u00e1quinas de grabado mediante la tecnolog\u00eda l\u00e1ser o el grabado por mecanizado.\" \/>\n<meta name=\"robots\" content=\"index, follow, max-snippet:-1, max-image-preview:large, max-video-preview:-1\" \/>\n<link rel=\"canonical\" href=\"https:\/\/bazus.com\/processes\/engraving\/\" \/>\n<meta property=\"og:locale\" content=\"es_ES\" \/>\n<meta property=\"og:type\" content=\"article\" \/>\n<meta property=\"og:title\" content=\"Mesas de Coordenadas de Grabado &amp; Matricer\u00eda - Bazus\" \/>\n<meta property=\"og:description\" content=\"Las mesas autom\u00e1ticas BAZUS pueden acoplarse a todo tipo de m\u00e1quinas de grabado mediante la tecnolog\u00eda l\u00e1ser o el grabado por mecanizado.\" \/>\n<meta property=\"og:url\" content=\"https:\/\/bazus.com\/processes\/engraving\/\" \/>\n<meta property=\"og:site_name\" content=\"Bazus\" \/>\n<meta property=\"article:modified_time\" content=\"2020-11-18T21:59:51+00:00\" \/>\n<meta name=\"twitter:card\" content=\"summary_large_image\" \/>\n<meta name=\"twitter:label1\" content=\"Tiempo de lectura\" \/>\n\t<meta name=\"twitter:data1\" content=\"1 minuto\" \/>\n<script type=\"application\/ld+json\" class=\"yoast-schema-graph\">{\"@context\":\"https:\\\/\\\/schema.org\",\"@graph\":[{\"@type\":\"WebPage\",\"@id\":\"https:\\\/\\\/bazus.com\\\/processes\\\/engraving\\\/\",\"url\":\"https:\\\/\\\/bazus.com\\\/processes\\\/engraving\\\/\",\"name\":\"Mesas de Coordenadas de Grabado & Matricer\u00eda - Bazus\",\"isPartOf\":{\"@id\":\"https:\\\/\\\/bazus.com\\\/#website\"},\"datePublished\":\"2019-11-22T17:43:16+00:00\",\"dateModified\":\"2020-11-18T21:59:51+00:00\",\"description\":\"Las mesas autom\u00e1ticas BAZUS pueden acoplarse a todo tipo de m\u00e1quinas de grabado mediante la tecnolog\u00eda l\u00e1ser o el grabado por mecanizado.\",\"breadcrumb\":{\"@id\":\"https:\\\/\\\/bazus.com\\\/processes\\\/engraving\\\/#breadcrumb\"},\"inLanguage\":\"es\",\"potentialAction\":[{\"@type\":\"ReadAction\",\"target\":[\"https:\\\/\\\/bazus.com\\\/processes\\\/engraving\\\/\"]}]},{\"@type\":\"BreadcrumbList\",\"@id\":\"https:\\\/\\\/bazus.com\\\/processes\\\/engraving\\\/#breadcrumb\",\"itemListElement\":[{\"@type\":\"ListItem\",\"position\":1,\"name\":\"Inicio\",\"item\":\"https:\\\/\\\/bazus.com\\\/es\\\/\"},{\"@type\":\"ListItem\",\"position\":2,\"name\":\"Procesos\",\"item\":\"https:\\\/\\\/bazus.com\\\/processes\\\/\"},{\"@type\":\"ListItem\",\"position\":3,\"name\":\"Grabado &#038; Matricer\u00eda\"}]},{\"@type\":\"WebSite\",\"@id\":\"https:\\\/\\\/bazus.com\\\/#website\",\"url\":\"https:\\\/\\\/bazus.com\\\/\",\"name\":\"Bazus\",\"description\":\"Mesas de coordenadas confiables\",\"potentialAction\":[{\"@type\":\"SearchAction\",\"target\":{\"@type\":\"EntryPoint\",\"urlTemplate\":\"https:\\\/\\\/bazus.com\\\/?s={search_term_string}\"},\"query-input\":{\"@type\":\"PropertyValueSpecification\",\"valueRequired\":true,\"valueName\":\"search_term_string\"}}],\"inLanguage\":\"es\"}]}<\/script>\n<!-- \/ Yoast SEO plugin. -->","yoast_head_json":{"title":"Mesas de Coordenadas de Grabado & Matricer\u00eda - Bazus","description":"Las mesas autom\u00e1ticas BAZUS pueden acoplarse a todo tipo de m\u00e1quinas de grabado mediante la tecnolog\u00eda l\u00e1ser o el grabado por mecanizado.","robots":{"index":"index","follow":"follow","max-snippet":"max-snippet:-1","max-image-preview":"max-image-preview:large","max-video-preview":"max-video-preview:-1"},"canonical":"https:\/\/bazus.com\/processes\/engraving\/","og_locale":"es_ES","og_type":"article","og_title":"Mesas de Coordenadas de Grabado & Matricer\u00eda - Bazus","og_description":"Las mesas autom\u00e1ticas BAZUS pueden acoplarse a todo tipo de m\u00e1quinas de grabado mediante la tecnolog\u00eda l\u00e1ser o el grabado por mecanizado.","og_url":"https:\/\/bazus.com\/processes\/engraving\/","og_site_name":"Bazus","article_modified_time":"2020-11-18T21:59:51+00:00","twitter_card":"summary_large_image","twitter_misc":{"Tiempo de lectura":"1 minuto"},"schema":{"@context":"https:\/\/schema.org","@graph":[{"@type":"WebPage","@id":"https:\/\/bazus.com\/processes\/engraving\/","url":"https:\/\/bazus.com\/processes\/engraving\/","name":"Mesas de Coordenadas de Grabado & Matricer\u00eda - Bazus","isPartOf":{"@id":"https:\/\/bazus.com\/#website"},"datePublished":"2019-11-22T17:43:16+00:00","dateModified":"2020-11-18T21:59:51+00:00","description":"Las mesas autom\u00e1ticas BAZUS pueden acoplarse a todo tipo de m\u00e1quinas de grabado mediante la tecnolog\u00eda l\u00e1ser o el grabado por mecanizado.","breadcrumb":{"@id":"https:\/\/bazus.com\/processes\/engraving\/#breadcrumb"},"inLanguage":"es","potentialAction":[{"@type":"ReadAction","target":["https:\/\/bazus.com\/processes\/engraving\/"]}]},{"@type":"BreadcrumbList","@id":"https:\/\/bazus.com\/processes\/engraving\/#breadcrumb","itemListElement":[{"@type":"ListItem","position":1,"name":"Inicio","item":"https:\/\/bazus.com\/es\/"},{"@type":"ListItem","position":2,"name":"Procesos","item":"https:\/\/bazus.com\/processes\/"},{"@type":"ListItem","position":3,"name":"Grabado &#038; Matricer\u00eda"}]},{"@type":"WebSite","@id":"https:\/\/bazus.com\/#website","url":"https:\/\/bazus.com\/","name":"Bazus","description":"Mesas de coordenadas confiables","potentialAction":[{"@type":"SearchAction","target":{"@type":"EntryPoint","urlTemplate":"https:\/\/bazus.com\/?s={search_term_string}"},"query-input":{"@type":"PropertyValueSpecification","valueRequired":true,"valueName":"search_term_string"}}],"inLanguage":"es"}]}},"acf":[],"_links":{"self":[{"href":"https:\/\/bazus.com\/es\/wp-json\/wp\/v2\/pages\/195","targetHints":{"allow":["GET"]}}],"collection":[{"href":"https:\/\/bazus.com\/es\/wp-json\/wp\/v2\/pages"}],"about":[{"href":"https:\/\/bazus.com\/es\/wp-json\/wp\/v2\/types\/page"}],"author":[{"embeddable":true,"href":"https:\/\/bazus.com\/es\/wp-json\/wp\/v2\/users\/1"}],"replies":[{"embeddable":true,"href":"https:\/\/bazus.com\/es\/wp-json\/wp\/v2\/comments?post=195"}],"version-history":[{"count":3,"href":"https:\/\/bazus.com\/es\/wp-json\/wp\/v2\/pages\/195\/revisions"}],"predecessor-version":[{"id":1640,"href":"https:\/\/bazus.com\/es\/wp-json\/wp\/v2\/pages\/195\/revisions\/1640"}],"up":[{"embeddable":true,"href":"https:\/\/bazus.com\/es\/wp-json\/wp\/v2\/pages\/190"}],"wp:attachment":[{"href":"https:\/\/bazus.com\/es\/wp-json\/wp\/v2\/media?parent=195"}],"curies":[{"name":"wp","href":"https:\/\/api.w.org\/{rel}","templated":true}]}}