{"id":193,"date":"2019-11-22T18:43:16","date_gmt":"2019-11-22T17:43:16","guid":{"rendered":"https:\/\/bazus.com\/?page_id=193"},"modified":"2020-11-18T21:27:57","modified_gmt":"2020-11-18T20:27:57","slug":"rectificado","status":"publish","type":"page","link":"https:\/\/bazus.com\/es\/procesos\/rectificado\/","title":{"rendered":"Rectificado"},"content":{"rendered":"<p>El rectificado es un proceso de mecanizado por abrasi\u00f3n con mayor precisi\u00f3n y menor rugosidad que en el mecanizado por arranque de viruta. Para el rectificado se utilizan discos abrasivos robustos, llamados muelas. El rectificado se realiza despu\u00e9s de que la pieza se ha sometido a otros procesos de fabricaci\u00f3n (fresado, torneado\u2026). A veces, a una operaci\u00f3n de rectificado le siguen otras de pulido o lapeado, como por ejemplo en la fabricaci\u00f3n de cristales para lentes.<\/p>\n<p>La extraordinaria rigidez mec\u00e1nica de las unidades BAZUS permiten absorber las vibraciones y esfuerzos generados durante el rectificado, y realizar, por tanto, el movimiento de vaiv\u00e9n de rectificado con la repetibilidad y precisi\u00f3n necesarias para garantizar un resultado \u00f3ptimo.<\/p>\n","protected":false},"excerpt":{"rendered":"<p>El rectificado es un proceso de mecanizado por abrasi\u00f3n con mayor precisi\u00f3n y menor rugosidad que en el mecanizado por arranque de viruta. Para el rectificado se utilizan discos abrasivos robustos, llamados muelas. El rectificado se realiza despu\u00e9s de que la pieza se ha sometido a otros procesos de fabricaci\u00f3n (fresado, torneado\u2026). A veces, a [&hellip;]<\/p>\n","protected":false},"author":1,"featured_media":0,"parent":190,"menu_order":27,"comment_status":"closed","ping_status":"closed","template":"sector.php","meta":{"footnotes":""},"class_list":["post-193","page","type-page","status-publish","hentry"],"yoast_head":"<!-- This site is optimized with the Yoast SEO plugin v27.5 - https:\/\/yoast.com\/product\/yoast-seo-wordpress\/ -->\n<title>Mesas de Coordenadas para el Rectificado - Bazus<\/title>\n<meta name=\"description\" content=\"La extraordinaria rigidez mec\u00e1nica de las mesas de coordenadas BAZUS permiten absorber las vibraciones y esfuerzos generados durante el rectificado.\" \/>\n<meta name=\"robots\" content=\"index, follow, max-snippet:-1, max-image-preview:large, max-video-preview:-1\" \/>\n<link rel=\"canonical\" href=\"https:\/\/bazus.com\/processes\/grinding\/\" \/>\n<meta property=\"og:locale\" content=\"es_ES\" \/>\n<meta property=\"og:type\" content=\"article\" \/>\n<meta property=\"og:title\" content=\"Mesas de Coordenadas para el Rectificado - Bazus\" \/>\n<meta property=\"og:description\" content=\"La extraordinaria rigidez mec\u00e1nica de las mesas de coordenadas BAZUS permiten absorber las vibraciones y esfuerzos generados durante el rectificado.\" \/>\n<meta property=\"og:url\" content=\"https:\/\/bazus.com\/processes\/grinding\/\" \/>\n<meta property=\"og:site_name\" content=\"Bazus\" \/>\n<meta property=\"article:modified_time\" content=\"2020-11-18T20:27:57+00:00\" \/>\n<meta name=\"twitter:card\" content=\"summary_large_image\" \/>\n<meta name=\"twitter:label1\" content=\"Tiempo de lectura\" \/>\n\t<meta name=\"twitter:data1\" content=\"1 minuto\" \/>\n<script type=\"application\/ld+json\" class=\"yoast-schema-graph\">{\"@context\":\"https:\\\/\\\/schema.org\",\"@graph\":[{\"@type\":\"WebPage\",\"@id\":\"https:\\\/\\\/bazus.com\\\/processes\\\/grinding\\\/\",\"url\":\"https:\\\/\\\/bazus.com\\\/processes\\\/grinding\\\/\",\"name\":\"Mesas de Coordenadas para el Rectificado - Bazus\",\"isPartOf\":{\"@id\":\"https:\\\/\\\/bazus.com\\\/#website\"},\"datePublished\":\"2019-11-22T17:43:16+00:00\",\"dateModified\":\"2020-11-18T20:27:57+00:00\",\"description\":\"La extraordinaria rigidez mec\u00e1nica de las mesas de coordenadas BAZUS permiten absorber las vibraciones y esfuerzos generados durante el rectificado.\",\"breadcrumb\":{\"@id\":\"https:\\\/\\\/bazus.com\\\/processes\\\/grinding\\\/#breadcrumb\"},\"inLanguage\":\"es\",\"potentialAction\":[{\"@type\":\"ReadAction\",\"target\":[\"https:\\\/\\\/bazus.com\\\/processes\\\/grinding\\\/\"]}]},{\"@type\":\"BreadcrumbList\",\"@id\":\"https:\\\/\\\/bazus.com\\\/processes\\\/grinding\\\/#breadcrumb\",\"itemListElement\":[{\"@type\":\"ListItem\",\"position\":1,\"name\":\"Inicio\",\"item\":\"https:\\\/\\\/bazus.com\\\/es\\\/\"},{\"@type\":\"ListItem\",\"position\":2,\"name\":\"Procesos\",\"item\":\"https:\\\/\\\/bazus.com\\\/processes\\\/\"},{\"@type\":\"ListItem\",\"position\":3,\"name\":\"Rectificado\"}]},{\"@type\":\"WebSite\",\"@id\":\"https:\\\/\\\/bazus.com\\\/#website\",\"url\":\"https:\\\/\\\/bazus.com\\\/\",\"name\":\"Bazus\",\"description\":\"Mesas de coordenadas confiables\",\"potentialAction\":[{\"@type\":\"SearchAction\",\"target\":{\"@type\":\"EntryPoint\",\"urlTemplate\":\"https:\\\/\\\/bazus.com\\\/?s={search_term_string}\"},\"query-input\":{\"@type\":\"PropertyValueSpecification\",\"valueRequired\":true,\"valueName\":\"search_term_string\"}}],\"inLanguage\":\"es\"}]}<\/script>\n<!-- \/ Yoast SEO plugin. -->","yoast_head_json":{"title":"Mesas de Coordenadas para el Rectificado - Bazus","description":"La extraordinaria rigidez mec\u00e1nica de las mesas de coordenadas BAZUS permiten absorber las vibraciones y esfuerzos generados durante el rectificado.","robots":{"index":"index","follow":"follow","max-snippet":"max-snippet:-1","max-image-preview":"max-image-preview:large","max-video-preview":"max-video-preview:-1"},"canonical":"https:\/\/bazus.com\/processes\/grinding\/","og_locale":"es_ES","og_type":"article","og_title":"Mesas de Coordenadas para el Rectificado - Bazus","og_description":"La extraordinaria rigidez mec\u00e1nica de las mesas de coordenadas BAZUS permiten absorber las vibraciones y esfuerzos generados durante el rectificado.","og_url":"https:\/\/bazus.com\/processes\/grinding\/","og_site_name":"Bazus","article_modified_time":"2020-11-18T20:27:57+00:00","twitter_card":"summary_large_image","twitter_misc":{"Tiempo de lectura":"1 minuto"},"schema":{"@context":"https:\/\/schema.org","@graph":[{"@type":"WebPage","@id":"https:\/\/bazus.com\/processes\/grinding\/","url":"https:\/\/bazus.com\/processes\/grinding\/","name":"Mesas de Coordenadas para el Rectificado - Bazus","isPartOf":{"@id":"https:\/\/bazus.com\/#website"},"datePublished":"2019-11-22T17:43:16+00:00","dateModified":"2020-11-18T20:27:57+00:00","description":"La extraordinaria rigidez mec\u00e1nica de las mesas de coordenadas BAZUS permiten absorber las vibraciones y esfuerzos generados durante el rectificado.","breadcrumb":{"@id":"https:\/\/bazus.com\/processes\/grinding\/#breadcrumb"},"inLanguage":"es","potentialAction":[{"@type":"ReadAction","target":["https:\/\/bazus.com\/processes\/grinding\/"]}]},{"@type":"BreadcrumbList","@id":"https:\/\/bazus.com\/processes\/grinding\/#breadcrumb","itemListElement":[{"@type":"ListItem","position":1,"name":"Inicio","item":"https:\/\/bazus.com\/es\/"},{"@type":"ListItem","position":2,"name":"Procesos","item":"https:\/\/bazus.com\/processes\/"},{"@type":"ListItem","position":3,"name":"Rectificado"}]},{"@type":"WebSite","@id":"https:\/\/bazus.com\/#website","url":"https:\/\/bazus.com\/","name":"Bazus","description":"Mesas de coordenadas confiables","potentialAction":[{"@type":"SearchAction","target":{"@type":"EntryPoint","urlTemplate":"https:\/\/bazus.com\/?s={search_term_string}"},"query-input":{"@type":"PropertyValueSpecification","valueRequired":true,"valueName":"search_term_string"}}],"inLanguage":"es"}]}},"acf":[],"_links":{"self":[{"href":"https:\/\/bazus.com\/es\/wp-json\/wp\/v2\/pages\/193","targetHints":{"allow":["GET"]}}],"collection":[{"href":"https:\/\/bazus.com\/es\/wp-json\/wp\/v2\/pages"}],"about":[{"href":"https:\/\/bazus.com\/es\/wp-json\/wp\/v2\/types\/page"}],"author":[{"embeddable":true,"href":"https:\/\/bazus.com\/es\/wp-json\/wp\/v2\/users\/1"}],"replies":[{"embeddable":true,"href":"https:\/\/bazus.com\/es\/wp-json\/wp\/v2\/comments?post=193"}],"version-history":[{"count":5,"href":"https:\/\/bazus.com\/es\/wp-json\/wp\/v2\/pages\/193\/revisions"}],"predecessor-version":[{"id":1639,"href":"https:\/\/bazus.com\/es\/wp-json\/wp\/v2\/pages\/193\/revisions\/1639"}],"up":[{"embeddable":true,"href":"https:\/\/bazus.com\/es\/wp-json\/wp\/v2\/pages\/190"}],"wp:attachment":[{"href":"https:\/\/bazus.com\/es\/wp-json\/wp\/v2\/media?parent=193"}],"curies":[{"name":"wp","href":"https:\/\/api.w.org\/{rel}","templated":true}]}}