{"id":192,"date":"2019-11-22T18:43:16","date_gmt":"2019-11-22T17:43:16","guid":{"rendered":"https:\/\/bazus.com\/?page_id=192"},"modified":"2020-11-18T00:14:05","modified_gmt":"2020-11-17T23:14:05","slug":"soldadura","status":"publish","type":"page","link":"https:\/\/bazus.com\/es\/procesos\/soldadura\/","title":{"rendered":"Soldadura"},"content":{"rendered":"<p>La soldadura es un proceso de fijaci\u00f3n en donde se realiza la uni\u00f3n de dos o m\u00e1s piezas de un material (generalmente metales), usualmente logrado a trav\u00e9s de la coalescencia (fusi\u00f3n), en la cual las piezas son soldadas fundiendo, se puede agregar un material de aporte (metal o pl\u00e1stico), que, al fundirse, forma un charco de material fundido entre las piezas a soldar (el ba\u00f1o de soldadura) y, al enfriarse, se convierte en una uni\u00f3n fija a la que se le denomina cord\u00f3n.<\/p>\n<p>Las mesas y unidades lineales BAZUS pueden ser instaladas en cualquier aplicaci\u00f3n de soldadura tanto para el movimiento de la pieza a soldar, como el movimiento de la unidad de soldadura.<\/p>\n","protected":false},"excerpt":{"rendered":"<p>La soldadura es un proceso de fijaci\u00f3n en donde se realiza la uni\u00f3n de dos o m\u00e1s piezas de un material (generalmente metales), usualmente logrado a trav\u00e9s de la coalescencia (fusi\u00f3n), en la cual las piezas son soldadas fundiendo, se puede agregar un material de aporte (metal o pl\u00e1stico), que, al fundirse, forma un charco [&hellip;]<\/p>\n","protected":false},"author":1,"featured_media":0,"parent":190,"menu_order":26,"comment_status":"closed","ping_status":"closed","template":"sector.php","meta":[],"yoast_head":"<!-- This site is optimized with the Yoast SEO plugin v14.6.1 - https:\/\/yoast.com\/wordpress\/plugins\/seo\/ -->\n<title>Mesas y unidades lineales para cualquier aplicaci\u00f3n de soldadura - Bazus<\/title>\n<meta name=\"description\" content=\"Mesas y unidades lineales instaladas en cualquier aplicaci\u00f3n de soldadura para el movimiento de la pieza a soldar y el movimiento de la unidad de soldadura.\" \/>\n<meta name=\"robots\" content=\"index, follow\" \/>\n<meta name=\"googlebot\" content=\"index, follow, max-snippet:-1, max-image-preview:large, max-video-preview:-1\" \/>\n<meta name=\"bingbot\" content=\"index, follow, max-snippet:-1, max-image-preview:large, max-video-preview:-1\" \/>\n<link rel=\"canonical\" href=\"https:\/\/bazus.com\/es\/procesos\/soldadura\/\" \/>\n<meta property=\"og:locale\" content=\"es_ES\" \/>\n<meta property=\"og:type\" content=\"article\" \/>\n<meta property=\"og:title\" content=\"Mesas y unidades lineales para cualquier aplicaci\u00f3n de soldadura - Bazus\" \/>\n<meta property=\"og:description\" content=\"Mesas y unidades lineales instaladas en cualquier aplicaci\u00f3n de soldadura para el movimiento de la pieza a soldar y el movimiento de la unidad de soldadura.\" \/>\n<meta property=\"og:url\" content=\"https:\/\/bazus.com\/es\/procesos\/soldadura\/\" \/>\n<meta property=\"og:site_name\" content=\"Bazus\" \/>\n<meta property=\"article:author\" content=\"https:\/\/www.facebook.com\/kmdevs\/\" \/>\n<meta property=\"article:modified_time\" content=\"2020-11-17T23:14:05+00:00\" \/>\n<meta name=\"twitter:card\" content=\"summary_large_image\" \/>\n<meta name=\"twitter:creator\" content=\"@km_devs\" \/>\n<script type=\"application\/ld+json\" class=\"yoast-schema-graph\">{\"@context\":\"https:\/\/schema.org\",\"@graph\":[{\"@type\":\"WebSite\",\"@id\":\"https:\/\/bazus.com\/es\/#website\",\"url\":\"https:\/\/bazus.com\/es\/\",\"name\":\"Bazus\",\"description\":\"Mesas de coordenadas confiables\",\"potentialAction\":[{\"@type\":\"SearchAction\",\"target\":\"https:\/\/bazus.com\/es\/?s={search_term_string}\",\"query-input\":\"required name=search_term_string\"}],\"inLanguage\":\"es\"},{\"@type\":\"WebPage\",\"@id\":\"https:\/\/bazus.com\/es\/procesos\/soldadura\/#webpage\",\"url\":\"https:\/\/bazus.com\/es\/procesos\/soldadura\/\",\"name\":\"Mesas y unidades lineales para cualquier aplicaci\\u00f3n de soldadura - Bazus\",\"isPartOf\":{\"@id\":\"https:\/\/bazus.com\/es\/#website\"},\"datePublished\":\"2019-11-22T17:43:16+00:00\",\"dateModified\":\"2020-11-17T23:14:05+00:00\",\"description\":\"Mesas y unidades lineales instaladas en cualquier aplicaci\\u00f3n de soldadura para el movimiento de la pieza a soldar y el movimiento de la unidad de soldadura.\",\"breadcrumb\":{\"@id\":\"https:\/\/bazus.com\/es\/procesos\/soldadura\/#breadcrumb\"},\"inLanguage\":\"es\",\"potentialAction\":[{\"@type\":\"ReadAction\",\"target\":[\"https:\/\/bazus.com\/es\/procesos\/soldadura\/\"]}]},{\"@type\":\"BreadcrumbList\",\"@id\":\"https:\/\/bazus.com\/es\/procesos\/soldadura\/#breadcrumb\",\"itemListElement\":[{\"@type\":\"ListItem\",\"position\":1,\"item\":{\"@type\":\"WebPage\",\"@id\":\"https:\/\/bazus.com\/es\/\",\"url\":\"https:\/\/bazus.com\/es\/\",\"name\":\"Inicio\"}},{\"@type\":\"ListItem\",\"position\":2,\"item\":{\"@type\":\"WebPage\",\"@id\":\"https:\/\/bazus.com\/es\/procesos\/\",\"url\":\"https:\/\/bazus.com\/es\/procesos\/\",\"name\":\"Procesos\"}},{\"@type\":\"ListItem\",\"position\":3,\"item\":{\"@type\":\"WebPage\",\"@id\":\"https:\/\/bazus.com\/es\/procesos\/soldadura\/\",\"url\":\"https:\/\/bazus.com\/es\/procesos\/soldadura\/\",\"name\":\"Soldadura\"}}]}]}<\/script>\n<!-- \/ Yoast SEO plugin. -->","acf":[],"_links":{"self":[{"href":"https:\/\/bazus.com\/es\/wp-json\/wp\/v2\/pages\/192"}],"collection":[{"href":"https:\/\/bazus.com\/es\/wp-json\/wp\/v2\/pages"}],"about":[{"href":"https:\/\/bazus.com\/es\/wp-json\/wp\/v2\/types\/page"}],"author":[{"embeddable":true,"href":"https:\/\/bazus.com\/es\/wp-json\/wp\/v2\/users\/1"}],"replies":[{"embeddable":true,"href":"https:\/\/bazus.com\/es\/wp-json\/wp\/v2\/comments?post=192"}],"version-history":[{"count":2,"href":"https:\/\/bazus.com\/es\/wp-json\/wp\/v2\/pages\/192\/revisions"}],"predecessor-version":[{"id":1638,"href":"https:\/\/bazus.com\/es\/wp-json\/wp\/v2\/pages\/192\/revisions\/1638"}],"up":[{"embeddable":true,"href":"https:\/\/bazus.com\/es\/wp-json\/wp\/v2\/pages\/190"}],"wp:attachment":[{"href":"https:\/\/bazus.com\/es\/wp-json\/wp\/v2\/media?parent=192"}],"curies":[{"name":"wp","href":"https:\/\/api.w.org\/{rel}","templated":true}]}}