{"id":191,"date":"2019-11-22T18:43:16","date_gmt":"2019-11-22T17:43:16","guid":{"rendered":"https:\/\/bazus.com\/?page_id=191"},"modified":"2020-11-18T21:24:20","modified_gmt":"2020-11-18T20:24:20","slug":"mecanizado","status":"publish","type":"page","link":"https:\/\/bazus.com\/es\/procesos\/mecanizado\/","title":{"rendered":"Mecanizado"},"content":{"rendered":"<p>El mecanizado es un proceso de fabricaci\u00f3n que comprende un conjunto de operaciones de conformaci\u00f3n de piezas mediante la eliminaci\u00f3n de material, ya sea por arranque de viruta o por abrasi\u00f3n. Se realiza a partir de productos semielaborados previamente conformadas por otros procesos como moldeo o forja. Los productos obtenidos pueden ser finales o semielaborados que requieran operaciones posteriores.<\/p>\n<p>Los tipos de mecanizado donde pueden utilizarse las mesas BAZUS son amplios y variados: desde rectificado por abrasi\u00f3n, fresado convencional, taladrado o corte por soldadura.<\/p>\n<p>Las unidades BAZUS pueden ser utilizadas tambi\u00e9n para posicionado de herramientas y utillajes en montajes y ajustes.<\/p>\n","protected":false},"excerpt":{"rendered":"<p>El mecanizado es un proceso de fabricaci\u00f3n que comprende un conjunto de operaciones de conformaci\u00f3n de piezas mediante la eliminaci\u00f3n de material, ya sea por arranque de viruta o por abrasi\u00f3n. Se realiza a partir de productos semielaborados previamente conformadas por otros procesos como moldeo o forja. Los productos obtenidos pueden ser finales o semielaborados [&hellip;]<\/p>\n","protected":false},"author":1,"featured_media":0,"parent":190,"menu_order":25,"comment_status":"closed","ping_status":"closed","template":"sector.php","meta":{"footnotes":""},"class_list":["post-191","page","type-page","status-publish","hentry"],"yoast_head":"<!-- This site is optimized with the Yoast SEO plugin v27.5 - https:\/\/yoast.com\/product\/yoast-seo-wordpress\/ -->\n<title>Mesas de Coordendas Bazus para el Mecanizado - Bazus<\/title>\n<meta name=\"description\" content=\"Las mesas BAZUS de varios tipos de mecanizado pueden utilizarse desde rectificado por abrasi\u00f3n, fresado convencional, taladrado o corte por soldadura.\" \/>\n<meta name=\"robots\" content=\"index, follow, max-snippet:-1, max-image-preview:large, max-video-preview:-1\" \/>\n<link rel=\"canonical\" href=\"https:\/\/bazus.com\/processes\/machining\/\" \/>\n<meta property=\"og:locale\" content=\"es_ES\" \/>\n<meta property=\"og:type\" content=\"article\" \/>\n<meta property=\"og:title\" content=\"Mesas de Coordendas Bazus para el Mecanizado - Bazus\" \/>\n<meta property=\"og:description\" content=\"Las mesas BAZUS de varios tipos de mecanizado pueden utilizarse desde rectificado por abrasi\u00f3n, fresado convencional, taladrado o corte por soldadura.\" \/>\n<meta property=\"og:url\" content=\"https:\/\/bazus.com\/processes\/machining\/\" \/>\n<meta property=\"og:site_name\" content=\"Bazus\" \/>\n<meta property=\"article:modified_time\" content=\"2020-11-18T20:24:20+00:00\" \/>\n<meta name=\"twitter:card\" content=\"summary_large_image\" \/>\n<meta name=\"twitter:label1\" content=\"Tiempo de lectura\" \/>\n\t<meta name=\"twitter:data1\" content=\"1 minuto\" \/>\n<script type=\"application\/ld+json\" class=\"yoast-schema-graph\">{\"@context\":\"https:\\\/\\\/schema.org\",\"@graph\":[{\"@type\":\"WebPage\",\"@id\":\"https:\\\/\\\/bazus.com\\\/processes\\\/machining\\\/\",\"url\":\"https:\\\/\\\/bazus.com\\\/processes\\\/machining\\\/\",\"name\":\"Mesas de Coordendas Bazus para el Mecanizado - Bazus\",\"isPartOf\":{\"@id\":\"https:\\\/\\\/bazus.com\\\/#website\"},\"datePublished\":\"2019-11-22T17:43:16+00:00\",\"dateModified\":\"2020-11-18T20:24:20+00:00\",\"description\":\"Las mesas BAZUS de varios tipos de mecanizado pueden utilizarse desde rectificado por abrasi\u00f3n, fresado convencional, taladrado o corte por soldadura.\",\"breadcrumb\":{\"@id\":\"https:\\\/\\\/bazus.com\\\/processes\\\/machining\\\/#breadcrumb\"},\"inLanguage\":\"es\",\"potentialAction\":[{\"@type\":\"ReadAction\",\"target\":[\"https:\\\/\\\/bazus.com\\\/processes\\\/machining\\\/\"]}]},{\"@type\":\"BreadcrumbList\",\"@id\":\"https:\\\/\\\/bazus.com\\\/processes\\\/machining\\\/#breadcrumb\",\"itemListElement\":[{\"@type\":\"ListItem\",\"position\":1,\"name\":\"Inicio\",\"item\":\"https:\\\/\\\/bazus.com\\\/es\\\/\"},{\"@type\":\"ListItem\",\"position\":2,\"name\":\"Procesos\",\"item\":\"https:\\\/\\\/bazus.com\\\/processes\\\/\"},{\"@type\":\"ListItem\",\"position\":3,\"name\":\"Mecanizado\"}]},{\"@type\":\"WebSite\",\"@id\":\"https:\\\/\\\/bazus.com\\\/#website\",\"url\":\"https:\\\/\\\/bazus.com\\\/\",\"name\":\"Bazus\",\"description\":\"Mesas de coordenadas confiables\",\"potentialAction\":[{\"@type\":\"SearchAction\",\"target\":{\"@type\":\"EntryPoint\",\"urlTemplate\":\"https:\\\/\\\/bazus.com\\\/?s={search_term_string}\"},\"query-input\":{\"@type\":\"PropertyValueSpecification\",\"valueRequired\":true,\"valueName\":\"search_term_string\"}}],\"inLanguage\":\"es\"}]}<\/script>\n<!-- \/ Yoast SEO plugin. -->","yoast_head_json":{"title":"Mesas de Coordendas Bazus para el Mecanizado - Bazus","description":"Las mesas BAZUS de varios tipos de mecanizado pueden utilizarse desde rectificado por abrasi\u00f3n, fresado convencional, taladrado o corte por soldadura.","robots":{"index":"index","follow":"follow","max-snippet":"max-snippet:-1","max-image-preview":"max-image-preview:large","max-video-preview":"max-video-preview:-1"},"canonical":"https:\/\/bazus.com\/processes\/machining\/","og_locale":"es_ES","og_type":"article","og_title":"Mesas de Coordendas Bazus para el Mecanizado - Bazus","og_description":"Las mesas BAZUS de varios tipos de mecanizado pueden utilizarse desde rectificado por abrasi\u00f3n, fresado convencional, taladrado o corte por soldadura.","og_url":"https:\/\/bazus.com\/processes\/machining\/","og_site_name":"Bazus","article_modified_time":"2020-11-18T20:24:20+00:00","twitter_card":"summary_large_image","twitter_misc":{"Tiempo de lectura":"1 minuto"},"schema":{"@context":"https:\/\/schema.org","@graph":[{"@type":"WebPage","@id":"https:\/\/bazus.com\/processes\/machining\/","url":"https:\/\/bazus.com\/processes\/machining\/","name":"Mesas de Coordendas Bazus para el Mecanizado - Bazus","isPartOf":{"@id":"https:\/\/bazus.com\/#website"},"datePublished":"2019-11-22T17:43:16+00:00","dateModified":"2020-11-18T20:24:20+00:00","description":"Las mesas BAZUS de varios tipos de mecanizado pueden utilizarse desde rectificado por abrasi\u00f3n, fresado convencional, taladrado o corte por soldadura.","breadcrumb":{"@id":"https:\/\/bazus.com\/processes\/machining\/#breadcrumb"},"inLanguage":"es","potentialAction":[{"@type":"ReadAction","target":["https:\/\/bazus.com\/processes\/machining\/"]}]},{"@type":"BreadcrumbList","@id":"https:\/\/bazus.com\/processes\/machining\/#breadcrumb","itemListElement":[{"@type":"ListItem","position":1,"name":"Inicio","item":"https:\/\/bazus.com\/es\/"},{"@type":"ListItem","position":2,"name":"Procesos","item":"https:\/\/bazus.com\/processes\/"},{"@type":"ListItem","position":3,"name":"Mecanizado"}]},{"@type":"WebSite","@id":"https:\/\/bazus.com\/#website","url":"https:\/\/bazus.com\/","name":"Bazus","description":"Mesas de coordenadas confiables","potentialAction":[{"@type":"SearchAction","target":{"@type":"EntryPoint","urlTemplate":"https:\/\/bazus.com\/?s={search_term_string}"},"query-input":{"@type":"PropertyValueSpecification","valueRequired":true,"valueName":"search_term_string"}}],"inLanguage":"es"}]}},"acf":[],"_links":{"self":[{"href":"https:\/\/bazus.com\/es\/wp-json\/wp\/v2\/pages\/191","targetHints":{"allow":["GET"]}}],"collection":[{"href":"https:\/\/bazus.com\/es\/wp-json\/wp\/v2\/pages"}],"about":[{"href":"https:\/\/bazus.com\/es\/wp-json\/wp\/v2\/types\/page"}],"author":[{"embeddable":true,"href":"https:\/\/bazus.com\/es\/wp-json\/wp\/v2\/users\/1"}],"replies":[{"embeddable":true,"href":"https:\/\/bazus.com\/es\/wp-json\/wp\/v2\/comments?post=191"}],"version-history":[{"count":3,"href":"https:\/\/bazus.com\/es\/wp-json\/wp\/v2\/pages\/191\/revisions"}],"predecessor-version":[{"id":1438,"href":"https:\/\/bazus.com\/es\/wp-json\/wp\/v2\/pages\/191\/revisions\/1438"}],"up":[{"embeddable":true,"href":"https:\/\/bazus.com\/es\/wp-json\/wp\/v2\/pages\/190"}],"wp:attachment":[{"href":"https:\/\/bazus.com\/es\/wp-json\/wp\/v2\/media?parent=191"}],"curies":[{"name":"wp","href":"https:\/\/api.w.org\/{rel}","templated":true}]}}