{"id":164,"date":"2019-11-22T17:05:36","date_gmt":"2019-11-22T16:05:36","guid":{"rendered":"https:\/\/bazus.com\/?page_id=164"},"modified":"2021-04-30T09:56:03","modified_gmt":"2021-04-30T07:56:03","slug":"mn-mesa-xy-para-cargas-pesadas","status":"publish","type":"page","link":"https:\/\/bazus.com\/es\/mesas-de-coordenadas-cnc\/mn-mesa-xy-para-cargas-pesadas\/","title":{"rendered":"MN Mesa XY para cargas pesadas"},"content":{"rendered":"<p>Mesa de coordenadas para cargas pesadas de dos ejes autom\u00e1ticos XY para uso profesional.<\/p>\n<p>Dise\u00f1ada para trabajos autom\u00e1ticos con cargas pesadas la serie MN, son mesas de coordenadas \u00f3ptimas para todo tipo de movimiento autom\u00e1tico en un entorno industrial: taladro, fresado, rectificado, soldadura, sistemas transfer, grabado industrial, posicionado autom\u00e1tico de sistemas laser y \u00f3pticos, movimiento de porta herramientas y\/o cabezales aut\u00f3nomos, as\u00ed como, en cualquier otra aplicaci\u00f3n mec\u00e1nica donde sea necesario un control autom\u00e1tico de la posici\u00f3n XY.<\/p>\n<p>Su dise\u00f1o s\u00f3lido y robusto, permite realizar gran cantidad de trabajos manteniendo un ajuste completo y exactitud de posicionamiento y una elevada repetibilidad en cualquier tipo de posicionamiento lineal. Una mesa de coordenadas que sobresale en la industria por su excelencia.<\/p>\n<p>Todos los elementos de las mesas de coordenadas autom\u00e1ticas serie MN est\u00e1n fabricados en aleaci\u00f3n de hierro (fundici\u00f3n gris estabilizada GG25 de alta calidad), lo que le confiere una extraordinaria rigidez mec\u00e1nica.<\/p>\n","protected":false},"excerpt":{"rendered":"<p>Mesa de coordenadas para cargas pesadas de dos ejes autom\u00e1ticos XY para uso profesional. Dise\u00f1ada para trabajos autom\u00e1ticos con cargas pesadas la serie MN, son mesas de coordenadas \u00f3ptimas para todo tipo de movimiento autom\u00e1tico en un entorno industrial: taladro, fresado, rectificado, soldadura, sistemas transfer, grabado industrial, posicionado autom\u00e1tico de sistemas laser y \u00f3pticos, movimiento [&hellip;]<\/p>\n","protected":false},"author":1,"featured_media":2081,"parent":159,"menu_order":22,"comment_status":"closed","ping_status":"closed","template":"producto.php","meta":{"footnotes":""},"class_list":["post-164","page","type-page","status-publish","has-post-thumbnail","hentry"],"yoast_head":"<!-- This site is optimized with the Yoast SEO plugin v27.5 - https:\/\/yoast.com\/product\/yoast-seo-wordpress\/ -->\n<title>MN Mesa de Coordenadas XY para Cargas Pesadas - Bazus<\/title>\n<meta name=\"description\" content=\"Mesa de coordenadas para cargas pesadas de dos ejes autom\u00e1ticos XY para uso profesional para un entorno industrial: taladro, fresado, rectificado, soldadura, sistemas transfer, grabado industrial, posicionado autom\u00e1tico de sistemas laser y \u00f3pticos, movimiento de porta herramientas\" \/>\n<meta name=\"robots\" content=\"index, follow, max-snippet:-1, max-image-preview:large, max-video-preview:-1\" \/>\n<link rel=\"canonical\" href=\"https:\/\/bazus.com\/cnc-coordinate-tables\/mn-automatic-xy-crosstables-for-heavy-loads\/\" \/>\n<meta property=\"og:locale\" content=\"es_ES\" \/>\n<meta property=\"og:type\" content=\"article\" \/>\n<meta property=\"og:title\" content=\"MN Mesa de Coordenadas XY para Cargas Pesadas - Bazus\" \/>\n<meta property=\"og:description\" content=\"Mesa de coordenadas para cargas pesadas de dos ejes autom\u00e1ticos XY para uso profesional para un entorno industrial: taladro, fresado, rectificado, soldadura, sistemas transfer, grabado industrial, posicionado autom\u00e1tico de sistemas laser y \u00f3pticos, movimiento de porta herramientas\" \/>\n<meta property=\"og:url\" content=\"https:\/\/bazus.com\/cnc-coordinate-tables\/mn-automatic-xy-crosstables-for-heavy-loads\/\" \/>\n<meta property=\"og:site_name\" content=\"Bazus\" \/>\n<meta property=\"article:modified_time\" content=\"2021-04-30T07:56:03+00:00\" \/>\n<meta property=\"og:image\" content=\"https:\/\/bazus.com\/wp-content\/uploads\/2020\/08\/MN-1_A.jpg\" \/>\n\t<meta property=\"og:image:width\" content=\"1920\" \/>\n\t<meta property=\"og:image:height\" content=\"1080\" \/>\n\t<meta property=\"og:image:type\" content=\"image\/jpeg\" \/>\n<meta name=\"twitter:card\" content=\"summary_large_image\" \/>\n<meta name=\"twitter:label1\" content=\"Tiempo de lectura\" \/>\n\t<meta name=\"twitter:data1\" content=\"1 minuto\" \/>\n<script type=\"application\/ld+json\" class=\"yoast-schema-graph\">{\"@context\":\"https:\\\/\\\/schema.org\",\"@graph\":[{\"@type\":\"WebPage\",\"@id\":\"https:\\\/\\\/bazus.com\\\/cnc-coordinate-tables\\\/mn-automatic-xy-crosstables-for-heavy-loads\\\/\",\"url\":\"https:\\\/\\\/bazus.com\\\/cnc-coordinate-tables\\\/mn-automatic-xy-crosstables-for-heavy-loads\\\/\",\"name\":\"MN Mesa de Coordenadas XY para Cargas Pesadas - Bazus\",\"isPartOf\":{\"@id\":\"https:\\\/\\\/bazus.com\\\/#website\"},\"primaryImageOfPage\":{\"@id\":\"https:\\\/\\\/bazus.com\\\/cnc-coordinate-tables\\\/mn-automatic-xy-crosstables-for-heavy-loads\\\/#primaryimage\"},\"image\":{\"@id\":\"https:\\\/\\\/bazus.com\\\/cnc-coordinate-tables\\\/mn-automatic-xy-crosstables-for-heavy-loads\\\/#primaryimage\"},\"thumbnailUrl\":\"https:\\\/\\\/bazus.com\\\/wp-content\\\/uploads\\\/2020\\\/08\\\/MN-1_A.jpg\",\"datePublished\":\"2019-11-22T16:05:36+00:00\",\"dateModified\":\"2021-04-30T07:56:03+00:00\",\"description\":\"Mesa de coordenadas para cargas pesadas de dos ejes autom\u00e1ticos XY para uso profesional para un entorno industrial: taladro, fresado, rectificado, soldadura, sistemas transfer, grabado industrial, posicionado autom\u00e1tico de sistemas laser y \u00f3pticos, movimiento de porta herramientas\",\"breadcrumb\":{\"@id\":\"https:\\\/\\\/bazus.com\\\/cnc-coordinate-tables\\\/mn-automatic-xy-crosstables-for-heavy-loads\\\/#breadcrumb\"},\"inLanguage\":\"es\",\"potentialAction\":[{\"@type\":\"ReadAction\",\"target\":[\"https:\\\/\\\/bazus.com\\\/cnc-coordinate-tables\\\/mn-automatic-xy-crosstables-for-heavy-loads\\\/\"]}]},{\"@type\":\"ImageObject\",\"inLanguage\":\"es\",\"@id\":\"https:\\\/\\\/bazus.com\\\/cnc-coordinate-tables\\\/mn-automatic-xy-crosstables-for-heavy-loads\\\/#primaryimage\",\"url\":\"https:\\\/\\\/bazus.com\\\/wp-content\\\/uploads\\\/2020\\\/08\\\/MN-1_A.jpg\",\"contentUrl\":\"https:\\\/\\\/bazus.com\\\/wp-content\\\/uploads\\\/2020\\\/08\\\/MN-1_A.jpg\",\"width\":1920,\"height\":1080},{\"@type\":\"BreadcrumbList\",\"@id\":\"https:\\\/\\\/bazus.com\\\/cnc-coordinate-tables\\\/mn-automatic-xy-crosstables-for-heavy-loads\\\/#breadcrumb\",\"itemListElement\":[{\"@type\":\"ListItem\",\"position\":1,\"name\":\"Inicio\",\"item\":\"https:\\\/\\\/bazus.com\\\/es\\\/\"},{\"@type\":\"ListItem\",\"position\":2,\"name\":\"Mesas de Coordenadas CNC\",\"item\":\"https:\\\/\\\/bazus.com\\\/cnc-coordinate-tables\\\/\"},{\"@type\":\"ListItem\",\"position\":3,\"name\":\"MN Mesa XY para cargas pesadas\"}]},{\"@type\":\"WebSite\",\"@id\":\"https:\\\/\\\/bazus.com\\\/#website\",\"url\":\"https:\\\/\\\/bazus.com\\\/\",\"name\":\"Bazus\",\"description\":\"Mesas de coordenadas confiables\",\"potentialAction\":[{\"@type\":\"SearchAction\",\"target\":{\"@type\":\"EntryPoint\",\"urlTemplate\":\"https:\\\/\\\/bazus.com\\\/?s={search_term_string}\"},\"query-input\":{\"@type\":\"PropertyValueSpecification\",\"valueRequired\":true,\"valueName\":\"search_term_string\"}}],\"inLanguage\":\"es\"}]}<\/script>\n<!-- \/ Yoast SEO plugin. -->","yoast_head_json":{"title":"MN Mesa de Coordenadas XY para Cargas Pesadas - Bazus","description":"Mesa de coordenadas para cargas pesadas de dos ejes autom\u00e1ticos XY para uso profesional para un entorno industrial: taladro, fresado, rectificado, soldadura, sistemas transfer, grabado industrial, posicionado autom\u00e1tico de sistemas laser y \u00f3pticos, movimiento de porta herramientas","robots":{"index":"index","follow":"follow","max-snippet":"max-snippet:-1","max-image-preview":"max-image-preview:large","max-video-preview":"max-video-preview:-1"},"canonical":"https:\/\/bazus.com\/cnc-coordinate-tables\/mn-automatic-xy-crosstables-for-heavy-loads\/","og_locale":"es_ES","og_type":"article","og_title":"MN Mesa de Coordenadas XY para Cargas Pesadas - Bazus","og_description":"Mesa de coordenadas para cargas pesadas de dos ejes autom\u00e1ticos XY para uso profesional para un entorno industrial: taladro, fresado, rectificado, soldadura, sistemas transfer, grabado industrial, posicionado autom\u00e1tico de sistemas laser y \u00f3pticos, movimiento de porta herramientas","og_url":"https:\/\/bazus.com\/cnc-coordinate-tables\/mn-automatic-xy-crosstables-for-heavy-loads\/","og_site_name":"Bazus","article_modified_time":"2021-04-30T07:56:03+00:00","og_image":[{"width":1920,"height":1080,"url":"https:\/\/bazus.com\/wp-content\/uploads\/2020\/08\/MN-1_A.jpg","type":"image\/jpeg"}],"twitter_card":"summary_large_image","twitter_misc":{"Tiempo de lectura":"1 minuto"},"schema":{"@context":"https:\/\/schema.org","@graph":[{"@type":"WebPage","@id":"https:\/\/bazus.com\/cnc-coordinate-tables\/mn-automatic-xy-crosstables-for-heavy-loads\/","url":"https:\/\/bazus.com\/cnc-coordinate-tables\/mn-automatic-xy-crosstables-for-heavy-loads\/","name":"MN Mesa de Coordenadas XY para Cargas Pesadas - Bazus","isPartOf":{"@id":"https:\/\/bazus.com\/#website"},"primaryImageOfPage":{"@id":"https:\/\/bazus.com\/cnc-coordinate-tables\/mn-automatic-xy-crosstables-for-heavy-loads\/#primaryimage"},"image":{"@id":"https:\/\/bazus.com\/cnc-coordinate-tables\/mn-automatic-xy-crosstables-for-heavy-loads\/#primaryimage"},"thumbnailUrl":"https:\/\/bazus.com\/wp-content\/uploads\/2020\/08\/MN-1_A.jpg","datePublished":"2019-11-22T16:05:36+00:00","dateModified":"2021-04-30T07:56:03+00:00","description":"Mesa de coordenadas para cargas pesadas de dos ejes autom\u00e1ticos XY para uso profesional para un entorno industrial: taladro, fresado, rectificado, soldadura, sistemas transfer, grabado industrial, posicionado autom\u00e1tico de sistemas laser y \u00f3pticos, movimiento de porta herramientas","breadcrumb":{"@id":"https:\/\/bazus.com\/cnc-coordinate-tables\/mn-automatic-xy-crosstables-for-heavy-loads\/#breadcrumb"},"inLanguage":"es","potentialAction":[{"@type":"ReadAction","target":["https:\/\/bazus.com\/cnc-coordinate-tables\/mn-automatic-xy-crosstables-for-heavy-loads\/"]}]},{"@type":"ImageObject","inLanguage":"es","@id":"https:\/\/bazus.com\/cnc-coordinate-tables\/mn-automatic-xy-crosstables-for-heavy-loads\/#primaryimage","url":"https:\/\/bazus.com\/wp-content\/uploads\/2020\/08\/MN-1_A.jpg","contentUrl":"https:\/\/bazus.com\/wp-content\/uploads\/2020\/08\/MN-1_A.jpg","width":1920,"height":1080},{"@type":"BreadcrumbList","@id":"https:\/\/bazus.com\/cnc-coordinate-tables\/mn-automatic-xy-crosstables-for-heavy-loads\/#breadcrumb","itemListElement":[{"@type":"ListItem","position":1,"name":"Inicio","item":"https:\/\/bazus.com\/es\/"},{"@type":"ListItem","position":2,"name":"Mesas de Coordenadas CNC","item":"https:\/\/bazus.com\/cnc-coordinate-tables\/"},{"@type":"ListItem","position":3,"name":"MN Mesa XY para cargas pesadas"}]},{"@type":"WebSite","@id":"https:\/\/bazus.com\/#website","url":"https:\/\/bazus.com\/","name":"Bazus","description":"Mesas de coordenadas confiables","potentialAction":[{"@type":"SearchAction","target":{"@type":"EntryPoint","urlTemplate":"https:\/\/bazus.com\/?s={search_term_string}"},"query-input":{"@type":"PropertyValueSpecification","valueRequired":true,"valueName":"search_term_string"}}],"inLanguage":"es"}]}},"acf":[],"_links":{"self":[{"href":"https:\/\/bazus.com\/es\/wp-json\/wp\/v2\/pages\/164","targetHints":{"allow":["GET"]}}],"collection":[{"href":"https:\/\/bazus.com\/es\/wp-json\/wp\/v2\/pages"}],"about":[{"href":"https:\/\/bazus.com\/es\/wp-json\/wp\/v2\/types\/page"}],"author":[{"embeddable":true,"href":"https:\/\/bazus.com\/es\/wp-json\/wp\/v2\/users\/1"}],"replies":[{"embeddable":true,"href":"https:\/\/bazus.com\/es\/wp-json\/wp\/v2\/comments?post=164"}],"version-history":[{"count":8,"href":"https:\/\/bazus.com\/es\/wp-json\/wp\/v2\/pages\/164\/revisions"}],"predecessor-version":[{"id":5093,"href":"https:\/\/bazus.com\/es\/wp-json\/wp\/v2\/pages\/164\/revisions\/5093"}],"up":[{"embeddable":true,"href":"https:\/\/bazus.com\/es\/wp-json\/wp\/v2\/pages\/159"}],"wp:featuredmedia":[{"embeddable":true,"href":"https:\/\/bazus.com\/es\/wp-json\/wp\/v2\/media\/2081"}],"wp:attachment":[{"href":"https:\/\/bazus.com\/es\/wp-json\/wp\/v2\/media?parent=164"}],"curies":[{"name":"wp","href":"https:\/\/api.w.org\/{rel}","templated":true}]}}