{"id":162,"date":"2019-11-22T17:05:36","date_gmt":"2019-11-22T16:05:36","guid":{"rendered":"https:\/\/bazus.com\/?page_id=162"},"modified":"2021-04-30T09:52:52","modified_gmt":"2021-04-30T07:52:52","slug":"nk-carro-paralelo-x-serie-pesada","status":"publish","type":"page","link":"https:\/\/bazus.com\/es\/mesas-de-coordenadas-cnc\/nk-carro-paralelo-x-serie-pesada\/","title":{"rendered":"NK Carro paralelo X (Serie pesada)"},"content":{"rendered":"<p>Unidad lineal robusta multifuncional de un \u00fanico eje autom\u00e1tico X para uso profesional.<\/p>\n<p>Dise\u00f1ada para trabajos autom\u00e1ticos de alta precisi\u00f3n la serie NK, son unidades lineales \u00f3ptimas para todo tipo de movimiento autom\u00e1tico en un entorno industrial: taladro, fresado, rectificado, soldadura, sistemas transfer, grabado industrial, posicionado autom\u00e1tico de sistemas laser y \u00f3pticos, movimiento de porta herramientas y\/o cabezales aut\u00f3nomos, as\u00ed como, en cualquier otra aplicaci\u00f3n mec\u00e1nica donde sea necesario un control autom\u00e1tico de la posici\u00f3n X.<\/p>\n<p>Su dise\u00f1o s\u00f3lido y robusto, permite realizar gran cantidad de trabajos manteniendo un ajuste completo y exactitud de posicionamiento y una elevada repetibilidad en cualquier tipo de posicionamiento lineal. Una mesa de coordenadas que sobresale en la industria por su excelencia.<\/p>\n<p>Todos los elementos de las mesas de coordenadas autom\u00e1ticas serie PK est\u00e1n fabricados en aleaci\u00f3n de hierro (fundici\u00f3n gris estabilizada GG25 de alta calidad), lo que le confiere una extraordinaria rigidez mec\u00e1nica.<\/p>\n","protected":false},"excerpt":{"rendered":"<p>Unidad lineal robusta multifuncional de un \u00fanico eje autom\u00e1tico X para uso profesional. Dise\u00f1ada para trabajos autom\u00e1ticos de alta precisi\u00f3n la serie NK, son unidades lineales \u00f3ptimas para todo tipo de movimiento autom\u00e1tico en un entorno industrial: taladro, fresado, rectificado, soldadura, sistemas transfer, grabado industrial, posicionado autom\u00e1tico de sistemas laser y \u00f3pticos, movimiento de porta [&hellip;]<\/p>\n","protected":false},"author":1,"featured_media":1794,"parent":159,"menu_order":20,"comment_status":"closed","ping_status":"closed","template":"producto.php","meta":[],"yoast_head":"<!-- This site is optimized with the Yoast SEO plugin v14.6.1 - https:\/\/yoast.com\/wordpress\/plugins\/seo\/ -->\n<title>NK Carro paralelo X (Serie pesada) - Para uso Profesional - Bazus<\/title>\n<meta name=\"description\" content=\"Mesa para trabajos autom\u00e1ticos de alta precisi\u00f3n la serie NK, unidades lineales \u00f3ptimas para todo tipo de movimiento autom\u00e1tico en un entorno industrial.\" \/>\n<meta name=\"robots\" content=\"index, follow\" \/>\n<meta name=\"googlebot\" content=\"index, follow, max-snippet:-1, max-image-preview:large, max-video-preview:-1\" \/>\n<meta name=\"bingbot\" content=\"index, follow, max-snippet:-1, max-image-preview:large, max-video-preview:-1\" \/>\n<link rel=\"canonical\" href=\"https:\/\/bazus.com\/es\/mesas-de-coordenadas-cnc\/nk-carro-paralelo-x-serie-pesada\/\" \/>\n<meta property=\"og:locale\" content=\"es_ES\" \/>\n<meta property=\"og:type\" content=\"article\" \/>\n<meta property=\"og:title\" content=\"NK Carro paralelo X (Serie pesada) - Para uso Profesional - Bazus\" \/>\n<meta property=\"og:description\" content=\"Mesa para trabajos autom\u00e1ticos de alta precisi\u00f3n la serie NK, unidades lineales \u00f3ptimas para todo tipo de movimiento autom\u00e1tico en un entorno industrial.\" \/>\n<meta property=\"og:url\" content=\"https:\/\/bazus.com\/es\/mesas-de-coordenadas-cnc\/nk-carro-paralelo-x-serie-pesada\/\" \/>\n<meta property=\"og:site_name\" content=\"Bazus\" \/>\n<meta property=\"article:author\" content=\"https:\/\/www.facebook.com\/kmdevs\/\" \/>\n<meta property=\"article:modified_time\" content=\"2021-04-30T07:52:52+00:00\" \/>\n<meta property=\"og:image\" content=\"https:\/\/bazus.com\/wp-content\/uploads\/2020\/08\/NK-1_A.jpg\" \/>\n\t<meta property=\"og:image:width\" content=\"1920\" \/>\n\t<meta property=\"og:image:height\" content=\"1080\" \/>\n<meta name=\"twitter:card\" content=\"summary_large_image\" \/>\n<meta name=\"twitter:creator\" content=\"@km_devs\" \/>\n<script type=\"application\/ld+json\" class=\"yoast-schema-graph\">{\"@context\":\"https:\/\/schema.org\",\"@graph\":[{\"@type\":\"WebSite\",\"@id\":\"https:\/\/bazus.com\/es\/#website\",\"url\":\"https:\/\/bazus.com\/es\/\",\"name\":\"Bazus\",\"description\":\"Mesas de coordenadas confiables\",\"potentialAction\":[{\"@type\":\"SearchAction\",\"target\":\"https:\/\/bazus.com\/es\/?s={search_term_string}\",\"query-input\":\"required name=search_term_string\"}],\"inLanguage\":\"es\"},{\"@type\":\"ImageObject\",\"@id\":\"https:\/\/bazus.com\/es\/mesas-de-coordenadas-cnc\/nk-carro-paralelo-x-serie-pesada\/#primaryimage\",\"inLanguage\":\"es\",\"url\":\"https:\/\/bazus.com\/wp-content\/uploads\/2020\/08\/NK-1_A.jpg\",\"width\":1920,\"height\":1080},{\"@type\":\"WebPage\",\"@id\":\"https:\/\/bazus.com\/es\/mesas-de-coordenadas-cnc\/nk-carro-paralelo-x-serie-pesada\/#webpage\",\"url\":\"https:\/\/bazus.com\/es\/mesas-de-coordenadas-cnc\/nk-carro-paralelo-x-serie-pesada\/\",\"name\":\"NK Carro paralelo X (Serie pesada) - Para uso Profesional - Bazus\",\"isPartOf\":{\"@id\":\"https:\/\/bazus.com\/es\/#website\"},\"primaryImageOfPage\":{\"@id\":\"https:\/\/bazus.com\/es\/mesas-de-coordenadas-cnc\/nk-carro-paralelo-x-serie-pesada\/#primaryimage\"},\"datePublished\":\"2019-11-22T16:05:36+00:00\",\"dateModified\":\"2021-04-30T07:52:52+00:00\",\"description\":\"Mesa para trabajos autom\\u00e1ticos de alta precisi\\u00f3n la serie NK, unidades lineales \\u00f3ptimas para todo tipo de movimiento autom\\u00e1tico en un entorno industrial.\",\"breadcrumb\":{\"@id\":\"https:\/\/bazus.com\/es\/mesas-de-coordenadas-cnc\/nk-carro-paralelo-x-serie-pesada\/#breadcrumb\"},\"inLanguage\":\"es\",\"potentialAction\":[{\"@type\":\"ReadAction\",\"target\":[\"https:\/\/bazus.com\/es\/mesas-de-coordenadas-cnc\/nk-carro-paralelo-x-serie-pesada\/\"]}]},{\"@type\":\"BreadcrumbList\",\"@id\":\"https:\/\/bazus.com\/es\/mesas-de-coordenadas-cnc\/nk-carro-paralelo-x-serie-pesada\/#breadcrumb\",\"itemListElement\":[{\"@type\":\"ListItem\",\"position\":1,\"item\":{\"@type\":\"WebPage\",\"@id\":\"https:\/\/bazus.com\/es\/\",\"url\":\"https:\/\/bazus.com\/es\/\",\"name\":\"Inicio\"}},{\"@type\":\"ListItem\",\"position\":2,\"item\":{\"@type\":\"WebPage\",\"@id\":\"https:\/\/bazus.com\/es\/mesas-de-coordenadas-cnc\/\",\"url\":\"https:\/\/bazus.com\/es\/mesas-de-coordenadas-cnc\/\",\"name\":\"Mesas de Coordenadas CNC\"}},{\"@type\":\"ListItem\",\"position\":3,\"item\":{\"@type\":\"WebPage\",\"@id\":\"https:\/\/bazus.com\/es\/mesas-de-coordenadas-cnc\/nk-carro-paralelo-x-serie-pesada\/\",\"url\":\"https:\/\/bazus.com\/es\/mesas-de-coordenadas-cnc\/nk-carro-paralelo-x-serie-pesada\/\",\"name\":\"NK Carro paralelo X (Serie pesada)\"}}]}]}<\/script>\n<!-- \/ Yoast SEO plugin. -->","acf":[],"_links":{"self":[{"href":"https:\/\/bazus.com\/es\/wp-json\/wp\/v2\/pages\/162"}],"collection":[{"href":"https:\/\/bazus.com\/es\/wp-json\/wp\/v2\/pages"}],"about":[{"href":"https:\/\/bazus.com\/es\/wp-json\/wp\/v2\/types\/page"}],"author":[{"embeddable":true,"href":"https:\/\/bazus.com\/es\/wp-json\/wp\/v2\/users\/1"}],"replies":[{"embeddable":true,"href":"https:\/\/bazus.com\/es\/wp-json\/wp\/v2\/comments?post=162"}],"version-history":[{"count":16,"href":"https:\/\/bazus.com\/es\/wp-json\/wp\/v2\/pages\/162\/revisions"}],"predecessor-version":[{"id":5091,"href":"https:\/\/bazus.com\/es\/wp-json\/wp\/v2\/pages\/162\/revisions\/5091"}],"up":[{"embeddable":true,"href":"https:\/\/bazus.com\/es\/wp-json\/wp\/v2\/pages\/159"}],"wp:featuredmedia":[{"embeddable":true,"href":"https:\/\/bazus.com\/es\/wp-json\/wp\/v2\/media\/1794"}],"wp:attachment":[{"href":"https:\/\/bazus.com\/es\/wp-json\/wp\/v2\/media?parent=162"}],"curies":[{"name":"wp","href":"https:\/\/api.w.org\/{rel}","templated":true}]}}